{"id":3357,"date":"2020-06-30T08:07:17","date_gmt":"2020-06-30T08:07:17","guid":{"rendered":"http:\/\/www.aleupa.com\/?page_id=3357"},"modified":"2020-12-15T18:13:02","modified_gmt":"2020-12-15T18:13:02","slug":"aleupa","status":"publish","type":"page","link":"https:\/\/aleupa.com\/?page_id=3357","title":{"rendered":"Aleupa"},"content":{"rendered":"<p>[et_pb_section fb_built=\u00bb1&#8243; fullwidth=\u00bbon\u00bb _builder_version=\u00bb4.5.1&#8243; _module_preset=\u00bbdefault\u00bb][et_pb_fullwidth_slider _builder_version=\u00bb4.7.7&#8243; _module_preset=\u00bbdefault\u00bb background_color=\u00bb#ffffff\u00bb height=\u00bb450px\u00bb custom_margin=\u00bb0px||||false|false\u00bb custom_padding=\u00bb0px||||false|false\u00bb animation_style=\u00bbfade\u00bb auto=\u00bbon\u00bb auto_ignore_hover=\u00bbon\u00bb hover_enabled=\u00bb0&#8243; sticky_enabled=\u00bb0&#8243;][et_pb_slide heading=\u00bbaleupa\u00bb _builder_version=\u00bb4.7.7&#8243; _module_preset=\u00bbdefault\u00bb header_font_size=\u00bb75px\u00bb body_font_size=\u00bb31px\u00bb background_enable_color=\u00bboff\u00bb background_image=\u00bbhttp:\/\/www.aleupa.com\/wp-content\/uploads\/2020\/06\/Movilidad.jpg\u00bb background_enable_image=\u00bbon\u00bb hover_enabled=\u00bb0&#8243; sticky_transition=\u00bbon\u00bb admin_title=\u00bbSilla\u00bb sticky_enabled=\u00bb0&#8243;]<\/p>\n<p>ayudas a la dependencia<\/p>\n<p>[\/et_pb_slide][et_pb_slide _builder_version=\u00bb4.7.7&#8243; _module_preset=\u00bbdefault\u00bb background_enable_color=\u00bboff\u00bb background_image=\u00bbhttp:\/\/www.aleupa.com\/wp-content\/uploads\/2020\/06\/Cuidador.jpg\u00bb background_enable_image=\u00bbon\u00bb hover_enabled=\u00bb0&#8243; sticky_transition=\u00bbon\u00bb sticky_enabled=\u00bb0&#8243; title_text=\u00bbCuidador\u00bb admin_title=\u00bbMano Ayuda\u00bb][\/et_pb_slide][et_pb_slide _builder_version=\u00bb4.7.7&#8243; _module_preset=\u00bbdefault\u00bb background_enable_color=\u00bboff\u00bb background_image=\u00bbhttp:\/\/www.aleupa.com\/wp-content\/uploads\/2020\/06\/Ba\u00f1o.jpg\u00bb background_enable_image=\u00bbon\u00bb hover_enabled=\u00bb0&#8243; sticky_transition=\u00bbon\u00bb admin_title=\u00bbBa\u00f1o\u00bb sticky_enabled=\u00bb0&#8243;][\/et_pb_slide][et_pb_slide _builder_version=\u00bb4.7.7&#8243; _module_preset=\u00bbdefault\u00bb background_color=\u00bb#ffffff\u00bb background_enable_color=\u00bbon\u00bb background_image=\u00bbhttp:\/\/www.aleupa.com\/wp-content\/uploads\/2020\/06\/Puericultura.jpg\u00bb background_enable_image=\u00bbon\u00bb hover_enabled=\u00bb0&#8243; sticky_transition=\u00bbon\u00bb admin_title=\u00bbBeb\u00e9\u00bb sticky_enabled=\u00bb0&#8243;][\/et_pb_slide][et_pb_slide _builder_version=\u00bb4.7.7&#8243; _module_preset=\u00bbdefault\u00bb background_color=\u00bb#ffffff\u00bb background_enable_color=\u00bbon\u00bb background_image=\u00bbhttp:\/\/www.aleupa.com\/wp-content\/uploads\/2020\/06\/Ocio.jpg\u00bb background_enable_image=\u00bbon\u00bb hover_enabled=\u00bb0&#8243; sticky_transition=\u00bbon\u00bb admin_title=\u00bbJuego\u00bb sticky_enabled=\u00bb0&#8243;][\/et_pb_slide][et_pb_slide _builder_version=\u00bb4.7.7&#8243; _module_preset=\u00bbdefault\u00bb background_color=\u00bb#ffffff\u00bb background_enable_color=\u00bbon\u00bb background_image=\u00bbhttp:\/\/www.aleupa.com\/wp-content\/uploads\/2020\/06\/Ofertas.jpg\u00bb background_enable_image=\u00bbon\u00bb hover_enabled=\u00bb0&#8243; sticky_transition=\u00bbon\u00bb admin_title=\u00bbF\u00e9rula\u00bb sticky_enabled=\u00bb0&#8243;][\/et_pb_slide][et_pb_slide _builder_version=\u00bb4.7.7&#8243; _module_preset=\u00bbdefault\u00bb background_color=\u00bb#ffffff\u00bb background_enable_color=\u00bbon\u00bb background_image=\u00bbhttp:\/\/www.aleupa.com\/wp-content\/uploads\/2020\/06\/Vida-Diaria.jpg\u00bb background_enable_image=\u00bbon\u00bb hover_enabled=\u00bb0&#8243; sticky_transition=\u00bbon\u00bb admin_title=\u00bbHuella\u00bb sticky_enabled=\u00bb0&#8243;][\/et_pb_slide][\/et_pb_fullwidth_slider][\/et_pb_section][et_pb_section fb_built=\u00bb1&#8243; admin_label=\u00bbsection\u00bb _builder_version=\u00bb3.22&#8243;][et_pb_row column_structure=\u00bb1_2,1_2&#8243; admin_label=\u00bbFila\u00bb _builder_version=\u00bb3.25&#8243; background_size=\u00bbinitial\u00bb background_position=\u00bbtop_left\u00bb background_repeat=\u00bbrepeat\u00bb][et_pb_column type=\u00bb1_2&#8243; _builder_version=\u00bb3.25&#8243; custom_padding=\u00bb|||\u00bb custom_padding__hover=\u00bb|||\u00bb][et_pb_text admin_label=\u00bbTexto\u00bb _builder_version=\u00bb4.4.8&#8243; text_font=\u00bb||||||||\u00bb text_font_size=\u00bb15px\u00bb background_size=\u00bbinitial\u00bb background_position=\u00bbtop_left\u00bb background_repeat=\u00bbrepeat\u00bb use_border_color=\u00bboff\u00bb border_color=\u00bb#ffffff\u00bb border_style=\u00bbsolid\u00bb]<\/p>\n<p style=\"text-align: justify;\">Le damos la bienvenida a\u00a0<strong>Aleupa<\/strong>,\u00a0 una tienda especializada, con un amplio establecimiento, que ahora tambi\u00e9n online, pone a su alcance un extenso cat\u00e1logo de productos destinados a cubrir todas las necesidades espec\u00edficas y de confort del dependiente.<\/p>\n<p style=\"text-align: justify;\">Sabemos que la dependencia implica dificultades en el desempe\u00f1o de las actividades propias de la vida diaria: comer, vestirse, asearse, desplazarse, comunicarse&#8230;, \u00a0y que a lo largo de la vida podemos encontrarnos en esta situaci\u00f3n limitante, por distintas causas y en m\u00e1s de una ocasi\u00f3n: \u00a0al nacer, al crecer, al accidentarnos, al enfermar y convalecer o al envejecer.<\/p>\n<p>[\/et_pb_text][\/et_pb_column][et_pb_column type=\u00bb1_2&#8243; _builder_version=\u00bb3.25&#8243; custom_padding=\u00bb|||\u00bb custom_padding__hover=\u00bb|||\u00bb][et_pb_text admin_label=\u00bbTexto\u00bb _builder_version=\u00bb4.4.8&#8243; text_font=\u00bb||||||||\u00bb text_font_size=\u00bb15px\u00bb background_size=\u00bbinitial\u00bb background_position=\u00bbtop_left\u00bb background_repeat=\u00bbrepeat\u00bb use_border_color=\u00bboff\u00bb border_color=\u00bb#ffffff\u00bb border_style=\u00bbsolid\u00bb]<\/p>\n<p style=\"text-align: justify;\"><span style=\"font-size: 15px;\">Nuestra actividad profesional consiste en ofrecer los medios a nuestro alcance \u00a0destinados a paliar o compensar dichas limitaciones.\u00a0 Esto nos ha permitido,a\u00a0lo largo de m\u00e1s de una d\u00e9cada, atender a dependientes, familiares, cuidadores, terapeutas, profesionales de la ayuda a domicilio, centros especializados socio-sanitarios o educativos y ofrecerles un consejo \u00fatil y \u00a0el producto adecuado a sus necesidades.<\/span><\/p>\n<p style=\"text-align: justify;\">Si como ellos, ud, tambi\u00e9n nos necesita, no lo dude, \u00a1 vis\u00edtenos !, con nuestra bienvenida trataremos de ofrecerle la mejor ayuda posible.<\/p>\n<p>[\/et_pb_text][\/et_pb_column][\/et_pb_row][\/et_pb_section]<\/p>\n","protected":false},"excerpt":{"rendered":"<p>ayudas a la dependenciaLe damos la bienvenida a\u00a0Aleupa,\u00a0 una tienda especializada, con un amplio establecimiento, que ahora tambi\u00e9n online, pone a su alcance un extenso cat\u00e1logo de productos destinados a cubrir todas las necesidades espec\u00edficas y de confort del dependiente. Sabemos que la dependencia implica dificultades en el desempe\u00f1o de las actividades propias de la [&hellip;]<\/p>\n","protected":false},"author":4,"featured_media":0,"parent":0,"menu_order":0,"comment_status":"closed","ping_status":"closed","template":"","meta":{"_et_pb_use_builder":"on","_et_pb_old_content":"","_et_gb_content_width":"","footnotes":""},"class_list":["post-3357","page","type-page","status-publish","hentry"],"yoast_head":"<!-- This site is optimized with the Yoast SEO plugin v26.2 - https:\/\/yoast.com\/wordpress\/plugins\/seo\/ -->\n<title>Aleupa - Ortopedia Aleupa<\/title>\n<meta name=\"robots\" content=\"index, follow, max-snippet:-1, max-image-preview:large, max-video-preview:-1\" \/>\n<link rel=\"canonical\" href=\"https:\/\/aleupa.com\/?page_id=3357\" \/>\n<meta property=\"og:locale\" content=\"es_ES\" \/>\n<meta property=\"og:type\" content=\"article\" \/>\n<meta property=\"og:title\" content=\"Aleupa - Ortopedia Aleupa\" \/>\n<meta property=\"og:description\" content=\"ayudas a la dependenciaLe damos la bienvenida a\u00a0Aleupa,\u00a0 una tienda especializada, con un amplio establecimiento, que ahora tambi\u00e9n online, pone a su alcance un extenso cat\u00e1logo de productos destinados a cubrir todas las necesidades espec\u00edficas y de confort del dependiente. Sabemos que la dependencia implica dificultades en el desempe\u00f1o de las actividades propias de la [&hellip;]\" \/>\n<meta property=\"og:url\" content=\"https:\/\/aleupa.com\/?page_id=3357\" \/>\n<meta property=\"og:site_name\" content=\"Ortopedia Aleupa\" \/>\n<meta property=\"article:modified_time\" content=\"2020-12-15T18:13:02+00:00\" \/>\n<meta name=\"twitter:card\" content=\"summary_large_image\" \/>\n<meta name=\"twitter:label1\" content=\"Tiempo de lectura\" \/>\n\t<meta name=\"twitter:data1\" content=\"3 minutos\" \/>\n<script type=\"application\/ld+json\" class=\"yoast-schema-graph\">{\"@context\":\"https:\/\/schema.org\",\"@graph\":[{\"@type\":\"WebPage\",\"@id\":\"https:\/\/aleupa.com\/?page_id=3357\",\"url\":\"https:\/\/aleupa.com\/?page_id=3357\",\"name\":\"Aleupa - Ortopedia Aleupa\",\"isPartOf\":{\"@id\":\"https:\/\/aleupa.com\/#website\"},\"datePublished\":\"2020-06-30T08:07:17+00:00\",\"dateModified\":\"2020-12-15T18:13:02+00:00\",\"breadcrumb\":{\"@id\":\"https:\/\/aleupa.com\/?page_id=3357#breadcrumb\"},\"inLanguage\":\"es\",\"potentialAction\":[{\"@type\":\"ReadAction\",\"target\":[\"https:\/\/aleupa.com\/?page_id=3357\"]}]},{\"@type\":\"BreadcrumbList\",\"@id\":\"https:\/\/aleupa.com\/?page_id=3357#breadcrumb\",\"itemListElement\":[{\"@type\":\"ListItem\",\"position\":1,\"name\":\"Portada\",\"item\":\"https:\/\/aleupa.com\/\"},{\"@type\":\"ListItem\",\"position\":2,\"name\":\"Aleupa\"}]},{\"@type\":\"WebSite\",\"@id\":\"https:\/\/aleupa.com\/#website\",\"url\":\"https:\/\/aleupa.com\/\",\"name\":\"Ortopedia Aleupa\",\"description\":\"Ayudas a la dependencia\",\"alternateName\":\"Ortopedia en Puerto de la Cruz, Tenerife\",\"potentialAction\":[{\"@type\":\"SearchAction\",\"target\":{\"@type\":\"EntryPoint\",\"urlTemplate\":\"https:\/\/aleupa.com\/?s={search_term_string}\"},\"query-input\":{\"@type\":\"PropertyValueSpecification\",\"valueRequired\":true,\"valueName\":\"search_term_string\"}}],\"inLanguage\":\"es\"}]}<\/script>\n<!-- \/ Yoast SEO plugin. -->","yoast_head_json":{"title":"Aleupa - Ortopedia Aleupa","robots":{"index":"index","follow":"follow","max-snippet":"max-snippet:-1","max-image-preview":"max-image-preview:large","max-video-preview":"max-video-preview:-1"},"canonical":"https:\/\/aleupa.com\/?page_id=3357","og_locale":"es_ES","og_type":"article","og_title":"Aleupa - Ortopedia Aleupa","og_description":"ayudas a la dependenciaLe damos la bienvenida a\u00a0Aleupa,\u00a0 una tienda especializada, con un amplio establecimiento, que ahora tambi\u00e9n online, pone a su alcance un extenso cat\u00e1logo de productos destinados a cubrir todas las necesidades espec\u00edficas y de confort del dependiente. Sabemos que la dependencia implica dificultades en el desempe\u00f1o de las actividades propias de la [&hellip;]","og_url":"https:\/\/aleupa.com\/?page_id=3357","og_site_name":"Ortopedia Aleupa","article_modified_time":"2020-12-15T18:13:02+00:00","twitter_card":"summary_large_image","twitter_misc":{"Tiempo de lectura":"3 minutos"},"schema":{"@context":"https:\/\/schema.org","@graph":[{"@type":"WebPage","@id":"https:\/\/aleupa.com\/?page_id=3357","url":"https:\/\/aleupa.com\/?page_id=3357","name":"Aleupa - Ortopedia Aleupa","isPartOf":{"@id":"https:\/\/aleupa.com\/#website"},"datePublished":"2020-06-30T08:07:17+00:00","dateModified":"2020-12-15T18:13:02+00:00","breadcrumb":{"@id":"https:\/\/aleupa.com\/?page_id=3357#breadcrumb"},"inLanguage":"es","potentialAction":[{"@type":"ReadAction","target":["https:\/\/aleupa.com\/?page_id=3357"]}]},{"@type":"BreadcrumbList","@id":"https:\/\/aleupa.com\/?page_id=3357#breadcrumb","itemListElement":[{"@type":"ListItem","position":1,"name":"Portada","item":"https:\/\/aleupa.com\/"},{"@type":"ListItem","position":2,"name":"Aleupa"}]},{"@type":"WebSite","@id":"https:\/\/aleupa.com\/#website","url":"https:\/\/aleupa.com\/","name":"Ortopedia Aleupa","description":"Ayudas a la dependencia","alternateName":"Ortopedia en Puerto de la Cruz, Tenerife","potentialAction":[{"@type":"SearchAction","target":{"@type":"EntryPoint","urlTemplate":"https:\/\/aleupa.com\/?s={search_term_string}"},"query-input":{"@type":"PropertyValueSpecification","valueRequired":true,"valueName":"search_term_string"}}],"inLanguage":"es"}]}},"_links":{"self":[{"href":"https:\/\/aleupa.com\/index.php?rest_route=\/wp\/v2\/pages\/3357","targetHints":{"allow":["GET"]}}],"collection":[{"href":"https:\/\/aleupa.com\/index.php?rest_route=\/wp\/v2\/pages"}],"about":[{"href":"https:\/\/aleupa.com\/index.php?rest_route=\/wp\/v2\/types\/page"}],"author":[{"embeddable":true,"href":"https:\/\/aleupa.com\/index.php?rest_route=\/wp\/v2\/users\/4"}],"replies":[{"embeddable":true,"href":"https:\/\/aleupa.com\/index.php?rest_route=%2Fwp%2Fv2%2Fcomments&post=3357"}],"version-history":[{"count":5,"href":"https:\/\/aleupa.com\/index.php?rest_route=\/wp\/v2\/pages\/3357\/revisions"}],"predecessor-version":[{"id":4613,"href":"https:\/\/aleupa.com\/index.php?rest_route=\/wp\/v2\/pages\/3357\/revisions\/4613"}],"wp:attachment":[{"href":"https:\/\/aleupa.com\/index.php?rest_route=%2Fwp%2Fv2%2Fmedia&parent=3357"}],"curies":[{"name":"wp","href":"https:\/\/api.w.org\/{rel}","templated":true}]}}