{"id":3526,"date":"2020-07-24T07:27:15","date_gmt":"2020-07-24T07:27:15","guid":{"rendered":"http:\/\/www.aleupa.com\/?page_id=3526"},"modified":"2025-02-18T18:22:46","modified_gmt":"2025-02-18T18:22:46","slug":"politica-de-cookies","status":"publish","type":"page","link":"https:\/\/aleupa.com\/?page_id=3526","title":{"rendered":"Pol\u00edtica de Cookies"},"content":{"rendered":"<p>[et_pb_section fb_built=\u00bb1&#8243; fullwidth=\u00bbon\u00bb _builder_version=\u00bb4.4.8&#8243; global_module=\u00bb3383&#8243; global_colors_info=\u00bb{}\u00bb][et_pb_fullwidth_header title=\u00bb@ET-DC@eyJkeW5hbWljIjp0cnVlLCJjb250ZW50IjoicG9zdF90aXRsZSIsInNldHRpbmdzIjp7ImJlZm9yZSI6IiIsImFmdGVyIjoiIn19@\u00bb text_orientation=\u00bbcenter\u00bb _builder_version=\u00bb4.16&#8243; _dynamic_attributes=\u00bbtitle,background_image\u00bb title_font_size=\u00bb44px\u00bb background_color=\u00bbrgba(0,0,0,0)\u00bb background_image=\u00bb@ET-DC@eyJkeW5hbWljIjp0cnVlLCJjb250ZW50IjoicG9zdF9mZWF0dXJlZF9pbWFnZSIsInNldHRpbmdzIjp7fX0=@\u00bb height=\u00bb350px\u00bb custom_padding=\u00bb120px||120px||false|false\u00bb text_shadow_style=\u00bbpreset2&#8243; global_colors_info=\u00bb{}\u00bb][\/et_pb_fullwidth_header][\/et_pb_section][et_pb_section fb_built=\u00bb1&#8243; _builder_version=\u00bb4.16&#8243; global_colors_info=\u00bb{}\u00bb][et_pb_row _builder_version=\u00bb4.16&#8243; global_colors_info=\u00bb{}\u00bb][et_pb_column type=\u00bb4_4&#8243; _builder_version=\u00bb4.16&#8243; global_colors_info=\u00bb{}\u00bb][et_pb_text _builder_version=\u00bb4.16&#8243; global_colors_info=\u00bb{}\u00bb]<\/p>\n<p><strong>ANTECEDENTES<\/strong><\/p>\n<p><a href=\"http:\/\/www.aleupa.com\/\">www.aleupa.com<\/a> usa cookies. Las cookies de este sitio web se usan para personalizar el contenido y los anuncios, ofrecerfunciones de redes sociales y analizar el tr\u00e1fico. Adem\u00e1s, compartimos informaci\u00f3n sobre el uso que haga del sitio web con nuestros partners de redes sociales, publicidad y an\u00e1lisis web, quienes pueden combinarla con otra informaci\u00f3n que les haya proporcionado o que hayan recopilado a partir del uso que haya hecho de sus servicios.<\/p>\n<p>&nbsp;<\/p>\n<h1>\u00bfQU\u00c9 SON LAS COOKIES?<\/h1>\n<p>Una cookie es un fichero que se descarga en su ordenador al acceder a determinadas p\u00e1ginas web. Las cookies permiten a unap\u00e1gina web, entre otras cosas, almacenar y recuperar informaci\u00f3n sobre los h\u00e1bitos de navegaci\u00f3n de un usuario o de su equipo y, dependiendo de la informaci\u00f3n que contengan y de la forma en que utilice su equipo, pueden utilizarse para reconocer al usuario. Las cookies se asocian \u00fanicamente a un usuario an\u00f3nimo y su ordenador \u00f3 dispositivo y no proporcionan referencias que permitan conocer sus datos personales.<\/p>\n<p>&nbsp;<\/p>\n<h1>COOKIES AFECTADAS POR LA NORMATIVA Y COOKIES EXENTAS<\/h1>\n<p>Seg\u00fan la directiva de la UE, las cookies que requieren el consentimiento informado por parte del usuario son las cookies deanal\u00edtica y las de publicidad y afiliaci\u00f3n, quedando exceptuadas las de car\u00e1cter t\u00e9cnico y las necesarias para el funcionamiento del sitio web o la prestaci\u00f3n de servicios expresamente demandados por el usuario.<\/p>\n<p>&nbsp;<\/p>\n<h1>TIPOS DE COOKIES<\/h1>\n<ol>\n<li>Seg\u00fan la entidad que las gestione, hay Cookies propias (aqu\u00e9llas que se env\u00edan al equipo terminal del usuario desde un equipo o dominio gestionado por el propio editor y desde el que se presta el servicio solicitado por el usuario) y de terceros (las que se env\u00edan al equipo terminal del usuario desde un equipo o dominio que no es gestionado por el editor, sino por otra entidad que trata los datos obtenidos trav\u00e9s de las cookies).<\/li>\n<\/ol>\n<p>&nbsp;<\/p>\n<ol>\n<li>Seg\u00fan el tiempo que permanecen activas, existen las de sesi\u00f3n (dise\u00f1adas para recabar y almacenar datos mientras elusuario accede a una p\u00e1gina web) y las persistentes (en las que los datos se almacenan en el terminal y pueden ser accedidos y tratados durante un periodo definido por el responsable de la cookie -puede ir de unos minutos a varios a\u00f1os-).<\/li>\n<\/ol>\n<p>&nbsp;<\/p>\n<ol>\n<li>Seg\u00fan la finalidad para la que traten la informaci\u00f3n que recopilan, pueden ser:\n<ul>\n<li>Cookies t\u00e9cnicas (necesarias para el uso de la web y la prestaci\u00f3n del servicio contratado),<\/li>\n<li>Cookies de preferencias o personalizaci\u00f3n (que permiten al usuario acceder al servicio con caracter\u00edsticas predefinidas, como por ejemplo el idioma, tipo de navegador, configuraci\u00f3n regional, etc.)<\/li>\n<li>Cookies de an\u00e1lisis o medici\u00f3n (recogen informaci\u00f3n el uso que se realiza de la web),<\/li>\n<li>Cookies de publicidad comportamental (recogen informaci\u00f3n sobre las preferencias y elecciones personales de los usuarios).<\/li>\n<\/ul>\n<\/li>\n<\/ol>\n<p>&nbsp;<\/p>\n<h1>TIPOS DE COOKIES UTILIZADAS POR ESTE SITIO WEB<\/h1>\n<p>Las cookies utilizadas en <a href=\"http:\/\/www.aleupa.com\/\">www.aleupa.com<\/a> son propias y de terceros, y nos permiten almacenar y acceder a informaci\u00f3n relativa alidioma, el tipo de navegador utilizado, y otras caracter\u00edsticas generales predefinidas por el usuario, as\u00ed como seguir y analizar laactividad que lleva a cabo para mejorar y prestar nuestros servicios de una manera m\u00e1s eficiente y personalizada. Las cookies usadas tienen, en todo caso, car\u00e1cter temporal, con la \u00fanica finalidad de hacer m\u00e1s eficaz la navegaci\u00f3n. En ning\u00fan caso estascookies proporcionan por s\u00ed mismas datos de car\u00e1cter personal y no se usan para la recogida de los mismos.<\/p>\n<p>&nbsp;<\/p>\n<p>La utilizaci\u00f3n de las cookies ofrece ventajas, como por ejemplo:<\/p>\n<p>facilita al usuario la navegaci\u00f3n y el acceso a los diferentes servicios que ofrece este sitio web;<\/p>\n<p>evita al usuario tener que configurar las caracter\u00edsticas generales predefinidas cada vez que accede al sitio web; y favorece la mejora del funcionamiento y de los servicios prestados a trav\u00e9s de este sitio web, tras el correspondiente an\u00e1lisis de la informaci\u00f3n obtenida a trav\u00e9s de las cookies instaladas.<\/p>\n<p>&nbsp;<\/p>\n<p>En diversas secciones de nuestra web se podr\u00e1n instalar cookies de redes sociales, en concreto las siguientes: Cookie de Twitter, seg\u00fan lo dispuesto en su <a href=\"https:\/\/twitter.com\/es\/privacy\">pol\u00edtica de privacidad y uso de cookies.<\/a><\/p>\n<p>Cookie de Facebook, seg\u00fan lo dispuesto en su <u>pol\u00edtica de cookies<\/u>.<\/p>\n<p>Cookie de Linkedin, seg\u00fan lo dispuesto en su p\u00e1gina sobre el <u>uso de las cookies<\/u>.<\/p>\n<p><span style=\"font-weight: 400;\">\u00a0<\/span><\/p>\n<p>&nbsp;<\/p>\n<p>&nbsp;<\/p>\n<p>A continuaci\u00f3n se detallan las cookies propias y de terceros. De cada Cookie se especificar\u00e1: Nombre, Categor\u00eda, Tipo, Propiedad\/Proveedor, Duraci\u00f3n, Descripci\u00f3n\/ Finalidad:<\/p>\n<p>&nbsp;<\/p>\n<p>AEC: T\u00e9cnica, Terceros, Google, 1 mes, Cookie necesaria para la utilizaci\u00f3n de las opciones y servicios del sitio web.<\/p>\n<p>&nbsp;<\/p>\n<p>APISID: Publicidad comportamental, Terceros, Google, 2 a\u00f1os, Descargar ciertas herramientas de Google y guardar ciertas preferencias. Ajusta los anuncios que aparecen en la b\u00fasqueda de Google.<\/p>\n<p>&nbsp;<\/p>\n<p>DV: Preferencias o personalizaci\u00f3n, Terceros, Google, 1 d\u00eda, Para proporcionar entrega de anuncios o reorientaci\u00f3n.<\/p>\n<p>&nbsp;<\/p>\n<p>HSID: T\u00e9cnica, Terceros, Google, 1 a\u00f1os, Para proporcionar prevenci\u00f3n del fraude.<\/p>\n<p>&nbsp;<\/p>\n<p>NID: Publicidad comportamental, Terceros, Google, 6 meses, Para proporcionar entrega de anuncios o reorientaci\u00f3n, almacenar las preferencias del usuario.<\/p>\n<p>&nbsp;<\/p>\n<p>SAPISID: T\u00e9cnica, Terceros, Google, 2 a\u00f1os, Para analizar cu\u00e1ndo se crea o inicia sesi\u00f3n en una cuenta de Google.<\/p>\n<p>&nbsp;<\/p>\n<p>SEARCH_SAMESITE: T\u00e9cnica, Terceros, Google, 6 meses, SameSite evita que el navegador env\u00ede esta cookie junto con las solicitudes entre sitios. El objetivo principal es mitigar el riesgo de fuga de informaci\u00f3n de origen cruzado. Tambi\u00e9n proporciona cierta protecci\u00f3n contra ataques de falsificaci\u00f3n de solicitudes entre sitios.<\/p>\n<p>&nbsp;<\/p>\n<p>SID: Publicidad comportamental, Terceros, Google, 2 a\u00f1os, Para proporcionar entrega de anuncios o reorientaci\u00f3n, proporcionar prevenci\u00f3n de fraude.<\/p>\n<p>&nbsp;<\/p>\n<p>SIDCC: T\u00e9cnica, Terceros, Google, 1 a\u00f1o, Para proporcionar la identificaci\u00f3n del tr\u00e1fico web confiable.<\/p>\n<p>&nbsp;<\/p>\n<p>SSID: Publicidad comportamental, Terceros, Google, 2 a\u00f1os, Para proporcionar informaci\u00f3n sobre c\u00f3mo el usuario final utiliza el sitio web y cualquier publicidad que el usuario final haya visto antes de visitar dicho sitio web.<\/p>\n<p>&nbsp;<\/p>\n<p><u><span>\u00a0<\/span><\/u>Secure-1PAPISID: T\u00e9cnica, Terceros, Google, 2 a\u00f1os, Esta cookie se utiliza con fines de orientaci\u00f3n para crear un perfil de los intereses del visitante del sitio web con el fin de mostrar publicidad de Google relevante y personalizada.<\/p>\n<p>&nbsp;<\/p>\n<p><u><span>\u00a0<\/span><\/u>Secure-1PSID: T\u00e9cnica, Terceros, Google, 2 a\u00f1os, Cookie necesaria para la utilizaci\u00f3n de las opciones y servicios del sitio web.<\/p>\n<p>&nbsp;<\/p>\n<p><u><span>\u00a0<\/span><\/u>Secure-1PSIDCC: T\u00e9cnica, Terceros, Google, 1 a\u00f1o, Cookie necesaria para la utilizaci\u00f3n de las opciones y servicios del sitio web.<\/p>\n<p>&nbsp;<\/p>\n<p><u><span>\u00a0<\/span><\/u>Secure-1PSIDTS: T\u00e9cnica, Terceros, Google, 1 a\u00f1o, Cookie necesaria para la utilizaci\u00f3n de las opciones y servicios del sitio web.<\/p>\n<p>&nbsp;<\/p>\n<p><u><span>\u00a0<\/span><\/u>Secure-3PAPISID: An\u00e1lisis o medici\u00f3n, Terceros, Google, 2 a\u00f1os, Estas cookies se utilizan para entregar anuncios m\u00e1s relevantes<\/p>\n<p>para usted y sus intereses.<\/p>\n<p>&nbsp;<\/p>\n<p><u><span>\u00a0<\/span><\/u>Secure-3PSID: An\u00e1lisis o medici\u00f3n, Terceros, Google, 2 a\u00f1os, Estas cookies se utilizan para entregar anuncios m\u00e1s relevantes para usted y sus intereses.<\/p>\n<p>&nbsp;<\/p>\n<p><u><span>\u00a0<\/span><\/u>Secure-3PSIDCC: T\u00e9cnica, Terceros, Google, 1 a\u00f1o, Cookie necesaria para la utilizaci\u00f3n de las opciones y servicios del sitio web.<\/p>\n<p>&nbsp;<\/p>\n<p><u><span>\u00a0 <\/span><\/u>Secure-3PSIDTS: T\u00e9cnica, Terceros, Google, 1 a\u00f1o, Cookie necesaria para la utilizaci\u00f3n de las opciones y<\/p>\n<p><span style=\"font-weight: 400;\">\u00a0<\/span><\/p>\n<p><u><span>\u00a0<\/span><\/u>Secure-ENID: T\u00e9cnica, Terceros, Google, 1 a\u00f1o, Cookie necesaria para la utilizaci\u00f3n de las opciones y servicios del sitio web.<\/p>\n<p>&nbsp;<\/p>\n<p>_ga: An\u00e1lisis o medici\u00f3n, Terceros, Otros, 2 a\u00f1os, Generar una ID \u00fanica del visitante de la p\u00e1gina para prop\u00f3sitos estad\u00edsticos.<\/p>\n<p>sbjs_current: Estad\u00edstica, Propia, Propia, Sesi\u00f3n, Recopila datos sobre el comportamiento y la interacci\u00f3n del usuario para optimizar el sitio web y hacer que la publicidad en el sitio sea m\u00e1s relevante.<\/p>\n<p>&nbsp;<\/p>\n<p>sbjs_current_add: Estad\u00edstica, Propia, Propia, Sesi\u00f3n, Recopila datos sobre el comportamiento y la interacci\u00f3n del usuario para optimizar el sitio web y hacer que la publicidad en el sitio sea m\u00e1s relevante.<\/p>\n<p>&nbsp;<\/p>\n<p>sbjs_first: Estad\u00edstica, Propia, Propia, Sesi\u00f3n, Utilizamos estas cookies para proporcionar informaci\u00f3n estad\u00edstica sobre nuestro sitio web, se utilizan para medir y mejorar el rendimiento.<\/p>\n<p>&nbsp;<\/p>\n<p>sbjs_first_add: Estad\u00edstica, Propia, Propia, Sesi\u00f3n, Utilizamos estas cookies para proporcionar informaci\u00f3n estad\u00edstica sobre nuestro sitio web, se utilizan para medir y mejorar el rendimiento.<\/p>\n<p>&nbsp;<\/p>\n<p>sbjs_migrations: Estad\u00edstica, Propia, Propia, Sesi\u00f3n, Utilizamos estas cookies para proporcionar informaci\u00f3n estad\u00edstica sobre nuestro sitio web, se utilizan para medir y mejorar el rendimiento.<\/p>\n<p>&nbsp;<\/p>\n<p>sbjs_session: Estad\u00edstica, Propia, Propia, 30 minutos, Utilizamos estas cookies para proporcionar informaci\u00f3n estad\u00edstica sobre nuestro sitio web, se utilizan para medir y mejorar el rendimiento.<\/p>\n<p>&nbsp;<\/p>\n<p>sbjs_udata: Estad\u00edstica, Propia, Propia, Sesi\u00f3n, Esta cookie recopila datos sobre el comportamiento y la interacci\u00f3n del usuario para optimizar el sitio web y hacer que la publicidad en el sitio sea m\u00e1s relevante.<\/p>\n<p>&nbsp;<\/p>\n<p>&nbsp;<\/p>\n<p>&nbsp;<\/p>\n<h1>REVOCACI\u00d3N<\/h1>\n<p><strong>\u00a0<\/strong><\/p>\n<p>En todo momento podr\u00e1 acceder a la configuraci\u00f3n de su navegador aceptando o rechazando todas las cookies, o bien seleccionar aqu\u00e9llas cuya instalaci\u00f3n admite y cu\u00e1les no, siguiendo uno de los siguientes procedimientos, que depende del navegador que utilice:<\/p>\n<p>&nbsp;<\/p>\n<p>Google Chrome (en el Men\u00fa Herramientas):<\/p>\n<p>Configuraci\u00f3n &gt; Mostrar opciones avanzadas &gt; Privacidad (Configuraci\u00f3n de contenido) &gt; Cookies: <u>https:\/\/support.google.com\/chrome\/answer\/95647?co=GENIE.Platform%3DDesktop&amp;hl=es<\/u><\/p>\n<p>&nbsp;<\/p>\n<p>Microsoft Internet Explorer (en el Men\u00fa Herramientas):<\/p>\n<p>Opciones de Internet &gt; Privacidad &gt; Avanzada:<\/p>\n<p><u>https:\/\/support.microsoft.com\/es-es\/help\/17442\/windows-internet-explorer-delete-manage-cookies<\/u><\/p>\n<p>&nbsp;<\/p>\n<p>Firefox:<\/p>\n<p>Opciones &gt; Privacidad &gt; Cookies:<\/p>\n<p><u>https:\/\/support.mozilla.org\/es\/kb\/habilitar-y-deshabilitar-cookies-sitios-web-rastrear-preferencias<\/u><\/p>\n<p>&nbsp;<\/p>\n<p>Safari, iPad y iPhone:<\/p>\n<p>Preferencias &gt; Privacidad <u>https:\/\/support.apple.com\/kb\/ph21411?locale=es_ES<\/u><\/p>\n<p>&nbsp;<\/p>\n<p>Opera:<\/p>\n<p>Configuraci\u00f3n &gt; Opciones &gt; Avanzado &gt; Cookies <a href=\"http:\/\/help.opera.com\/Windows\/12.00\/es-ES\/cookies.html\">http:\/\/help.opera.com\/Windows\/12.00\/es-ES\/cookies.html<\/a><\/p>\n<p>&nbsp;<\/p>\n<p>Estos navegadores est\u00e1n sometidos a actualizaciones o modificaciones, por lo que no podemos garantizar que se ajusten completamente a la versi\u00f3n de su navegador. Tambi\u00e9n puede ser que utilice otro navegador no contemplado en estos enlaces como Konqueror, Arora, Flock, etc. Para evitar estos desajustes, puede acceder directamente desde las opciones de su navegador, generalmente en el men\u00fa de \u00abOpciones\u00bb en la secci\u00f3n de<\/p>\n<p><span style=\"font-weight: 400;\">\u00a0<\/span><\/p>\n<h1>DESACTIVACI\u00d3N\/ACTIVACI\u00d3N ELIMINACI\u00d3N DE COOKIES<\/h1>\n<p style=\"font-weight: 400;\">Para restringir o bloquear las cookies, se hace a trav\u00e9s de la configuraci\u00f3n del navegador.<\/p>\n<p style=\"font-weight: 400;\">\n<p style=\"font-weight: 400;\">Si no desea que los sitios web pongan ninguna cookie en su equipo, puede adaptar la configuraci\u00f3n del navegador de modo que se le notifique antes de que se coloque ninguna cookie. De igual modo, puede adaptar la configuraci\u00f3n de forma que el navegador rechace todas las cookies, o \u00fanicamente las cookies de terceros.<\/p>\n<p style=\"font-weight: 400;\">Tambi\u00e9n puede eliminar cualquiera de las cookies que ya se encuentren en el equipo. Tenga en cuenta que tendr\u00e1 que adaptar por separado la configuraci\u00f3n de cada navegador y equipo que utilice.<\/p>\n<p style=\"font-weight: 400;\">\n<p style=\"font-weight: 400;\">Tenga en cuenta que si no desea recibir cookies, ya no podremos garantizar que nuestro sitio web funcione debidamente. Puedeque algunas funciones del sitio se pierdan y es posible que ya no pueda ver ciertos sitios web. Adem\u00e1s, rechazar las cookies no significa que ya no vaya a ver anuncios publicitarios. Simplemente los anuncios no se ajustar\u00e1n a sus intereses y se repetir\u00e1n con m\u00e1s frecuencia.<\/p>\n<p style=\"font-weight: 400;\">\n<p style=\"font-weight: 400;\">Cada navegador posee un m\u00e9todo distinto para adaptar la configuraci\u00f3n. Si fuera necesario, consulte la funci\u00f3n de ayuda del navegador para establecer la configuraci\u00f3n correcta.<\/p>\n<p style=\"font-weight: 400;\">\n<p style=\"font-weight: 400;\">Para desactivar las cookies en el tel\u00e9fono m\u00f3vil, consulte el manual del dispositivo para obtener m\u00e1s informaci\u00f3n. Puede obtener m\u00e1s informaci\u00f3n sobre las cookies en Internet, <a href=\"http:\/\/www.aboutcookies.org\/\">http:\/\/www.aboutcookies.org\/.<\/a><\/p>\n<p style=\"font-weight: 400;\">Teniendo en cuenta la forma en la que funciona Internet y los sitios web, no siempre contamos con informaci\u00f3n de las cookies quecolocan terceras partes a trav\u00e9s de nuestro sitio web. Esto se aplica especialmente a casos en los que nuestra p\u00e1gina web contiene lo que se denominan elementos integrados: textos, documentos, im\u00e1genes o breves pel\u00edculas que se almacenan en otra parte, pero se muestran en nuestro sitio web o a trav\u00e9s del mismo.<\/p>\n<p style=\"font-weight: 400;\">\n<p style=\"font-weight: 400;\">Por consiguiente, en caso de que se encuentre con este tipo de cookies en este sitio web y no est\u00e9n enumeradas en la lista anterior, le rogamos que nos lo comunique. O bien p\u00f3ngase en contacto directamente con el tercero para pedirle informaci\u00f3n sobre las cookies que coloca, la finalidad y la duraci\u00f3n de la cookie, y c\u00f3mo ha garantizado su privacidad.<\/p>\n<p>[\/et_pb_text][\/et_pb_column][\/et_pb_row][\/et_pb_section]<\/p>\n","protected":false},"excerpt":{"rendered":"<p>ANTECEDENTES www.aleupa.com usa cookies. Las cookies de este sitio web se usan para personalizar el contenido y los anuncios, ofrecerfunciones de redes sociales y analizar el tr\u00e1fico. Adem\u00e1s, compartimos informaci\u00f3n sobre el uso que haga del sitio web con nuestros partners de redes sociales, publicidad y an\u00e1lisis web, quienes pueden combinarla con otra informaci\u00f3n que [&hellip;]<\/p>\n","protected":false},"author":4,"featured_media":3284,"parent":0,"menu_order":0,"comment_status":"closed","ping_status":"closed","template":"","meta":{"_et_pb_use_builder":"on","_et_pb_old_content":"","_et_gb_content_width":"","footnotes":""},"class_list":["post-3526","page","type-page","status-publish","has-post-thumbnail","hentry"],"yoast_head":"<!-- This site is optimized with the Yoast SEO plugin v26.2 - https:\/\/yoast.com\/wordpress\/plugins\/seo\/ -->\n<title>Pol\u00edtica de Cookies - Ortopedia Aleupa<\/title>\n<meta name=\"robots\" content=\"index, follow, max-snippet:-1, max-image-preview:large, max-video-preview:-1\" \/>\n<link rel=\"canonical\" href=\"https:\/\/aleupa.com\/?page_id=3526\" \/>\n<meta property=\"og:locale\" content=\"es_ES\" \/>\n<meta property=\"og:type\" content=\"article\" \/>\n<meta property=\"og:title\" content=\"Pol\u00edtica de Cookies - Ortopedia Aleupa\" \/>\n<meta property=\"og:description\" content=\"ANTECEDENTES www.aleupa.com usa cookies. Las cookies de este sitio web se usan para personalizar el contenido y los anuncios, ofrecerfunciones de redes sociales y analizar el tr\u00e1fico. Adem\u00e1s, compartimos informaci\u00f3n sobre el uso que haga del sitio web con nuestros partners de redes sociales, publicidad y an\u00e1lisis web, quienes pueden combinarla con otra informaci\u00f3n que [&hellip;]\" \/>\n<meta property=\"og:url\" content=\"https:\/\/aleupa.com\/?page_id=3526\" \/>\n<meta property=\"og:site_name\" content=\"Ortopedia Aleupa\" \/>\n<meta property=\"article:modified_time\" content=\"2025-02-18T18:22:46+00:00\" \/>\n<meta property=\"og:image\" content=\"https:\/\/aleupa.com\/wp-content\/uploads\/2020\/06\/Cuidador.jpg\" \/>\n\t<meta property=\"og:image:width\" content=\"2000\" \/>\n\t<meta property=\"og:image:height\" content=\"768\" \/>\n\t<meta property=\"og:image:type\" content=\"image\/jpeg\" \/>\n<meta name=\"twitter:card\" content=\"summary_large_image\" \/>\n<meta name=\"twitter:label1\" content=\"Tiempo de lectura\" \/>\n\t<meta name=\"twitter:data1\" content=\"11 minutos\" \/>\n<script type=\"application\/ld+json\" class=\"yoast-schema-graph\">{\"@context\":\"https:\/\/schema.org\",\"@graph\":[{\"@type\":\"WebPage\",\"@id\":\"https:\/\/aleupa.com\/?page_id=3526\",\"url\":\"https:\/\/aleupa.com\/?page_id=3526\",\"name\":\"Pol\u00edtica de Cookies - Ortopedia Aleupa\",\"isPartOf\":{\"@id\":\"https:\/\/aleupa.com\/#website\"},\"primaryImageOfPage\":{\"@id\":\"https:\/\/aleupa.com\/?page_id=3526#primaryimage\"},\"image\":{\"@id\":\"https:\/\/aleupa.com\/?page_id=3526#primaryimage\"},\"thumbnailUrl\":\"https:\/\/aleupa.com\/wp-content\/uploads\/2020\/06\/Cuidador.jpg\",\"datePublished\":\"2020-07-24T07:27:15+00:00\",\"dateModified\":\"2025-02-18T18:22:46+00:00\",\"breadcrumb\":{\"@id\":\"https:\/\/aleupa.com\/?page_id=3526#breadcrumb\"},\"inLanguage\":\"es\",\"potentialAction\":[{\"@type\":\"ReadAction\",\"target\":[\"https:\/\/aleupa.com\/?page_id=3526\"]}]},{\"@type\":\"ImageObject\",\"inLanguage\":\"es\",\"@id\":\"https:\/\/aleupa.com\/?page_id=3526#primaryimage\",\"url\":\"https:\/\/aleupa.com\/wp-content\/uploads\/2020\/06\/Cuidador.jpg\",\"contentUrl\":\"https:\/\/aleupa.com\/wp-content\/uploads\/2020\/06\/Cuidador.jpg\",\"width\":2000,\"height\":768},{\"@type\":\"BreadcrumbList\",\"@id\":\"https:\/\/aleupa.com\/?page_id=3526#breadcrumb\",\"itemListElement\":[{\"@type\":\"ListItem\",\"position\":1,\"name\":\"Portada\",\"item\":\"https:\/\/aleupa.com\/\"},{\"@type\":\"ListItem\",\"position\":2,\"name\":\"Pol\u00edtica de Cookies\"}]},{\"@type\":\"WebSite\",\"@id\":\"https:\/\/aleupa.com\/#website\",\"url\":\"https:\/\/aleupa.com\/\",\"name\":\"Ortopedia Aleupa\",\"description\":\"Ayudas a la dependencia\",\"alternateName\":\"Ortopedia en Puerto de la Cruz, Tenerife\",\"potentialAction\":[{\"@type\":\"SearchAction\",\"target\":{\"@type\":\"EntryPoint\",\"urlTemplate\":\"https:\/\/aleupa.com\/?s={search_term_string}\"},\"query-input\":{\"@type\":\"PropertyValueSpecification\",\"valueRequired\":true,\"valueName\":\"search_term_string\"}}],\"inLanguage\":\"es\"}]}<\/script>\n<!-- \/ Yoast SEO plugin. -->","yoast_head_json":{"title":"Pol\u00edtica de Cookies - Ortopedia Aleupa","robots":{"index":"index","follow":"follow","max-snippet":"max-snippet:-1","max-image-preview":"max-image-preview:large","max-video-preview":"max-video-preview:-1"},"canonical":"https:\/\/aleupa.com\/?page_id=3526","og_locale":"es_ES","og_type":"article","og_title":"Pol\u00edtica de Cookies - Ortopedia Aleupa","og_description":"ANTECEDENTES www.aleupa.com usa cookies. Las cookies de este sitio web se usan para personalizar el contenido y los anuncios, ofrecerfunciones de redes sociales y analizar el tr\u00e1fico. Adem\u00e1s, compartimos informaci\u00f3n sobre el uso que haga del sitio web con nuestros partners de redes sociales, publicidad y an\u00e1lisis web, quienes pueden combinarla con otra informaci\u00f3n que [&hellip;]","og_url":"https:\/\/aleupa.com\/?page_id=3526","og_site_name":"Ortopedia Aleupa","article_modified_time":"2025-02-18T18:22:46+00:00","og_image":[{"width":2000,"height":768,"url":"https:\/\/aleupa.com\/wp-content\/uploads\/2020\/06\/Cuidador.jpg","type":"image\/jpeg"}],"twitter_card":"summary_large_image","twitter_misc":{"Tiempo de lectura":"11 minutos"},"schema":{"@context":"https:\/\/schema.org","@graph":[{"@type":"WebPage","@id":"https:\/\/aleupa.com\/?page_id=3526","url":"https:\/\/aleupa.com\/?page_id=3526","name":"Pol\u00edtica de Cookies - Ortopedia Aleupa","isPartOf":{"@id":"https:\/\/aleupa.com\/#website"},"primaryImageOfPage":{"@id":"https:\/\/aleupa.com\/?page_id=3526#primaryimage"},"image":{"@id":"https:\/\/aleupa.com\/?page_id=3526#primaryimage"},"thumbnailUrl":"https:\/\/aleupa.com\/wp-content\/uploads\/2020\/06\/Cuidador.jpg","datePublished":"2020-07-24T07:27:15+00:00","dateModified":"2025-02-18T18:22:46+00:00","breadcrumb":{"@id":"https:\/\/aleupa.com\/?page_id=3526#breadcrumb"},"inLanguage":"es","potentialAction":[{"@type":"ReadAction","target":["https:\/\/aleupa.com\/?page_id=3526"]}]},{"@type":"ImageObject","inLanguage":"es","@id":"https:\/\/aleupa.com\/?page_id=3526#primaryimage","url":"https:\/\/aleupa.com\/wp-content\/uploads\/2020\/06\/Cuidador.jpg","contentUrl":"https:\/\/aleupa.com\/wp-content\/uploads\/2020\/06\/Cuidador.jpg","width":2000,"height":768},{"@type":"BreadcrumbList","@id":"https:\/\/aleupa.com\/?page_id=3526#breadcrumb","itemListElement":[{"@type":"ListItem","position":1,"name":"Portada","item":"https:\/\/aleupa.com\/"},{"@type":"ListItem","position":2,"name":"Pol\u00edtica de Cookies"}]},{"@type":"WebSite","@id":"https:\/\/aleupa.com\/#website","url":"https:\/\/aleupa.com\/","name":"Ortopedia Aleupa","description":"Ayudas a la dependencia","alternateName":"Ortopedia en Puerto de la Cruz, Tenerife","potentialAction":[{"@type":"SearchAction","target":{"@type":"EntryPoint","urlTemplate":"https:\/\/aleupa.com\/?s={search_term_string}"},"query-input":{"@type":"PropertyValueSpecification","valueRequired":true,"valueName":"search_term_string"}}],"inLanguage":"es"}]}},"_links":{"self":[{"href":"https:\/\/aleupa.com\/index.php?rest_route=\/wp\/v2\/pages\/3526","targetHints":{"allow":["GET"]}}],"collection":[{"href":"https:\/\/aleupa.com\/index.php?rest_route=\/wp\/v2\/pages"}],"about":[{"href":"https:\/\/aleupa.com\/index.php?rest_route=\/wp\/v2\/types\/page"}],"author":[{"embeddable":true,"href":"https:\/\/aleupa.com\/index.php?rest_route=\/wp\/v2\/users\/4"}],"replies":[{"embeddable":true,"href":"https:\/\/aleupa.com\/index.php?rest_route=%2Fwp%2Fv2%2Fcomments&post=3526"}],"version-history":[{"count":4,"href":"https:\/\/aleupa.com\/index.php?rest_route=\/wp\/v2\/pages\/3526\/revisions"}],"predecessor-version":[{"id":5251,"href":"https:\/\/aleupa.com\/index.php?rest_route=\/wp\/v2\/pages\/3526\/revisions\/5251"}],"wp:featuredmedia":[{"embeddable":true,"href":"https:\/\/aleupa.com\/index.php?rest_route=\/wp\/v2\/media\/3284"}],"wp:attachment":[{"href":"https:\/\/aleupa.com\/index.php?rest_route=%2Fwp%2Fv2%2Fmedia&parent=3526"}],"curies":[{"name":"wp","href":"https:\/\/api.w.org\/{rel}","templated":true}]}}