{"id":106,"date":"2016-01-21T17:24:38","date_gmt":"2016-01-21T17:24:38","guid":{"rendered":"http:\/\/www.aleupa.com\/?post_type=product&#038;p=106"},"modified":"2020-11-17T19:15:18","modified_gmt":"2020-11-17T19:15:18","slug":"taburete-asiento-en-u-s-respaldo","status":"publish","type":"product","link":"https:\/\/aleupa.com\/?product=taburete-asiento-en-u-s-respaldo","title":{"rendered":"Taburete de ducha con asiento en \u00abU\u00bb"},"content":{"rendered":"<p>Asiento para ducha con asiento en forma de \u201cU\u201d para facilitar la higiene \u00edntima.<\/p>\n<p>Presentaci\u00f3n en caja con asa, para que el paciente pueda transportar y montar el taburete \u00a0en su domicilio.<\/p>\n<p>Estructura en aluminio con asiento y respaldo pl\u00e1sticos.<\/p>\n<p>Disponible con o sin respaldo.<\/p>\n<p>Patas regulables en altura.<\/p>\n<p>Conteras\u00a0antideslizantes.<\/p>\n<p style=\"text-align: justify;\">Carga m\u00e1xima soportable: \u00a0100 Kg.<\/p>\n<p style=\"text-align: justify;\">Peso: 2,20 Kg.<\/p>\n<p style=\"text-align: justify;\">Dimensiones:<\/p>\n<ul>\n<li style=\"text-align: justify;\">Ancho: \u00a043 cm,<\/li>\n<li style=\"text-align: justify;\">Alto: \u00a040-52 cm.<\/li>\n<li style=\"text-align: justify;\">Profundidad: \u00a048 cm.<\/li>\n<\/ul>\n<p style=\"text-align: justify;\">Superficie del asiento: 41 x 38 cm. (ancho x profundidad)<\/p>\n<p>Por razones de logistica Aleupa servir\u00e1 el producto atendiendo a las caracter\u00edsticas t\u00e9cnicas referidas anteriormente.<\/p>\n<p>El fabricante pueden variar por razones de disponibilidad y servicio m\u00e1s inmediato.<\/p>\n","protected":false},"excerpt":{"rendered":"<p>Asiento para ducha con asiento en forma de \u201cU\u201d para facilitar la higiene \u00edntima. Presentaci\u00f3n en caja con asa, para que el paciente pueda transportar y montar el taburete \u00a0en su domicilio. Estructura en aluminio con asiento y respaldo pl\u00e1sticos. Disponible con o sin respaldo. Patas regulables en altura. Conteras\u00a0antideslizantes. Carga m\u00e1xima soportable: \u00a0100 Kg. [&hellip;]<\/p>\n","protected":false},"featured_media":2102,"comment_status":"open","ping_status":"closed","template":"","meta":{"_et_pb_use_builder":"","_et_pb_old_content":"","_et_gb_content_width":""},"product_brand":[],"product_cat":[18],"product_tag":[378,382],"class_list":{"0":"post-106","1":"product","2":"type-product","3":"status-publish","4":"has-post-thumbnail","6":"product_cat-ducha","7":"product_tag-ayudas-para-la-ducha","8":"product_tag-taburetes-de-ducha","9":"product_shipping_class-tourline-express","11":"first","12":"instock","13":"shipping-taxable","14":"purchasable","15":"product-type-variable"},"yoast_head":"<!-- This site is optimized with the Yoast SEO plugin v26.2 - https:\/\/yoast.com\/wordpress\/plugins\/seo\/ -->\n<title>Taburete de ducha con asiento en &quot;U&quot; - Ortopedia Aleupa<\/title>\n<meta name=\"robots\" content=\"index, follow, max-snippet:-1, max-image-preview:large, max-video-preview:-1\" \/>\n<link rel=\"canonical\" href=\"https:\/\/aleupa.com\/?product=taburete-asiento-en-u-s-respaldo\" \/>\n<meta property=\"og:locale\" content=\"es_ES\" \/>\n<meta property=\"og:type\" content=\"article\" \/>\n<meta property=\"og:title\" content=\"Taburete de ducha con asiento en &quot;U&quot; - Ortopedia Aleupa\" \/>\n<meta property=\"og:description\" content=\"Asiento para ducha con asiento en forma de \u201cU\u201d para facilitar la higiene \u00edntima. Presentaci\u00f3n en caja con asa, para que el paciente pueda transportar y montar el taburete \u00a0en su domicilio. Estructura en aluminio con asiento y respaldo pl\u00e1sticos. Disponible con o sin respaldo. Patas regulables en altura. Conteras\u00a0antideslizantes. Carga m\u00e1xima soportable: \u00a0100 Kg. [&hellip;]\" \/>\n<meta property=\"og:url\" content=\"https:\/\/aleupa.com\/?product=taburete-asiento-en-u-s-respaldo\" \/>\n<meta property=\"og:site_name\" content=\"Ortopedia Aleupa\" \/>\n<meta property=\"article:modified_time\" content=\"2020-11-17T19:15:18+00:00\" \/>\n<meta property=\"og:image\" content=\"https:\/\/aleupa.com\/wp-content\/uploads\/2016\/01\/banquetas-u.jpg\" \/>\n\t<meta property=\"og:image:width\" content=\"500\" \/>\n\t<meta property=\"og:image:height\" content=\"500\" \/>\n\t<meta property=\"og:image:type\" content=\"image\/jpeg\" \/>\n<meta name=\"twitter:card\" content=\"summary_large_image\" \/>\n<meta name=\"twitter:label1\" content=\"Tiempo de lectura\" \/>\n\t<meta name=\"twitter:data1\" content=\"1 minuto\" \/>\n<script type=\"application\/ld+json\" class=\"yoast-schema-graph\">{\"@context\":\"https:\/\/schema.org\",\"@graph\":[{\"@type\":\"WebPage\",\"@id\":\"https:\/\/aleupa.com\/?product=taburete-asiento-en-u-s-respaldo\",\"url\":\"https:\/\/aleupa.com\/?product=taburete-asiento-en-u-s-respaldo\",\"name\":\"Taburete de ducha con asiento en \\\"U\\\" - Ortopedia Aleupa\",\"isPartOf\":{\"@id\":\"https:\/\/aleupa.com\/#website\"},\"primaryImageOfPage\":{\"@id\":\"https:\/\/aleupa.com\/?product=taburete-asiento-en-u-s-respaldo#primaryimage\"},\"image\":{\"@id\":\"https:\/\/aleupa.com\/?product=taburete-asiento-en-u-s-respaldo#primaryimage\"},\"thumbnailUrl\":\"https:\/\/aleupa.com\/wp-content\/uploads\/2016\/01\/banquetas-u.jpg\",\"datePublished\":\"2016-01-21T17:24:38+00:00\",\"dateModified\":\"2020-11-17T19:15:18+00:00\",\"breadcrumb\":{\"@id\":\"https:\/\/aleupa.com\/?product=taburete-asiento-en-u-s-respaldo#breadcrumb\"},\"inLanguage\":\"es\",\"potentialAction\":[{\"@type\":\"ReadAction\",\"target\":[\"https:\/\/aleupa.com\/?product=taburete-asiento-en-u-s-respaldo\"]}]},{\"@type\":\"ImageObject\",\"inLanguage\":\"es\",\"@id\":\"https:\/\/aleupa.com\/?product=taburete-asiento-en-u-s-respaldo#primaryimage\",\"url\":\"https:\/\/aleupa.com\/wp-content\/uploads\/2016\/01\/banquetas-u.jpg\",\"contentUrl\":\"https:\/\/aleupa.com\/wp-content\/uploads\/2016\/01\/banquetas-u.jpg\",\"width\":500,\"height\":500},{\"@type\":\"BreadcrumbList\",\"@id\":\"https:\/\/aleupa.com\/?product=taburete-asiento-en-u-s-respaldo#breadcrumb\",\"itemListElement\":[{\"@type\":\"ListItem\",\"position\":1,\"name\":\"Portada\",\"item\":\"https:\/\/aleupa.com\/\"},{\"@type\":\"ListItem\",\"position\":2,\"name\":\"Tienda\",\"item\":\"https:\/\/aleupa.com\/?page_id=802\"},{\"@type\":\"ListItem\",\"position\":3,\"name\":\"Taburete de ducha con asiento en \u00abU\u00bb\"}]},{\"@type\":\"WebSite\",\"@id\":\"https:\/\/aleupa.com\/#website\",\"url\":\"https:\/\/aleupa.com\/\",\"name\":\"Ortopedia Aleupa\",\"description\":\"Ayudas a la dependencia\",\"alternateName\":\"Ortopedia en Puerto de la Cruz, Tenerife\",\"potentialAction\":[{\"@type\":\"SearchAction\",\"target\":{\"@type\":\"EntryPoint\",\"urlTemplate\":\"https:\/\/aleupa.com\/?s={search_term_string}\"},\"query-input\":{\"@type\":\"PropertyValueSpecification\",\"valueRequired\":true,\"valueName\":\"search_term_string\"}}],\"inLanguage\":\"es\"}]}<\/script>\n<!-- \/ Yoast SEO plugin. -->","yoast_head_json":{"title":"Taburete de ducha con asiento en \"U\" - Ortopedia Aleupa","robots":{"index":"index","follow":"follow","max-snippet":"max-snippet:-1","max-image-preview":"max-image-preview:large","max-video-preview":"max-video-preview:-1"},"canonical":"https:\/\/aleupa.com\/?product=taburete-asiento-en-u-s-respaldo","og_locale":"es_ES","og_type":"article","og_title":"Taburete de ducha con asiento en \"U\" - Ortopedia Aleupa","og_description":"Asiento para ducha con asiento en forma de \u201cU\u201d para facilitar la higiene \u00edntima. Presentaci\u00f3n en caja con asa, para que el paciente pueda transportar y montar el taburete \u00a0en su domicilio. Estructura en aluminio con asiento y respaldo pl\u00e1sticos. Disponible con o sin respaldo. Patas regulables en altura. Conteras\u00a0antideslizantes. Carga m\u00e1xima soportable: \u00a0100 Kg. [&hellip;]","og_url":"https:\/\/aleupa.com\/?product=taburete-asiento-en-u-s-respaldo","og_site_name":"Ortopedia Aleupa","article_modified_time":"2020-11-17T19:15:18+00:00","og_image":[{"width":500,"height":500,"url":"https:\/\/aleupa.com\/wp-content\/uploads\/2016\/01\/banquetas-u.jpg","type":"image\/jpeg"}],"twitter_card":"summary_large_image","twitter_misc":{"Tiempo de lectura":"1 minuto"},"schema":{"@context":"https:\/\/schema.org","@graph":[{"@type":"WebPage","@id":"https:\/\/aleupa.com\/?product=taburete-asiento-en-u-s-respaldo","url":"https:\/\/aleupa.com\/?product=taburete-asiento-en-u-s-respaldo","name":"Taburete de ducha con asiento en \"U\" - Ortopedia Aleupa","isPartOf":{"@id":"https:\/\/aleupa.com\/#website"},"primaryImageOfPage":{"@id":"https:\/\/aleupa.com\/?product=taburete-asiento-en-u-s-respaldo#primaryimage"},"image":{"@id":"https:\/\/aleupa.com\/?product=taburete-asiento-en-u-s-respaldo#primaryimage"},"thumbnailUrl":"https:\/\/aleupa.com\/wp-content\/uploads\/2016\/01\/banquetas-u.jpg","datePublished":"2016-01-21T17:24:38+00:00","dateModified":"2020-11-17T19:15:18+00:00","breadcrumb":{"@id":"https:\/\/aleupa.com\/?product=taburete-asiento-en-u-s-respaldo#breadcrumb"},"inLanguage":"es","potentialAction":[{"@type":"ReadAction","target":["https:\/\/aleupa.com\/?product=taburete-asiento-en-u-s-respaldo"]}]},{"@type":"ImageObject","inLanguage":"es","@id":"https:\/\/aleupa.com\/?product=taburete-asiento-en-u-s-respaldo#primaryimage","url":"https:\/\/aleupa.com\/wp-content\/uploads\/2016\/01\/banquetas-u.jpg","contentUrl":"https:\/\/aleupa.com\/wp-content\/uploads\/2016\/01\/banquetas-u.jpg","width":500,"height":500},{"@type":"BreadcrumbList","@id":"https:\/\/aleupa.com\/?product=taburete-asiento-en-u-s-respaldo#breadcrumb","itemListElement":[{"@type":"ListItem","position":1,"name":"Portada","item":"https:\/\/aleupa.com\/"},{"@type":"ListItem","position":2,"name":"Tienda","item":"https:\/\/aleupa.com\/?page_id=802"},{"@type":"ListItem","position":3,"name":"Taburete de ducha con asiento en \u00abU\u00bb"}]},{"@type":"WebSite","@id":"https:\/\/aleupa.com\/#website","url":"https:\/\/aleupa.com\/","name":"Ortopedia Aleupa","description":"Ayudas a la dependencia","alternateName":"Ortopedia en Puerto de la Cruz, Tenerife","potentialAction":[{"@type":"SearchAction","target":{"@type":"EntryPoint","urlTemplate":"https:\/\/aleupa.com\/?s={search_term_string}"},"query-input":{"@type":"PropertyValueSpecification","valueRequired":true,"valueName":"search_term_string"}}],"inLanguage":"es"}]}},"_links":{"self":[{"href":"https:\/\/aleupa.com\/index.php?rest_route=\/wp\/v2\/product\/106","targetHints":{"allow":["GET"]}}],"collection":[{"href":"https:\/\/aleupa.com\/index.php?rest_route=\/wp\/v2\/product"}],"about":[{"href":"https:\/\/aleupa.com\/index.php?rest_route=\/wp\/v2\/types\/product"}],"replies":[{"embeddable":true,"href":"https:\/\/aleupa.com\/index.php?rest_route=%2Fwp%2Fv2%2Fcomments&post=106"}],"wp:featuredmedia":[{"embeddable":true,"href":"https:\/\/aleupa.com\/index.php?rest_route=\/wp\/v2\/media\/2102"}],"wp:attachment":[{"href":"https:\/\/aleupa.com\/index.php?rest_route=%2Fwp%2Fv2%2Fmedia&parent=106"}],"wp:term":[{"taxonomy":"product_brand","embeddable":true,"href":"https:\/\/aleupa.com\/index.php?rest_route=%2Fwp%2Fv2%2Fproduct_brand&post=106"},{"taxonomy":"product_cat","embeddable":true,"href":"https:\/\/aleupa.com\/index.php?rest_route=%2Fwp%2Fv2%2Fproduct_cat&post=106"},{"taxonomy":"product_tag","embeddable":true,"href":"https:\/\/aleupa.com\/index.php?rest_route=%2Fwp%2Fv2%2Fproduct_tag&post=106"}],"curies":[{"name":"wp","href":"https:\/\/api.w.org\/{rel}","templated":true}]}}