{"id":1107,"date":"2017-02-08T19:59:52","date_gmt":"2017-02-08T19:59:52","guid":{"rendered":"http:\/\/www.aleupa.com\/?post_type=product&#038;p=1107"},"modified":"2020-11-11T17:58:58","modified_gmt":"2020-11-11T17:58:58","slug":"muletilla-plegable-fantasia","status":"publish","type":"product","link":"https:\/\/aleupa.com\/?product=muletilla-plegable-fantasia","title":{"rendered":"Muletilla plegable Fantas\u00eda"},"content":{"rendered":"<p style=\"text-align: justify;\">Muletilla estampada beige cachemire o azul fantas\u00eda.<\/p>\n<p style=\"text-align: justify;\">Estructura plegable en 4 tramos.<\/p>\n<p style=\"text-align: justify;\">El tramo superior contiene una confortable empu\u00f1adura \u00a0y dispone a lo largo de cinco posiciones de regulaci\u00f3n a intervalos de 2,5 cm. que permiten variar la altura total del bast\u00f3n de 82 a 92 cm. \u00a0Tambi\u00e9n est\u00e1 provista de anilla roscada que asegura la posici\u00f3n fijada.<\/p>\n<p style=\"text-align: justify;\">El bast\u00f3n plegado alcanza una longitud m\u00ednima de 30 cm.<\/p>\n<p style=\"text-align: justify;\">El \u00faltimo tramo tiene una contera de goma para tubo de 19 mm de di\u00e1metro.<\/p>\n<p style=\"text-align: justify;\">Peso m\u00e1ximo usuario 110 kg.<\/p>\n<p><img decoding=\"async\" src=\"http:\/\/obea.es\/wp-content\/uploads\/logo_grande22.png\" alt=\"Obea\" \/><\/p>\n<p class=\"product_meta\">\n","protected":false},"excerpt":{"rendered":"<p>Muletilla plegable estampada.<\/p>\n","protected":false},"featured_media":1108,"comment_status":"open","ping_status":"closed","template":"","meta":{"_et_pb_use_builder":"","_et_pb_old_content":"","_et_gb_content_width":""},"product_brand":[],"product_cat":[301],"product_tag":[142,593,622],"class_list":{"0":"post-1107","1":"product","2":"type-product","3":"status-publish","4":"has-post-thumbnail","6":"product_cat-bastones","7":"product_tag-bastones","8":"product_tag-muletilla","9":"product_tag-plegable","11":"first","12":"instock","13":"shipping-taxable","14":"purchasable","15":"product-type-variable"},"yoast_head":"<!-- This site is optimized with the Yoast SEO plugin v26.2 - https:\/\/yoast.com\/wordpress\/plugins\/seo\/ -->\n<title>Muletilla plegable Fantas\u00eda - Ortopedia Aleupa<\/title>\n<meta name=\"robots\" content=\"index, follow, max-snippet:-1, max-image-preview:large, max-video-preview:-1\" \/>\n<link rel=\"canonical\" href=\"https:\/\/aleupa.com\/?product=muletilla-plegable-fantasia\" \/>\n<meta property=\"og:locale\" content=\"es_ES\" \/>\n<meta property=\"og:type\" content=\"article\" \/>\n<meta property=\"og:title\" content=\"Muletilla plegable Fantas\u00eda - Ortopedia Aleupa\" \/>\n<meta property=\"og:description\" content=\"Muletilla plegable estampada.\" \/>\n<meta property=\"og:url\" content=\"https:\/\/aleupa.com\/?product=muletilla-plegable-fantasia\" \/>\n<meta property=\"og:site_name\" content=\"Ortopedia Aleupa\" \/>\n<meta property=\"article:modified_time\" content=\"2020-11-11T17:58:58+00:00\" \/>\n<meta property=\"og:image\" content=\"https:\/\/aleupa.com\/wp-content\/uploads\/2016\/10\/agmuc.jpg\" \/>\n\t<meta property=\"og:image:width\" content=\"600\" \/>\n\t<meta property=\"og:image:height\" content=\"600\" \/>\n\t<meta property=\"og:image:type\" content=\"image\/jpeg\" \/>\n<meta name=\"twitter:card\" content=\"summary_large_image\" \/>\n<script type=\"application\/ld+json\" class=\"yoast-schema-graph\">{\"@context\":\"https:\/\/schema.org\",\"@graph\":[{\"@type\":\"WebPage\",\"@id\":\"https:\/\/aleupa.com\/?product=muletilla-plegable-fantasia\",\"url\":\"https:\/\/aleupa.com\/?product=muletilla-plegable-fantasia\",\"name\":\"Muletilla plegable Fantas\u00eda - Ortopedia Aleupa\",\"isPartOf\":{\"@id\":\"https:\/\/aleupa.com\/#website\"},\"primaryImageOfPage\":{\"@id\":\"https:\/\/aleupa.com\/?product=muletilla-plegable-fantasia#primaryimage\"},\"image\":{\"@id\":\"https:\/\/aleupa.com\/?product=muletilla-plegable-fantasia#primaryimage\"},\"thumbnailUrl\":\"https:\/\/aleupa.com\/wp-content\/uploads\/2016\/10\/agmuc.jpg\",\"datePublished\":\"2017-02-08T19:59:52+00:00\",\"dateModified\":\"2020-11-11T17:58:58+00:00\",\"breadcrumb\":{\"@id\":\"https:\/\/aleupa.com\/?product=muletilla-plegable-fantasia#breadcrumb\"},\"inLanguage\":\"es\",\"potentialAction\":[{\"@type\":\"ReadAction\",\"target\":[\"https:\/\/aleupa.com\/?product=muletilla-plegable-fantasia\"]}]},{\"@type\":\"ImageObject\",\"inLanguage\":\"es\",\"@id\":\"https:\/\/aleupa.com\/?product=muletilla-plegable-fantasia#primaryimage\",\"url\":\"https:\/\/aleupa.com\/wp-content\/uploads\/2016\/10\/agmuc.jpg\",\"contentUrl\":\"https:\/\/aleupa.com\/wp-content\/uploads\/2016\/10\/agmuc.jpg\",\"width\":600,\"height\":600},{\"@type\":\"BreadcrumbList\",\"@id\":\"https:\/\/aleupa.com\/?product=muletilla-plegable-fantasia#breadcrumb\",\"itemListElement\":[{\"@type\":\"ListItem\",\"position\":1,\"name\":\"Portada\",\"item\":\"https:\/\/aleupa.com\/\"},{\"@type\":\"ListItem\",\"position\":2,\"name\":\"Tienda\",\"item\":\"https:\/\/aleupa.com\/?page_id=802\"},{\"@type\":\"ListItem\",\"position\":3,\"name\":\"Muletilla plegable Fantas\u00eda\"}]},{\"@type\":\"WebSite\",\"@id\":\"https:\/\/aleupa.com\/#website\",\"url\":\"https:\/\/aleupa.com\/\",\"name\":\"Ortopedia Aleupa\",\"description\":\"Ayudas a la dependencia\",\"alternateName\":\"Ortopedia en Puerto de la Cruz, Tenerife\",\"potentialAction\":[{\"@type\":\"SearchAction\",\"target\":{\"@type\":\"EntryPoint\",\"urlTemplate\":\"https:\/\/aleupa.com\/?s={search_term_string}\"},\"query-input\":{\"@type\":\"PropertyValueSpecification\",\"valueRequired\":true,\"valueName\":\"search_term_string\"}}],\"inLanguage\":\"es\"}]}<\/script>\n<!-- \/ Yoast SEO plugin. -->","yoast_head_json":{"title":"Muletilla plegable Fantas\u00eda - Ortopedia Aleupa","robots":{"index":"index","follow":"follow","max-snippet":"max-snippet:-1","max-image-preview":"max-image-preview:large","max-video-preview":"max-video-preview:-1"},"canonical":"https:\/\/aleupa.com\/?product=muletilla-plegable-fantasia","og_locale":"es_ES","og_type":"article","og_title":"Muletilla plegable Fantas\u00eda - Ortopedia Aleupa","og_description":"Muletilla plegable estampada.","og_url":"https:\/\/aleupa.com\/?product=muletilla-plegable-fantasia","og_site_name":"Ortopedia Aleupa","article_modified_time":"2020-11-11T17:58:58+00:00","og_image":[{"width":600,"height":600,"url":"https:\/\/aleupa.com\/wp-content\/uploads\/2016\/10\/agmuc.jpg","type":"image\/jpeg"}],"twitter_card":"summary_large_image","schema":{"@context":"https:\/\/schema.org","@graph":[{"@type":"WebPage","@id":"https:\/\/aleupa.com\/?product=muletilla-plegable-fantasia","url":"https:\/\/aleupa.com\/?product=muletilla-plegable-fantasia","name":"Muletilla plegable Fantas\u00eda - Ortopedia Aleupa","isPartOf":{"@id":"https:\/\/aleupa.com\/#website"},"primaryImageOfPage":{"@id":"https:\/\/aleupa.com\/?product=muletilla-plegable-fantasia#primaryimage"},"image":{"@id":"https:\/\/aleupa.com\/?product=muletilla-plegable-fantasia#primaryimage"},"thumbnailUrl":"https:\/\/aleupa.com\/wp-content\/uploads\/2016\/10\/agmuc.jpg","datePublished":"2017-02-08T19:59:52+00:00","dateModified":"2020-11-11T17:58:58+00:00","breadcrumb":{"@id":"https:\/\/aleupa.com\/?product=muletilla-plegable-fantasia#breadcrumb"},"inLanguage":"es","potentialAction":[{"@type":"ReadAction","target":["https:\/\/aleupa.com\/?product=muletilla-plegable-fantasia"]}]},{"@type":"ImageObject","inLanguage":"es","@id":"https:\/\/aleupa.com\/?product=muletilla-plegable-fantasia#primaryimage","url":"https:\/\/aleupa.com\/wp-content\/uploads\/2016\/10\/agmuc.jpg","contentUrl":"https:\/\/aleupa.com\/wp-content\/uploads\/2016\/10\/agmuc.jpg","width":600,"height":600},{"@type":"BreadcrumbList","@id":"https:\/\/aleupa.com\/?product=muletilla-plegable-fantasia#breadcrumb","itemListElement":[{"@type":"ListItem","position":1,"name":"Portada","item":"https:\/\/aleupa.com\/"},{"@type":"ListItem","position":2,"name":"Tienda","item":"https:\/\/aleupa.com\/?page_id=802"},{"@type":"ListItem","position":3,"name":"Muletilla plegable Fantas\u00eda"}]},{"@type":"WebSite","@id":"https:\/\/aleupa.com\/#website","url":"https:\/\/aleupa.com\/","name":"Ortopedia Aleupa","description":"Ayudas a la dependencia","alternateName":"Ortopedia en Puerto de la Cruz, Tenerife","potentialAction":[{"@type":"SearchAction","target":{"@type":"EntryPoint","urlTemplate":"https:\/\/aleupa.com\/?s={search_term_string}"},"query-input":{"@type":"PropertyValueSpecification","valueRequired":true,"valueName":"search_term_string"}}],"inLanguage":"es"}]}},"_links":{"self":[{"href":"https:\/\/aleupa.com\/index.php?rest_route=\/wp\/v2\/product\/1107","targetHints":{"allow":["GET"]}}],"collection":[{"href":"https:\/\/aleupa.com\/index.php?rest_route=\/wp\/v2\/product"}],"about":[{"href":"https:\/\/aleupa.com\/index.php?rest_route=\/wp\/v2\/types\/product"}],"replies":[{"embeddable":true,"href":"https:\/\/aleupa.com\/index.php?rest_route=%2Fwp%2Fv2%2Fcomments&post=1107"}],"wp:featuredmedia":[{"embeddable":true,"href":"https:\/\/aleupa.com\/index.php?rest_route=\/wp\/v2\/media\/1108"}],"wp:attachment":[{"href":"https:\/\/aleupa.com\/index.php?rest_route=%2Fwp%2Fv2%2Fmedia&parent=1107"}],"wp:term":[{"taxonomy":"product_brand","embeddable":true,"href":"https:\/\/aleupa.com\/index.php?rest_route=%2Fwp%2Fv2%2Fproduct_brand&post=1107"},{"taxonomy":"product_cat","embeddable":true,"href":"https:\/\/aleupa.com\/index.php?rest_route=%2Fwp%2Fv2%2Fproduct_cat&post=1107"},{"taxonomy":"product_tag","embeddable":true,"href":"https:\/\/aleupa.com\/index.php?rest_route=%2Fwp%2Fv2%2Fproduct_tag&post=1107"}],"curies":[{"name":"wp","href":"https:\/\/api.w.org\/{rel}","templated":true}]}}