{"id":1116,"date":"2016-10-19T00:47:42","date_gmt":"2016-10-19T00:47:42","guid":{"rendered":"http:\/\/www.aleupa.com\/?post_type=product&#038;p=1116"},"modified":"2020-11-11T18:17:09","modified_gmt":"2020-11-11T18:17:09","slug":"baston-ingles-cuadripode-quadro","status":"publish","type":"product","link":"https:\/\/aleupa.com\/?product=baston-ingles-cuadripode-quadro","title":{"rendered":"Bast\u00f3n ingl\u00e9s cuadr\u00edpode \u00abQuadro\u00bb"},"content":{"rendered":"<p style=\"text-align: justify\">La muleta tetr\u00e1podo \u00abQuadro\u00bb de <strong>Rebotec<\/strong> ofrece una alta estabilidad.<\/p>\n<p style=\"text-align: justify\">Con 10 posiciones \u00a0de regulaci\u00f3n en la ca\u00f1a permite variaciones de la altura del suelo a la empu\u00f1adura \u00a0 desde 66,5\u00a0cm y a cada pulgada (aprox. 2,5 cm) hasta \u00a090 cm.<\/p>\n<p style=\"text-align: justify\">Tambi\u00e9n es posible \u00a0ajuste de altura al codo con tres posiciones de regulaci\u00f3n que permiten var\u00edar la longitud de ese tramo entre 24 y 26,5 cm.<\/p>\n<p style=\"text-align: justify\">Reflectantes en la cara anterior y posterior de la empu\u00f1adura.<\/p>\n<p style=\"text-align: justify\">Cuatro conteras antideslizantes para tubo de 19 mm. en cada una de las patas.<\/p>\n<p style=\"text-align: justify\">Carga m\u00e1xima; \u00a0100 Kg.<\/p>\n<p><img loading=\"lazy\" decoding=\"async\" class=\"\" src=\"http:\/\/andemosmas.es\/files\/8814\/8008\/0566\/REBOTEC.jpg\" alt=\"Resultado de imagen de rebotec\" width=\"99\" height=\"115\" \/><\/p>\n<p>&nbsp;<\/p>\n","protected":false},"excerpt":{"rendered":"<p>Bast\u00f3n ingles cuadripode.<\/p>\n","protected":false},"featured_media":1117,"comment_status":"open","ping_status":"closed","template":"","meta":{"_et_pb_use_builder":"","_et_pb_old_content":"","_et_gb_content_width":""},"product_brand":[],"product_cat":[301],"product_tag":[142,258],"class_list":{"0":"post-1116","1":"product","2":"type-product","3":"status-publish","4":"has-post-thumbnail","6":"product_cat-bastones","7":"product_tag-bastones","8":"product_tag-muletas","10":"first","11":"instock","12":"shipping-taxable","13":"purchasable","14":"product-type-simple"},"yoast_head":"<!-- This site is optimized with the Yoast SEO plugin v26.2 - https:\/\/yoast.com\/wordpress\/plugins\/seo\/ -->\n<title>Bast\u00f3n ingl\u00e9s cuadr\u00edpode &quot;Quadro&quot; - Ortopedia Aleupa<\/title>\n<meta name=\"robots\" content=\"index, follow, max-snippet:-1, max-image-preview:large, max-video-preview:-1\" \/>\n<link rel=\"canonical\" href=\"https:\/\/aleupa.com\/?product=baston-ingles-cuadripode-quadro\" \/>\n<meta property=\"og:locale\" content=\"es_ES\" \/>\n<meta property=\"og:type\" content=\"article\" \/>\n<meta property=\"og:title\" content=\"Bast\u00f3n ingl\u00e9s cuadr\u00edpode &quot;Quadro&quot; - Ortopedia Aleupa\" \/>\n<meta property=\"og:description\" content=\"Bast\u00f3n ingles cuadripode.\" \/>\n<meta property=\"og:url\" content=\"https:\/\/aleupa.com\/?product=baston-ingles-cuadripode-quadro\" \/>\n<meta property=\"og:site_name\" content=\"Ortopedia Aleupa\" \/>\n<meta property=\"article:modified_time\" content=\"2020-11-11T18:17:09+00:00\" \/>\n<meta property=\"og:image\" content=\"https:\/\/aleupa.com\/wp-content\/uploads\/2016\/10\/baston-ingles-cuadripode-quadro_32.jpg\" \/>\n\t<meta property=\"og:image:width\" content=\"1200\" \/>\n\t<meta property=\"og:image:height\" content=\"1200\" \/>\n\t<meta property=\"og:image:type\" content=\"image\/jpeg\" \/>\n<meta name=\"twitter:card\" content=\"summary_large_image\" \/>\n<script type=\"application\/ld+json\" class=\"yoast-schema-graph\">{\"@context\":\"https:\/\/schema.org\",\"@graph\":[{\"@type\":\"WebPage\",\"@id\":\"https:\/\/aleupa.com\/?product=baston-ingles-cuadripode-quadro\",\"url\":\"https:\/\/aleupa.com\/?product=baston-ingles-cuadripode-quadro\",\"name\":\"Bast\u00f3n ingl\u00e9s cuadr\u00edpode \\\"Quadro\\\" - Ortopedia Aleupa\",\"isPartOf\":{\"@id\":\"https:\/\/aleupa.com\/#website\"},\"primaryImageOfPage\":{\"@id\":\"https:\/\/aleupa.com\/?product=baston-ingles-cuadripode-quadro#primaryimage\"},\"image\":{\"@id\":\"https:\/\/aleupa.com\/?product=baston-ingles-cuadripode-quadro#primaryimage\"},\"thumbnailUrl\":\"https:\/\/aleupa.com\/wp-content\/uploads\/2016\/10\/baston-ingles-cuadripode-quadro_32.jpg\",\"datePublished\":\"2016-10-19T00:47:42+00:00\",\"dateModified\":\"2020-11-11T18:17:09+00:00\",\"breadcrumb\":{\"@id\":\"https:\/\/aleupa.com\/?product=baston-ingles-cuadripode-quadro#breadcrumb\"},\"inLanguage\":\"es\",\"potentialAction\":[{\"@type\":\"ReadAction\",\"target\":[\"https:\/\/aleupa.com\/?product=baston-ingles-cuadripode-quadro\"]}]},{\"@type\":\"ImageObject\",\"inLanguage\":\"es\",\"@id\":\"https:\/\/aleupa.com\/?product=baston-ingles-cuadripode-quadro#primaryimage\",\"url\":\"https:\/\/aleupa.com\/wp-content\/uploads\/2016\/10\/baston-ingles-cuadripode-quadro_32.jpg\",\"contentUrl\":\"https:\/\/aleupa.com\/wp-content\/uploads\/2016\/10\/baston-ingles-cuadripode-quadro_32.jpg\",\"width\":1200,\"height\":1200},{\"@type\":\"BreadcrumbList\",\"@id\":\"https:\/\/aleupa.com\/?product=baston-ingles-cuadripode-quadro#breadcrumb\",\"itemListElement\":[{\"@type\":\"ListItem\",\"position\":1,\"name\":\"Portada\",\"item\":\"https:\/\/aleupa.com\/\"},{\"@type\":\"ListItem\",\"position\":2,\"name\":\"Tienda\",\"item\":\"https:\/\/aleupa.com\/?page_id=802\"},{\"@type\":\"ListItem\",\"position\":3,\"name\":\"Bast\u00f3n ingl\u00e9s cuadr\u00edpode \u00abQuadro\u00bb\"}]},{\"@type\":\"WebSite\",\"@id\":\"https:\/\/aleupa.com\/#website\",\"url\":\"https:\/\/aleupa.com\/\",\"name\":\"Ortopedia Aleupa\",\"description\":\"Ayudas a la dependencia\",\"alternateName\":\"Ortopedia en Puerto de la Cruz, Tenerife\",\"potentialAction\":[{\"@type\":\"SearchAction\",\"target\":{\"@type\":\"EntryPoint\",\"urlTemplate\":\"https:\/\/aleupa.com\/?s={search_term_string}\"},\"query-input\":{\"@type\":\"PropertyValueSpecification\",\"valueRequired\":true,\"valueName\":\"search_term_string\"}}],\"inLanguage\":\"es\"}]}<\/script>\n<!-- \/ Yoast SEO plugin. -->","yoast_head_json":{"title":"Bast\u00f3n ingl\u00e9s cuadr\u00edpode \"Quadro\" - Ortopedia Aleupa","robots":{"index":"index","follow":"follow","max-snippet":"max-snippet:-1","max-image-preview":"max-image-preview:large","max-video-preview":"max-video-preview:-1"},"canonical":"https:\/\/aleupa.com\/?product=baston-ingles-cuadripode-quadro","og_locale":"es_ES","og_type":"article","og_title":"Bast\u00f3n ingl\u00e9s cuadr\u00edpode \"Quadro\" - Ortopedia Aleupa","og_description":"Bast\u00f3n ingles cuadripode.","og_url":"https:\/\/aleupa.com\/?product=baston-ingles-cuadripode-quadro","og_site_name":"Ortopedia Aleupa","article_modified_time":"2020-11-11T18:17:09+00:00","og_image":[{"width":1200,"height":1200,"url":"https:\/\/aleupa.com\/wp-content\/uploads\/2016\/10\/baston-ingles-cuadripode-quadro_32.jpg","type":"image\/jpeg"}],"twitter_card":"summary_large_image","schema":{"@context":"https:\/\/schema.org","@graph":[{"@type":"WebPage","@id":"https:\/\/aleupa.com\/?product=baston-ingles-cuadripode-quadro","url":"https:\/\/aleupa.com\/?product=baston-ingles-cuadripode-quadro","name":"Bast\u00f3n ingl\u00e9s cuadr\u00edpode \"Quadro\" - Ortopedia Aleupa","isPartOf":{"@id":"https:\/\/aleupa.com\/#website"},"primaryImageOfPage":{"@id":"https:\/\/aleupa.com\/?product=baston-ingles-cuadripode-quadro#primaryimage"},"image":{"@id":"https:\/\/aleupa.com\/?product=baston-ingles-cuadripode-quadro#primaryimage"},"thumbnailUrl":"https:\/\/aleupa.com\/wp-content\/uploads\/2016\/10\/baston-ingles-cuadripode-quadro_32.jpg","datePublished":"2016-10-19T00:47:42+00:00","dateModified":"2020-11-11T18:17:09+00:00","breadcrumb":{"@id":"https:\/\/aleupa.com\/?product=baston-ingles-cuadripode-quadro#breadcrumb"},"inLanguage":"es","potentialAction":[{"@type":"ReadAction","target":["https:\/\/aleupa.com\/?product=baston-ingles-cuadripode-quadro"]}]},{"@type":"ImageObject","inLanguage":"es","@id":"https:\/\/aleupa.com\/?product=baston-ingles-cuadripode-quadro#primaryimage","url":"https:\/\/aleupa.com\/wp-content\/uploads\/2016\/10\/baston-ingles-cuadripode-quadro_32.jpg","contentUrl":"https:\/\/aleupa.com\/wp-content\/uploads\/2016\/10\/baston-ingles-cuadripode-quadro_32.jpg","width":1200,"height":1200},{"@type":"BreadcrumbList","@id":"https:\/\/aleupa.com\/?product=baston-ingles-cuadripode-quadro#breadcrumb","itemListElement":[{"@type":"ListItem","position":1,"name":"Portada","item":"https:\/\/aleupa.com\/"},{"@type":"ListItem","position":2,"name":"Tienda","item":"https:\/\/aleupa.com\/?page_id=802"},{"@type":"ListItem","position":3,"name":"Bast\u00f3n ingl\u00e9s cuadr\u00edpode \u00abQuadro\u00bb"}]},{"@type":"WebSite","@id":"https:\/\/aleupa.com\/#website","url":"https:\/\/aleupa.com\/","name":"Ortopedia Aleupa","description":"Ayudas a la dependencia","alternateName":"Ortopedia en Puerto de la Cruz, Tenerife","potentialAction":[{"@type":"SearchAction","target":{"@type":"EntryPoint","urlTemplate":"https:\/\/aleupa.com\/?s={search_term_string}"},"query-input":{"@type":"PropertyValueSpecification","valueRequired":true,"valueName":"search_term_string"}}],"inLanguage":"es"}]}},"_links":{"self":[{"href":"https:\/\/aleupa.com\/index.php?rest_route=\/wp\/v2\/product\/1116","targetHints":{"allow":["GET"]}}],"collection":[{"href":"https:\/\/aleupa.com\/index.php?rest_route=\/wp\/v2\/product"}],"about":[{"href":"https:\/\/aleupa.com\/index.php?rest_route=\/wp\/v2\/types\/product"}],"replies":[{"embeddable":true,"href":"https:\/\/aleupa.com\/index.php?rest_route=%2Fwp%2Fv2%2Fcomments&post=1116"}],"wp:featuredmedia":[{"embeddable":true,"href":"https:\/\/aleupa.com\/index.php?rest_route=\/wp\/v2\/media\/1117"}],"wp:attachment":[{"href":"https:\/\/aleupa.com\/index.php?rest_route=%2Fwp%2Fv2%2Fmedia&parent=1116"}],"wp:term":[{"taxonomy":"product_brand","embeddable":true,"href":"https:\/\/aleupa.com\/index.php?rest_route=%2Fwp%2Fv2%2Fproduct_brand&post=1116"},{"taxonomy":"product_cat","embeddable":true,"href":"https:\/\/aleupa.com\/index.php?rest_route=%2Fwp%2Fv2%2Fproduct_cat&post=1116"},{"taxonomy":"product_tag","embeddable":true,"href":"https:\/\/aleupa.com\/index.php?rest_route=%2Fwp%2Fv2%2Fproduct_tag&post=1116"}],"curies":[{"name":"wp","href":"https:\/\/api.w.org\/{rel}","templated":true}]}}