{"id":1118,"date":"2016-10-19T00:49:09","date_gmt":"2016-10-19T00:49:09","guid":{"rendered":"http:\/\/www.aleupa.com\/?post_type=product&#038;p=1118"},"modified":"2020-11-11T18:16:51","modified_gmt":"2020-11-11T18:16:51","slug":"baston-cuadripode-sunale","status":"publish","type":"product","link":"https:\/\/aleupa.com\/?product=baston-cuadripode-sunale","title":{"rendered":"Bast\u00f3n cuadr\u00edpode KY-941"},"content":{"rendered":"<p style=\"text-align: justify\">Bast\u00f3n de acero coloreado con pintura en polvo negra.<\/p>\n<p style=\"text-align: justify\">Altura regulable: \u00a010 posiciones en intervalos de 2,5 cm. permiten modificar la altura del bast\u00f3n de 79 a 93cm.<\/p>\n<p style=\"text-align: justify\">Empu\u00f1adura moldeada para un f\u00e1cil, c\u00f3modo y seguro agarre.<\/p>\n<p style=\"text-align: justify\">Provisto de \u00a0anilla roscada permite reasegurar la posici\u00f3n y orientaci\u00f3n fijada ya que puede ser utilizado tanto con la mano derecha como con la izquierda.<\/p>\n<p style=\"text-align: justify\">Amplia base de cuatro apoyos rematados con conteras de 16 mm. de di\u00e1metro que ofrece al usuario gran estabilidad.<\/p>\n<p style=\"text-align: justify\">Dimensiones de la base 30x23x8 cm. \u00a0(profundidad, ancho, altura).<\/p>\n<p style=\"text-align: justify\">Peso: \u00a0aproximadamente: \u00a0700 g.<\/p>\n<p style=\"text-align: justify\">Peso m\u00e1ximo del usuario: \u00a0100 Kg.<\/p>\n<p><img decoding=\"async\" src=\"http:\/\/www.sunalecanarias.com\/s\/misc\/logo.png?t=1480617885\" alt=\"\" \/><\/p>\n","protected":false},"excerpt":{"rendered":"<p>Bast\u00f3n cuatr\u00edpode.<\/p>\n","protected":false},"featured_media":1727,"comment_status":"open","ping_status":"closed","template":"","meta":{"_et_pb_use_builder":"","_et_pb_old_content":"","_et_gb_content_width":""},"product_brand":[],"product_cat":[301],"product_tag":[142],"class_list":{"0":"post-1118","1":"product","2":"type-product","3":"status-publish","4":"has-post-thumbnail","6":"product_cat-bastones","7":"product_tag-bastones","9":"first","10":"instock","11":"shipping-taxable","12":"purchasable","13":"product-type-simple"},"yoast_head":"<!-- This site is optimized with the Yoast SEO plugin v26.2 - https:\/\/yoast.com\/wordpress\/plugins\/seo\/ -->\n<title>Bast\u00f3n cuadr\u00edpode KY-941 - Ortopedia Aleupa<\/title>\n<meta name=\"robots\" content=\"index, follow, max-snippet:-1, max-image-preview:large, max-video-preview:-1\" \/>\n<link rel=\"canonical\" href=\"https:\/\/aleupa.com\/?product=baston-cuadripode-sunale\" \/>\n<meta property=\"og:locale\" content=\"es_ES\" \/>\n<meta property=\"og:type\" content=\"article\" \/>\n<meta property=\"og:title\" content=\"Bast\u00f3n cuadr\u00edpode KY-941 - Ortopedia Aleupa\" \/>\n<meta property=\"og:description\" content=\"Bast\u00f3n cuatr\u00edpode.\" \/>\n<meta property=\"og:url\" content=\"https:\/\/aleupa.com\/?product=baston-cuadripode-sunale\" \/>\n<meta property=\"og:site_name\" content=\"Ortopedia Aleupa\" \/>\n<meta property=\"article:modified_time\" content=\"2020-11-11T18:16:51+00:00\" \/>\n<meta property=\"og:image\" content=\"https:\/\/aleupa.com\/wp-content\/uploads\/2016\/10\/941-1.png\" \/>\n\t<meta property=\"og:image:width\" content=\"500\" \/>\n\t<meta property=\"og:image:height\" content=\"500\" \/>\n\t<meta property=\"og:image:type\" content=\"image\/png\" \/>\n<meta name=\"twitter:card\" content=\"summary_large_image\" \/>\n<meta name=\"twitter:label1\" content=\"Tiempo de lectura\" \/>\n\t<meta name=\"twitter:data1\" content=\"1 minuto\" \/>\n<script type=\"application\/ld+json\" class=\"yoast-schema-graph\">{\"@context\":\"https:\/\/schema.org\",\"@graph\":[{\"@type\":\"WebPage\",\"@id\":\"https:\/\/aleupa.com\/?product=baston-cuadripode-sunale\",\"url\":\"https:\/\/aleupa.com\/?product=baston-cuadripode-sunale\",\"name\":\"Bast\u00f3n cuadr\u00edpode KY-941 - Ortopedia Aleupa\",\"isPartOf\":{\"@id\":\"https:\/\/aleupa.com\/#website\"},\"primaryImageOfPage\":{\"@id\":\"https:\/\/aleupa.com\/?product=baston-cuadripode-sunale#primaryimage\"},\"image\":{\"@id\":\"https:\/\/aleupa.com\/?product=baston-cuadripode-sunale#primaryimage\"},\"thumbnailUrl\":\"https:\/\/aleupa.com\/wp-content\/uploads\/2016\/10\/941-1.png\",\"datePublished\":\"2016-10-19T00:49:09+00:00\",\"dateModified\":\"2020-11-11T18:16:51+00:00\",\"breadcrumb\":{\"@id\":\"https:\/\/aleupa.com\/?product=baston-cuadripode-sunale#breadcrumb\"},\"inLanguage\":\"es\",\"potentialAction\":[{\"@type\":\"ReadAction\",\"target\":[\"https:\/\/aleupa.com\/?product=baston-cuadripode-sunale\"]}]},{\"@type\":\"ImageObject\",\"inLanguage\":\"es\",\"@id\":\"https:\/\/aleupa.com\/?product=baston-cuadripode-sunale#primaryimage\",\"url\":\"https:\/\/aleupa.com\/wp-content\/uploads\/2016\/10\/941-1.png\",\"contentUrl\":\"https:\/\/aleupa.com\/wp-content\/uploads\/2016\/10\/941-1.png\",\"width\":500,\"height\":500},{\"@type\":\"BreadcrumbList\",\"@id\":\"https:\/\/aleupa.com\/?product=baston-cuadripode-sunale#breadcrumb\",\"itemListElement\":[{\"@type\":\"ListItem\",\"position\":1,\"name\":\"Portada\",\"item\":\"https:\/\/aleupa.com\/\"},{\"@type\":\"ListItem\",\"position\":2,\"name\":\"Tienda\",\"item\":\"https:\/\/aleupa.com\/?page_id=802\"},{\"@type\":\"ListItem\",\"position\":3,\"name\":\"Bast\u00f3n cuadr\u00edpode KY-941\"}]},{\"@type\":\"WebSite\",\"@id\":\"https:\/\/aleupa.com\/#website\",\"url\":\"https:\/\/aleupa.com\/\",\"name\":\"Ortopedia Aleupa\",\"description\":\"Ayudas a la dependencia\",\"alternateName\":\"Ortopedia en Puerto de la Cruz, Tenerife\",\"potentialAction\":[{\"@type\":\"SearchAction\",\"target\":{\"@type\":\"EntryPoint\",\"urlTemplate\":\"https:\/\/aleupa.com\/?s={search_term_string}\"},\"query-input\":{\"@type\":\"PropertyValueSpecification\",\"valueRequired\":true,\"valueName\":\"search_term_string\"}}],\"inLanguage\":\"es\"}]}<\/script>\n<!-- \/ Yoast SEO plugin. -->","yoast_head_json":{"title":"Bast\u00f3n cuadr\u00edpode KY-941 - Ortopedia Aleupa","robots":{"index":"index","follow":"follow","max-snippet":"max-snippet:-1","max-image-preview":"max-image-preview:large","max-video-preview":"max-video-preview:-1"},"canonical":"https:\/\/aleupa.com\/?product=baston-cuadripode-sunale","og_locale":"es_ES","og_type":"article","og_title":"Bast\u00f3n cuadr\u00edpode KY-941 - Ortopedia Aleupa","og_description":"Bast\u00f3n cuatr\u00edpode.","og_url":"https:\/\/aleupa.com\/?product=baston-cuadripode-sunale","og_site_name":"Ortopedia Aleupa","article_modified_time":"2020-11-11T18:16:51+00:00","og_image":[{"width":500,"height":500,"url":"https:\/\/aleupa.com\/wp-content\/uploads\/2016\/10\/941-1.png","type":"image\/png"}],"twitter_card":"summary_large_image","twitter_misc":{"Tiempo de lectura":"1 minuto"},"schema":{"@context":"https:\/\/schema.org","@graph":[{"@type":"WebPage","@id":"https:\/\/aleupa.com\/?product=baston-cuadripode-sunale","url":"https:\/\/aleupa.com\/?product=baston-cuadripode-sunale","name":"Bast\u00f3n cuadr\u00edpode KY-941 - Ortopedia Aleupa","isPartOf":{"@id":"https:\/\/aleupa.com\/#website"},"primaryImageOfPage":{"@id":"https:\/\/aleupa.com\/?product=baston-cuadripode-sunale#primaryimage"},"image":{"@id":"https:\/\/aleupa.com\/?product=baston-cuadripode-sunale#primaryimage"},"thumbnailUrl":"https:\/\/aleupa.com\/wp-content\/uploads\/2016\/10\/941-1.png","datePublished":"2016-10-19T00:49:09+00:00","dateModified":"2020-11-11T18:16:51+00:00","breadcrumb":{"@id":"https:\/\/aleupa.com\/?product=baston-cuadripode-sunale#breadcrumb"},"inLanguage":"es","potentialAction":[{"@type":"ReadAction","target":["https:\/\/aleupa.com\/?product=baston-cuadripode-sunale"]}]},{"@type":"ImageObject","inLanguage":"es","@id":"https:\/\/aleupa.com\/?product=baston-cuadripode-sunale#primaryimage","url":"https:\/\/aleupa.com\/wp-content\/uploads\/2016\/10\/941-1.png","contentUrl":"https:\/\/aleupa.com\/wp-content\/uploads\/2016\/10\/941-1.png","width":500,"height":500},{"@type":"BreadcrumbList","@id":"https:\/\/aleupa.com\/?product=baston-cuadripode-sunale#breadcrumb","itemListElement":[{"@type":"ListItem","position":1,"name":"Portada","item":"https:\/\/aleupa.com\/"},{"@type":"ListItem","position":2,"name":"Tienda","item":"https:\/\/aleupa.com\/?page_id=802"},{"@type":"ListItem","position":3,"name":"Bast\u00f3n cuadr\u00edpode KY-941"}]},{"@type":"WebSite","@id":"https:\/\/aleupa.com\/#website","url":"https:\/\/aleupa.com\/","name":"Ortopedia Aleupa","description":"Ayudas a la dependencia","alternateName":"Ortopedia en Puerto de la Cruz, Tenerife","potentialAction":[{"@type":"SearchAction","target":{"@type":"EntryPoint","urlTemplate":"https:\/\/aleupa.com\/?s={search_term_string}"},"query-input":{"@type":"PropertyValueSpecification","valueRequired":true,"valueName":"search_term_string"}}],"inLanguage":"es"}]}},"_links":{"self":[{"href":"https:\/\/aleupa.com\/index.php?rest_route=\/wp\/v2\/product\/1118","targetHints":{"allow":["GET"]}}],"collection":[{"href":"https:\/\/aleupa.com\/index.php?rest_route=\/wp\/v2\/product"}],"about":[{"href":"https:\/\/aleupa.com\/index.php?rest_route=\/wp\/v2\/types\/product"}],"replies":[{"embeddable":true,"href":"https:\/\/aleupa.com\/index.php?rest_route=%2Fwp%2Fv2%2Fcomments&post=1118"}],"wp:featuredmedia":[{"embeddable":true,"href":"https:\/\/aleupa.com\/index.php?rest_route=\/wp\/v2\/media\/1727"}],"wp:attachment":[{"href":"https:\/\/aleupa.com\/index.php?rest_route=%2Fwp%2Fv2%2Fmedia&parent=1118"}],"wp:term":[{"taxonomy":"product_brand","embeddable":true,"href":"https:\/\/aleupa.com\/index.php?rest_route=%2Fwp%2Fv2%2Fproduct_brand&post=1118"},{"taxonomy":"product_cat","embeddable":true,"href":"https:\/\/aleupa.com\/index.php?rest_route=%2Fwp%2Fv2%2Fproduct_cat&post=1118"},{"taxonomy":"product_tag","embeddable":true,"href":"https:\/\/aleupa.com\/index.php?rest_route=%2Fwp%2Fv2%2Fproduct_tag&post=1118"}],"curies":[{"name":"wp","href":"https:\/\/api.w.org\/{rel}","templated":true}]}}