{"id":1132,"date":"2016-10-19T01:18:18","date_gmt":"2016-10-19T01:18:18","guid":{"rendered":"http:\/\/www.aleupa.com\/?post_type=product&#038;p=1132"},"modified":"2020-11-11T18:14:37","modified_gmt":"2020-11-11T18:14:37","slug":"baston-bcr-anatomico","status":"publish","type":"product","link":"https:\/\/aleupa.com\/?product=baston-bcr-anatomico","title":{"rendered":"Bast\u00f3n BCR anat\u00f3mico (Par)"},"content":{"rendered":"<p class=\"galeria-izq\"><span style=\"text-align: justify\">Bast\u00f3n\/muleta fabricado en <\/span><b style=\"text-align: justify\">aluminio<\/b><span style=\"text-align: justify\"> y termopl\u00e1stico.<\/span><\/p>\n<div class=\"galeria-der\">\n<p style=\"text-align: justify\"><b>Regulaci\u00f3n de codo<\/b> en 5 posiciones, de 19,5 a 25,5 cm.<\/p>\n<p style=\"text-align: justify\"><b>Regulaci\u00f3n de ca\u00f1a<\/b> en 11 posiciones, de 72,5 a 102,5 cm.<\/p>\n<p style=\"text-align: justify\"><b>Pu\u00f1os an\u00e1tomicos<\/b> de color negro.<\/p>\n<p style=\"text-align: justify\">Ca\u00f1a en aluminio anodizado, lacado negro o madera.<\/p>\n<p style=\"text-align: justify\">Resistencia: \u00a0150 Kg.<\/p>\n<p style=\"text-align: justify\">Peso del bast\u00f3n: \u00a00,650 Kg.<\/p>\n<p style=\"text-align: justify\">Accesorio opcional compatible: \u00a0abrazazaderas.<\/p>\n<p><img decoding=\"async\" src=\"http:\/\/www.fortasl.es\/imagenes\/logo%20forta.png\" alt=\"logo forta\" \/><\/p>\n<\/div>\n","protected":false},"excerpt":{"rendered":"<p>Muleta o bast\u00f3n de codo regulable con empu\u00f1aduras anat\u00f3micas.<\/p>\n","protected":false},"featured_media":1250,"comment_status":"open","ping_status":"closed","template":"","meta":{"_et_pb_use_builder":"","_et_pb_old_content":"","_et_gb_content_width":""},"product_brand":[],"product_cat":[301],"product_tag":[258],"class_list":{"0":"post-1132","1":"product","2":"type-product","3":"status-publish","4":"has-post-thumbnail","6":"product_cat-bastones","7":"product_tag-muletas","9":"first","10":"onbackorder","11":"shipping-taxable","12":"purchasable","13":"product-type-variable"},"yoast_head":"<!-- This site is optimized with the Yoast SEO plugin v26.2 - https:\/\/yoast.com\/wordpress\/plugins\/seo\/ -->\n<title>Bast\u00f3n BCR anat\u00f3mico (Par) - Ortopedia Aleupa<\/title>\n<meta name=\"robots\" content=\"index, follow, max-snippet:-1, max-image-preview:large, max-video-preview:-1\" \/>\n<link rel=\"canonical\" href=\"https:\/\/aleupa.com\/?product=baston-bcr-anatomico\" \/>\n<meta property=\"og:locale\" content=\"es_ES\" \/>\n<meta property=\"og:type\" content=\"article\" \/>\n<meta property=\"og:title\" content=\"Bast\u00f3n BCR anat\u00f3mico (Par) - Ortopedia Aleupa\" \/>\n<meta property=\"og:description\" content=\"Muleta o bast\u00f3n de codo regulable con empu\u00f1aduras anat\u00f3micas.\" \/>\n<meta property=\"og:url\" content=\"https:\/\/aleupa.com\/?product=baston-bcr-anatomico\" \/>\n<meta property=\"og:site_name\" content=\"Ortopedia Aleupa\" \/>\n<meta property=\"article:modified_time\" content=\"2020-11-11T18:14:37+00:00\" \/>\n<meta property=\"og:image\" content=\"https:\/\/aleupa.com\/wp-content\/uploads\/2016\/10\/Copia-de-bcrar-lacado.jpg\" \/>\n\t<meta property=\"og:image:width\" content=\"393\" \/>\n\t<meta property=\"og:image:height\" content=\"386\" \/>\n\t<meta property=\"og:image:type\" content=\"image\/jpeg\" \/>\n<meta name=\"twitter:card\" content=\"summary_large_image\" \/>\n<script type=\"application\/ld+json\" class=\"yoast-schema-graph\">{\"@context\":\"https:\/\/schema.org\",\"@graph\":[{\"@type\":\"WebPage\",\"@id\":\"https:\/\/aleupa.com\/?product=baston-bcr-anatomico\",\"url\":\"https:\/\/aleupa.com\/?product=baston-bcr-anatomico\",\"name\":\"Bast\u00f3n BCR anat\u00f3mico (Par) - Ortopedia Aleupa\",\"isPartOf\":{\"@id\":\"https:\/\/aleupa.com\/#website\"},\"primaryImageOfPage\":{\"@id\":\"https:\/\/aleupa.com\/?product=baston-bcr-anatomico#primaryimage\"},\"image\":{\"@id\":\"https:\/\/aleupa.com\/?product=baston-bcr-anatomico#primaryimage\"},\"thumbnailUrl\":\"https:\/\/aleupa.com\/wp-content\/uploads\/2016\/10\/Copia-de-bcrar-lacado.jpg\",\"datePublished\":\"2016-10-19T01:18:18+00:00\",\"dateModified\":\"2020-11-11T18:14:37+00:00\",\"breadcrumb\":{\"@id\":\"https:\/\/aleupa.com\/?product=baston-bcr-anatomico#breadcrumb\"},\"inLanguage\":\"es\",\"potentialAction\":[{\"@type\":\"ReadAction\",\"target\":[\"https:\/\/aleupa.com\/?product=baston-bcr-anatomico\"]}]},{\"@type\":\"ImageObject\",\"inLanguage\":\"es\",\"@id\":\"https:\/\/aleupa.com\/?product=baston-bcr-anatomico#primaryimage\",\"url\":\"https:\/\/aleupa.com\/wp-content\/uploads\/2016\/10\/Copia-de-bcrar-lacado.jpg\",\"contentUrl\":\"https:\/\/aleupa.com\/wp-content\/uploads\/2016\/10\/Copia-de-bcrar-lacado.jpg\",\"width\":393,\"height\":386,\"caption\":\"OLYMPUS DIGITAL CAMERA\"},{\"@type\":\"BreadcrumbList\",\"@id\":\"https:\/\/aleupa.com\/?product=baston-bcr-anatomico#breadcrumb\",\"itemListElement\":[{\"@type\":\"ListItem\",\"position\":1,\"name\":\"Portada\",\"item\":\"https:\/\/aleupa.com\/\"},{\"@type\":\"ListItem\",\"position\":2,\"name\":\"Tienda\",\"item\":\"https:\/\/aleupa.com\/?page_id=802\"},{\"@type\":\"ListItem\",\"position\":3,\"name\":\"Bast\u00f3n BCR anat\u00f3mico (Par)\"}]},{\"@type\":\"WebSite\",\"@id\":\"https:\/\/aleupa.com\/#website\",\"url\":\"https:\/\/aleupa.com\/\",\"name\":\"Ortopedia Aleupa\",\"description\":\"Ayudas a la dependencia\",\"alternateName\":\"Ortopedia en Puerto de la Cruz, Tenerife\",\"potentialAction\":[{\"@type\":\"SearchAction\",\"target\":{\"@type\":\"EntryPoint\",\"urlTemplate\":\"https:\/\/aleupa.com\/?s={search_term_string}\"},\"query-input\":{\"@type\":\"PropertyValueSpecification\",\"valueRequired\":true,\"valueName\":\"search_term_string\"}}],\"inLanguage\":\"es\"}]}<\/script>\n<!-- \/ Yoast SEO plugin. -->","yoast_head_json":{"title":"Bast\u00f3n BCR anat\u00f3mico (Par) - Ortopedia Aleupa","robots":{"index":"index","follow":"follow","max-snippet":"max-snippet:-1","max-image-preview":"max-image-preview:large","max-video-preview":"max-video-preview:-1"},"canonical":"https:\/\/aleupa.com\/?product=baston-bcr-anatomico","og_locale":"es_ES","og_type":"article","og_title":"Bast\u00f3n BCR anat\u00f3mico (Par) - Ortopedia Aleupa","og_description":"Muleta o bast\u00f3n de codo regulable con empu\u00f1aduras anat\u00f3micas.","og_url":"https:\/\/aleupa.com\/?product=baston-bcr-anatomico","og_site_name":"Ortopedia Aleupa","article_modified_time":"2020-11-11T18:14:37+00:00","og_image":[{"width":393,"height":386,"url":"https:\/\/aleupa.com\/wp-content\/uploads\/2016\/10\/Copia-de-bcrar-lacado.jpg","type":"image\/jpeg"}],"twitter_card":"summary_large_image","schema":{"@context":"https:\/\/schema.org","@graph":[{"@type":"WebPage","@id":"https:\/\/aleupa.com\/?product=baston-bcr-anatomico","url":"https:\/\/aleupa.com\/?product=baston-bcr-anatomico","name":"Bast\u00f3n BCR anat\u00f3mico (Par) - Ortopedia Aleupa","isPartOf":{"@id":"https:\/\/aleupa.com\/#website"},"primaryImageOfPage":{"@id":"https:\/\/aleupa.com\/?product=baston-bcr-anatomico#primaryimage"},"image":{"@id":"https:\/\/aleupa.com\/?product=baston-bcr-anatomico#primaryimage"},"thumbnailUrl":"https:\/\/aleupa.com\/wp-content\/uploads\/2016\/10\/Copia-de-bcrar-lacado.jpg","datePublished":"2016-10-19T01:18:18+00:00","dateModified":"2020-11-11T18:14:37+00:00","breadcrumb":{"@id":"https:\/\/aleupa.com\/?product=baston-bcr-anatomico#breadcrumb"},"inLanguage":"es","potentialAction":[{"@type":"ReadAction","target":["https:\/\/aleupa.com\/?product=baston-bcr-anatomico"]}]},{"@type":"ImageObject","inLanguage":"es","@id":"https:\/\/aleupa.com\/?product=baston-bcr-anatomico#primaryimage","url":"https:\/\/aleupa.com\/wp-content\/uploads\/2016\/10\/Copia-de-bcrar-lacado.jpg","contentUrl":"https:\/\/aleupa.com\/wp-content\/uploads\/2016\/10\/Copia-de-bcrar-lacado.jpg","width":393,"height":386,"caption":"OLYMPUS DIGITAL CAMERA"},{"@type":"BreadcrumbList","@id":"https:\/\/aleupa.com\/?product=baston-bcr-anatomico#breadcrumb","itemListElement":[{"@type":"ListItem","position":1,"name":"Portada","item":"https:\/\/aleupa.com\/"},{"@type":"ListItem","position":2,"name":"Tienda","item":"https:\/\/aleupa.com\/?page_id=802"},{"@type":"ListItem","position":3,"name":"Bast\u00f3n BCR anat\u00f3mico (Par)"}]},{"@type":"WebSite","@id":"https:\/\/aleupa.com\/#website","url":"https:\/\/aleupa.com\/","name":"Ortopedia Aleupa","description":"Ayudas a la dependencia","alternateName":"Ortopedia en Puerto de la Cruz, Tenerife","potentialAction":[{"@type":"SearchAction","target":{"@type":"EntryPoint","urlTemplate":"https:\/\/aleupa.com\/?s={search_term_string}"},"query-input":{"@type":"PropertyValueSpecification","valueRequired":true,"valueName":"search_term_string"}}],"inLanguage":"es"}]}},"_links":{"self":[{"href":"https:\/\/aleupa.com\/index.php?rest_route=\/wp\/v2\/product\/1132","targetHints":{"allow":["GET"]}}],"collection":[{"href":"https:\/\/aleupa.com\/index.php?rest_route=\/wp\/v2\/product"}],"about":[{"href":"https:\/\/aleupa.com\/index.php?rest_route=\/wp\/v2\/types\/product"}],"replies":[{"embeddable":true,"href":"https:\/\/aleupa.com\/index.php?rest_route=%2Fwp%2Fv2%2Fcomments&post=1132"}],"wp:featuredmedia":[{"embeddable":true,"href":"https:\/\/aleupa.com\/index.php?rest_route=\/wp\/v2\/media\/1250"}],"wp:attachment":[{"href":"https:\/\/aleupa.com\/index.php?rest_route=%2Fwp%2Fv2%2Fmedia&parent=1132"}],"wp:term":[{"taxonomy":"product_brand","embeddable":true,"href":"https:\/\/aleupa.com\/index.php?rest_route=%2Fwp%2Fv2%2Fproduct_brand&post=1132"},{"taxonomy":"product_cat","embeddable":true,"href":"https:\/\/aleupa.com\/index.php?rest_route=%2Fwp%2Fv2%2Fproduct_cat&post=1132"},{"taxonomy":"product_tag","embeddable":true,"href":"https:\/\/aleupa.com\/index.php?rest_route=%2Fwp%2Fv2%2Fproduct_tag&post=1132"}],"curies":[{"name":"wp","href":"https:\/\/api.w.org\/{rel}","templated":true}]}}