{"id":1133,"date":"2016-10-19T01:24:33","date_gmt":"2016-10-19T01:24:33","guid":{"rendered":"http:\/\/www.aleupa.com\/?post_type=product&#038;p=1133"},"modified":"2020-11-11T18:14:13","modified_gmt":"2020-11-11T18:14:13","slug":"baston-ingles-obea-par","status":"publish","type":"product","link":"https:\/\/aleupa.com\/?product=baston-ingles-obea-par","title":{"rendered":"Bast\u00f3n ingl\u00e9s Style  (Par)"},"content":{"rendered":"<p style=\"text-align: justify\">Bast\u00f3n ingl\u00e9s con empu\u00f1adura antideslizante.<\/p>\n<p style=\"text-align: justify\">Amplia abrazadera para apoyo del antebrazo fabricada en polipropileno.<\/p>\n<p style=\"text-align: justify\">Ca\u00f1a anodizada con 12 posibles posiciones de regulaci\u00f3n que permiten ampliar la longitud \u00a0de 72 a 99 cm.<\/p>\n<p style=\"text-align: justify\">Exclusiva contera pivotante, \u00abpivoflex\u00bb<\/p>\n<p style=\"text-align: justify\">Peso del bast\u00f3n 0,560 g.<\/p>\n<p style=\"text-align: justify\">Carga m\u00e1xima: \u00a0150 Kg.<\/p>\n<p><img decoding=\"async\" src=\"http:\/\/obea.es\/wp-content\/uploads\/logo_grande22.png\" alt=\"Obea\" \/><\/p>\n","protected":false},"excerpt":{"rendered":"<p>Bast\u00f3n ingl\u00e9s con empu\u00f1adura antideslizante. Amplia abrazadera para apoyo del antebrazo fabricada en polipropileno. Ca\u00f1a anodizada con 12 posibles posiciones de regulaci\u00f3n que permiten ampliar la longitud \u00a0de 72 a 99 cm. Exclusiva contera pivotante, \u00abpivoflex\u00bb Peso del bast\u00f3n 0,560 g. Carga m\u00e1xima: \u00a0150 Kg.<\/p>\n","protected":false},"featured_media":1299,"comment_status":"open","ping_status":"closed","template":"","meta":{"_et_pb_use_builder":"","_et_pb_old_content":"","_et_gb_content_width":""},"product_brand":[],"product_cat":[301],"product_tag":[258],"class_list":{"0":"post-1133","1":"product","2":"type-product","3":"status-publish","4":"has-post-thumbnail","6":"product_cat-bastones","7":"product_tag-muletas","9":"first","10":"instock","11":"shipping-taxable","12":"purchasable","13":"product-type-variable"},"yoast_head":"<!-- This site is optimized with the Yoast SEO plugin v26.2 - https:\/\/yoast.com\/wordpress\/plugins\/seo\/ -->\n<title>Bast\u00f3n ingl\u00e9s Style (Par) - Ortopedia Aleupa<\/title>\n<meta name=\"robots\" content=\"index, follow, max-snippet:-1, max-image-preview:large, max-video-preview:-1\" \/>\n<link rel=\"canonical\" href=\"https:\/\/aleupa.com\/?product=baston-ingles-obea-par\" \/>\n<meta property=\"og:locale\" content=\"es_ES\" \/>\n<meta property=\"og:type\" content=\"article\" \/>\n<meta property=\"og:title\" content=\"Bast\u00f3n ingl\u00e9s Style (Par) - Ortopedia Aleupa\" \/>\n<meta property=\"og:description\" content=\"Bast\u00f3n ingl\u00e9s con empu\u00f1adura antideslizante. Amplia abrazadera para apoyo del antebrazo fabricada en polipropileno. Ca\u00f1a anodizada con 12 posibles posiciones de regulaci\u00f3n que permiten ampliar la longitud \u00a0de 72 a 99 cm. Exclusiva contera pivotante, \u00abpivoflex\u00bb Peso del bast\u00f3n 0,560 g. Carga m\u00e1xima: \u00a0150 Kg.\" \/>\n<meta property=\"og:url\" content=\"https:\/\/aleupa.com\/?product=baston-ingles-obea-par\" \/>\n<meta property=\"og:site_name\" content=\"Ortopedia Aleupa\" \/>\n<meta property=\"article:modified_time\" content=\"2020-11-11T18:14:13+00:00\" \/>\n<meta property=\"og:image\" content=\"https:\/\/aleupa.com\/wp-content\/uploads\/2016\/10\/style-e1478201535120.jpg\" \/>\n\t<meta property=\"og:image:width\" content=\"500\" \/>\n\t<meta property=\"og:image:height\" content=\"295\" \/>\n\t<meta property=\"og:image:type\" content=\"image\/jpeg\" \/>\n<meta name=\"twitter:card\" content=\"summary_large_image\" \/>\n<script type=\"application\/ld+json\" class=\"yoast-schema-graph\">{\"@context\":\"https:\/\/schema.org\",\"@graph\":[{\"@type\":\"WebPage\",\"@id\":\"https:\/\/aleupa.com\/?product=baston-ingles-obea-par\",\"url\":\"https:\/\/aleupa.com\/?product=baston-ingles-obea-par\",\"name\":\"Bast\u00f3n ingl\u00e9s Style (Par) - Ortopedia Aleupa\",\"isPartOf\":{\"@id\":\"https:\/\/aleupa.com\/#website\"},\"primaryImageOfPage\":{\"@id\":\"https:\/\/aleupa.com\/?product=baston-ingles-obea-par#primaryimage\"},\"image\":{\"@id\":\"https:\/\/aleupa.com\/?product=baston-ingles-obea-par#primaryimage\"},\"thumbnailUrl\":\"https:\/\/aleupa.com\/wp-content\/uploads\/2016\/10\/style-e1478201535120.jpg\",\"datePublished\":\"2016-10-19T01:24:33+00:00\",\"dateModified\":\"2020-11-11T18:14:13+00:00\",\"breadcrumb\":{\"@id\":\"https:\/\/aleupa.com\/?product=baston-ingles-obea-par#breadcrumb\"},\"inLanguage\":\"es\",\"potentialAction\":[{\"@type\":\"ReadAction\",\"target\":[\"https:\/\/aleupa.com\/?product=baston-ingles-obea-par\"]}]},{\"@type\":\"ImageObject\",\"inLanguage\":\"es\",\"@id\":\"https:\/\/aleupa.com\/?product=baston-ingles-obea-par#primaryimage\",\"url\":\"https:\/\/aleupa.com\/wp-content\/uploads\/2016\/10\/style-e1478201535120.jpg\",\"contentUrl\":\"https:\/\/aleupa.com\/wp-content\/uploads\/2016\/10\/style-e1478201535120.jpg\",\"width\":500,\"height\":295},{\"@type\":\"BreadcrumbList\",\"@id\":\"https:\/\/aleupa.com\/?product=baston-ingles-obea-par#breadcrumb\",\"itemListElement\":[{\"@type\":\"ListItem\",\"position\":1,\"name\":\"Portada\",\"item\":\"https:\/\/aleupa.com\/\"},{\"@type\":\"ListItem\",\"position\":2,\"name\":\"Tienda\",\"item\":\"https:\/\/aleupa.com\/?page_id=802\"},{\"@type\":\"ListItem\",\"position\":3,\"name\":\"Bast\u00f3n ingl\u00e9s Style (Par)\"}]},{\"@type\":\"WebSite\",\"@id\":\"https:\/\/aleupa.com\/#website\",\"url\":\"https:\/\/aleupa.com\/\",\"name\":\"Ortopedia Aleupa\",\"description\":\"Ayudas a la dependencia\",\"alternateName\":\"Ortopedia en Puerto de la Cruz, Tenerife\",\"potentialAction\":[{\"@type\":\"SearchAction\",\"target\":{\"@type\":\"EntryPoint\",\"urlTemplate\":\"https:\/\/aleupa.com\/?s={search_term_string}\"},\"query-input\":{\"@type\":\"PropertyValueSpecification\",\"valueRequired\":true,\"valueName\":\"search_term_string\"}}],\"inLanguage\":\"es\"}]}<\/script>\n<!-- \/ Yoast SEO plugin. -->","yoast_head_json":{"title":"Bast\u00f3n ingl\u00e9s Style (Par) - Ortopedia Aleupa","robots":{"index":"index","follow":"follow","max-snippet":"max-snippet:-1","max-image-preview":"max-image-preview:large","max-video-preview":"max-video-preview:-1"},"canonical":"https:\/\/aleupa.com\/?product=baston-ingles-obea-par","og_locale":"es_ES","og_type":"article","og_title":"Bast\u00f3n ingl\u00e9s Style (Par) - Ortopedia Aleupa","og_description":"Bast\u00f3n ingl\u00e9s con empu\u00f1adura antideslizante. Amplia abrazadera para apoyo del antebrazo fabricada en polipropileno. Ca\u00f1a anodizada con 12 posibles posiciones de regulaci\u00f3n que permiten ampliar la longitud \u00a0de 72 a 99 cm. Exclusiva contera pivotante, \u00abpivoflex\u00bb Peso del bast\u00f3n 0,560 g. Carga m\u00e1xima: \u00a0150 Kg.","og_url":"https:\/\/aleupa.com\/?product=baston-ingles-obea-par","og_site_name":"Ortopedia Aleupa","article_modified_time":"2020-11-11T18:14:13+00:00","og_image":[{"width":500,"height":295,"url":"https:\/\/aleupa.com\/wp-content\/uploads\/2016\/10\/style-e1478201535120.jpg","type":"image\/jpeg"}],"twitter_card":"summary_large_image","schema":{"@context":"https:\/\/schema.org","@graph":[{"@type":"WebPage","@id":"https:\/\/aleupa.com\/?product=baston-ingles-obea-par","url":"https:\/\/aleupa.com\/?product=baston-ingles-obea-par","name":"Bast\u00f3n ingl\u00e9s Style (Par) - Ortopedia Aleupa","isPartOf":{"@id":"https:\/\/aleupa.com\/#website"},"primaryImageOfPage":{"@id":"https:\/\/aleupa.com\/?product=baston-ingles-obea-par#primaryimage"},"image":{"@id":"https:\/\/aleupa.com\/?product=baston-ingles-obea-par#primaryimage"},"thumbnailUrl":"https:\/\/aleupa.com\/wp-content\/uploads\/2016\/10\/style-e1478201535120.jpg","datePublished":"2016-10-19T01:24:33+00:00","dateModified":"2020-11-11T18:14:13+00:00","breadcrumb":{"@id":"https:\/\/aleupa.com\/?product=baston-ingles-obea-par#breadcrumb"},"inLanguage":"es","potentialAction":[{"@type":"ReadAction","target":["https:\/\/aleupa.com\/?product=baston-ingles-obea-par"]}]},{"@type":"ImageObject","inLanguage":"es","@id":"https:\/\/aleupa.com\/?product=baston-ingles-obea-par#primaryimage","url":"https:\/\/aleupa.com\/wp-content\/uploads\/2016\/10\/style-e1478201535120.jpg","contentUrl":"https:\/\/aleupa.com\/wp-content\/uploads\/2016\/10\/style-e1478201535120.jpg","width":500,"height":295},{"@type":"BreadcrumbList","@id":"https:\/\/aleupa.com\/?product=baston-ingles-obea-par#breadcrumb","itemListElement":[{"@type":"ListItem","position":1,"name":"Portada","item":"https:\/\/aleupa.com\/"},{"@type":"ListItem","position":2,"name":"Tienda","item":"https:\/\/aleupa.com\/?page_id=802"},{"@type":"ListItem","position":3,"name":"Bast\u00f3n ingl\u00e9s Style (Par)"}]},{"@type":"WebSite","@id":"https:\/\/aleupa.com\/#website","url":"https:\/\/aleupa.com\/","name":"Ortopedia Aleupa","description":"Ayudas a la dependencia","alternateName":"Ortopedia en Puerto de la Cruz, Tenerife","potentialAction":[{"@type":"SearchAction","target":{"@type":"EntryPoint","urlTemplate":"https:\/\/aleupa.com\/?s={search_term_string}"},"query-input":{"@type":"PropertyValueSpecification","valueRequired":true,"valueName":"search_term_string"}}],"inLanguage":"es"}]}},"_links":{"self":[{"href":"https:\/\/aleupa.com\/index.php?rest_route=\/wp\/v2\/product\/1133","targetHints":{"allow":["GET"]}}],"collection":[{"href":"https:\/\/aleupa.com\/index.php?rest_route=\/wp\/v2\/product"}],"about":[{"href":"https:\/\/aleupa.com\/index.php?rest_route=\/wp\/v2\/types\/product"}],"replies":[{"embeddable":true,"href":"https:\/\/aleupa.com\/index.php?rest_route=%2Fwp%2Fv2%2Fcomments&post=1133"}],"wp:featuredmedia":[{"embeddable":true,"href":"https:\/\/aleupa.com\/index.php?rest_route=\/wp\/v2\/media\/1299"}],"wp:attachment":[{"href":"https:\/\/aleupa.com\/index.php?rest_route=%2Fwp%2Fv2%2Fmedia&parent=1133"}],"wp:term":[{"taxonomy":"product_brand","embeddable":true,"href":"https:\/\/aleupa.com\/index.php?rest_route=%2Fwp%2Fv2%2Fproduct_brand&post=1133"},{"taxonomy":"product_cat","embeddable":true,"href":"https:\/\/aleupa.com\/index.php?rest_route=%2Fwp%2Fv2%2Fproduct_cat&post=1133"},{"taxonomy":"product_tag","embeddable":true,"href":"https:\/\/aleupa.com\/index.php?rest_route=%2Fwp%2Fv2%2Fproduct_tag&post=1133"}],"curies":[{"name":"wp","href":"https:\/\/api.w.org\/{rel}","templated":true}]}}