{"id":115,"date":"2016-01-21T17:31:27","date_gmt":"2016-01-21T17:31:27","guid":{"rendered":"http:\/\/www.aleupa.com\/?post_type=product&#038;p=115"},"modified":"2021-02-17T10:01:26","modified_gmt":"2021-02-17T10:01:26","slug":"taburete-abatible-haiti","status":"publish","type":"product","link":"https:\/\/aleupa.com\/?product=taburete-abatible-haiti","title":{"rendered":"Taburete de ducha abatible"},"content":{"rendered":"<p style=\"text-align: justify;\">Asiento plegable de ducha con fijaci\u00f3n a la pared.<\/p>\n<p>El asiento en U facilita la higiene \u00edntima. Con patas y montado en pared es la alternativa apropiada cuando se desea tener un asiento siempre disponible, pero que se pueda abatir f\u00e1cilmente dejando la ducha libre. Estructura inoxidable, de aluminio y con asiento pl\u00e1stico.<\/p>\n<p class=\"nota-prod\">NOTA: debe ser instalado en una pared firme y segura. Los tacos y los tornillos han de ser los apropiados y su elecci\u00f3n -as\u00ed como la instalaci\u00f3n del asiento- ha ser llevada a cabo con personal cualificado para ello. Recomendamos utilizar torniller\u00eda de acero inoxidable. La carga m\u00e1xima depende de la correcta instalaci\u00f3n y del estado de la pared. Por eso especificamos 130 Kg de carga m\u00e1xima solo de forma orientativa.<\/p>\n<p style=\"text-align: justify;\">Dimensiones:<\/p>\n<p style=\"text-align: justify;\">Ancho: \u00a040,00 cm.<\/p>\n<p style=\"text-align: justify;\">Profundidad:\u00a0 50 cm.<\/p>\n<p style=\"text-align: justify;\">Altura regulable: \u00a045,0-55,0 cm. (4 posiciones de ajuste)<\/p>\n<p>Medidas del asiento 37x 40 cm.\u00a0 (ancho x profundidad)<\/p>\n<p style=\"text-align: justify;\">Disponible en color blanco.<\/p>\n<p style=\"text-align: justify;\">\u00a0<img decoding=\"async\" src=\"http:\/\/www.dayshealthcare.co.uk\/_common\/img\/logo.gif\" alt=\"Days Healthcare\" \/><\/p>\n","protected":false},"excerpt":{"rendered":"<p>Asiento plegable de ducha con fijaci\u00f3n a la pared. El asiento en U facilita la higiene \u00edntima. Con patas y montado en pared es la alternativa apropiada cuando se desea tener un asiento siempre disponible, pero que se pueda abatir f\u00e1cilmente dejando la ducha libre. Estructura inoxidable, de aluminio y con asiento pl\u00e1stico. NOTA: debe [&hellip;]<\/p>\n","protected":false},"featured_media":2810,"comment_status":"open","ping_status":"closed","template":"","meta":{"_et_pb_use_builder":"","_et_pb_old_content":"","_et_gb_content_width":""},"product_brand":[],"product_cat":[18],"product_tag":[378,299],"class_list":{"0":"post-115","1":"product","2":"type-product","3":"status-publish","4":"has-post-thumbnail","6":"product_cat-ducha","7":"product_tag-ayudas-para-la-ducha","8":"product_tag-sillas-de-ducha","9":"product_shipping_class-tourline-express","11":"first","12":"instock","13":"shipping-taxable","14":"purchasable","15":"product-type-simple"},"yoast_head":"<!-- This site is optimized with the Yoast SEO plugin v26.2 - https:\/\/yoast.com\/wordpress\/plugins\/seo\/ -->\n<title>Taburete de ducha abatible - Ortopedia Aleupa<\/title>\n<meta name=\"robots\" content=\"index, follow, max-snippet:-1, max-image-preview:large, max-video-preview:-1\" \/>\n<link rel=\"canonical\" href=\"https:\/\/aleupa.com\/?product=taburete-abatible-haiti\" \/>\n<meta property=\"og:locale\" content=\"es_ES\" \/>\n<meta property=\"og:type\" content=\"article\" \/>\n<meta property=\"og:title\" content=\"Taburete de ducha abatible - Ortopedia Aleupa\" \/>\n<meta property=\"og:description\" content=\"Asiento plegable de ducha con fijaci\u00f3n a la pared. El asiento en U facilita la higiene \u00edntima. Con patas y montado en pared es la alternativa apropiada cuando se desea tener un asiento siempre disponible, pero que se pueda abatir f\u00e1cilmente dejando la ducha libre. Estructura inoxidable, de aluminio y con asiento pl\u00e1stico. NOTA: debe [&hellip;]\" \/>\n<meta property=\"og:url\" content=\"https:\/\/aleupa.com\/?product=taburete-abatible-haiti\" \/>\n<meta property=\"og:site_name\" content=\"Ortopedia Aleupa\" \/>\n<meta property=\"article:modified_time\" content=\"2021-02-17T10:01:26+00:00\" \/>\n<meta property=\"og:image\" content=\"https:\/\/aleupa.com\/wp-content\/uploads\/2016\/01\/asiento-en-u-con-patas-00.jpg\" \/>\n\t<meta property=\"og:image:width\" content=\"540\" \/>\n\t<meta property=\"og:image:height\" content=\"720\" \/>\n\t<meta property=\"og:image:type\" content=\"image\/jpeg\" \/>\n<meta name=\"twitter:card\" content=\"summary_large_image\" \/>\n<meta name=\"twitter:label1\" content=\"Tiempo de lectura\" \/>\n\t<meta name=\"twitter:data1\" content=\"1 minuto\" \/>\n<script type=\"application\/ld+json\" class=\"yoast-schema-graph\">{\"@context\":\"https:\/\/schema.org\",\"@graph\":[{\"@type\":\"WebPage\",\"@id\":\"https:\/\/aleupa.com\/?product=taburete-abatible-haiti\",\"url\":\"https:\/\/aleupa.com\/?product=taburete-abatible-haiti\",\"name\":\"Taburete de ducha abatible - Ortopedia Aleupa\",\"isPartOf\":{\"@id\":\"https:\/\/aleupa.com\/#website\"},\"primaryImageOfPage\":{\"@id\":\"https:\/\/aleupa.com\/?product=taburete-abatible-haiti#primaryimage\"},\"image\":{\"@id\":\"https:\/\/aleupa.com\/?product=taburete-abatible-haiti#primaryimage\"},\"thumbnailUrl\":\"https:\/\/aleupa.com\/wp-content\/uploads\/2016\/01\/asiento-en-u-con-patas-00.jpg\",\"datePublished\":\"2016-01-21T17:31:27+00:00\",\"dateModified\":\"2021-02-17T10:01:26+00:00\",\"breadcrumb\":{\"@id\":\"https:\/\/aleupa.com\/?product=taburete-abatible-haiti#breadcrumb\"},\"inLanguage\":\"es\",\"potentialAction\":[{\"@type\":\"ReadAction\",\"target\":[\"https:\/\/aleupa.com\/?product=taburete-abatible-haiti\"]}]},{\"@type\":\"ImageObject\",\"inLanguage\":\"es\",\"@id\":\"https:\/\/aleupa.com\/?product=taburete-abatible-haiti#primaryimage\",\"url\":\"https:\/\/aleupa.com\/wp-content\/uploads\/2016\/01\/asiento-en-u-con-patas-00.jpg\",\"contentUrl\":\"https:\/\/aleupa.com\/wp-content\/uploads\/2016\/01\/asiento-en-u-con-patas-00.jpg\",\"width\":540,\"height\":720},{\"@type\":\"BreadcrumbList\",\"@id\":\"https:\/\/aleupa.com\/?product=taburete-abatible-haiti#breadcrumb\",\"itemListElement\":[{\"@type\":\"ListItem\",\"position\":1,\"name\":\"Portada\",\"item\":\"https:\/\/aleupa.com\/\"},{\"@type\":\"ListItem\",\"position\":2,\"name\":\"Tienda\",\"item\":\"https:\/\/aleupa.com\/?page_id=802\"},{\"@type\":\"ListItem\",\"position\":3,\"name\":\"Taburete de ducha abatible\"}]},{\"@type\":\"WebSite\",\"@id\":\"https:\/\/aleupa.com\/#website\",\"url\":\"https:\/\/aleupa.com\/\",\"name\":\"Ortopedia Aleupa\",\"description\":\"Ayudas a la dependencia\",\"alternateName\":\"Ortopedia en Puerto de la Cruz, Tenerife\",\"potentialAction\":[{\"@type\":\"SearchAction\",\"target\":{\"@type\":\"EntryPoint\",\"urlTemplate\":\"https:\/\/aleupa.com\/?s={search_term_string}\"},\"query-input\":{\"@type\":\"PropertyValueSpecification\",\"valueRequired\":true,\"valueName\":\"search_term_string\"}}],\"inLanguage\":\"es\"}]}<\/script>\n<!-- \/ Yoast SEO plugin. -->","yoast_head_json":{"title":"Taburete de ducha abatible - Ortopedia Aleupa","robots":{"index":"index","follow":"follow","max-snippet":"max-snippet:-1","max-image-preview":"max-image-preview:large","max-video-preview":"max-video-preview:-1"},"canonical":"https:\/\/aleupa.com\/?product=taburete-abatible-haiti","og_locale":"es_ES","og_type":"article","og_title":"Taburete de ducha abatible - Ortopedia Aleupa","og_description":"Asiento plegable de ducha con fijaci\u00f3n a la pared. El asiento en U facilita la higiene \u00edntima. Con patas y montado en pared es la alternativa apropiada cuando se desea tener un asiento siempre disponible, pero que se pueda abatir f\u00e1cilmente dejando la ducha libre. Estructura inoxidable, de aluminio y con asiento pl\u00e1stico. NOTA: debe [&hellip;]","og_url":"https:\/\/aleupa.com\/?product=taburete-abatible-haiti","og_site_name":"Ortopedia Aleupa","article_modified_time":"2021-02-17T10:01:26+00:00","og_image":[{"width":540,"height":720,"url":"https:\/\/aleupa.com\/wp-content\/uploads\/2016\/01\/asiento-en-u-con-patas-00.jpg","type":"image\/jpeg"}],"twitter_card":"summary_large_image","twitter_misc":{"Tiempo de lectura":"1 minuto"},"schema":{"@context":"https:\/\/schema.org","@graph":[{"@type":"WebPage","@id":"https:\/\/aleupa.com\/?product=taburete-abatible-haiti","url":"https:\/\/aleupa.com\/?product=taburete-abatible-haiti","name":"Taburete de ducha abatible - Ortopedia Aleupa","isPartOf":{"@id":"https:\/\/aleupa.com\/#website"},"primaryImageOfPage":{"@id":"https:\/\/aleupa.com\/?product=taburete-abatible-haiti#primaryimage"},"image":{"@id":"https:\/\/aleupa.com\/?product=taburete-abatible-haiti#primaryimage"},"thumbnailUrl":"https:\/\/aleupa.com\/wp-content\/uploads\/2016\/01\/asiento-en-u-con-patas-00.jpg","datePublished":"2016-01-21T17:31:27+00:00","dateModified":"2021-02-17T10:01:26+00:00","breadcrumb":{"@id":"https:\/\/aleupa.com\/?product=taburete-abatible-haiti#breadcrumb"},"inLanguage":"es","potentialAction":[{"@type":"ReadAction","target":["https:\/\/aleupa.com\/?product=taburete-abatible-haiti"]}]},{"@type":"ImageObject","inLanguage":"es","@id":"https:\/\/aleupa.com\/?product=taburete-abatible-haiti#primaryimage","url":"https:\/\/aleupa.com\/wp-content\/uploads\/2016\/01\/asiento-en-u-con-patas-00.jpg","contentUrl":"https:\/\/aleupa.com\/wp-content\/uploads\/2016\/01\/asiento-en-u-con-patas-00.jpg","width":540,"height":720},{"@type":"BreadcrumbList","@id":"https:\/\/aleupa.com\/?product=taburete-abatible-haiti#breadcrumb","itemListElement":[{"@type":"ListItem","position":1,"name":"Portada","item":"https:\/\/aleupa.com\/"},{"@type":"ListItem","position":2,"name":"Tienda","item":"https:\/\/aleupa.com\/?page_id=802"},{"@type":"ListItem","position":3,"name":"Taburete de ducha abatible"}]},{"@type":"WebSite","@id":"https:\/\/aleupa.com\/#website","url":"https:\/\/aleupa.com\/","name":"Ortopedia Aleupa","description":"Ayudas a la dependencia","alternateName":"Ortopedia en Puerto de la Cruz, Tenerife","potentialAction":[{"@type":"SearchAction","target":{"@type":"EntryPoint","urlTemplate":"https:\/\/aleupa.com\/?s={search_term_string}"},"query-input":{"@type":"PropertyValueSpecification","valueRequired":true,"valueName":"search_term_string"}}],"inLanguage":"es"}]}},"_links":{"self":[{"href":"https:\/\/aleupa.com\/index.php?rest_route=\/wp\/v2\/product\/115","targetHints":{"allow":["GET"]}}],"collection":[{"href":"https:\/\/aleupa.com\/index.php?rest_route=\/wp\/v2\/product"}],"about":[{"href":"https:\/\/aleupa.com\/index.php?rest_route=\/wp\/v2\/types\/product"}],"replies":[{"embeddable":true,"href":"https:\/\/aleupa.com\/index.php?rest_route=%2Fwp%2Fv2%2Fcomments&post=115"}],"wp:featuredmedia":[{"embeddable":true,"href":"https:\/\/aleupa.com\/index.php?rest_route=\/wp\/v2\/media\/2810"}],"wp:attachment":[{"href":"https:\/\/aleupa.com\/index.php?rest_route=%2Fwp%2Fv2%2Fmedia&parent=115"}],"wp:term":[{"taxonomy":"product_brand","embeddable":true,"href":"https:\/\/aleupa.com\/index.php?rest_route=%2Fwp%2Fv2%2Fproduct_brand&post=115"},{"taxonomy":"product_cat","embeddable":true,"href":"https:\/\/aleupa.com\/index.php?rest_route=%2Fwp%2Fv2%2Fproduct_cat&post=115"},{"taxonomy":"product_tag","embeddable":true,"href":"https:\/\/aleupa.com\/index.php?rest_route=%2Fwp%2Fv2%2Fproduct_tag&post=115"}],"curies":[{"name":"wp","href":"https:\/\/api.w.org\/{rel}","templated":true}]}}