{"id":1290,"date":"2016-10-28T11:46:01","date_gmt":"2016-10-28T11:46:01","guid":{"rendered":"http:\/\/www.aleupa.com\/?post_type=product&#038;p=1290"},"modified":"2020-11-17T12:53:50","modified_gmt":"2020-11-17T12:53:50","slug":"muleta-de-aluminio-extensible","status":"publish","type":"product","link":"https:\/\/aleupa.com\/?product=muleta-de-aluminio-extensible","title":{"rendered":"Muleta de aluminio extensible"},"content":{"rendered":"<p style=\"text-align: justify\">Bast\u00f3n ingl\u00e9s de aluminio resistente y termopl\u00e1stico<\/p>\n<p style=\"text-align: justify\">Regulaci\u00f3n de ca\u00f1a en 11 posiciones que permiten variar la altura entre el apoya-manos y el suelo entre 70 y 95 cm.<\/p>\n<p style=\"text-align: justify\">Altura entre la abrazadera de codo y la empu\u00f1adura: \u00a021 cm.<\/p>\n<p style=\"text-align: justify\">Carga m\u00e1xima: \u00a0100 Kg.<\/p>\n<p><img decoding=\"async\" src=\"http:\/\/www.sunrisemedical.es\/getmedia\/f7dae2e7-4626-48f2-b3bf-e0bb0a7b1910\/sunrise-logo.png.aspx?width=236&amp;height=61&amp;ext=.png\" alt=\"Sunrise Medical\" \/><\/p>\n","protected":false},"excerpt":{"rendered":"<p>Bast\u00f3n ingl\u00e9s regulable.<\/p>\n","protected":false},"featured_media":1291,"comment_status":"open","ping_status":"closed","template":"","meta":{"_et_pb_use_builder":"","_et_pb_old_content":"","_et_gb_content_width":""},"product_brand":[],"product_cat":[301],"product_tag":[142],"class_list":{"0":"post-1290","1":"product","2":"type-product","3":"status-publish","4":"has-post-thumbnail","6":"product_cat-bastones","7":"product_tag-bastones","9":"first","10":"instock","11":"shipping-taxable","12":"purchasable","13":"product-type-simple"},"yoast_head":"<!-- This site is optimized with the Yoast SEO plugin v26.2 - https:\/\/yoast.com\/wordpress\/plugins\/seo\/ -->\n<title>Muleta de aluminio extensible - Ortopedia Aleupa<\/title>\n<meta name=\"robots\" content=\"index, follow, max-snippet:-1, max-image-preview:large, max-video-preview:-1\" \/>\n<link rel=\"canonical\" href=\"https:\/\/aleupa.com\/?product=muleta-de-aluminio-extensible\" \/>\n<meta property=\"og:locale\" content=\"es_ES\" \/>\n<meta property=\"og:type\" content=\"article\" \/>\n<meta property=\"og:title\" content=\"Muleta de aluminio extensible - Ortopedia Aleupa\" \/>\n<meta property=\"og:description\" content=\"Bast\u00f3n ingl\u00e9s regulable.\" \/>\n<meta property=\"og:url\" content=\"https:\/\/aleupa.com\/?product=muleta-de-aluminio-extensible\" \/>\n<meta property=\"og:site_name\" content=\"Ortopedia Aleupa\" \/>\n<meta property=\"article:modified_time\" content=\"2020-11-17T12:53:50+00:00\" \/>\n<meta property=\"og:image\" content=\"https:\/\/aleupa.com\/wp-content\/uploads\/2016\/10\/Bast__n_Ing._121.jpg\" \/>\n\t<meta property=\"og:image:width\" content=\"272\" \/>\n\t<meta property=\"og:image:height\" content=\"272\" \/>\n\t<meta property=\"og:image:type\" content=\"image\/jpeg\" \/>\n<meta name=\"twitter:card\" content=\"summary_large_image\" \/>\n<script type=\"application\/ld+json\" class=\"yoast-schema-graph\">{\"@context\":\"https:\/\/schema.org\",\"@graph\":[{\"@type\":\"WebPage\",\"@id\":\"https:\/\/aleupa.com\/?product=muleta-de-aluminio-extensible\",\"url\":\"https:\/\/aleupa.com\/?product=muleta-de-aluminio-extensible\",\"name\":\"Muleta de aluminio extensible - Ortopedia Aleupa\",\"isPartOf\":{\"@id\":\"https:\/\/aleupa.com\/#website\"},\"primaryImageOfPage\":{\"@id\":\"https:\/\/aleupa.com\/?product=muleta-de-aluminio-extensible#primaryimage\"},\"image\":{\"@id\":\"https:\/\/aleupa.com\/?product=muleta-de-aluminio-extensible#primaryimage\"},\"thumbnailUrl\":\"https:\/\/aleupa.com\/wp-content\/uploads\/2016\/10\/Bast__n_Ing._121.jpg\",\"datePublished\":\"2016-10-28T11:46:01+00:00\",\"dateModified\":\"2020-11-17T12:53:50+00:00\",\"breadcrumb\":{\"@id\":\"https:\/\/aleupa.com\/?product=muleta-de-aluminio-extensible#breadcrumb\"},\"inLanguage\":\"es\",\"potentialAction\":[{\"@type\":\"ReadAction\",\"target\":[\"https:\/\/aleupa.com\/?product=muleta-de-aluminio-extensible\"]}]},{\"@type\":\"ImageObject\",\"inLanguage\":\"es\",\"@id\":\"https:\/\/aleupa.com\/?product=muleta-de-aluminio-extensible#primaryimage\",\"url\":\"https:\/\/aleupa.com\/wp-content\/uploads\/2016\/10\/Bast__n_Ing._121.jpg\",\"contentUrl\":\"https:\/\/aleupa.com\/wp-content\/uploads\/2016\/10\/Bast__n_Ing._121.jpg\",\"width\":272,\"height\":272},{\"@type\":\"BreadcrumbList\",\"@id\":\"https:\/\/aleupa.com\/?product=muleta-de-aluminio-extensible#breadcrumb\",\"itemListElement\":[{\"@type\":\"ListItem\",\"position\":1,\"name\":\"Portada\",\"item\":\"https:\/\/aleupa.com\/\"},{\"@type\":\"ListItem\",\"position\":2,\"name\":\"Tienda\",\"item\":\"https:\/\/aleupa.com\/?page_id=802\"},{\"@type\":\"ListItem\",\"position\":3,\"name\":\"Muleta de aluminio extensible\"}]},{\"@type\":\"WebSite\",\"@id\":\"https:\/\/aleupa.com\/#website\",\"url\":\"https:\/\/aleupa.com\/\",\"name\":\"Ortopedia Aleupa\",\"description\":\"Ayudas a la dependencia\",\"alternateName\":\"Ortopedia en Puerto de la Cruz, Tenerife\",\"potentialAction\":[{\"@type\":\"SearchAction\",\"target\":{\"@type\":\"EntryPoint\",\"urlTemplate\":\"https:\/\/aleupa.com\/?s={search_term_string}\"},\"query-input\":{\"@type\":\"PropertyValueSpecification\",\"valueRequired\":true,\"valueName\":\"search_term_string\"}}],\"inLanguage\":\"es\"}]}<\/script>\n<!-- \/ Yoast SEO plugin. -->","yoast_head_json":{"title":"Muleta de aluminio extensible - Ortopedia Aleupa","robots":{"index":"index","follow":"follow","max-snippet":"max-snippet:-1","max-image-preview":"max-image-preview:large","max-video-preview":"max-video-preview:-1"},"canonical":"https:\/\/aleupa.com\/?product=muleta-de-aluminio-extensible","og_locale":"es_ES","og_type":"article","og_title":"Muleta de aluminio extensible - Ortopedia Aleupa","og_description":"Bast\u00f3n ingl\u00e9s regulable.","og_url":"https:\/\/aleupa.com\/?product=muleta-de-aluminio-extensible","og_site_name":"Ortopedia Aleupa","article_modified_time":"2020-11-17T12:53:50+00:00","og_image":[{"width":272,"height":272,"url":"https:\/\/aleupa.com\/wp-content\/uploads\/2016\/10\/Bast__n_Ing._121.jpg","type":"image\/jpeg"}],"twitter_card":"summary_large_image","schema":{"@context":"https:\/\/schema.org","@graph":[{"@type":"WebPage","@id":"https:\/\/aleupa.com\/?product=muleta-de-aluminio-extensible","url":"https:\/\/aleupa.com\/?product=muleta-de-aluminio-extensible","name":"Muleta de aluminio extensible - Ortopedia Aleupa","isPartOf":{"@id":"https:\/\/aleupa.com\/#website"},"primaryImageOfPage":{"@id":"https:\/\/aleupa.com\/?product=muleta-de-aluminio-extensible#primaryimage"},"image":{"@id":"https:\/\/aleupa.com\/?product=muleta-de-aluminio-extensible#primaryimage"},"thumbnailUrl":"https:\/\/aleupa.com\/wp-content\/uploads\/2016\/10\/Bast__n_Ing._121.jpg","datePublished":"2016-10-28T11:46:01+00:00","dateModified":"2020-11-17T12:53:50+00:00","breadcrumb":{"@id":"https:\/\/aleupa.com\/?product=muleta-de-aluminio-extensible#breadcrumb"},"inLanguage":"es","potentialAction":[{"@type":"ReadAction","target":["https:\/\/aleupa.com\/?product=muleta-de-aluminio-extensible"]}]},{"@type":"ImageObject","inLanguage":"es","@id":"https:\/\/aleupa.com\/?product=muleta-de-aluminio-extensible#primaryimage","url":"https:\/\/aleupa.com\/wp-content\/uploads\/2016\/10\/Bast__n_Ing._121.jpg","contentUrl":"https:\/\/aleupa.com\/wp-content\/uploads\/2016\/10\/Bast__n_Ing._121.jpg","width":272,"height":272},{"@type":"BreadcrumbList","@id":"https:\/\/aleupa.com\/?product=muleta-de-aluminio-extensible#breadcrumb","itemListElement":[{"@type":"ListItem","position":1,"name":"Portada","item":"https:\/\/aleupa.com\/"},{"@type":"ListItem","position":2,"name":"Tienda","item":"https:\/\/aleupa.com\/?page_id=802"},{"@type":"ListItem","position":3,"name":"Muleta de aluminio extensible"}]},{"@type":"WebSite","@id":"https:\/\/aleupa.com\/#website","url":"https:\/\/aleupa.com\/","name":"Ortopedia Aleupa","description":"Ayudas a la dependencia","alternateName":"Ortopedia en Puerto de la Cruz, Tenerife","potentialAction":[{"@type":"SearchAction","target":{"@type":"EntryPoint","urlTemplate":"https:\/\/aleupa.com\/?s={search_term_string}"},"query-input":{"@type":"PropertyValueSpecification","valueRequired":true,"valueName":"search_term_string"}}],"inLanguage":"es"}]}},"_links":{"self":[{"href":"https:\/\/aleupa.com\/index.php?rest_route=\/wp\/v2\/product\/1290","targetHints":{"allow":["GET"]}}],"collection":[{"href":"https:\/\/aleupa.com\/index.php?rest_route=\/wp\/v2\/product"}],"about":[{"href":"https:\/\/aleupa.com\/index.php?rest_route=\/wp\/v2\/types\/product"}],"replies":[{"embeddable":true,"href":"https:\/\/aleupa.com\/index.php?rest_route=%2Fwp%2Fv2%2Fcomments&post=1290"}],"wp:featuredmedia":[{"embeddable":true,"href":"https:\/\/aleupa.com\/index.php?rest_route=\/wp\/v2\/media\/1291"}],"wp:attachment":[{"href":"https:\/\/aleupa.com\/index.php?rest_route=%2Fwp%2Fv2%2Fmedia&parent=1290"}],"wp:term":[{"taxonomy":"product_brand","embeddable":true,"href":"https:\/\/aleupa.com\/index.php?rest_route=%2Fwp%2Fv2%2Fproduct_brand&post=1290"},{"taxonomy":"product_cat","embeddable":true,"href":"https:\/\/aleupa.com\/index.php?rest_route=%2Fwp%2Fv2%2Fproduct_cat&post=1290"},{"taxonomy":"product_tag","embeddable":true,"href":"https:\/\/aleupa.com\/index.php?rest_route=%2Fwp%2Fv2%2Fproduct_tag&post=1290"}],"curies":[{"name":"wp","href":"https:\/\/api.w.org\/{rel}","templated":true}]}}