{"id":1315,"date":"2016-11-04T18:42:51","date_gmt":"2016-11-04T18:42:51","guid":{"rendered":"http:\/\/www.aleupa.com\/?post_type=product&#038;p=1315"},"modified":"2020-11-11T18:09:31","modified_gmt":"2020-11-11T18:09:31","slug":"muleta-infantil-biregulable","status":"publish","type":"product","link":"https:\/\/aleupa.com\/?product=muleta-infantil-biregulable","title":{"rendered":"Muleta infantil birregulable"},"content":{"rendered":"<ul>\n<li>\n<p style=\"text-align: justify\">Bast\u00f3n ingl\u00e9s infantil fabricado en aluminio.<\/p>\n<\/li>\n<li style=\"text-align: justify\">Los apoyos de la mano y antebrazo son de polipropileno de llamativos colores. \u00a0La longitud de la codera es regulable en tres posiciones.<\/li>\n<li style=\"text-align: justify\">La ca\u00f1a de aluminio anodizado tiene tambi\u00e9n varias posiciones de regulaci\u00f3n que permiten modificar la altura de la muleta entre 55 y 77 cm. lo que permite, hasta ese punto que la muleta acompa\u00f1e al ni\u00f1o en su crecimiento.<\/li>\n<li>\n<p style=\"text-align: justify\">Resistencia 100 Kg.<\/p>\n<\/li>\n<\/ul>\n<p><img decoding=\"async\" src=\"http:\/\/obea.es\/wp-content\/uploads\/logo_grande22.png\" alt=\"Obea\" \/><\/p>\n","protected":false},"excerpt":{"rendered":"<p>Muletas de aluminio infantiles.<\/p>\n","protected":false},"featured_media":1316,"comment_status":"open","ping_status":"closed","template":"","meta":{"_et_pb_use_builder":"","_et_pb_old_content":"","_et_gb_content_width":""},"product_brand":[],"product_cat":[301],"product_tag":[296,258],"class_list":{"0":"post-1315","1":"product","2":"type-product","3":"status-publish","4":"has-post-thumbnail","6":"product_cat-bastones","7":"product_tag-infantil","8":"product_tag-muletas","10":"first","11":"instock","12":"shipping-taxable","13":"purchasable","14":"product-type-simple"},"yoast_head":"<!-- This site is optimized with the Yoast SEO plugin v26.2 - https:\/\/yoast.com\/wordpress\/plugins\/seo\/ -->\n<title>Muleta infantil birregulable - Ortopedia Aleupa<\/title>\n<meta name=\"robots\" content=\"index, follow, max-snippet:-1, max-image-preview:large, max-video-preview:-1\" \/>\n<link rel=\"canonical\" href=\"https:\/\/aleupa.com\/?product=muleta-infantil-biregulable\" \/>\n<meta property=\"og:locale\" content=\"es_ES\" \/>\n<meta property=\"og:type\" content=\"article\" \/>\n<meta property=\"og:title\" content=\"Muleta infantil birregulable - Ortopedia Aleupa\" \/>\n<meta property=\"og:description\" content=\"Muletas de aluminio infantiles.\" \/>\n<meta property=\"og:url\" content=\"https:\/\/aleupa.com\/?product=muleta-infantil-biregulable\" \/>\n<meta property=\"og:site_name\" content=\"Ortopedia Aleupa\" \/>\n<meta property=\"article:modified_time\" content=\"2020-11-11T18:09:31+00:00\" \/>\n<meta property=\"og:image\" content=\"https:\/\/aleupa.com\/wp-content\/uploads\/2016\/11\/IGUELDO-e1478282141604.jpg\" \/>\n\t<meta property=\"og:image:width\" content=\"500\" \/>\n\t<meta property=\"og:image:height\" content=\"500\" \/>\n\t<meta property=\"og:image:type\" content=\"image\/jpeg\" \/>\n<meta name=\"twitter:card\" content=\"summary_large_image\" \/>\n<script type=\"application\/ld+json\" class=\"yoast-schema-graph\">{\"@context\":\"https:\/\/schema.org\",\"@graph\":[{\"@type\":\"WebPage\",\"@id\":\"https:\/\/aleupa.com\/?product=muleta-infantil-biregulable\",\"url\":\"https:\/\/aleupa.com\/?product=muleta-infantil-biregulable\",\"name\":\"Muleta infantil birregulable - Ortopedia Aleupa\",\"isPartOf\":{\"@id\":\"https:\/\/aleupa.com\/#website\"},\"primaryImageOfPage\":{\"@id\":\"https:\/\/aleupa.com\/?product=muleta-infantil-biregulable#primaryimage\"},\"image\":{\"@id\":\"https:\/\/aleupa.com\/?product=muleta-infantil-biregulable#primaryimage\"},\"thumbnailUrl\":\"https:\/\/aleupa.com\/wp-content\/uploads\/2016\/11\/IGUELDO-e1478282141604.jpg\",\"datePublished\":\"2016-11-04T18:42:51+00:00\",\"dateModified\":\"2020-11-11T18:09:31+00:00\",\"breadcrumb\":{\"@id\":\"https:\/\/aleupa.com\/?product=muleta-infantil-biregulable#breadcrumb\"},\"inLanguage\":\"es\",\"potentialAction\":[{\"@type\":\"ReadAction\",\"target\":[\"https:\/\/aleupa.com\/?product=muleta-infantil-biregulable\"]}]},{\"@type\":\"ImageObject\",\"inLanguage\":\"es\",\"@id\":\"https:\/\/aleupa.com\/?product=muleta-infantil-biregulable#primaryimage\",\"url\":\"https:\/\/aleupa.com\/wp-content\/uploads\/2016\/11\/IGUELDO-e1478282141604.jpg\",\"contentUrl\":\"https:\/\/aleupa.com\/wp-content\/uploads\/2016\/11\/IGUELDO-e1478282141604.jpg\",\"width\":500,\"height\":500},{\"@type\":\"BreadcrumbList\",\"@id\":\"https:\/\/aleupa.com\/?product=muleta-infantil-biregulable#breadcrumb\",\"itemListElement\":[{\"@type\":\"ListItem\",\"position\":1,\"name\":\"Portada\",\"item\":\"https:\/\/aleupa.com\/\"},{\"@type\":\"ListItem\",\"position\":2,\"name\":\"Tienda\",\"item\":\"https:\/\/aleupa.com\/?page_id=802\"},{\"@type\":\"ListItem\",\"position\":3,\"name\":\"Muleta infantil birregulable\"}]},{\"@type\":\"WebSite\",\"@id\":\"https:\/\/aleupa.com\/#website\",\"url\":\"https:\/\/aleupa.com\/\",\"name\":\"Ortopedia Aleupa\",\"description\":\"Ayudas a la dependencia\",\"alternateName\":\"Ortopedia en Puerto de la Cruz, Tenerife\",\"potentialAction\":[{\"@type\":\"SearchAction\",\"target\":{\"@type\":\"EntryPoint\",\"urlTemplate\":\"https:\/\/aleupa.com\/?s={search_term_string}\"},\"query-input\":{\"@type\":\"PropertyValueSpecification\",\"valueRequired\":true,\"valueName\":\"search_term_string\"}}],\"inLanguage\":\"es\"}]}<\/script>\n<!-- \/ Yoast SEO plugin. -->","yoast_head_json":{"title":"Muleta infantil birregulable - Ortopedia Aleupa","robots":{"index":"index","follow":"follow","max-snippet":"max-snippet:-1","max-image-preview":"max-image-preview:large","max-video-preview":"max-video-preview:-1"},"canonical":"https:\/\/aleupa.com\/?product=muleta-infantil-biregulable","og_locale":"es_ES","og_type":"article","og_title":"Muleta infantil birregulable - Ortopedia Aleupa","og_description":"Muletas de aluminio infantiles.","og_url":"https:\/\/aleupa.com\/?product=muleta-infantil-biregulable","og_site_name":"Ortopedia Aleupa","article_modified_time":"2020-11-11T18:09:31+00:00","og_image":[{"width":500,"height":500,"url":"https:\/\/aleupa.com\/wp-content\/uploads\/2016\/11\/IGUELDO-e1478282141604.jpg","type":"image\/jpeg"}],"twitter_card":"summary_large_image","schema":{"@context":"https:\/\/schema.org","@graph":[{"@type":"WebPage","@id":"https:\/\/aleupa.com\/?product=muleta-infantil-biregulable","url":"https:\/\/aleupa.com\/?product=muleta-infantil-biregulable","name":"Muleta infantil birregulable - Ortopedia Aleupa","isPartOf":{"@id":"https:\/\/aleupa.com\/#website"},"primaryImageOfPage":{"@id":"https:\/\/aleupa.com\/?product=muleta-infantil-biregulable#primaryimage"},"image":{"@id":"https:\/\/aleupa.com\/?product=muleta-infantil-biregulable#primaryimage"},"thumbnailUrl":"https:\/\/aleupa.com\/wp-content\/uploads\/2016\/11\/IGUELDO-e1478282141604.jpg","datePublished":"2016-11-04T18:42:51+00:00","dateModified":"2020-11-11T18:09:31+00:00","breadcrumb":{"@id":"https:\/\/aleupa.com\/?product=muleta-infantil-biregulable#breadcrumb"},"inLanguage":"es","potentialAction":[{"@type":"ReadAction","target":["https:\/\/aleupa.com\/?product=muleta-infantil-biregulable"]}]},{"@type":"ImageObject","inLanguage":"es","@id":"https:\/\/aleupa.com\/?product=muleta-infantil-biregulable#primaryimage","url":"https:\/\/aleupa.com\/wp-content\/uploads\/2016\/11\/IGUELDO-e1478282141604.jpg","contentUrl":"https:\/\/aleupa.com\/wp-content\/uploads\/2016\/11\/IGUELDO-e1478282141604.jpg","width":500,"height":500},{"@type":"BreadcrumbList","@id":"https:\/\/aleupa.com\/?product=muleta-infantil-biregulable#breadcrumb","itemListElement":[{"@type":"ListItem","position":1,"name":"Portada","item":"https:\/\/aleupa.com\/"},{"@type":"ListItem","position":2,"name":"Tienda","item":"https:\/\/aleupa.com\/?page_id=802"},{"@type":"ListItem","position":3,"name":"Muleta infantil birregulable"}]},{"@type":"WebSite","@id":"https:\/\/aleupa.com\/#website","url":"https:\/\/aleupa.com\/","name":"Ortopedia Aleupa","description":"Ayudas a la dependencia","alternateName":"Ortopedia en Puerto de la Cruz, Tenerife","potentialAction":[{"@type":"SearchAction","target":{"@type":"EntryPoint","urlTemplate":"https:\/\/aleupa.com\/?s={search_term_string}"},"query-input":{"@type":"PropertyValueSpecification","valueRequired":true,"valueName":"search_term_string"}}],"inLanguage":"es"}]}},"_links":{"self":[{"href":"https:\/\/aleupa.com\/index.php?rest_route=\/wp\/v2\/product\/1315","targetHints":{"allow":["GET"]}}],"collection":[{"href":"https:\/\/aleupa.com\/index.php?rest_route=\/wp\/v2\/product"}],"about":[{"href":"https:\/\/aleupa.com\/index.php?rest_route=\/wp\/v2\/types\/product"}],"replies":[{"embeddable":true,"href":"https:\/\/aleupa.com\/index.php?rest_route=%2Fwp%2Fv2%2Fcomments&post=1315"}],"wp:featuredmedia":[{"embeddable":true,"href":"https:\/\/aleupa.com\/index.php?rest_route=\/wp\/v2\/media\/1316"}],"wp:attachment":[{"href":"https:\/\/aleupa.com\/index.php?rest_route=%2Fwp%2Fv2%2Fmedia&parent=1315"}],"wp:term":[{"taxonomy":"product_brand","embeddable":true,"href":"https:\/\/aleupa.com\/index.php?rest_route=%2Fwp%2Fv2%2Fproduct_brand&post=1315"},{"taxonomy":"product_cat","embeddable":true,"href":"https:\/\/aleupa.com\/index.php?rest_route=%2Fwp%2Fv2%2Fproduct_cat&post=1315"},{"taxonomy":"product_tag","embeddable":true,"href":"https:\/\/aleupa.com\/index.php?rest_route=%2Fwp%2Fv2%2Fproduct_tag&post=1315"}],"curies":[{"name":"wp","href":"https:\/\/api.w.org\/{rel}","templated":true}]}}