{"id":142,"date":"2016-01-21T17:54:57","date_gmt":"2016-01-21T17:54:57","guid":{"rendered":"http:\/\/www.aleupa.com\/?post_type=product&#038;p=142"},"modified":"2020-11-17T12:27:21","modified_gmt":"2020-11-17T12:27:21","slug":"silla-de-ducha-fd20","status":"publish","type":"product","link":"https:\/\/aleupa.com\/?product=silla-de-ducha-fd20","title":{"rendered":"Silla de ducha y ba\u00f1o MOEM"},"content":{"rendered":"<ul class=\"custom-list arrows-1\">\n<li style=\"text-align: justify\">MOEM es una silla de ducha y aseo para facilitar la higiene de personas con discapacidad de movimiento.<\/li>\n<li style=\"text-align: justify\">Est\u00e1 destinada para el uso en ducha, lavabo y sobre inodoro, as\u00ed como para transportar a pacientes.<\/li>\n<li style=\"text-align: justify\">Puede usarse con pacientes de un peso m\u00e1ximo de 150 kg.<\/li>\n<li style=\"text-align: justify\">MOEM est\u00e1 considerada como producto sanitario de clase I, seg\u00fan la reglamentaci\u00f3n espa\u00f1ola de productos sanitarios vigente.<\/li>\n<\/ul>\n<p><img loading=\"lazy\" decoding=\"async\" class=\"\" src=\"https:\/\/www.infogeriatria.com\/media\/uploads\/directorio\/ficha\/LOGO_DEFINITIVO_TECNIMOEM_(002).jpg\" alt=\"Resultado de imagen de TECNIMOEM\" width=\"176\" height=\"68\" \/><\/p>\n<p>&nbsp;<\/p>\n","protected":false},"excerpt":{"rendered":"<p>Silla de ruedas para ducha y ba\u00f1o MOEM<\/p>\n","protected":false},"featured_media":2774,"comment_status":"open","ping_status":"closed","template":"","meta":{"_et_pb_use_builder":"","_et_pb_old_content":"","_et_gb_content_width":""},"product_brand":[],"product_cat":[209,18],"product_tag":[299],"class_list":{"0":"post-142","1":"product","2":"type-product","3":"status-publish","4":"has-post-thumbnail","6":"product_cat-incontinencia","7":"product_cat-ducha","8":"product_tag-sillas-de-ducha","9":"product_shipping_class-tourline-express","11":"first","12":"instock","13":"shipping-taxable","14":"purchasable","15":"product-type-simple"},"yoast_head":"<!-- This site is optimized with the Yoast SEO plugin v26.2 - https:\/\/yoast.com\/wordpress\/plugins\/seo\/ -->\n<title>Silla de ducha y ba\u00f1o MOEM - Ortopedia Aleupa<\/title>\n<meta name=\"robots\" content=\"index, follow, max-snippet:-1, max-image-preview:large, max-video-preview:-1\" \/>\n<link rel=\"canonical\" href=\"https:\/\/aleupa.com\/?product=silla-de-ducha-fd20\" \/>\n<meta property=\"og:locale\" content=\"es_ES\" \/>\n<meta property=\"og:type\" content=\"article\" \/>\n<meta property=\"og:title\" content=\"Silla de ducha y ba\u00f1o MOEM - Ortopedia Aleupa\" \/>\n<meta property=\"og:description\" content=\"Silla de ruedas para ducha y ba\u00f1o MOEM\" \/>\n<meta property=\"og:url\" content=\"https:\/\/aleupa.com\/?product=silla-de-ducha-fd20\" \/>\n<meta property=\"og:site_name\" content=\"Ortopedia Aleupa\" \/>\n<meta property=\"article:modified_time\" content=\"2020-11-17T12:27:21+00:00\" \/>\n<meta property=\"og:image\" content=\"https:\/\/aleupa.com\/wp-content\/uploads\/2016\/01\/silla_moem_detalle_1.jpg\" \/>\n\t<meta property=\"og:image:width\" content=\"500\" \/>\n\t<meta property=\"og:image:height\" content=\"500\" \/>\n\t<meta property=\"og:image:type\" content=\"image\/jpeg\" \/>\n<meta name=\"twitter:card\" content=\"summary_large_image\" \/>\n<script type=\"application\/ld+json\" class=\"yoast-schema-graph\">{\"@context\":\"https:\/\/schema.org\",\"@graph\":[{\"@type\":\"WebPage\",\"@id\":\"https:\/\/aleupa.com\/?product=silla-de-ducha-fd20\",\"url\":\"https:\/\/aleupa.com\/?product=silla-de-ducha-fd20\",\"name\":\"Silla de ducha y ba\u00f1o MOEM - Ortopedia Aleupa\",\"isPartOf\":{\"@id\":\"https:\/\/aleupa.com\/#website\"},\"primaryImageOfPage\":{\"@id\":\"https:\/\/aleupa.com\/?product=silla-de-ducha-fd20#primaryimage\"},\"image\":{\"@id\":\"https:\/\/aleupa.com\/?product=silla-de-ducha-fd20#primaryimage\"},\"thumbnailUrl\":\"https:\/\/aleupa.com\/wp-content\/uploads\/2016\/01\/silla_moem_detalle_1.jpg\",\"datePublished\":\"2016-01-21T17:54:57+00:00\",\"dateModified\":\"2020-11-17T12:27:21+00:00\",\"breadcrumb\":{\"@id\":\"https:\/\/aleupa.com\/?product=silla-de-ducha-fd20#breadcrumb\"},\"inLanguage\":\"es\",\"potentialAction\":[{\"@type\":\"ReadAction\",\"target\":[\"https:\/\/aleupa.com\/?product=silla-de-ducha-fd20\"]}]},{\"@type\":\"ImageObject\",\"inLanguage\":\"es\",\"@id\":\"https:\/\/aleupa.com\/?product=silla-de-ducha-fd20#primaryimage\",\"url\":\"https:\/\/aleupa.com\/wp-content\/uploads\/2016\/01\/silla_moem_detalle_1.jpg\",\"contentUrl\":\"https:\/\/aleupa.com\/wp-content\/uploads\/2016\/01\/silla_moem_detalle_1.jpg\",\"width\":500,\"height\":500},{\"@type\":\"BreadcrumbList\",\"@id\":\"https:\/\/aleupa.com\/?product=silla-de-ducha-fd20#breadcrumb\",\"itemListElement\":[{\"@type\":\"ListItem\",\"position\":1,\"name\":\"Portada\",\"item\":\"https:\/\/aleupa.com\/\"},{\"@type\":\"ListItem\",\"position\":2,\"name\":\"Tienda\",\"item\":\"https:\/\/aleupa.com\/?page_id=802\"},{\"@type\":\"ListItem\",\"position\":3,\"name\":\"Silla de ducha y ba\u00f1o MOEM\"}]},{\"@type\":\"WebSite\",\"@id\":\"https:\/\/aleupa.com\/#website\",\"url\":\"https:\/\/aleupa.com\/\",\"name\":\"Ortopedia Aleupa\",\"description\":\"Ayudas a la dependencia\",\"alternateName\":\"Ortopedia en Puerto de la Cruz, Tenerife\",\"potentialAction\":[{\"@type\":\"SearchAction\",\"target\":{\"@type\":\"EntryPoint\",\"urlTemplate\":\"https:\/\/aleupa.com\/?s={search_term_string}\"},\"query-input\":{\"@type\":\"PropertyValueSpecification\",\"valueRequired\":true,\"valueName\":\"search_term_string\"}}],\"inLanguage\":\"es\"}]}<\/script>\n<!-- \/ Yoast SEO plugin. -->","yoast_head_json":{"title":"Silla de ducha y ba\u00f1o MOEM - Ortopedia Aleupa","robots":{"index":"index","follow":"follow","max-snippet":"max-snippet:-1","max-image-preview":"max-image-preview:large","max-video-preview":"max-video-preview:-1"},"canonical":"https:\/\/aleupa.com\/?product=silla-de-ducha-fd20","og_locale":"es_ES","og_type":"article","og_title":"Silla de ducha y ba\u00f1o MOEM - Ortopedia Aleupa","og_description":"Silla de ruedas para ducha y ba\u00f1o MOEM","og_url":"https:\/\/aleupa.com\/?product=silla-de-ducha-fd20","og_site_name":"Ortopedia Aleupa","article_modified_time":"2020-11-17T12:27:21+00:00","og_image":[{"width":500,"height":500,"url":"https:\/\/aleupa.com\/wp-content\/uploads\/2016\/01\/silla_moem_detalle_1.jpg","type":"image\/jpeg"}],"twitter_card":"summary_large_image","schema":{"@context":"https:\/\/schema.org","@graph":[{"@type":"WebPage","@id":"https:\/\/aleupa.com\/?product=silla-de-ducha-fd20","url":"https:\/\/aleupa.com\/?product=silla-de-ducha-fd20","name":"Silla de ducha y ba\u00f1o MOEM - Ortopedia Aleupa","isPartOf":{"@id":"https:\/\/aleupa.com\/#website"},"primaryImageOfPage":{"@id":"https:\/\/aleupa.com\/?product=silla-de-ducha-fd20#primaryimage"},"image":{"@id":"https:\/\/aleupa.com\/?product=silla-de-ducha-fd20#primaryimage"},"thumbnailUrl":"https:\/\/aleupa.com\/wp-content\/uploads\/2016\/01\/silla_moem_detalle_1.jpg","datePublished":"2016-01-21T17:54:57+00:00","dateModified":"2020-11-17T12:27:21+00:00","breadcrumb":{"@id":"https:\/\/aleupa.com\/?product=silla-de-ducha-fd20#breadcrumb"},"inLanguage":"es","potentialAction":[{"@type":"ReadAction","target":["https:\/\/aleupa.com\/?product=silla-de-ducha-fd20"]}]},{"@type":"ImageObject","inLanguage":"es","@id":"https:\/\/aleupa.com\/?product=silla-de-ducha-fd20#primaryimage","url":"https:\/\/aleupa.com\/wp-content\/uploads\/2016\/01\/silla_moem_detalle_1.jpg","contentUrl":"https:\/\/aleupa.com\/wp-content\/uploads\/2016\/01\/silla_moem_detalle_1.jpg","width":500,"height":500},{"@type":"BreadcrumbList","@id":"https:\/\/aleupa.com\/?product=silla-de-ducha-fd20#breadcrumb","itemListElement":[{"@type":"ListItem","position":1,"name":"Portada","item":"https:\/\/aleupa.com\/"},{"@type":"ListItem","position":2,"name":"Tienda","item":"https:\/\/aleupa.com\/?page_id=802"},{"@type":"ListItem","position":3,"name":"Silla de ducha y ba\u00f1o MOEM"}]},{"@type":"WebSite","@id":"https:\/\/aleupa.com\/#website","url":"https:\/\/aleupa.com\/","name":"Ortopedia Aleupa","description":"Ayudas a la dependencia","alternateName":"Ortopedia en Puerto de la Cruz, Tenerife","potentialAction":[{"@type":"SearchAction","target":{"@type":"EntryPoint","urlTemplate":"https:\/\/aleupa.com\/?s={search_term_string}"},"query-input":{"@type":"PropertyValueSpecification","valueRequired":true,"valueName":"search_term_string"}}],"inLanguage":"es"}]}},"_links":{"self":[{"href":"https:\/\/aleupa.com\/index.php?rest_route=\/wp\/v2\/product\/142","targetHints":{"allow":["GET"]}}],"collection":[{"href":"https:\/\/aleupa.com\/index.php?rest_route=\/wp\/v2\/product"}],"about":[{"href":"https:\/\/aleupa.com\/index.php?rest_route=\/wp\/v2\/types\/product"}],"replies":[{"embeddable":true,"href":"https:\/\/aleupa.com\/index.php?rest_route=%2Fwp%2Fv2%2Fcomments&post=142"}],"wp:featuredmedia":[{"embeddable":true,"href":"https:\/\/aleupa.com\/index.php?rest_route=\/wp\/v2\/media\/2774"}],"wp:attachment":[{"href":"https:\/\/aleupa.com\/index.php?rest_route=%2Fwp%2Fv2%2Fmedia&parent=142"}],"wp:term":[{"taxonomy":"product_brand","embeddable":true,"href":"https:\/\/aleupa.com\/index.php?rest_route=%2Fwp%2Fv2%2Fproduct_brand&post=142"},{"taxonomy":"product_cat","embeddable":true,"href":"https:\/\/aleupa.com\/index.php?rest_route=%2Fwp%2Fv2%2Fproduct_cat&post=142"},{"taxonomy":"product_tag","embeddable":true,"href":"https:\/\/aleupa.com\/index.php?rest_route=%2Fwp%2Fv2%2Fproduct_tag&post=142"}],"curies":[{"name":"wp","href":"https:\/\/api.w.org\/{rel}","templated":true}]}}