{"id":1420,"date":"2017-02-07T20:03:51","date_gmt":"2017-02-07T20:03:51","guid":{"rendered":"http:\/\/www.aleupa.com\/?post_type=product&#038;p=1420"},"modified":"2020-11-11T17:53:12","modified_gmt":"2020-11-11T17:53:12","slug":"andador-de-aluminio-con-freno-por-presion","status":"publish","type":"product","link":"https:\/\/aleupa.com\/?product=andador-de-aluminio-con-freno-por-presion","title":{"rendered":"Andador de aluminio con freno por presi\u00f3n"},"content":{"rendered":"<div class=\"pro-desc-wrap wow fadeInLeft\">\n<div class=\"pro-desc-txt\">\n<p class=\"txtNormal\">El Rollator Classic de Freno por Presi\u00f3n es ideal para realizar desplazamientos m\u00e1s largos.<\/p>\n<p class=\"txtNormal\">Cuenta con un sistema de freno por presi\u00f3n que permite detener el rollator con tan solo presionarlo.<\/p>\n<\/div>\n<\/div>\n<p>Sistema de freno que activa la contera al presionar la empu\u00f1adura. Dispone de dos ruedas traseras para mayor estabilidad<\/p>\n<p>Asiento acolchado con bolsillo para documentaci\u00f3n.<\/p>\n<p>Cesta portaobjetos con posibilidad de colocarla en dos posiciones.<\/p>\n<p>Pu\u00f1os ergon\u00f3micos y regulables en altura.<\/p>\n<p>Plegable para su almacenamiento.<\/p>\n<p>Especificaciones t\u00e9cnicas:<\/p>\n<table class=\"pro-table-spe\">\n<tbody>\n<tr>\n<th>Dimensiones (largo x ancho x alto)<\/th>\n<td>61 x 62,5 x 79 &#8211; 90 cm<\/td>\n<\/tr>\n<tr>\n<th>Peso del producto<\/th>\n<td>7,2 Kg<\/td>\n<\/tr>\n<tr>\n<th>Material<\/th>\n<td>Aluminio<\/td>\n<\/tr>\n<tr>\n<th>Medidas del asiento (largo x ancho)<\/th>\n<td>32 x 35 cm<\/td>\n<\/tr>\n<tr>\n<th>Altura del suelo al asiento<\/th>\n<td>55 cm<\/td>\n<\/tr>\n<tr>\n<th>Plegable<\/th>\n<td>S\u00ed<\/td>\n<\/tr>\n<tr>\n<th>Regulable<\/th>\n<td>6 posiciones<\/td>\n<\/tr>\n<tr>\n<th>Peso m\u00e1ximo soportado<\/th>\n<td>100 Kg.<\/td>\n<\/tr>\n<\/tbody>\n<\/table>\n<p><img loading=\"lazy\" decoding=\"async\" class=\"\" src=\"https:\/\/www.apexmedicalcorp.com\/templates\/default\/images\/logoC.svg\" width=\"153\" height=\"54\" \/><\/p>\n<p>&nbsp;<\/p>\n","protected":false},"excerpt":{"rendered":"<p>El Rollator Classic de Freno por Presi\u00f3n es ideal para realizar desplazamientos m\u00e1s largos. Cuenta con un sistema de freno por presi\u00f3n que permite detener el rollator con tan solo presionarlo. Sistema de freno que activa la contera al presionar la empu\u00f1adura. Dispone de dos ruedas traseras para mayor estabilidad Asiento acolchado con bolsillo para [&hellip;]<\/p>\n","protected":false},"featured_media":4508,"comment_status":"open","ping_status":"closed","template":"","meta":{"_et_pb_use_builder":"","_et_pb_old_content":"","_et_gb_content_width":""},"product_brand":[],"product_cat":[576],"product_tag":[282],"class_list":{"0":"post-1420","1":"product","2":"type-product","3":"status-publish","4":"has-post-thumbnail","6":"product_cat-andador-con-4-ruedas-rollator","7":"product_tag-andadores","9":"first","10":"instock","11":"sale","12":"shipping-taxable","13":"purchasable","14":"product-type-simple"},"yoast_head":"<!-- This site is optimized with the Yoast SEO plugin v26.2 - https:\/\/yoast.com\/wordpress\/plugins\/seo\/ -->\n<title>Andador de aluminio con freno por presi\u00f3n - Ortopedia Aleupa<\/title>\n<meta name=\"robots\" content=\"index, follow, max-snippet:-1, max-image-preview:large, max-video-preview:-1\" \/>\n<link rel=\"canonical\" href=\"https:\/\/aleupa.com\/?product=andador-de-aluminio-con-freno-por-presion\" \/>\n<meta property=\"og:locale\" content=\"es_ES\" \/>\n<meta property=\"og:type\" content=\"article\" \/>\n<meta property=\"og:title\" content=\"Andador de aluminio con freno por presi\u00f3n - Ortopedia Aleupa\" \/>\n<meta property=\"og:description\" content=\"El Rollator Classic de Freno por Presi\u00f3n es ideal para realizar desplazamientos m\u00e1s largos. Cuenta con un sistema de freno por presi\u00f3n que permite detener el rollator con tan solo presionarlo. Sistema de freno que activa la contera al presionar la empu\u00f1adura. Dispone de dos ruedas traseras para mayor estabilidad Asiento acolchado con bolsillo para [&hellip;]\" \/>\n<meta property=\"og:url\" content=\"https:\/\/aleupa.com\/?product=andador-de-aluminio-con-freno-por-presion\" \/>\n<meta property=\"og:site_name\" content=\"Ortopedia Aleupa\" \/>\n<meta property=\"article:modified_time\" content=\"2020-11-11T17:53:12+00:00\" \/>\n<meta property=\"og:image\" content=\"https:\/\/aleupa.com\/wp-content\/uploads\/2017\/02\/Rollator-Classic-Freno-po-Presion_P_1.jpg\" \/>\n\t<meta property=\"og:image:width\" content=\"500\" \/>\n\t<meta property=\"og:image:height\" content=\"500\" \/>\n\t<meta property=\"og:image:type\" content=\"image\/jpeg\" \/>\n<meta name=\"twitter:card\" content=\"summary_large_image\" \/>\n<meta name=\"twitter:label1\" content=\"Tiempo de lectura\" \/>\n\t<meta name=\"twitter:data1\" content=\"1 minuto\" \/>\n<script type=\"application\/ld+json\" class=\"yoast-schema-graph\">{\"@context\":\"https:\/\/schema.org\",\"@graph\":[{\"@type\":\"WebPage\",\"@id\":\"https:\/\/aleupa.com\/?product=andador-de-aluminio-con-freno-por-presion\",\"url\":\"https:\/\/aleupa.com\/?product=andador-de-aluminio-con-freno-por-presion\",\"name\":\"Andador de aluminio con freno por presi\u00f3n - Ortopedia Aleupa\",\"isPartOf\":{\"@id\":\"https:\/\/aleupa.com\/#website\"},\"primaryImageOfPage\":{\"@id\":\"https:\/\/aleupa.com\/?product=andador-de-aluminio-con-freno-por-presion#primaryimage\"},\"image\":{\"@id\":\"https:\/\/aleupa.com\/?product=andador-de-aluminio-con-freno-por-presion#primaryimage\"},\"thumbnailUrl\":\"https:\/\/aleupa.com\/wp-content\/uploads\/2017\/02\/Rollator-Classic-Freno-po-Presion_P_1.jpg\",\"datePublished\":\"2017-02-07T20:03:51+00:00\",\"dateModified\":\"2020-11-11T17:53:12+00:00\",\"breadcrumb\":{\"@id\":\"https:\/\/aleupa.com\/?product=andador-de-aluminio-con-freno-por-presion#breadcrumb\"},\"inLanguage\":\"es\",\"potentialAction\":[{\"@type\":\"ReadAction\",\"target\":[\"https:\/\/aleupa.com\/?product=andador-de-aluminio-con-freno-por-presion\"]}]},{\"@type\":\"ImageObject\",\"inLanguage\":\"es\",\"@id\":\"https:\/\/aleupa.com\/?product=andador-de-aluminio-con-freno-por-presion#primaryimage\",\"url\":\"https:\/\/aleupa.com\/wp-content\/uploads\/2017\/02\/Rollator-Classic-Freno-po-Presion_P_1.jpg\",\"contentUrl\":\"https:\/\/aleupa.com\/wp-content\/uploads\/2017\/02\/Rollator-Classic-Freno-po-Presion_P_1.jpg\",\"width\":500,\"height\":500},{\"@type\":\"BreadcrumbList\",\"@id\":\"https:\/\/aleupa.com\/?product=andador-de-aluminio-con-freno-por-presion#breadcrumb\",\"itemListElement\":[{\"@type\":\"ListItem\",\"position\":1,\"name\":\"Portada\",\"item\":\"https:\/\/aleupa.com\/\"},{\"@type\":\"ListItem\",\"position\":2,\"name\":\"Tienda\",\"item\":\"https:\/\/aleupa.com\/?page_id=802\"},{\"@type\":\"ListItem\",\"position\":3,\"name\":\"Andador de aluminio con freno por presi\u00f3n\"}]},{\"@type\":\"WebSite\",\"@id\":\"https:\/\/aleupa.com\/#website\",\"url\":\"https:\/\/aleupa.com\/\",\"name\":\"Ortopedia Aleupa\",\"description\":\"Ayudas a la dependencia\",\"alternateName\":\"Ortopedia en Puerto de la Cruz, Tenerife\",\"potentialAction\":[{\"@type\":\"SearchAction\",\"target\":{\"@type\":\"EntryPoint\",\"urlTemplate\":\"https:\/\/aleupa.com\/?s={search_term_string}\"},\"query-input\":{\"@type\":\"PropertyValueSpecification\",\"valueRequired\":true,\"valueName\":\"search_term_string\"}}],\"inLanguage\":\"es\"}]}<\/script>\n<!-- \/ Yoast SEO plugin. -->","yoast_head_json":{"title":"Andador de aluminio con freno por presi\u00f3n - Ortopedia Aleupa","robots":{"index":"index","follow":"follow","max-snippet":"max-snippet:-1","max-image-preview":"max-image-preview:large","max-video-preview":"max-video-preview:-1"},"canonical":"https:\/\/aleupa.com\/?product=andador-de-aluminio-con-freno-por-presion","og_locale":"es_ES","og_type":"article","og_title":"Andador de aluminio con freno por presi\u00f3n - Ortopedia Aleupa","og_description":"El Rollator Classic de Freno por Presi\u00f3n es ideal para realizar desplazamientos m\u00e1s largos. Cuenta con un sistema de freno por presi\u00f3n que permite detener el rollator con tan solo presionarlo. Sistema de freno que activa la contera al presionar la empu\u00f1adura. Dispone de dos ruedas traseras para mayor estabilidad Asiento acolchado con bolsillo para [&hellip;]","og_url":"https:\/\/aleupa.com\/?product=andador-de-aluminio-con-freno-por-presion","og_site_name":"Ortopedia Aleupa","article_modified_time":"2020-11-11T17:53:12+00:00","og_image":[{"width":500,"height":500,"url":"https:\/\/aleupa.com\/wp-content\/uploads\/2017\/02\/Rollator-Classic-Freno-po-Presion_P_1.jpg","type":"image\/jpeg"}],"twitter_card":"summary_large_image","twitter_misc":{"Tiempo de lectura":"1 minuto"},"schema":{"@context":"https:\/\/schema.org","@graph":[{"@type":"WebPage","@id":"https:\/\/aleupa.com\/?product=andador-de-aluminio-con-freno-por-presion","url":"https:\/\/aleupa.com\/?product=andador-de-aluminio-con-freno-por-presion","name":"Andador de aluminio con freno por presi\u00f3n - Ortopedia Aleupa","isPartOf":{"@id":"https:\/\/aleupa.com\/#website"},"primaryImageOfPage":{"@id":"https:\/\/aleupa.com\/?product=andador-de-aluminio-con-freno-por-presion#primaryimage"},"image":{"@id":"https:\/\/aleupa.com\/?product=andador-de-aluminio-con-freno-por-presion#primaryimage"},"thumbnailUrl":"https:\/\/aleupa.com\/wp-content\/uploads\/2017\/02\/Rollator-Classic-Freno-po-Presion_P_1.jpg","datePublished":"2017-02-07T20:03:51+00:00","dateModified":"2020-11-11T17:53:12+00:00","breadcrumb":{"@id":"https:\/\/aleupa.com\/?product=andador-de-aluminio-con-freno-por-presion#breadcrumb"},"inLanguage":"es","potentialAction":[{"@type":"ReadAction","target":["https:\/\/aleupa.com\/?product=andador-de-aluminio-con-freno-por-presion"]}]},{"@type":"ImageObject","inLanguage":"es","@id":"https:\/\/aleupa.com\/?product=andador-de-aluminio-con-freno-por-presion#primaryimage","url":"https:\/\/aleupa.com\/wp-content\/uploads\/2017\/02\/Rollator-Classic-Freno-po-Presion_P_1.jpg","contentUrl":"https:\/\/aleupa.com\/wp-content\/uploads\/2017\/02\/Rollator-Classic-Freno-po-Presion_P_1.jpg","width":500,"height":500},{"@type":"BreadcrumbList","@id":"https:\/\/aleupa.com\/?product=andador-de-aluminio-con-freno-por-presion#breadcrumb","itemListElement":[{"@type":"ListItem","position":1,"name":"Portada","item":"https:\/\/aleupa.com\/"},{"@type":"ListItem","position":2,"name":"Tienda","item":"https:\/\/aleupa.com\/?page_id=802"},{"@type":"ListItem","position":3,"name":"Andador de aluminio con freno por presi\u00f3n"}]},{"@type":"WebSite","@id":"https:\/\/aleupa.com\/#website","url":"https:\/\/aleupa.com\/","name":"Ortopedia Aleupa","description":"Ayudas a la dependencia","alternateName":"Ortopedia en Puerto de la Cruz, Tenerife","potentialAction":[{"@type":"SearchAction","target":{"@type":"EntryPoint","urlTemplate":"https:\/\/aleupa.com\/?s={search_term_string}"},"query-input":{"@type":"PropertyValueSpecification","valueRequired":true,"valueName":"search_term_string"}}],"inLanguage":"es"}]}},"_links":{"self":[{"href":"https:\/\/aleupa.com\/index.php?rest_route=\/wp\/v2\/product\/1420","targetHints":{"allow":["GET"]}}],"collection":[{"href":"https:\/\/aleupa.com\/index.php?rest_route=\/wp\/v2\/product"}],"about":[{"href":"https:\/\/aleupa.com\/index.php?rest_route=\/wp\/v2\/types\/product"}],"replies":[{"embeddable":true,"href":"https:\/\/aleupa.com\/index.php?rest_route=%2Fwp%2Fv2%2Fcomments&post=1420"}],"wp:featuredmedia":[{"embeddable":true,"href":"https:\/\/aleupa.com\/index.php?rest_route=\/wp\/v2\/media\/4508"}],"wp:attachment":[{"href":"https:\/\/aleupa.com\/index.php?rest_route=%2Fwp%2Fv2%2Fmedia&parent=1420"}],"wp:term":[{"taxonomy":"product_brand","embeddable":true,"href":"https:\/\/aleupa.com\/index.php?rest_route=%2Fwp%2Fv2%2Fproduct_brand&post=1420"},{"taxonomy":"product_cat","embeddable":true,"href":"https:\/\/aleupa.com\/index.php?rest_route=%2Fwp%2Fv2%2Fproduct_cat&post=1420"},{"taxonomy":"product_tag","embeddable":true,"href":"https:\/\/aleupa.com\/index.php?rest_route=%2Fwp%2Fv2%2Fproduct_tag&post=1420"}],"curies":[{"name":"wp","href":"https:\/\/api.w.org\/{rel}","templated":true}]}}