{"id":1459,"date":"2017-02-09T18:22:01","date_gmt":"2017-02-09T18:22:01","guid":{"rendered":"http:\/\/www.aleupa.com\/?post_type=product&#038;p=1459"},"modified":"2021-09-10T17:22:36","modified_gmt":"2021-09-10T17:22:36","slug":"rollator-ergo","status":"publish","type":"product","link":"https:\/\/aleupa.com\/?product=rollator-ergo","title":{"rendered":"Rollator \u00abNova\u00bb"},"content":{"rendered":"<p>Versi\u00f3n m\u00e1s ligera y maniobrable del cl\u00e1sico rollator.<\/p>\n<p>Fabricado en aluminio, es muy f\u00e1cil de plegar y guardar.<\/p>\n<p>Adecuado para su uso tanto en interiores como en exteriores.<\/p>\n<p>Los frenos traseros integrados en la horquilla.<\/p>\n<p>Cesta de lona situada debajo del asiento y soporte para bastones inclu\u00eddo.<\/p>\n<p>Empu\u00f1aduras de altura regulable. \u00a0Seis posiciones de regulaci\u00f3n a intervalos de 2,5 cm. permiten variar la altura del andador de 83 a 95 cm.<\/p>\n<p>Adecuado para su uso tanto en interiores como en exteriores.<\/p>\n<p>Respaldo foamizado abatible que facilita optimiza el \u00a0plegado sin necesidad de desmontarlo.<\/p>\n<p>Provisto de asiento acolchado de 36&#215;33 cm. y situado a 55 cm. de altura desde el suelo.<\/p>\n<p>4 ruedas de 20 cm de di\u00e1metro x 32 mm. de ancho<\/p>\n<p>Ancho total:\u00a0 64 cm.<\/p>\n<p>Pronfundidad: \u00a071 cm.<\/p>\n<p>Peso: \u00a07,7 Kg.<\/p>\n<p>Peso m\u00e1ximo del usuario: \u00a0100 Kg.<\/p>\n<p><img loading=\"lazy\" decoding=\"async\" class=\"\" src=\"https:\/\/www.ortopediasilvio.com\/img\/cms\/sat-ayudas.jpg\" alt=\"Resultado de imagen de ayudas dinamicas\" width=\"225\" height=\"85\" \/><\/p>\n","protected":false},"excerpt":{"rendered":"<p>Rolator de aluminio con cuatro ruedas con frenos, asiento y respaldo.<\/p>\n","protected":false},"featured_media":5200,"comment_status":"open","ping_status":"closed","template":"","meta":{"_et_pb_use_builder":"","_et_pb_old_content":"","_et_gb_content_width":""},"product_brand":[],"product_cat":[576],"product_tag":[282],"class_list":{"0":"post-1459","1":"product","2":"type-product","3":"status-publish","4":"has-post-thumbnail","6":"product_cat-andador-con-4-ruedas-rollator","7":"product_tag-andadores","9":"first","10":"instock","11":"shipping-taxable","12":"purchasable","13":"product-type-simple"},"yoast_head":"<!-- This site is optimized with the Yoast SEO plugin v26.2 - https:\/\/yoast.com\/wordpress\/plugins\/seo\/ -->\n<title>Rollator &quot;Nova&quot; - Ortopedia Aleupa<\/title>\n<meta name=\"robots\" content=\"index, follow, max-snippet:-1, max-image-preview:large, max-video-preview:-1\" \/>\n<link rel=\"canonical\" href=\"https:\/\/aleupa.com\/?product=rollator-ergo\" \/>\n<meta property=\"og:locale\" content=\"es_ES\" \/>\n<meta property=\"og:type\" content=\"article\" \/>\n<meta property=\"og:title\" content=\"Rollator &quot;Nova&quot; - Ortopedia Aleupa\" \/>\n<meta property=\"og:description\" content=\"Rolator de aluminio con cuatro ruedas con frenos, asiento y respaldo.\" \/>\n<meta property=\"og:url\" content=\"https:\/\/aleupa.com\/?product=rollator-ergo\" \/>\n<meta property=\"og:site_name\" content=\"Ortopedia Aleupa\" \/>\n<meta property=\"article:modified_time\" content=\"2021-09-10T17:22:36+00:00\" \/>\n<meta property=\"og:image\" content=\"https:\/\/aleupa.com\/wp-content\/uploads\/2017\/02\/rollator-de-aluminio-nova-01.jpg\" \/>\n\t<meta property=\"og:image:width\" content=\"500\" \/>\n\t<meta property=\"og:image:height\" content=\"500\" \/>\n\t<meta property=\"og:image:type\" content=\"image\/jpeg\" \/>\n<meta name=\"twitter:card\" content=\"summary_large_image\" \/>\n<meta name=\"twitter:label1\" content=\"Tiempo de lectura\" \/>\n\t<meta name=\"twitter:data1\" content=\"1 minuto\" \/>\n<script type=\"application\/ld+json\" class=\"yoast-schema-graph\">{\"@context\":\"https:\/\/schema.org\",\"@graph\":[{\"@type\":\"WebPage\",\"@id\":\"https:\/\/aleupa.com\/?product=rollator-ergo\",\"url\":\"https:\/\/aleupa.com\/?product=rollator-ergo\",\"name\":\"Rollator \\\"Nova\\\" - Ortopedia Aleupa\",\"isPartOf\":{\"@id\":\"https:\/\/aleupa.com\/#website\"},\"primaryImageOfPage\":{\"@id\":\"https:\/\/aleupa.com\/?product=rollator-ergo#primaryimage\"},\"image\":{\"@id\":\"https:\/\/aleupa.com\/?product=rollator-ergo#primaryimage\"},\"thumbnailUrl\":\"https:\/\/aleupa.com\/wp-content\/uploads\/2017\/02\/rollator-de-aluminio-nova-01.jpg\",\"datePublished\":\"2017-02-09T18:22:01+00:00\",\"dateModified\":\"2021-09-10T17:22:36+00:00\",\"breadcrumb\":{\"@id\":\"https:\/\/aleupa.com\/?product=rollator-ergo#breadcrumb\"},\"inLanguage\":\"es\",\"potentialAction\":[{\"@type\":\"ReadAction\",\"target\":[\"https:\/\/aleupa.com\/?product=rollator-ergo\"]}]},{\"@type\":\"ImageObject\",\"inLanguage\":\"es\",\"@id\":\"https:\/\/aleupa.com\/?product=rollator-ergo#primaryimage\",\"url\":\"https:\/\/aleupa.com\/wp-content\/uploads\/2017\/02\/rollator-de-aluminio-nova-01.jpg\",\"contentUrl\":\"https:\/\/aleupa.com\/wp-content\/uploads\/2017\/02\/rollator-de-aluminio-nova-01.jpg\",\"width\":500,\"height\":500},{\"@type\":\"BreadcrumbList\",\"@id\":\"https:\/\/aleupa.com\/?product=rollator-ergo#breadcrumb\",\"itemListElement\":[{\"@type\":\"ListItem\",\"position\":1,\"name\":\"Portada\",\"item\":\"https:\/\/aleupa.com\/\"},{\"@type\":\"ListItem\",\"position\":2,\"name\":\"Tienda\",\"item\":\"https:\/\/aleupa.com\/?page_id=802\"},{\"@type\":\"ListItem\",\"position\":3,\"name\":\"Rollator \u00abNova\u00bb\"}]},{\"@type\":\"WebSite\",\"@id\":\"https:\/\/aleupa.com\/#website\",\"url\":\"https:\/\/aleupa.com\/\",\"name\":\"Ortopedia Aleupa\",\"description\":\"Ayudas a la dependencia\",\"alternateName\":\"Ortopedia en Puerto de la Cruz, Tenerife\",\"potentialAction\":[{\"@type\":\"SearchAction\",\"target\":{\"@type\":\"EntryPoint\",\"urlTemplate\":\"https:\/\/aleupa.com\/?s={search_term_string}\"},\"query-input\":{\"@type\":\"PropertyValueSpecification\",\"valueRequired\":true,\"valueName\":\"search_term_string\"}}],\"inLanguage\":\"es\"}]}<\/script>\n<!-- \/ Yoast SEO plugin. -->","yoast_head_json":{"title":"Rollator \"Nova\" - Ortopedia Aleupa","robots":{"index":"index","follow":"follow","max-snippet":"max-snippet:-1","max-image-preview":"max-image-preview:large","max-video-preview":"max-video-preview:-1"},"canonical":"https:\/\/aleupa.com\/?product=rollator-ergo","og_locale":"es_ES","og_type":"article","og_title":"Rollator \"Nova\" - Ortopedia Aleupa","og_description":"Rolator de aluminio con cuatro ruedas con frenos, asiento y respaldo.","og_url":"https:\/\/aleupa.com\/?product=rollator-ergo","og_site_name":"Ortopedia Aleupa","article_modified_time":"2021-09-10T17:22:36+00:00","og_image":[{"width":500,"height":500,"url":"https:\/\/aleupa.com\/wp-content\/uploads\/2017\/02\/rollator-de-aluminio-nova-01.jpg","type":"image\/jpeg"}],"twitter_card":"summary_large_image","twitter_misc":{"Tiempo de lectura":"1 minuto"},"schema":{"@context":"https:\/\/schema.org","@graph":[{"@type":"WebPage","@id":"https:\/\/aleupa.com\/?product=rollator-ergo","url":"https:\/\/aleupa.com\/?product=rollator-ergo","name":"Rollator \"Nova\" - Ortopedia Aleupa","isPartOf":{"@id":"https:\/\/aleupa.com\/#website"},"primaryImageOfPage":{"@id":"https:\/\/aleupa.com\/?product=rollator-ergo#primaryimage"},"image":{"@id":"https:\/\/aleupa.com\/?product=rollator-ergo#primaryimage"},"thumbnailUrl":"https:\/\/aleupa.com\/wp-content\/uploads\/2017\/02\/rollator-de-aluminio-nova-01.jpg","datePublished":"2017-02-09T18:22:01+00:00","dateModified":"2021-09-10T17:22:36+00:00","breadcrumb":{"@id":"https:\/\/aleupa.com\/?product=rollator-ergo#breadcrumb"},"inLanguage":"es","potentialAction":[{"@type":"ReadAction","target":["https:\/\/aleupa.com\/?product=rollator-ergo"]}]},{"@type":"ImageObject","inLanguage":"es","@id":"https:\/\/aleupa.com\/?product=rollator-ergo#primaryimage","url":"https:\/\/aleupa.com\/wp-content\/uploads\/2017\/02\/rollator-de-aluminio-nova-01.jpg","contentUrl":"https:\/\/aleupa.com\/wp-content\/uploads\/2017\/02\/rollator-de-aluminio-nova-01.jpg","width":500,"height":500},{"@type":"BreadcrumbList","@id":"https:\/\/aleupa.com\/?product=rollator-ergo#breadcrumb","itemListElement":[{"@type":"ListItem","position":1,"name":"Portada","item":"https:\/\/aleupa.com\/"},{"@type":"ListItem","position":2,"name":"Tienda","item":"https:\/\/aleupa.com\/?page_id=802"},{"@type":"ListItem","position":3,"name":"Rollator \u00abNova\u00bb"}]},{"@type":"WebSite","@id":"https:\/\/aleupa.com\/#website","url":"https:\/\/aleupa.com\/","name":"Ortopedia Aleupa","description":"Ayudas a la dependencia","alternateName":"Ortopedia en Puerto de la Cruz, Tenerife","potentialAction":[{"@type":"SearchAction","target":{"@type":"EntryPoint","urlTemplate":"https:\/\/aleupa.com\/?s={search_term_string}"},"query-input":{"@type":"PropertyValueSpecification","valueRequired":true,"valueName":"search_term_string"}}],"inLanguage":"es"}]}},"_links":{"self":[{"href":"https:\/\/aleupa.com\/index.php?rest_route=\/wp\/v2\/product\/1459","targetHints":{"allow":["GET"]}}],"collection":[{"href":"https:\/\/aleupa.com\/index.php?rest_route=\/wp\/v2\/product"}],"about":[{"href":"https:\/\/aleupa.com\/index.php?rest_route=\/wp\/v2\/types\/product"}],"replies":[{"embeddable":true,"href":"https:\/\/aleupa.com\/index.php?rest_route=%2Fwp%2Fv2%2Fcomments&post=1459"}],"wp:featuredmedia":[{"embeddable":true,"href":"https:\/\/aleupa.com\/index.php?rest_route=\/wp\/v2\/media\/5200"}],"wp:attachment":[{"href":"https:\/\/aleupa.com\/index.php?rest_route=%2Fwp%2Fv2%2Fmedia&parent=1459"}],"wp:term":[{"taxonomy":"product_brand","embeddable":true,"href":"https:\/\/aleupa.com\/index.php?rest_route=%2Fwp%2Fv2%2Fproduct_brand&post=1459"},{"taxonomy":"product_cat","embeddable":true,"href":"https:\/\/aleupa.com\/index.php?rest_route=%2Fwp%2Fv2%2Fproduct_cat&post=1459"},{"taxonomy":"product_tag","embeddable":true,"href":"https:\/\/aleupa.com\/index.php?rest_route=%2Fwp%2Fv2%2Fproduct_tag&post=1459"}],"curies":[{"name":"wp","href":"https:\/\/api.w.org\/{rel}","templated":true}]}}