{"id":1782,"date":"2017-03-02T19:42:23","date_gmt":"2017-03-02T19:42:23","guid":{"rendered":"http:\/\/www.aleupa.com\/?post_type=product&#038;p=1782"},"modified":"2020-11-05T19:24:38","modified_gmt":"2020-11-05T19:24:38","slug":"silla-ultraligera-ergo-lite","status":"publish","type":"product","link":"https:\/\/aleupa.com\/?product=silla-ultraligera-ergo-lite","title":{"rendered":"Silla ultraligera Ergo-Lite"},"content":{"rendered":"<p style=\"text-align: justify;\">La silla de ruedas <strong>Ergo Lite<\/strong> es una silla ultraligera, no autopropulsable que pesa solamente<strong> 8,5<\/strong>\u00a0<strong>Kg.\u00a0<\/strong><\/p>\n<p style=\"text-align: justify;\">Es\u00a0compacta, confortable y a la vez robusta por lo que resulta atractiva tanto para el usuario como para su acompa\u00f1ante y es la opci\u00f3n ideal para los que necesitan una soluci\u00f3n simple para moverse.<\/p>\n<p style=\"text-align: justify;\">Equipada con el sistema de<strong> asiento<\/strong> inovador <strong>S-Ergo<\/strong>. \u00a0La forma en S del asiento reduce en un 14% las presiones del usuario y adem\u00e1s de permitir mejor postura sentado, evita deslizamientos involuntarios.<\/p>\n<p style=\"text-align: justify;\"><strong>Freno de asistencia<\/strong> muy \u00fatil para el acompa\u00f1ante con sistema de tres posiciones para ayudar en bajadas prolongadas y desbloqueo r\u00e1pido del mismo cuando ya no es necesario.<\/p>\n<p style=\"text-align: justify;\"><strong>Respaldo partido<\/strong> que permite un plegado adicional del respaldo, facilitando su transporte incluso en los maleteros m\u00e1s peque\u00f1os.<\/p>\n<p style=\"text-align: justify;\"><strong>Reposabrazos fijos<\/strong> de escritorio que facilitan la aproximaci\u00f3n a una mesa.<\/p>\n<p style=\"text-align: justify;\">Laterales textiles que permiten una mayor flexibilidad en la elecci\u00f3n de la talla adecuada. \u00a0Evitan la presi\u00f3n lateral y sus molestias.<\/p>\n<p style=\"text-align: justify;\"><strong>Reposapies fijos.<\/strong><\/p>\n<p style=\"text-align: justify;\">Anchos de asiento disponibles: \u00a041 y 46 cm.<\/p>\n<p><img loading=\"lazy\" decoding=\"async\" class=\"\" src=\"http:\/\/www.independentliving.co.uk\/wp-content\/uploads\/2014\/01\/karma-logo.jpg\" alt=\"Resultado de imagen de karma mobility\" width=\"196\" height=\"80\" \/><\/p>\n<p>&nbsp;<\/p>\n<p>&nbsp;<\/p>\n","protected":false},"excerpt":{"rendered":"<p>Silla plegable de aluminio ultraligera.<\/p>\n","protected":false},"featured_media":2705,"comment_status":"open","ping_status":"closed","template":"","meta":{"_et_pb_use_builder":"","_et_pb_old_content":"","_et_gb_content_width":""},"product_brand":[],"product_cat":[587],"product_tag":[494,305,495],"class_list":{"0":"post-1782","1":"product","2":"type-product","3":"status-publish","4":"has-post-thumbnail","6":"product_cat-sillas-plegables","7":"product_tag-aluminio","8":"product_tag-silla-manual","9":"product_tag-ultraligera","11":"first","12":"onbackorder","13":"shipping-taxable","14":"product-type-variable"},"yoast_head":"<!-- This site is optimized with the Yoast SEO plugin v26.2 - https:\/\/yoast.com\/wordpress\/plugins\/seo\/ -->\n<title>Silla ultraligera Ergo-Lite - Ortopedia Aleupa<\/title>\n<meta name=\"robots\" content=\"index, follow, max-snippet:-1, max-image-preview:large, max-video-preview:-1\" \/>\n<link rel=\"canonical\" href=\"https:\/\/aleupa.com\/?product=silla-ultraligera-ergo-lite\" \/>\n<meta property=\"og:locale\" content=\"es_ES\" \/>\n<meta property=\"og:type\" content=\"article\" \/>\n<meta property=\"og:title\" content=\"Silla ultraligera Ergo-Lite - Ortopedia Aleupa\" \/>\n<meta property=\"og:description\" content=\"Silla plegable de aluminio ultraligera.\" \/>\n<meta property=\"og:url\" content=\"https:\/\/aleupa.com\/?product=silla-ultraligera-ergo-lite\" \/>\n<meta property=\"og:site_name\" content=\"Ortopedia Aleupa\" \/>\n<meta property=\"article:modified_time\" content=\"2020-11-05T19:24:38+00:00\" \/>\n<meta property=\"og:image\" content=\"https:\/\/aleupa.com\/wp-content\/uploads\/2017\/03\/ERGOLITE.jpg\" \/>\n\t<meta property=\"og:image:width\" content=\"500\" \/>\n\t<meta property=\"og:image:height\" content=\"500\" \/>\n\t<meta property=\"og:image:type\" content=\"image\/jpeg\" \/>\n<meta name=\"twitter:card\" content=\"summary_large_image\" \/>\n<meta name=\"twitter:label1\" content=\"Tiempo de lectura\" \/>\n\t<meta name=\"twitter:data1\" content=\"1 minuto\" \/>\n<script type=\"application\/ld+json\" class=\"yoast-schema-graph\">{\"@context\":\"https:\/\/schema.org\",\"@graph\":[{\"@type\":\"WebPage\",\"@id\":\"https:\/\/aleupa.com\/?product=silla-ultraligera-ergo-lite\",\"url\":\"https:\/\/aleupa.com\/?product=silla-ultraligera-ergo-lite\",\"name\":\"Silla ultraligera Ergo-Lite - Ortopedia Aleupa\",\"isPartOf\":{\"@id\":\"https:\/\/aleupa.com\/#website\"},\"primaryImageOfPage\":{\"@id\":\"https:\/\/aleupa.com\/?product=silla-ultraligera-ergo-lite#primaryimage\"},\"image\":{\"@id\":\"https:\/\/aleupa.com\/?product=silla-ultraligera-ergo-lite#primaryimage\"},\"thumbnailUrl\":\"https:\/\/aleupa.com\/wp-content\/uploads\/2017\/03\/ERGOLITE.jpg\",\"datePublished\":\"2017-03-02T19:42:23+00:00\",\"dateModified\":\"2020-11-05T19:24:38+00:00\",\"breadcrumb\":{\"@id\":\"https:\/\/aleupa.com\/?product=silla-ultraligera-ergo-lite#breadcrumb\"},\"inLanguage\":\"es\",\"potentialAction\":[{\"@type\":\"ReadAction\",\"target\":[\"https:\/\/aleupa.com\/?product=silla-ultraligera-ergo-lite\"]}]},{\"@type\":\"ImageObject\",\"inLanguage\":\"es\",\"@id\":\"https:\/\/aleupa.com\/?product=silla-ultraligera-ergo-lite#primaryimage\",\"url\":\"https:\/\/aleupa.com\/wp-content\/uploads\/2017\/03\/ERGOLITE.jpg\",\"contentUrl\":\"https:\/\/aleupa.com\/wp-content\/uploads\/2017\/03\/ERGOLITE.jpg\",\"width\":500,\"height\":500},{\"@type\":\"BreadcrumbList\",\"@id\":\"https:\/\/aleupa.com\/?product=silla-ultraligera-ergo-lite#breadcrumb\",\"itemListElement\":[{\"@type\":\"ListItem\",\"position\":1,\"name\":\"Portada\",\"item\":\"https:\/\/aleupa.com\/\"},{\"@type\":\"ListItem\",\"position\":2,\"name\":\"Tienda\",\"item\":\"https:\/\/aleupa.com\/?page_id=802\"},{\"@type\":\"ListItem\",\"position\":3,\"name\":\"Silla ultraligera Ergo-Lite\"}]},{\"@type\":\"WebSite\",\"@id\":\"https:\/\/aleupa.com\/#website\",\"url\":\"https:\/\/aleupa.com\/\",\"name\":\"Ortopedia Aleupa\",\"description\":\"Ayudas a la dependencia\",\"alternateName\":\"Ortopedia en Puerto de la Cruz, Tenerife\",\"potentialAction\":[{\"@type\":\"SearchAction\",\"target\":{\"@type\":\"EntryPoint\",\"urlTemplate\":\"https:\/\/aleupa.com\/?s={search_term_string}\"},\"query-input\":{\"@type\":\"PropertyValueSpecification\",\"valueRequired\":true,\"valueName\":\"search_term_string\"}}],\"inLanguage\":\"es\"}]}<\/script>\n<!-- \/ Yoast SEO plugin. -->","yoast_head_json":{"title":"Silla ultraligera Ergo-Lite - Ortopedia Aleupa","robots":{"index":"index","follow":"follow","max-snippet":"max-snippet:-1","max-image-preview":"max-image-preview:large","max-video-preview":"max-video-preview:-1"},"canonical":"https:\/\/aleupa.com\/?product=silla-ultraligera-ergo-lite","og_locale":"es_ES","og_type":"article","og_title":"Silla ultraligera Ergo-Lite - Ortopedia Aleupa","og_description":"Silla plegable de aluminio ultraligera.","og_url":"https:\/\/aleupa.com\/?product=silla-ultraligera-ergo-lite","og_site_name":"Ortopedia Aleupa","article_modified_time":"2020-11-05T19:24:38+00:00","og_image":[{"width":500,"height":500,"url":"https:\/\/aleupa.com\/wp-content\/uploads\/2017\/03\/ERGOLITE.jpg","type":"image\/jpeg"}],"twitter_card":"summary_large_image","twitter_misc":{"Tiempo de lectura":"1 minuto"},"schema":{"@context":"https:\/\/schema.org","@graph":[{"@type":"WebPage","@id":"https:\/\/aleupa.com\/?product=silla-ultraligera-ergo-lite","url":"https:\/\/aleupa.com\/?product=silla-ultraligera-ergo-lite","name":"Silla ultraligera Ergo-Lite - Ortopedia Aleupa","isPartOf":{"@id":"https:\/\/aleupa.com\/#website"},"primaryImageOfPage":{"@id":"https:\/\/aleupa.com\/?product=silla-ultraligera-ergo-lite#primaryimage"},"image":{"@id":"https:\/\/aleupa.com\/?product=silla-ultraligera-ergo-lite#primaryimage"},"thumbnailUrl":"https:\/\/aleupa.com\/wp-content\/uploads\/2017\/03\/ERGOLITE.jpg","datePublished":"2017-03-02T19:42:23+00:00","dateModified":"2020-11-05T19:24:38+00:00","breadcrumb":{"@id":"https:\/\/aleupa.com\/?product=silla-ultraligera-ergo-lite#breadcrumb"},"inLanguage":"es","potentialAction":[{"@type":"ReadAction","target":["https:\/\/aleupa.com\/?product=silla-ultraligera-ergo-lite"]}]},{"@type":"ImageObject","inLanguage":"es","@id":"https:\/\/aleupa.com\/?product=silla-ultraligera-ergo-lite#primaryimage","url":"https:\/\/aleupa.com\/wp-content\/uploads\/2017\/03\/ERGOLITE.jpg","contentUrl":"https:\/\/aleupa.com\/wp-content\/uploads\/2017\/03\/ERGOLITE.jpg","width":500,"height":500},{"@type":"BreadcrumbList","@id":"https:\/\/aleupa.com\/?product=silla-ultraligera-ergo-lite#breadcrumb","itemListElement":[{"@type":"ListItem","position":1,"name":"Portada","item":"https:\/\/aleupa.com\/"},{"@type":"ListItem","position":2,"name":"Tienda","item":"https:\/\/aleupa.com\/?page_id=802"},{"@type":"ListItem","position":3,"name":"Silla ultraligera Ergo-Lite"}]},{"@type":"WebSite","@id":"https:\/\/aleupa.com\/#website","url":"https:\/\/aleupa.com\/","name":"Ortopedia Aleupa","description":"Ayudas a la dependencia","alternateName":"Ortopedia en Puerto de la Cruz, Tenerife","potentialAction":[{"@type":"SearchAction","target":{"@type":"EntryPoint","urlTemplate":"https:\/\/aleupa.com\/?s={search_term_string}"},"query-input":{"@type":"PropertyValueSpecification","valueRequired":true,"valueName":"search_term_string"}}],"inLanguage":"es"}]}},"_links":{"self":[{"href":"https:\/\/aleupa.com\/index.php?rest_route=\/wp\/v2\/product\/1782","targetHints":{"allow":["GET"]}}],"collection":[{"href":"https:\/\/aleupa.com\/index.php?rest_route=\/wp\/v2\/product"}],"about":[{"href":"https:\/\/aleupa.com\/index.php?rest_route=\/wp\/v2\/types\/product"}],"replies":[{"embeddable":true,"href":"https:\/\/aleupa.com\/index.php?rest_route=%2Fwp%2Fv2%2Fcomments&post=1782"}],"wp:featuredmedia":[{"embeddable":true,"href":"https:\/\/aleupa.com\/index.php?rest_route=\/wp\/v2\/media\/2705"}],"wp:attachment":[{"href":"https:\/\/aleupa.com\/index.php?rest_route=%2Fwp%2Fv2%2Fmedia&parent=1782"}],"wp:term":[{"taxonomy":"product_brand","embeddable":true,"href":"https:\/\/aleupa.com\/index.php?rest_route=%2Fwp%2Fv2%2Fproduct_brand&post=1782"},{"taxonomy":"product_cat","embeddable":true,"href":"https:\/\/aleupa.com\/index.php?rest_route=%2Fwp%2Fv2%2Fproduct_cat&post=1782"},{"taxonomy":"product_tag","embeddable":true,"href":"https:\/\/aleupa.com\/index.php?rest_route=%2Fwp%2Fv2%2Fproduct_tag&post=1782"}],"curies":[{"name":"wp","href":"https:\/\/api.w.org\/{rel}","templated":true}]}}