{"id":1793,"date":"2017-03-03T20:08:08","date_gmt":"2017-03-03T20:08:08","guid":{"rendered":"http:\/\/www.aleupa.com\/?post_type=product&#038;p=1793"},"modified":"2020-11-16T12:28:06","modified_gmt":"2020-11-16T12:28:06","slug":"contenedor-de-panales-easiseal","status":"publish","type":"product","link":"https:\/\/aleupa.com\/?product=contenedor-de-panales-easiseal","title":{"rendered":"Contenedor de pa\u00f1ales Sangenic \u00abEasiseal\u00bb"},"content":{"rendered":"<ul>\n<li>\n<p style=\"text-align: justify;\">El \u00fanico sistema de recogida de pa\u00f1ales y residuos sanitarios, libre de olores y g\u00e9rmenes.<\/p>\n<\/li>\n<li style=\"text-align: justify;\">Discreto e higi\u00e9nico (la tapa y la bolsa antibacterias reducen el riesgo de infecciones).<\/li>\n<li style=\"text-align: justify;\">De f\u00e1cil uso, EASISEAL, elimina los olores con un simple movimiento de giro y sellado, proporcionando un entorno agradable, libre de olores indesables tanto para los residentes como para el personal sanitario.<\/li>\n<li>\n<p style=\"text-align: justify;\">Contribuye a dar una buena impresi\u00f3n de su centro o residencia: \u00a0 las visitas, los residentes, sus familiares y trabajadores\u00a0\u00a0sabr\u00e1n que disponen del m\u00e1s alto nivel de atenci\u00f3n e higiene.<\/p>\n<\/li>\n<\/ul>\n<p><img loading=\"lazy\" decoding=\"async\" class=\"\" src=\"http:\/\/systemhygiene.co.uk\/media\/wysiwyg\/PDF\/SUPPLIER_LOGOS\/tommee-tippee-logo.jpg\" alt=\"Resultado de imagen de SANGENIC EASISEAL\" width=\"160\" height=\"89\" \/><\/p>\n","protected":false},"excerpt":{"rendered":"<p>Contenedor para \u00a0pa\u00f1ales de adulto.<\/p>\n<p>&nbsp;<\/p>\n","protected":false},"featured_media":1794,"comment_status":"open","ping_status":"closed","template":"","meta":{"_et_pb_use_builder":"","_et_pb_old_content":"","_et_gb_content_width":""},"product_brand":[],"product_cat":[209,125],"product_tag":[385],"class_list":{"0":"post-1793","1":"product","2":"type-product","3":"status-publish","4":"has-post-thumbnail","6":"product_cat-incontinencia","7":"product_cat-accesorios","8":"product_tag-incontinencia","10":"first","11":"instock","12":"shipping-taxable","13":"purchasable","14":"product-type-variable"},"yoast_head":"<!-- This site is optimized with the Yoast SEO plugin v26.2 - https:\/\/yoast.com\/wordpress\/plugins\/seo\/ -->\n<title>Contenedor de pa\u00f1ales Sangenic &quot;Easiseal&quot; - Ortopedia Aleupa<\/title>\n<meta name=\"robots\" content=\"index, follow, max-snippet:-1, max-image-preview:large, max-video-preview:-1\" \/>\n<link rel=\"canonical\" href=\"https:\/\/aleupa.com\/?product=contenedor-de-panales-easiseal\" \/>\n<meta property=\"og:locale\" content=\"es_ES\" \/>\n<meta property=\"og:type\" content=\"article\" \/>\n<meta property=\"og:title\" content=\"Contenedor de pa\u00f1ales Sangenic &quot;Easiseal&quot; - Ortopedia Aleupa\" \/>\n<meta property=\"og:description\" content=\"Contenedor para \u00a0pa\u00f1ales de adulto.  &nbsp;\" \/>\n<meta property=\"og:url\" content=\"https:\/\/aleupa.com\/?product=contenedor-de-panales-easiseal\" \/>\n<meta property=\"og:site_name\" content=\"Ortopedia Aleupa\" \/>\n<meta property=\"article:modified_time\" content=\"2020-11-16T12:28:06+00:00\" \/>\n<meta property=\"og:image\" content=\"https:\/\/aleupa.com\/wp-content\/uploads\/2017\/03\/contenedor-para-panales-01.jpg\" \/>\n\t<meta property=\"og:image:width\" content=\"500\" \/>\n\t<meta property=\"og:image:height\" content=\"500\" \/>\n\t<meta property=\"og:image:type\" content=\"image\/jpeg\" \/>\n<meta name=\"twitter:card\" content=\"summary_large_image\" \/>\n<script type=\"application\/ld+json\" class=\"yoast-schema-graph\">{\"@context\":\"https:\/\/schema.org\",\"@graph\":[{\"@type\":\"WebPage\",\"@id\":\"https:\/\/aleupa.com\/?product=contenedor-de-panales-easiseal\",\"url\":\"https:\/\/aleupa.com\/?product=contenedor-de-panales-easiseal\",\"name\":\"Contenedor de pa\u00f1ales Sangenic \\\"Easiseal\\\" - Ortopedia Aleupa\",\"isPartOf\":{\"@id\":\"https:\/\/aleupa.com\/#website\"},\"primaryImageOfPage\":{\"@id\":\"https:\/\/aleupa.com\/?product=contenedor-de-panales-easiseal#primaryimage\"},\"image\":{\"@id\":\"https:\/\/aleupa.com\/?product=contenedor-de-panales-easiseal#primaryimage\"},\"thumbnailUrl\":\"https:\/\/aleupa.com\/wp-content\/uploads\/2017\/03\/contenedor-para-panales-01.jpg\",\"datePublished\":\"2017-03-03T20:08:08+00:00\",\"dateModified\":\"2020-11-16T12:28:06+00:00\",\"breadcrumb\":{\"@id\":\"https:\/\/aleupa.com\/?product=contenedor-de-panales-easiseal#breadcrumb\"},\"inLanguage\":\"es\",\"potentialAction\":[{\"@type\":\"ReadAction\",\"target\":[\"https:\/\/aleupa.com\/?product=contenedor-de-panales-easiseal\"]}]},{\"@type\":\"ImageObject\",\"inLanguage\":\"es\",\"@id\":\"https:\/\/aleupa.com\/?product=contenedor-de-panales-easiseal#primaryimage\",\"url\":\"https:\/\/aleupa.com\/wp-content\/uploads\/2017\/03\/contenedor-para-panales-01.jpg\",\"contentUrl\":\"https:\/\/aleupa.com\/wp-content\/uploads\/2017\/03\/contenedor-para-panales-01.jpg\",\"width\":500,\"height\":500},{\"@type\":\"BreadcrumbList\",\"@id\":\"https:\/\/aleupa.com\/?product=contenedor-de-panales-easiseal#breadcrumb\",\"itemListElement\":[{\"@type\":\"ListItem\",\"position\":1,\"name\":\"Portada\",\"item\":\"https:\/\/aleupa.com\/\"},{\"@type\":\"ListItem\",\"position\":2,\"name\":\"Tienda\",\"item\":\"https:\/\/aleupa.com\/?page_id=802\"},{\"@type\":\"ListItem\",\"position\":3,\"name\":\"Contenedor de pa\u00f1ales Sangenic \u00abEasiseal\u00bb\"}]},{\"@type\":\"WebSite\",\"@id\":\"https:\/\/aleupa.com\/#website\",\"url\":\"https:\/\/aleupa.com\/\",\"name\":\"Ortopedia Aleupa\",\"description\":\"Ayudas a la dependencia\",\"alternateName\":\"Ortopedia en Puerto de la Cruz, Tenerife\",\"potentialAction\":[{\"@type\":\"SearchAction\",\"target\":{\"@type\":\"EntryPoint\",\"urlTemplate\":\"https:\/\/aleupa.com\/?s={search_term_string}\"},\"query-input\":{\"@type\":\"PropertyValueSpecification\",\"valueRequired\":true,\"valueName\":\"search_term_string\"}}],\"inLanguage\":\"es\"}]}<\/script>\n<!-- \/ Yoast SEO plugin. -->","yoast_head_json":{"title":"Contenedor de pa\u00f1ales Sangenic \"Easiseal\" - Ortopedia Aleupa","robots":{"index":"index","follow":"follow","max-snippet":"max-snippet:-1","max-image-preview":"max-image-preview:large","max-video-preview":"max-video-preview:-1"},"canonical":"https:\/\/aleupa.com\/?product=contenedor-de-panales-easiseal","og_locale":"es_ES","og_type":"article","og_title":"Contenedor de pa\u00f1ales Sangenic \"Easiseal\" - Ortopedia Aleupa","og_description":"Contenedor para \u00a0pa\u00f1ales de adulto.  &nbsp;","og_url":"https:\/\/aleupa.com\/?product=contenedor-de-panales-easiseal","og_site_name":"Ortopedia Aleupa","article_modified_time":"2020-11-16T12:28:06+00:00","og_image":[{"width":500,"height":500,"url":"https:\/\/aleupa.com\/wp-content\/uploads\/2017\/03\/contenedor-para-panales-01.jpg","type":"image\/jpeg"}],"twitter_card":"summary_large_image","schema":{"@context":"https:\/\/schema.org","@graph":[{"@type":"WebPage","@id":"https:\/\/aleupa.com\/?product=contenedor-de-panales-easiseal","url":"https:\/\/aleupa.com\/?product=contenedor-de-panales-easiseal","name":"Contenedor de pa\u00f1ales Sangenic \"Easiseal\" - Ortopedia Aleupa","isPartOf":{"@id":"https:\/\/aleupa.com\/#website"},"primaryImageOfPage":{"@id":"https:\/\/aleupa.com\/?product=contenedor-de-panales-easiseal#primaryimage"},"image":{"@id":"https:\/\/aleupa.com\/?product=contenedor-de-panales-easiseal#primaryimage"},"thumbnailUrl":"https:\/\/aleupa.com\/wp-content\/uploads\/2017\/03\/contenedor-para-panales-01.jpg","datePublished":"2017-03-03T20:08:08+00:00","dateModified":"2020-11-16T12:28:06+00:00","breadcrumb":{"@id":"https:\/\/aleupa.com\/?product=contenedor-de-panales-easiseal#breadcrumb"},"inLanguage":"es","potentialAction":[{"@type":"ReadAction","target":["https:\/\/aleupa.com\/?product=contenedor-de-panales-easiseal"]}]},{"@type":"ImageObject","inLanguage":"es","@id":"https:\/\/aleupa.com\/?product=contenedor-de-panales-easiseal#primaryimage","url":"https:\/\/aleupa.com\/wp-content\/uploads\/2017\/03\/contenedor-para-panales-01.jpg","contentUrl":"https:\/\/aleupa.com\/wp-content\/uploads\/2017\/03\/contenedor-para-panales-01.jpg","width":500,"height":500},{"@type":"BreadcrumbList","@id":"https:\/\/aleupa.com\/?product=contenedor-de-panales-easiseal#breadcrumb","itemListElement":[{"@type":"ListItem","position":1,"name":"Portada","item":"https:\/\/aleupa.com\/"},{"@type":"ListItem","position":2,"name":"Tienda","item":"https:\/\/aleupa.com\/?page_id=802"},{"@type":"ListItem","position":3,"name":"Contenedor de pa\u00f1ales Sangenic \u00abEasiseal\u00bb"}]},{"@type":"WebSite","@id":"https:\/\/aleupa.com\/#website","url":"https:\/\/aleupa.com\/","name":"Ortopedia Aleupa","description":"Ayudas a la dependencia","alternateName":"Ortopedia en Puerto de la Cruz, Tenerife","potentialAction":[{"@type":"SearchAction","target":{"@type":"EntryPoint","urlTemplate":"https:\/\/aleupa.com\/?s={search_term_string}"},"query-input":{"@type":"PropertyValueSpecification","valueRequired":true,"valueName":"search_term_string"}}],"inLanguage":"es"}]}},"_links":{"self":[{"href":"https:\/\/aleupa.com\/index.php?rest_route=\/wp\/v2\/product\/1793","targetHints":{"allow":["GET"]}}],"collection":[{"href":"https:\/\/aleupa.com\/index.php?rest_route=\/wp\/v2\/product"}],"about":[{"href":"https:\/\/aleupa.com\/index.php?rest_route=\/wp\/v2\/types\/product"}],"replies":[{"embeddable":true,"href":"https:\/\/aleupa.com\/index.php?rest_route=%2Fwp%2Fv2%2Fcomments&post=1793"}],"wp:featuredmedia":[{"embeddable":true,"href":"https:\/\/aleupa.com\/index.php?rest_route=\/wp\/v2\/media\/1794"}],"wp:attachment":[{"href":"https:\/\/aleupa.com\/index.php?rest_route=%2Fwp%2Fv2%2Fmedia&parent=1793"}],"wp:term":[{"taxonomy":"product_brand","embeddable":true,"href":"https:\/\/aleupa.com\/index.php?rest_route=%2Fwp%2Fv2%2Fproduct_brand&post=1793"},{"taxonomy":"product_cat","embeddable":true,"href":"https:\/\/aleupa.com\/index.php?rest_route=%2Fwp%2Fv2%2Fproduct_cat&post=1793"},{"taxonomy":"product_tag","embeddable":true,"href":"https:\/\/aleupa.com\/index.php?rest_route=%2Fwp%2Fv2%2Fproduct_tag&post=1793"}],"curies":[{"name":"wp","href":"https:\/\/api.w.org\/{rel}","templated":true}]}}