{"id":1822,"date":"2017-03-04T10:36:36","date_gmt":"2017-03-04T10:36:36","guid":{"rendered":"http:\/\/www.aleupa.com\/?post_type=product&#038;p=1822"},"modified":"2020-11-17T12:49:52","modified_gmt":"2020-11-17T12:49:52","slug":"papelera-para-bebes-sangenic","status":"publish","type":"product","link":"https:\/\/aleupa.com\/?product=papelera-para-bebes-sangenic","title":{"rendered":"Papelera para bebes \u00abSangenic\u00bb"},"content":{"rendered":"<ul>\n<li>Esta papelera \u00a0para pa\u00f1ales (toallitas, gasas, etc.) \u00a0envuelve y sella cada pa\u00f1al\n<p>individualmente en una porci\u00f3n de film anti-bacteriano y anti-olores.<\/li>\n<li>R\u00e1pido y c\u00f3modo de usar, basta plegar el pa\u00f1al, envolverlo girando el dial y\n<p>cerrar la tapa. \u00a0El \u00e9mbolo Easi-Push introduce el pa\u00f1al en el contenedor<\/p>\n<p>quedando aislado en una pel\u00edcula de pl\u00e1stico multicapa con tratamiento<\/p>\n<p>antibacteriano capaz de destruir el 99% de los g\u00e9rmenes por contacto.<\/li>\n<li>Adem\u00e1s el contenedor tiene capacidad para almacenar hasta 28 pa\u00f1ales en\n<p>perfectas condiciones: \u00a0sin olores ni contaminaciones lo que evita muchos<\/p>\n<p>traslados al cubo de la basura.<\/li>\n<li>Una vez lleno se corta la pel\u00edcula de pl\u00e1stico con un cutter,\n<p>se anuda y se tira a la basura.<\/li>\n<\/ul>\n<p><img loading=\"lazy\" decoding=\"async\" class=\"\" src=\"http:\/\/systemhygiene.co.uk\/media\/wysiwyg\/PDF\/SUPPLIER_LOGOS\/tommee-tippee-logo.jpg\" alt=\"Resultado de imagen de SANGENIC EASISEAL\" width=\"160\" height=\"89\" \/><\/p>\n","protected":false},"excerpt":{"rendered":"<p>Papelera para pa\u00f1ales (toallitas, gasas, etc.) \u00a0envuelve y sella cada pa\u00f1al individualmente en una porci\u00f3n de film antibacteriano y anti olores.<\/p>\n","protected":false},"featured_media":1817,"comment_status":"open","ping_status":"closed","template":"","meta":{"_et_pb_use_builder":"","_et_pb_old_content":"","_et_gb_content_width":""},"product_brand":[],"product_cat":[209,99,125],"product_tag":[140,332],"class_list":{"0":"post-1822","1":"product","2":"type-product","3":"status-publish","4":"has-post-thumbnail","6":"product_cat-incontinencia","7":"product_cat-el-bano","8":"product_cat-accesorios","9":"product_tag-accesorio-aseo-personal","10":"product_tag-papelera","11":"product_shipping_class-correos","13":"first","14":"outofstock","15":"shipping-taxable","16":"purchasable","17":"product-type-simple"},"yoast_head":"<!-- This site is optimized with the Yoast SEO plugin v26.2 - https:\/\/yoast.com\/wordpress\/plugins\/seo\/ -->\n<title>Papelera para bebes &quot;Sangenic&quot; - Ortopedia Aleupa<\/title>\n<meta name=\"robots\" content=\"index, follow, max-snippet:-1, max-image-preview:large, max-video-preview:-1\" \/>\n<link rel=\"canonical\" href=\"https:\/\/aleupa.com\/?product=papelera-para-bebes-sangenic\" \/>\n<meta property=\"og:locale\" content=\"es_ES\" \/>\n<meta property=\"og:type\" content=\"article\" \/>\n<meta property=\"og:title\" content=\"Papelera para bebes &quot;Sangenic&quot; - Ortopedia Aleupa\" \/>\n<meta property=\"og:description\" content=\"Papelera para pa\u00f1ales (toallitas, gasas, etc.) \u00a0envuelve y sella cada pa\u00f1al individualmente en una porci\u00f3n de film antibacteriano y anti olores.\" \/>\n<meta property=\"og:url\" content=\"https:\/\/aleupa.com\/?product=papelera-para-bebes-sangenic\" \/>\n<meta property=\"og:site_name\" content=\"Ortopedia Aleupa\" \/>\n<meta property=\"article:modified_time\" content=\"2020-11-17T12:49:52+00:00\" \/>\n<meta property=\"og:image\" content=\"https:\/\/aleupa.com\/wp-content\/uploads\/2017\/03\/SANGENIC-MINI-BABY.jpg\" \/>\n\t<meta property=\"og:image:width\" content=\"500\" \/>\n\t<meta property=\"og:image:height\" content=\"500\" \/>\n\t<meta property=\"og:image:type\" content=\"image\/jpeg\" \/>\n<meta name=\"twitter:card\" content=\"summary_large_image\" \/>\n<meta name=\"twitter:label1\" content=\"Tiempo de lectura\" \/>\n\t<meta name=\"twitter:data1\" content=\"1 minuto\" \/>\n<script type=\"application\/ld+json\" class=\"yoast-schema-graph\">{\"@context\":\"https:\/\/schema.org\",\"@graph\":[{\"@type\":\"WebPage\",\"@id\":\"https:\/\/aleupa.com\/?product=papelera-para-bebes-sangenic\",\"url\":\"https:\/\/aleupa.com\/?product=papelera-para-bebes-sangenic\",\"name\":\"Papelera para bebes \\\"Sangenic\\\" - Ortopedia Aleupa\",\"isPartOf\":{\"@id\":\"https:\/\/aleupa.com\/#website\"},\"primaryImageOfPage\":{\"@id\":\"https:\/\/aleupa.com\/?product=papelera-para-bebes-sangenic#primaryimage\"},\"image\":{\"@id\":\"https:\/\/aleupa.com\/?product=papelera-para-bebes-sangenic#primaryimage\"},\"thumbnailUrl\":\"https:\/\/aleupa.com\/wp-content\/uploads\/2017\/03\/SANGENIC-MINI-BABY.jpg\",\"datePublished\":\"2017-03-04T10:36:36+00:00\",\"dateModified\":\"2020-11-17T12:49:52+00:00\",\"breadcrumb\":{\"@id\":\"https:\/\/aleupa.com\/?product=papelera-para-bebes-sangenic#breadcrumb\"},\"inLanguage\":\"es\",\"potentialAction\":[{\"@type\":\"ReadAction\",\"target\":[\"https:\/\/aleupa.com\/?product=papelera-para-bebes-sangenic\"]}]},{\"@type\":\"ImageObject\",\"inLanguage\":\"es\",\"@id\":\"https:\/\/aleupa.com\/?product=papelera-para-bebes-sangenic#primaryimage\",\"url\":\"https:\/\/aleupa.com\/wp-content\/uploads\/2017\/03\/SANGENIC-MINI-BABY.jpg\",\"contentUrl\":\"https:\/\/aleupa.com\/wp-content\/uploads\/2017\/03\/SANGENIC-MINI-BABY.jpg\",\"width\":500,\"height\":500},{\"@type\":\"BreadcrumbList\",\"@id\":\"https:\/\/aleupa.com\/?product=papelera-para-bebes-sangenic#breadcrumb\",\"itemListElement\":[{\"@type\":\"ListItem\",\"position\":1,\"name\":\"Portada\",\"item\":\"https:\/\/aleupa.com\/\"},{\"@type\":\"ListItem\",\"position\":2,\"name\":\"Tienda\",\"item\":\"https:\/\/aleupa.com\/?page_id=802\"},{\"@type\":\"ListItem\",\"position\":3,\"name\":\"Papelera para bebes \u00abSangenic\u00bb\"}]},{\"@type\":\"WebSite\",\"@id\":\"https:\/\/aleupa.com\/#website\",\"url\":\"https:\/\/aleupa.com\/\",\"name\":\"Ortopedia Aleupa\",\"description\":\"Ayudas a la dependencia\",\"alternateName\":\"Ortopedia en Puerto de la Cruz, Tenerife\",\"potentialAction\":[{\"@type\":\"SearchAction\",\"target\":{\"@type\":\"EntryPoint\",\"urlTemplate\":\"https:\/\/aleupa.com\/?s={search_term_string}\"},\"query-input\":{\"@type\":\"PropertyValueSpecification\",\"valueRequired\":true,\"valueName\":\"search_term_string\"}}],\"inLanguage\":\"es\"}]}<\/script>\n<!-- \/ Yoast SEO plugin. -->","yoast_head_json":{"title":"Papelera para bebes \"Sangenic\" - Ortopedia Aleupa","robots":{"index":"index","follow":"follow","max-snippet":"max-snippet:-1","max-image-preview":"max-image-preview:large","max-video-preview":"max-video-preview:-1"},"canonical":"https:\/\/aleupa.com\/?product=papelera-para-bebes-sangenic","og_locale":"es_ES","og_type":"article","og_title":"Papelera para bebes \"Sangenic\" - Ortopedia Aleupa","og_description":"Papelera para pa\u00f1ales (toallitas, gasas, etc.) \u00a0envuelve y sella cada pa\u00f1al individualmente en una porci\u00f3n de film antibacteriano y anti olores.","og_url":"https:\/\/aleupa.com\/?product=papelera-para-bebes-sangenic","og_site_name":"Ortopedia Aleupa","article_modified_time":"2020-11-17T12:49:52+00:00","og_image":[{"width":500,"height":500,"url":"https:\/\/aleupa.com\/wp-content\/uploads\/2017\/03\/SANGENIC-MINI-BABY.jpg","type":"image\/jpeg"}],"twitter_card":"summary_large_image","twitter_misc":{"Tiempo de lectura":"1 minuto"},"schema":{"@context":"https:\/\/schema.org","@graph":[{"@type":"WebPage","@id":"https:\/\/aleupa.com\/?product=papelera-para-bebes-sangenic","url":"https:\/\/aleupa.com\/?product=papelera-para-bebes-sangenic","name":"Papelera para bebes \"Sangenic\" - Ortopedia Aleupa","isPartOf":{"@id":"https:\/\/aleupa.com\/#website"},"primaryImageOfPage":{"@id":"https:\/\/aleupa.com\/?product=papelera-para-bebes-sangenic#primaryimage"},"image":{"@id":"https:\/\/aleupa.com\/?product=papelera-para-bebes-sangenic#primaryimage"},"thumbnailUrl":"https:\/\/aleupa.com\/wp-content\/uploads\/2017\/03\/SANGENIC-MINI-BABY.jpg","datePublished":"2017-03-04T10:36:36+00:00","dateModified":"2020-11-17T12:49:52+00:00","breadcrumb":{"@id":"https:\/\/aleupa.com\/?product=papelera-para-bebes-sangenic#breadcrumb"},"inLanguage":"es","potentialAction":[{"@type":"ReadAction","target":["https:\/\/aleupa.com\/?product=papelera-para-bebes-sangenic"]}]},{"@type":"ImageObject","inLanguage":"es","@id":"https:\/\/aleupa.com\/?product=papelera-para-bebes-sangenic#primaryimage","url":"https:\/\/aleupa.com\/wp-content\/uploads\/2017\/03\/SANGENIC-MINI-BABY.jpg","contentUrl":"https:\/\/aleupa.com\/wp-content\/uploads\/2017\/03\/SANGENIC-MINI-BABY.jpg","width":500,"height":500},{"@type":"BreadcrumbList","@id":"https:\/\/aleupa.com\/?product=papelera-para-bebes-sangenic#breadcrumb","itemListElement":[{"@type":"ListItem","position":1,"name":"Portada","item":"https:\/\/aleupa.com\/"},{"@type":"ListItem","position":2,"name":"Tienda","item":"https:\/\/aleupa.com\/?page_id=802"},{"@type":"ListItem","position":3,"name":"Papelera para bebes \u00abSangenic\u00bb"}]},{"@type":"WebSite","@id":"https:\/\/aleupa.com\/#website","url":"https:\/\/aleupa.com\/","name":"Ortopedia Aleupa","description":"Ayudas a la dependencia","alternateName":"Ortopedia en Puerto de la Cruz, Tenerife","potentialAction":[{"@type":"SearchAction","target":{"@type":"EntryPoint","urlTemplate":"https:\/\/aleupa.com\/?s={search_term_string}"},"query-input":{"@type":"PropertyValueSpecification","valueRequired":true,"valueName":"search_term_string"}}],"inLanguage":"es"}]}},"_links":{"self":[{"href":"https:\/\/aleupa.com\/index.php?rest_route=\/wp\/v2\/product\/1822","targetHints":{"allow":["GET"]}}],"collection":[{"href":"https:\/\/aleupa.com\/index.php?rest_route=\/wp\/v2\/product"}],"about":[{"href":"https:\/\/aleupa.com\/index.php?rest_route=\/wp\/v2\/types\/product"}],"replies":[{"embeddable":true,"href":"https:\/\/aleupa.com\/index.php?rest_route=%2Fwp%2Fv2%2Fcomments&post=1822"}],"wp:featuredmedia":[{"embeddable":true,"href":"https:\/\/aleupa.com\/index.php?rest_route=\/wp\/v2\/media\/1817"}],"wp:attachment":[{"href":"https:\/\/aleupa.com\/index.php?rest_route=%2Fwp%2Fv2%2Fmedia&parent=1822"}],"wp:term":[{"taxonomy":"product_brand","embeddable":true,"href":"https:\/\/aleupa.com\/index.php?rest_route=%2Fwp%2Fv2%2Fproduct_brand&post=1822"},{"taxonomy":"product_cat","embeddable":true,"href":"https:\/\/aleupa.com\/index.php?rest_route=%2Fwp%2Fv2%2Fproduct_cat&post=1822"},{"taxonomy":"product_tag","embeddable":true,"href":"https:\/\/aleupa.com\/index.php?rest_route=%2Fwp%2Fv2%2Fproduct_tag&post=1822"}],"curies":[{"name":"wp","href":"https:\/\/api.w.org\/{rel}","templated":true}]}}