{"id":1828,"date":"2017-03-07T13:28:32","date_gmt":"2017-03-07T13:28:32","guid":{"rendered":"http:\/\/www.aleupa.com\/?post_type=product&#038;p=1828"},"modified":"2020-11-05T19:25:43","modified_gmt":"2020-11-05T19:25:43","slug":"silla-de-evacuaciones-evac-chair-600h","status":"publish","type":"product","link":"https:\/\/aleupa.com\/?product=silla-de-evacuaciones-evac-chair-600h","title":{"rendered":"Silla de evacuaciones Evac-chair 600h."},"content":{"rendered":"<p style=\"text-align: justify\">Evac-chair 600H es una silla de evacuaciones ligera y f\u00e1cil de utilizar.<\/p>\n<p style=\"text-align: justify\">Incorpora dos asas plegables \u00a0que permiten usarla en lugares de dif\u00edcil acceso, \u00a0incluyendo la evacuaci\u00f3n por escaleras tanto en sentido ascendente (se necesitan 2 operarios) \u00a0como descendente (se precisa un solo operario). \u00a0En caso de tener que cargar pueden colaborar hasta 4 operarios.<\/p>\n<p style=\"text-align: justify\">Esta especialmente indicada para la evacuaci\u00f3n de personas con problemas de movilidad o heridas en edificios que carecen de ascensores y en caso de incendio cuando no se pueden utilizar los mismos por medidas de seguridad.<\/p>\n<p style=\"text-align: justify\">Indicada tambi\u00e9n en edificios oficiales, \u00e1reas deportivas, hoteles, centros comerciales, hospitales, residencias geri\u00e1tricas&#8230; y especialmente en ambulancias para que un solo sanitario baje a un paciente sin dificultad alguna.<\/p>\n<p style=\"text-align: justify\">Asideros frontales retr\u00e1ctiles.<\/p>\n<p style=\"text-align: justify\">Asiento fabricado en tejido de nylon reforzado recubierto de PVC ign\u00edfugo.<\/p>\n<p style=\"text-align: justify\">Provista de correajes de sujeci\u00f3n que aseguran al paciente.<\/p>\n<p style=\"text-align: justify\">Dispone de ganchos de pared y se\u00f1al fotoluminiscente .<\/p>\n<p style=\"text-align: justify\">De dispensa con funda de transporte y una gu\u00eda de usuario.<\/p>\n<p style=\"text-align: justify\">Medidas plegada: \u00a01050 cm. x 60cm. x 30 cm. \u00a0(Altura x ancho x profundidad).<\/p>\n<p style=\"text-align: justify\">Peso: \u00a011 Kg.<\/p>\n<p style=\"text-align: justify\">Carga m\u00e1xima del usuario: \u00a0182 Kg.<\/p>\n<p style=\"text-align: justify\">CEE Directiva 93\/42\/EEC (art\u00edculo de Clase I)<\/p>\n<p style=\"text-align: justify\">El plazo de entrega de este producto podr\u00e1 oscilar entre 20-30 d\u00edas.<\/p>\n<p><img loading=\"lazy\" decoding=\"async\" class=\"\" src=\"https:\/\/directory.shponline.co.uk\/c235281img_XL-comp235281.jpg\" alt=\"Resultado de imagen de evac chair 600h\" width=\"281\" height=\"78\" \/><\/p>\n","protected":false},"excerpt":{"rendered":"<h6>Silla de evacuaciones.<\/h6>\n","protected":false},"featured_media":1835,"comment_status":"open","ping_status":"closed","template":"","meta":{"_et_pb_use_builder":"","_et_pb_old_content":"","_et_gb_content_width":""},"product_brand":[],"product_cat":[584],"product_tag":[325],"class_list":{"0":"post-1828","1":"product","2":"type-product","3":"status-publish","4":"has-post-thumbnail","6":"product_cat-salvaescaleras","7":"product_tag-sillas-de-emergencia","9":"first","10":"instock","11":"shipping-taxable","12":"purchasable","13":"product-type-simple"},"yoast_head":"<!-- This site is optimized with the Yoast SEO plugin v26.2 - https:\/\/yoast.com\/wordpress\/plugins\/seo\/ -->\n<title>Silla de evacuaciones Evac-chair 600h. - Ortopedia Aleupa<\/title>\n<meta name=\"robots\" content=\"index, follow, max-snippet:-1, max-image-preview:large, max-video-preview:-1\" \/>\n<link rel=\"canonical\" href=\"https:\/\/aleupa.com\/?product=silla-de-evacuaciones-evac-chair-600h\" \/>\n<meta property=\"og:locale\" content=\"es_ES\" \/>\n<meta property=\"og:type\" content=\"article\" \/>\n<meta property=\"og:title\" content=\"Silla de evacuaciones Evac-chair 600h. - Ortopedia Aleupa\" \/>\n<meta property=\"og:description\" content=\"Silla de evacuaciones.\" \/>\n<meta property=\"og:url\" content=\"https:\/\/aleupa.com\/?product=silla-de-evacuaciones-evac-chair-600h\" \/>\n<meta property=\"og:site_name\" content=\"Ortopedia Aleupa\" \/>\n<meta property=\"article:modified_time\" content=\"2020-11-05T19:25:43+00:00\" \/>\n<meta property=\"og:image\" content=\"https:\/\/aleupa.com\/wp-content\/uploads\/2017\/03\/evac-chair-600H.jpg\" \/>\n\t<meta property=\"og:image:width\" content=\"500\" \/>\n\t<meta property=\"og:image:height\" content=\"500\" \/>\n\t<meta property=\"og:image:type\" content=\"image\/jpeg\" \/>\n<meta name=\"twitter:card\" content=\"summary_large_image\" \/>\n<meta name=\"twitter:label1\" content=\"Tiempo de lectura\" \/>\n\t<meta name=\"twitter:data1\" content=\"1 minuto\" \/>\n<script type=\"application\/ld+json\" class=\"yoast-schema-graph\">{\"@context\":\"https:\/\/schema.org\",\"@graph\":[{\"@type\":\"WebPage\",\"@id\":\"https:\/\/aleupa.com\/?product=silla-de-evacuaciones-evac-chair-600h\",\"url\":\"https:\/\/aleupa.com\/?product=silla-de-evacuaciones-evac-chair-600h\",\"name\":\"Silla de evacuaciones Evac-chair 600h. - Ortopedia Aleupa\",\"isPartOf\":{\"@id\":\"https:\/\/aleupa.com\/#website\"},\"primaryImageOfPage\":{\"@id\":\"https:\/\/aleupa.com\/?product=silla-de-evacuaciones-evac-chair-600h#primaryimage\"},\"image\":{\"@id\":\"https:\/\/aleupa.com\/?product=silla-de-evacuaciones-evac-chair-600h#primaryimage\"},\"thumbnailUrl\":\"https:\/\/aleupa.com\/wp-content\/uploads\/2017\/03\/evac-chair-600H.jpg\",\"datePublished\":\"2017-03-07T13:28:32+00:00\",\"dateModified\":\"2020-11-05T19:25:43+00:00\",\"breadcrumb\":{\"@id\":\"https:\/\/aleupa.com\/?product=silla-de-evacuaciones-evac-chair-600h#breadcrumb\"},\"inLanguage\":\"es\",\"potentialAction\":[{\"@type\":\"ReadAction\",\"target\":[\"https:\/\/aleupa.com\/?product=silla-de-evacuaciones-evac-chair-600h\"]}]},{\"@type\":\"ImageObject\",\"inLanguage\":\"es\",\"@id\":\"https:\/\/aleupa.com\/?product=silla-de-evacuaciones-evac-chair-600h#primaryimage\",\"url\":\"https:\/\/aleupa.com\/wp-content\/uploads\/2017\/03\/evac-chair-600H.jpg\",\"contentUrl\":\"https:\/\/aleupa.com\/wp-content\/uploads\/2017\/03\/evac-chair-600H.jpg\",\"width\":500,\"height\":500},{\"@type\":\"BreadcrumbList\",\"@id\":\"https:\/\/aleupa.com\/?product=silla-de-evacuaciones-evac-chair-600h#breadcrumb\",\"itemListElement\":[{\"@type\":\"ListItem\",\"position\":1,\"name\":\"Portada\",\"item\":\"https:\/\/aleupa.com\/\"},{\"@type\":\"ListItem\",\"position\":2,\"name\":\"Tienda\",\"item\":\"https:\/\/aleupa.com\/?page_id=802\"},{\"@type\":\"ListItem\",\"position\":3,\"name\":\"Silla de evacuaciones Evac-chair 600h.\"}]},{\"@type\":\"WebSite\",\"@id\":\"https:\/\/aleupa.com\/#website\",\"url\":\"https:\/\/aleupa.com\/\",\"name\":\"Ortopedia Aleupa\",\"description\":\"Ayudas a la dependencia\",\"alternateName\":\"Ortopedia en Puerto de la Cruz, Tenerife\",\"potentialAction\":[{\"@type\":\"SearchAction\",\"target\":{\"@type\":\"EntryPoint\",\"urlTemplate\":\"https:\/\/aleupa.com\/?s={search_term_string}\"},\"query-input\":{\"@type\":\"PropertyValueSpecification\",\"valueRequired\":true,\"valueName\":\"search_term_string\"}}],\"inLanguage\":\"es\"}]}<\/script>\n<!-- \/ Yoast SEO plugin. -->","yoast_head_json":{"title":"Silla de evacuaciones Evac-chair 600h. - Ortopedia Aleupa","robots":{"index":"index","follow":"follow","max-snippet":"max-snippet:-1","max-image-preview":"max-image-preview:large","max-video-preview":"max-video-preview:-1"},"canonical":"https:\/\/aleupa.com\/?product=silla-de-evacuaciones-evac-chair-600h","og_locale":"es_ES","og_type":"article","og_title":"Silla de evacuaciones Evac-chair 600h. - Ortopedia Aleupa","og_description":"Silla de evacuaciones.","og_url":"https:\/\/aleupa.com\/?product=silla-de-evacuaciones-evac-chair-600h","og_site_name":"Ortopedia Aleupa","article_modified_time":"2020-11-05T19:25:43+00:00","og_image":[{"width":500,"height":500,"url":"https:\/\/aleupa.com\/wp-content\/uploads\/2017\/03\/evac-chair-600H.jpg","type":"image\/jpeg"}],"twitter_card":"summary_large_image","twitter_misc":{"Tiempo de lectura":"1 minuto"},"schema":{"@context":"https:\/\/schema.org","@graph":[{"@type":"WebPage","@id":"https:\/\/aleupa.com\/?product=silla-de-evacuaciones-evac-chair-600h","url":"https:\/\/aleupa.com\/?product=silla-de-evacuaciones-evac-chair-600h","name":"Silla de evacuaciones Evac-chair 600h. - Ortopedia Aleupa","isPartOf":{"@id":"https:\/\/aleupa.com\/#website"},"primaryImageOfPage":{"@id":"https:\/\/aleupa.com\/?product=silla-de-evacuaciones-evac-chair-600h#primaryimage"},"image":{"@id":"https:\/\/aleupa.com\/?product=silla-de-evacuaciones-evac-chair-600h#primaryimage"},"thumbnailUrl":"https:\/\/aleupa.com\/wp-content\/uploads\/2017\/03\/evac-chair-600H.jpg","datePublished":"2017-03-07T13:28:32+00:00","dateModified":"2020-11-05T19:25:43+00:00","breadcrumb":{"@id":"https:\/\/aleupa.com\/?product=silla-de-evacuaciones-evac-chair-600h#breadcrumb"},"inLanguage":"es","potentialAction":[{"@type":"ReadAction","target":["https:\/\/aleupa.com\/?product=silla-de-evacuaciones-evac-chair-600h"]}]},{"@type":"ImageObject","inLanguage":"es","@id":"https:\/\/aleupa.com\/?product=silla-de-evacuaciones-evac-chair-600h#primaryimage","url":"https:\/\/aleupa.com\/wp-content\/uploads\/2017\/03\/evac-chair-600H.jpg","contentUrl":"https:\/\/aleupa.com\/wp-content\/uploads\/2017\/03\/evac-chair-600H.jpg","width":500,"height":500},{"@type":"BreadcrumbList","@id":"https:\/\/aleupa.com\/?product=silla-de-evacuaciones-evac-chair-600h#breadcrumb","itemListElement":[{"@type":"ListItem","position":1,"name":"Portada","item":"https:\/\/aleupa.com\/"},{"@type":"ListItem","position":2,"name":"Tienda","item":"https:\/\/aleupa.com\/?page_id=802"},{"@type":"ListItem","position":3,"name":"Silla de evacuaciones Evac-chair 600h."}]},{"@type":"WebSite","@id":"https:\/\/aleupa.com\/#website","url":"https:\/\/aleupa.com\/","name":"Ortopedia Aleupa","description":"Ayudas a la dependencia","alternateName":"Ortopedia en Puerto de la Cruz, Tenerife","potentialAction":[{"@type":"SearchAction","target":{"@type":"EntryPoint","urlTemplate":"https:\/\/aleupa.com\/?s={search_term_string}"},"query-input":{"@type":"PropertyValueSpecification","valueRequired":true,"valueName":"search_term_string"}}],"inLanguage":"es"}]}},"_links":{"self":[{"href":"https:\/\/aleupa.com\/index.php?rest_route=\/wp\/v2\/product\/1828","targetHints":{"allow":["GET"]}}],"collection":[{"href":"https:\/\/aleupa.com\/index.php?rest_route=\/wp\/v2\/product"}],"about":[{"href":"https:\/\/aleupa.com\/index.php?rest_route=\/wp\/v2\/types\/product"}],"replies":[{"embeddable":true,"href":"https:\/\/aleupa.com\/index.php?rest_route=%2Fwp%2Fv2%2Fcomments&post=1828"}],"wp:featuredmedia":[{"embeddable":true,"href":"https:\/\/aleupa.com\/index.php?rest_route=\/wp\/v2\/media\/1835"}],"wp:attachment":[{"href":"https:\/\/aleupa.com\/index.php?rest_route=%2Fwp%2Fv2%2Fmedia&parent=1828"}],"wp:term":[{"taxonomy":"product_brand","embeddable":true,"href":"https:\/\/aleupa.com\/index.php?rest_route=%2Fwp%2Fv2%2Fproduct_brand&post=1828"},{"taxonomy":"product_cat","embeddable":true,"href":"https:\/\/aleupa.com\/index.php?rest_route=%2Fwp%2Fv2%2Fproduct_cat&post=1828"},{"taxonomy":"product_tag","embeddable":true,"href":"https:\/\/aleupa.com\/index.php?rest_route=%2Fwp%2Fv2%2Fproduct_tag&post=1828"}],"curies":[{"name":"wp","href":"https:\/\/api.w.org\/{rel}","templated":true}]}}