{"id":2474,"date":"2017-08-02T09:25:51","date_gmt":"2017-08-02T09:25:51","guid":{"rendered":"http:\/\/www.aleupa.com\/producto\/hello-bidet-copiar\/"},"modified":"2020-11-16T12:24:22","modified_gmt":"2020-11-16T12:24:22","slug":"hello-bidet-copiar","status":"publish","type":"product","link":"https:\/\/aleupa.com\/?product=hello-bidet-copiar","title":{"rendered":"Irrigador \u00abHello bidet\u00bb"},"content":{"rendered":"<ul>\n<li>\n<p style=\"text-align: justify;\">Hello Bidet es la pr\u00e1ctica ducha que permite una cuidadosa higiene \u00edntima, de manera simple e higi\u00e9nica, estando c\u00f3modamente sentados sobre el v\u00e1ter.<\/p>\n<\/li>\n<li style=\"text-align: justify;\">Se conecta directamente al grifo, y funciona exclusivamente gracias a la presi\u00f3n del agua, sin necesidad de pilas o energ\u00eda el\u00e9ctrica. \u00a0La temperatura se regula y selecciona directamente desde el grifo antes de iniciar su uso.<\/li>\n<li style=\"text-align: justify;\">Hello Bidet es ideal para quien no posee un bid\u00e9 en el propio ba\u00f1o, o para cuando se viaja a pa\u00edses en los cuales no se usa el bid\u00e9.<\/li>\n<li style=\"text-align: justify;\">Adem\u00e1s, se indica particularmente a quien tiene necesidad de lavarse o lavar a otra persona, sin tocar directamente las partes \u00edntimas con las manos.<\/li>\n<li style=\"text-align: justify;\">El kit Hello Bidet\u00a0est\u00e1 dotado de \u00a0una v\u00e1lvula de control que regula la presi\u00f3n autom\u00e1ticamente (sistema patentado), de modo que el chorro no sea nunca muy fuerte, y de un tubo en espiral de 3 m., que permite la conexi\u00f3n al grifo, incluso si se encuentra distante del v\u00e1ter.<\/li>\n<li style=\"text-align: justify;\">La adquisici\u00f3n de el adaptador universal \u00abAddy\u00bb, opcional, lo hace ideal en viajes, ya que permite conectar Hello\u00a0Bidet\u00a0directamente al grifo,\u00a0de manera simple y r\u00e1pida sin tener que desenroscar el filtro del grifo.<\/li>\n<li style=\"text-align: justify;\">El sistema Hello Bidet \u201cBasic\u201d contiene:\n<ul>\n<li>1\u00a0Hello Bidet (con enchufe \u201cregula presi\u00f3n\u201d, tubo en espiral de 3 m. y ducha)<\/li>\n<li>1 Set \u00abPowerjet\u00bb (n.1\u00a0erogador con rosca, n.5\u00a0boquillas con tres agujeros.<\/li>\n<li>1 filtro de metal con rosca externa.<\/li>\n<li>1 filtro de metal con rosca interna.<\/li>\n<li>1 llave para destornillar filtros.<\/li>\n<li>1 Bolsa porta\u00a0\u00abHello Bidet\u00bb<\/li>\n<li>1 Manual de uso multiling\u00fce.<\/li>\n<\/ul>\n<\/li>\n<\/ul>\n<p style=\"text-align: justify;\">Existen disponibles accesorios y repuestos de cada uno de las \u00a0partes que componen Hello Bidet.<\/p>\n<p style=\"text-align: justify;\"><em>Consultar precios.<br \/>\n<\/em><\/p>\n<p><img loading=\"lazy\" decoding=\"async\" class=\"n3VNCb\" src=\"https:\/\/waterpowered.eu\/pub\/media\/logo\/default\/waterpowered-1_2.png\" alt=\"WaterPowered - Prodotti innovativi per l'igiene e cura della persona\" width=\"147\" height=\"95\" data-noaft=\"1\" \/><\/p>\n","protected":false},"excerpt":{"rendered":"<p>Hello Bidet es una pr\u00e1ctica ducha con tubo en espiral de 3 m. y filtro para la conexi\u00f2n a grifo que permite cuidar la propia higiene \u00edntima en el inodoro.<\/p>\n","protected":false},"featured_media":2329,"comment_status":"open","ping_status":"closed","template":"","meta":{"_et_pb_use_builder":"","_et_pb_old_content":"","_et_gb_content_width":""},"product_brand":[],"product_cat":[125],"product_tag":[140],"class_list":{"0":"post-2474","1":"product","2":"type-product","3":"status-publish","4":"has-post-thumbnail","6":"product_cat-accesorios","7":"product_tag-accesorio-aseo-personal","9":"first","10":"instock","11":"shipping-taxable","12":"purchasable","13":"product-type-simple"},"yoast_head":"<!-- This site is optimized with the Yoast SEO plugin v26.2 - https:\/\/yoast.com\/wordpress\/plugins\/seo\/ -->\n<title>Irrigador &quot;Hello bidet&quot; - Ortopedia Aleupa<\/title>\n<meta name=\"robots\" content=\"index, follow, max-snippet:-1, max-image-preview:large, max-video-preview:-1\" \/>\n<link rel=\"canonical\" href=\"https:\/\/aleupa.com\/?product=hello-bidet-copiar\" \/>\n<meta property=\"og:locale\" content=\"es_ES\" \/>\n<meta property=\"og:type\" content=\"article\" \/>\n<meta property=\"og:title\" content=\"Irrigador &quot;Hello bidet&quot; - Ortopedia Aleupa\" \/>\n<meta property=\"og:description\" content=\"Hello Bidet es una pr\u00e1ctica ducha con tubo en espiral de 3 m. y filtro para la conexi\u00f2n a grifo que permite cuidar la propia higiene \u00edntima en el inodoro.\" \/>\n<meta property=\"og:url\" content=\"https:\/\/aleupa.com\/?product=hello-bidet-copiar\" \/>\n<meta property=\"og:site_name\" content=\"Ortopedia Aleupa\" \/>\n<meta property=\"article:modified_time\" content=\"2020-11-16T12:24:22+00:00\" \/>\n<meta property=\"og:image\" content=\"https:\/\/aleupa.com\/wp-content\/uploads\/2017\/07\/hb_basic_1-1-copia-copia.jpg\" \/>\n\t<meta property=\"og:image:width\" content=\"500\" \/>\n\t<meta property=\"og:image:height\" content=\"500\" \/>\n\t<meta property=\"og:image:type\" content=\"image\/jpeg\" \/>\n<meta name=\"twitter:card\" content=\"summary_large_image\" \/>\n<meta name=\"twitter:label1\" content=\"Tiempo de lectura\" \/>\n\t<meta name=\"twitter:data1\" content=\"1 minuto\" \/>\n<script type=\"application\/ld+json\" class=\"yoast-schema-graph\">{\"@context\":\"https:\/\/schema.org\",\"@graph\":[{\"@type\":\"WebPage\",\"@id\":\"https:\/\/aleupa.com\/?product=hello-bidet-copiar\",\"url\":\"https:\/\/aleupa.com\/?product=hello-bidet-copiar\",\"name\":\"Irrigador \\\"Hello bidet\\\" - Ortopedia Aleupa\",\"isPartOf\":{\"@id\":\"https:\/\/aleupa.com\/#website\"},\"primaryImageOfPage\":{\"@id\":\"https:\/\/aleupa.com\/?product=hello-bidet-copiar#primaryimage\"},\"image\":{\"@id\":\"https:\/\/aleupa.com\/?product=hello-bidet-copiar#primaryimage\"},\"thumbnailUrl\":\"https:\/\/aleupa.com\/wp-content\/uploads\/2017\/07\/hb_basic_1-1-copia-copia.jpg\",\"datePublished\":\"2017-08-02T09:25:51+00:00\",\"dateModified\":\"2020-11-16T12:24:22+00:00\",\"breadcrumb\":{\"@id\":\"https:\/\/aleupa.com\/?product=hello-bidet-copiar#breadcrumb\"},\"inLanguage\":\"es\",\"potentialAction\":[{\"@type\":\"ReadAction\",\"target\":[\"https:\/\/aleupa.com\/?product=hello-bidet-copiar\"]}]},{\"@type\":\"ImageObject\",\"inLanguage\":\"es\",\"@id\":\"https:\/\/aleupa.com\/?product=hello-bidet-copiar#primaryimage\",\"url\":\"https:\/\/aleupa.com\/wp-content\/uploads\/2017\/07\/hb_basic_1-1-copia-copia.jpg\",\"contentUrl\":\"https:\/\/aleupa.com\/wp-content\/uploads\/2017\/07\/hb_basic_1-1-copia-copia.jpg\",\"width\":500,\"height\":500},{\"@type\":\"BreadcrumbList\",\"@id\":\"https:\/\/aleupa.com\/?product=hello-bidet-copiar#breadcrumb\",\"itemListElement\":[{\"@type\":\"ListItem\",\"position\":1,\"name\":\"Portada\",\"item\":\"https:\/\/aleupa.com\/\"},{\"@type\":\"ListItem\",\"position\":2,\"name\":\"Tienda\",\"item\":\"https:\/\/aleupa.com\/?page_id=802\"},{\"@type\":\"ListItem\",\"position\":3,\"name\":\"Irrigador \u00abHello bidet\u00bb\"}]},{\"@type\":\"WebSite\",\"@id\":\"https:\/\/aleupa.com\/#website\",\"url\":\"https:\/\/aleupa.com\/\",\"name\":\"Ortopedia Aleupa\",\"description\":\"Ayudas a la dependencia\",\"alternateName\":\"Ortopedia en Puerto de la Cruz, Tenerife\",\"potentialAction\":[{\"@type\":\"SearchAction\",\"target\":{\"@type\":\"EntryPoint\",\"urlTemplate\":\"https:\/\/aleupa.com\/?s={search_term_string}\"},\"query-input\":{\"@type\":\"PropertyValueSpecification\",\"valueRequired\":true,\"valueName\":\"search_term_string\"}}],\"inLanguage\":\"es\"}]}<\/script>\n<!-- \/ Yoast SEO plugin. -->","yoast_head_json":{"title":"Irrigador \"Hello bidet\" - Ortopedia Aleupa","robots":{"index":"index","follow":"follow","max-snippet":"max-snippet:-1","max-image-preview":"max-image-preview:large","max-video-preview":"max-video-preview:-1"},"canonical":"https:\/\/aleupa.com\/?product=hello-bidet-copiar","og_locale":"es_ES","og_type":"article","og_title":"Irrigador \"Hello bidet\" - Ortopedia Aleupa","og_description":"Hello Bidet es una pr\u00e1ctica ducha con tubo en espiral de 3 m. y filtro para la conexi\u00f2n a grifo que permite cuidar la propia higiene \u00edntima en el inodoro.","og_url":"https:\/\/aleupa.com\/?product=hello-bidet-copiar","og_site_name":"Ortopedia Aleupa","article_modified_time":"2020-11-16T12:24:22+00:00","og_image":[{"width":500,"height":500,"url":"https:\/\/aleupa.com\/wp-content\/uploads\/2017\/07\/hb_basic_1-1-copia-copia.jpg","type":"image\/jpeg"}],"twitter_card":"summary_large_image","twitter_misc":{"Tiempo de lectura":"1 minuto"},"schema":{"@context":"https:\/\/schema.org","@graph":[{"@type":"WebPage","@id":"https:\/\/aleupa.com\/?product=hello-bidet-copiar","url":"https:\/\/aleupa.com\/?product=hello-bidet-copiar","name":"Irrigador \"Hello bidet\" - Ortopedia Aleupa","isPartOf":{"@id":"https:\/\/aleupa.com\/#website"},"primaryImageOfPage":{"@id":"https:\/\/aleupa.com\/?product=hello-bidet-copiar#primaryimage"},"image":{"@id":"https:\/\/aleupa.com\/?product=hello-bidet-copiar#primaryimage"},"thumbnailUrl":"https:\/\/aleupa.com\/wp-content\/uploads\/2017\/07\/hb_basic_1-1-copia-copia.jpg","datePublished":"2017-08-02T09:25:51+00:00","dateModified":"2020-11-16T12:24:22+00:00","breadcrumb":{"@id":"https:\/\/aleupa.com\/?product=hello-bidet-copiar#breadcrumb"},"inLanguage":"es","potentialAction":[{"@type":"ReadAction","target":["https:\/\/aleupa.com\/?product=hello-bidet-copiar"]}]},{"@type":"ImageObject","inLanguage":"es","@id":"https:\/\/aleupa.com\/?product=hello-bidet-copiar#primaryimage","url":"https:\/\/aleupa.com\/wp-content\/uploads\/2017\/07\/hb_basic_1-1-copia-copia.jpg","contentUrl":"https:\/\/aleupa.com\/wp-content\/uploads\/2017\/07\/hb_basic_1-1-copia-copia.jpg","width":500,"height":500},{"@type":"BreadcrumbList","@id":"https:\/\/aleupa.com\/?product=hello-bidet-copiar#breadcrumb","itemListElement":[{"@type":"ListItem","position":1,"name":"Portada","item":"https:\/\/aleupa.com\/"},{"@type":"ListItem","position":2,"name":"Tienda","item":"https:\/\/aleupa.com\/?page_id=802"},{"@type":"ListItem","position":3,"name":"Irrigador \u00abHello bidet\u00bb"}]},{"@type":"WebSite","@id":"https:\/\/aleupa.com\/#website","url":"https:\/\/aleupa.com\/","name":"Ortopedia Aleupa","description":"Ayudas a la dependencia","alternateName":"Ortopedia en Puerto de la Cruz, Tenerife","potentialAction":[{"@type":"SearchAction","target":{"@type":"EntryPoint","urlTemplate":"https:\/\/aleupa.com\/?s={search_term_string}"},"query-input":{"@type":"PropertyValueSpecification","valueRequired":true,"valueName":"search_term_string"}}],"inLanguage":"es"}]}},"_links":{"self":[{"href":"https:\/\/aleupa.com\/index.php?rest_route=\/wp\/v2\/product\/2474","targetHints":{"allow":["GET"]}}],"collection":[{"href":"https:\/\/aleupa.com\/index.php?rest_route=\/wp\/v2\/product"}],"about":[{"href":"https:\/\/aleupa.com\/index.php?rest_route=\/wp\/v2\/types\/product"}],"replies":[{"embeddable":true,"href":"https:\/\/aleupa.com\/index.php?rest_route=%2Fwp%2Fv2%2Fcomments&post=2474"}],"wp:featuredmedia":[{"embeddable":true,"href":"https:\/\/aleupa.com\/index.php?rest_route=\/wp\/v2\/media\/2329"}],"wp:attachment":[{"href":"https:\/\/aleupa.com\/index.php?rest_route=%2Fwp%2Fv2%2Fmedia&parent=2474"}],"wp:term":[{"taxonomy":"product_brand","embeddable":true,"href":"https:\/\/aleupa.com\/index.php?rest_route=%2Fwp%2Fv2%2Fproduct_brand&post=2474"},{"taxonomy":"product_cat","embeddable":true,"href":"https:\/\/aleupa.com\/index.php?rest_route=%2Fwp%2Fv2%2Fproduct_cat&post=2474"},{"taxonomy":"product_tag","embeddable":true,"href":"https:\/\/aleupa.com\/index.php?rest_route=%2Fwp%2Fv2%2Fproduct_tag&post=2474"}],"curies":[{"name":"wp","href":"https:\/\/api.w.org\/{rel}","templated":true}]}}