{"id":3586,"date":"2020-07-24T16:49:34","date_gmt":"2020-07-24T16:49:34","guid":{"rendered":"http:\/\/www.aleupa.com\/?post_type=product&#038;p=3586"},"modified":"2020-11-11T19:54:08","modified_gmt":"2020-11-11T19:54:08","slug":"tangram","status":"publish","type":"product","link":"https:\/\/aleupa.com\/?product=tangram","title":{"rendered":"Tangram"},"content":{"rendered":"<p>Divi\u00e9rtete haciendo diferentes figuras con este juego de 4 tangrams de madera para jugar uno o mas ni\u00f1os. Te damos seis hojas de ejemplos de diferentes figuras aunque se pueden llegar hacer hasta 1600 diferentes.<\/p>\n<div class=\"beneficios\">\n<ul>\n<li>Juego muy educativo que se utiliza tambi\u00e9n en el \u00e1rea del aprendizaje de las matem\u00e1ticas para introducir conceptos de geometr\u00eda plana<\/li>\n<li>Promueve el desarrollo de capacidad psicomotriz e intelectual.<\/li>\n<li>Piezas en los cuatro colores b\u00e1sicos. Caja de madera ideal para guardar el producto<\/li>\n<\/ul>\n<\/div>\n","protected":false},"excerpt":{"rendered":"<p>Divi\u00e9rtete haciendo diferentes figuras con este juego de 4 tangrams de madera para jugar uno o mas ni\u00f1os. Te damos seis hojas de ejemplos de diferentes figuras aunque se pueden llegar hacer hasta 1600 diferentes. Juego muy educativo que se utiliza tambi\u00e9n en el \u00e1rea del aprendizaje de las matem\u00e1ticas para introducir conceptos de geometr\u00eda [&hellip;]<\/p>\n","protected":false},"featured_media":3587,"comment_status":"open","ping_status":"closed","template":"","meta":{"_et_pb_use_builder":"","_et_pb_old_content":"","_et_gb_content_width":""},"product_brand":[],"product_cat":[421,441],"product_tag":[],"class_list":{"0":"post-3586","1":"product","2":"type-product","3":"status-publish","4":"has-post-thumbnail","6":"product_cat-matematicas","7":"product_cat-psicomotricidad-fina","8":"product_shipping_class-tourline-express","10":"first","11":"instock","12":"shipping-taxable","13":"purchasable","14":"product-type-simple"},"yoast_head":"<!-- This site is optimized with the Yoast SEO plugin v26.2 - https:\/\/yoast.com\/wordpress\/plugins\/seo\/ -->\n<title>Tangram - Ortopedia Aleupa<\/title>\n<meta name=\"robots\" content=\"index, follow, max-snippet:-1, max-image-preview:large, max-video-preview:-1\" \/>\n<link rel=\"canonical\" href=\"https:\/\/aleupa.com\/?product=tangram\" \/>\n<meta property=\"og:locale\" content=\"es_ES\" \/>\n<meta property=\"og:type\" content=\"article\" \/>\n<meta property=\"og:title\" content=\"Tangram - Ortopedia Aleupa\" \/>\n<meta property=\"og:description\" content=\"Divi\u00e9rtete haciendo diferentes figuras con este juego de 4 tangrams de madera para jugar uno o mas ni\u00f1os. Te damos seis hojas de ejemplos de diferentes figuras aunque se pueden llegar hacer hasta 1600 diferentes. Juego muy educativo que se utiliza tambi\u00e9n en el \u00e1rea del aprendizaje de las matem\u00e1ticas para introducir conceptos de geometr\u00eda [&hellip;]\" \/>\n<meta property=\"og:url\" content=\"https:\/\/aleupa.com\/?product=tangram\" \/>\n<meta property=\"og:site_name\" content=\"Ortopedia Aleupa\" \/>\n<meta property=\"article:modified_time\" content=\"2020-11-11T19:54:08+00:00\" \/>\n<meta property=\"og:image\" content=\"https:\/\/aleupa.com\/wp-content\/uploads\/2020\/07\/GOU-53376.jpg\" \/>\n\t<meta property=\"og:image:width\" content=\"500\" \/>\n\t<meta property=\"og:image:height\" content=\"500\" \/>\n\t<meta property=\"og:image:type\" content=\"image\/jpeg\" \/>\n<meta name=\"twitter:card\" content=\"summary_large_image\" \/>\n<script type=\"application\/ld+json\" class=\"yoast-schema-graph\">{\"@context\":\"https:\/\/schema.org\",\"@graph\":[{\"@type\":\"WebPage\",\"@id\":\"https:\/\/aleupa.com\/?product=tangram\",\"url\":\"https:\/\/aleupa.com\/?product=tangram\",\"name\":\"Tangram - Ortopedia Aleupa\",\"isPartOf\":{\"@id\":\"https:\/\/aleupa.com\/#website\"},\"primaryImageOfPage\":{\"@id\":\"https:\/\/aleupa.com\/?product=tangram#primaryimage\"},\"image\":{\"@id\":\"https:\/\/aleupa.com\/?product=tangram#primaryimage\"},\"thumbnailUrl\":\"https:\/\/aleupa.com\/wp-content\/uploads\/2020\/07\/GOU-53376.jpg\",\"datePublished\":\"2020-07-24T16:49:34+00:00\",\"dateModified\":\"2020-11-11T19:54:08+00:00\",\"breadcrumb\":{\"@id\":\"https:\/\/aleupa.com\/?product=tangram#breadcrumb\"},\"inLanguage\":\"es\",\"potentialAction\":[{\"@type\":\"ReadAction\",\"target\":[\"https:\/\/aleupa.com\/?product=tangram\"]}]},{\"@type\":\"ImageObject\",\"inLanguage\":\"es\",\"@id\":\"https:\/\/aleupa.com\/?product=tangram#primaryimage\",\"url\":\"https:\/\/aleupa.com\/wp-content\/uploads\/2020\/07\/GOU-53376.jpg\",\"contentUrl\":\"https:\/\/aleupa.com\/wp-content\/uploads\/2020\/07\/GOU-53376.jpg\",\"width\":500,\"height\":500},{\"@type\":\"BreadcrumbList\",\"@id\":\"https:\/\/aleupa.com\/?product=tangram#breadcrumb\",\"itemListElement\":[{\"@type\":\"ListItem\",\"position\":1,\"name\":\"Portada\",\"item\":\"https:\/\/aleupa.com\/\"},{\"@type\":\"ListItem\",\"position\":2,\"name\":\"Tienda\",\"item\":\"https:\/\/aleupa.com\/?page_id=802\"},{\"@type\":\"ListItem\",\"position\":3,\"name\":\"Tangram\"}]},{\"@type\":\"WebSite\",\"@id\":\"https:\/\/aleupa.com\/#website\",\"url\":\"https:\/\/aleupa.com\/\",\"name\":\"Ortopedia Aleupa\",\"description\":\"Ayudas a la dependencia\",\"alternateName\":\"Ortopedia en Puerto de la Cruz, Tenerife\",\"potentialAction\":[{\"@type\":\"SearchAction\",\"target\":{\"@type\":\"EntryPoint\",\"urlTemplate\":\"https:\/\/aleupa.com\/?s={search_term_string}\"},\"query-input\":{\"@type\":\"PropertyValueSpecification\",\"valueRequired\":true,\"valueName\":\"search_term_string\"}}],\"inLanguage\":\"es\"}]}<\/script>\n<!-- \/ Yoast SEO plugin. -->","yoast_head_json":{"title":"Tangram - Ortopedia Aleupa","robots":{"index":"index","follow":"follow","max-snippet":"max-snippet:-1","max-image-preview":"max-image-preview:large","max-video-preview":"max-video-preview:-1"},"canonical":"https:\/\/aleupa.com\/?product=tangram","og_locale":"es_ES","og_type":"article","og_title":"Tangram - Ortopedia Aleupa","og_description":"Divi\u00e9rtete haciendo diferentes figuras con este juego de 4 tangrams de madera para jugar uno o mas ni\u00f1os. Te damos seis hojas de ejemplos de diferentes figuras aunque se pueden llegar hacer hasta 1600 diferentes. Juego muy educativo que se utiliza tambi\u00e9n en el \u00e1rea del aprendizaje de las matem\u00e1ticas para introducir conceptos de geometr\u00eda [&hellip;]","og_url":"https:\/\/aleupa.com\/?product=tangram","og_site_name":"Ortopedia Aleupa","article_modified_time":"2020-11-11T19:54:08+00:00","og_image":[{"width":500,"height":500,"url":"https:\/\/aleupa.com\/wp-content\/uploads\/2020\/07\/GOU-53376.jpg","type":"image\/jpeg"}],"twitter_card":"summary_large_image","schema":{"@context":"https:\/\/schema.org","@graph":[{"@type":"WebPage","@id":"https:\/\/aleupa.com\/?product=tangram","url":"https:\/\/aleupa.com\/?product=tangram","name":"Tangram - Ortopedia Aleupa","isPartOf":{"@id":"https:\/\/aleupa.com\/#website"},"primaryImageOfPage":{"@id":"https:\/\/aleupa.com\/?product=tangram#primaryimage"},"image":{"@id":"https:\/\/aleupa.com\/?product=tangram#primaryimage"},"thumbnailUrl":"https:\/\/aleupa.com\/wp-content\/uploads\/2020\/07\/GOU-53376.jpg","datePublished":"2020-07-24T16:49:34+00:00","dateModified":"2020-11-11T19:54:08+00:00","breadcrumb":{"@id":"https:\/\/aleupa.com\/?product=tangram#breadcrumb"},"inLanguage":"es","potentialAction":[{"@type":"ReadAction","target":["https:\/\/aleupa.com\/?product=tangram"]}]},{"@type":"ImageObject","inLanguage":"es","@id":"https:\/\/aleupa.com\/?product=tangram#primaryimage","url":"https:\/\/aleupa.com\/wp-content\/uploads\/2020\/07\/GOU-53376.jpg","contentUrl":"https:\/\/aleupa.com\/wp-content\/uploads\/2020\/07\/GOU-53376.jpg","width":500,"height":500},{"@type":"BreadcrumbList","@id":"https:\/\/aleupa.com\/?product=tangram#breadcrumb","itemListElement":[{"@type":"ListItem","position":1,"name":"Portada","item":"https:\/\/aleupa.com\/"},{"@type":"ListItem","position":2,"name":"Tienda","item":"https:\/\/aleupa.com\/?page_id=802"},{"@type":"ListItem","position":3,"name":"Tangram"}]},{"@type":"WebSite","@id":"https:\/\/aleupa.com\/#website","url":"https:\/\/aleupa.com\/","name":"Ortopedia Aleupa","description":"Ayudas a la dependencia","alternateName":"Ortopedia en Puerto de la Cruz, Tenerife","potentialAction":[{"@type":"SearchAction","target":{"@type":"EntryPoint","urlTemplate":"https:\/\/aleupa.com\/?s={search_term_string}"},"query-input":{"@type":"PropertyValueSpecification","valueRequired":true,"valueName":"search_term_string"}}],"inLanguage":"es"}]}},"_links":{"self":[{"href":"https:\/\/aleupa.com\/index.php?rest_route=\/wp\/v2\/product\/3586","targetHints":{"allow":["GET"]}}],"collection":[{"href":"https:\/\/aleupa.com\/index.php?rest_route=\/wp\/v2\/product"}],"about":[{"href":"https:\/\/aleupa.com\/index.php?rest_route=\/wp\/v2\/types\/product"}],"replies":[{"embeddable":true,"href":"https:\/\/aleupa.com\/index.php?rest_route=%2Fwp%2Fv2%2Fcomments&post=3586"}],"wp:featuredmedia":[{"embeddable":true,"href":"https:\/\/aleupa.com\/index.php?rest_route=\/wp\/v2\/media\/3587"}],"wp:attachment":[{"href":"https:\/\/aleupa.com\/index.php?rest_route=%2Fwp%2Fv2%2Fmedia&parent=3586"}],"wp:term":[{"taxonomy":"product_brand","embeddable":true,"href":"https:\/\/aleupa.com\/index.php?rest_route=%2Fwp%2Fv2%2Fproduct_brand&post=3586"},{"taxonomy":"product_cat","embeddable":true,"href":"https:\/\/aleupa.com\/index.php?rest_route=%2Fwp%2Fv2%2Fproduct_cat&post=3586"},{"taxonomy":"product_tag","embeddable":true,"href":"https:\/\/aleupa.com\/index.php?rest_route=%2Fwp%2Fv2%2Fproduct_tag&post=3586"}],"curies":[{"name":"wp","href":"https:\/\/api.w.org\/{rel}","templated":true}]}}