{"id":3618,"date":"2020-08-05T09:44:45","date_gmt":"2020-08-05T09:44:45","guid":{"rendered":"http:\/\/www.aleupa.com\/?post_type=product&#038;p=3618"},"modified":"2020-11-11T19:50:30","modified_gmt":"2020-11-11T19:50:30","slug":"acierta-4-xxl","status":"publish","type":"product","link":"https:\/\/aleupa.com\/?product=acierta-4-xxl","title":{"rendered":"Acierta 4 XXL"},"content":{"rendered":"<p>JUEGOS DE SIEMPRE A OTRA ESCALA<\/p>\n<p><span class=\"st\">El juego cl\u00e1sico de 3 en raya en una versi\u00f3n de <em>4<\/em> piezas.<\/span><\/p>\n<p>La l\u00ednea de Juegos XXL Games, se caracteriza porque todos sus componentes son de mayor tama\u00f1o, pensados para que todos absolutamente todos, puedan disfrutar jugando.<\/p>\n<p>Aspectos psicopedagogicos a resaltar:\u00a0 atenci\u00f3n, concentraci\u00f3n, estrategia,\u00a0 coordinaci\u00f3n ojo-mano, percepci\u00f3n visual.<\/p>\n<p>Potencia habilidades sociales:\u00a0 expresi\u00f3n verval, comunicaci\u00f3n, empat\u00eda.<\/p>\n<p>Propicia habilidades intrapersonales como la autoestima,\u00a0 ayuda a conocer tus propios l\u00edmites y fortalezas.<\/p>\n<p><img loading=\"lazy\" decoding=\"async\" class=\"n3VNCb\" src=\"https:\/\/www.juguetesb2b.com\/revcms_render_image.aspx?date=20200326&amp;id=5791154c-0185-476a-aeb9-5baddb27892b&amp;mode=1&amp;width=632&amp;height=632\" alt=\"Cayro, bastante m\u00e1s que 'parchises' - JUGUETES b2b\" width=\"175\" height=\"116\" data-noaft=\"1\" \/><\/p>\n","protected":false},"excerpt":{"rendered":"<p><span class=\"st\">El juego cl\u00e1sico de 3 en raya en una versi\u00f3n de <em>4<\/em> piezas.<\/span><\/p>\n","protected":false},"featured_media":3620,"comment_status":"open","ping_status":"closed","template":"","meta":{"_et_pb_use_builder":"","_et_pb_old_content":"","_et_gb_content_width":""},"product_brand":[],"product_cat":[422,441,202],"product_tag":[468],"class_list":{"0":"post-3618","1":"product","2":"type-product","3":"status-publish","4":"has-post-thumbnail","6":"product_cat-atancionconcentracion","7":"product_cat-psicomotricidad-fina","8":"product_cat-juegos-de-mesa","9":"product_tag-juego-de-mesa","10":"product_shipping_class-tourline-express","12":"first","13":"instock","14":"shipping-taxable","15":"purchasable","16":"product-type-simple"},"yoast_head":"<!-- This site is optimized with the Yoast SEO plugin v26.2 - https:\/\/yoast.com\/wordpress\/plugins\/seo\/ -->\n<title>Acierta 4 XXL - Ortopedia Aleupa<\/title>\n<meta name=\"robots\" content=\"index, follow, max-snippet:-1, max-image-preview:large, max-video-preview:-1\" \/>\n<link rel=\"canonical\" href=\"https:\/\/aleupa.com\/?product=acierta-4-xxl\" \/>\n<meta property=\"og:locale\" content=\"es_ES\" \/>\n<meta property=\"og:type\" content=\"article\" \/>\n<meta property=\"og:title\" content=\"Acierta 4 XXL - Ortopedia Aleupa\" \/>\n<meta property=\"og:description\" content=\"El juego cl\u00e1sico de 3 en raya en una versi\u00f3n de 4 piezas.\" \/>\n<meta property=\"og:url\" content=\"https:\/\/aleupa.com\/?product=acierta-4-xxl\" \/>\n<meta property=\"og:site_name\" content=\"Ortopedia Aleupa\" \/>\n<meta property=\"article:modified_time\" content=\"2020-11-11T19:50:30+00:00\" \/>\n<meta property=\"og:image\" content=\"https:\/\/aleupa.com\/wp-content\/uploads\/2020\/08\/acierta-4-xxl.jpg\" \/>\n\t<meta property=\"og:image:width\" content=\"500\" \/>\n\t<meta property=\"og:image:height\" content=\"500\" \/>\n\t<meta property=\"og:image:type\" content=\"image\/jpeg\" \/>\n<meta name=\"twitter:card\" content=\"summary_large_image\" \/>\n<script type=\"application\/ld+json\" class=\"yoast-schema-graph\">{\"@context\":\"https:\/\/schema.org\",\"@graph\":[{\"@type\":\"WebPage\",\"@id\":\"https:\/\/aleupa.com\/?product=acierta-4-xxl\",\"url\":\"https:\/\/aleupa.com\/?product=acierta-4-xxl\",\"name\":\"Acierta 4 XXL - Ortopedia Aleupa\",\"isPartOf\":{\"@id\":\"https:\/\/aleupa.com\/#website\"},\"primaryImageOfPage\":{\"@id\":\"https:\/\/aleupa.com\/?product=acierta-4-xxl#primaryimage\"},\"image\":{\"@id\":\"https:\/\/aleupa.com\/?product=acierta-4-xxl#primaryimage\"},\"thumbnailUrl\":\"https:\/\/aleupa.com\/wp-content\/uploads\/2020\/08\/acierta-4-xxl.jpg\",\"datePublished\":\"2020-08-05T09:44:45+00:00\",\"dateModified\":\"2020-11-11T19:50:30+00:00\",\"breadcrumb\":{\"@id\":\"https:\/\/aleupa.com\/?product=acierta-4-xxl#breadcrumb\"},\"inLanguage\":\"es\",\"potentialAction\":[{\"@type\":\"ReadAction\",\"target\":[\"https:\/\/aleupa.com\/?product=acierta-4-xxl\"]}]},{\"@type\":\"ImageObject\",\"inLanguage\":\"es\",\"@id\":\"https:\/\/aleupa.com\/?product=acierta-4-xxl#primaryimage\",\"url\":\"https:\/\/aleupa.com\/wp-content\/uploads\/2020\/08\/acierta-4-xxl.jpg\",\"contentUrl\":\"https:\/\/aleupa.com\/wp-content\/uploads\/2020\/08\/acierta-4-xxl.jpg\",\"width\":500,\"height\":500},{\"@type\":\"BreadcrumbList\",\"@id\":\"https:\/\/aleupa.com\/?product=acierta-4-xxl#breadcrumb\",\"itemListElement\":[{\"@type\":\"ListItem\",\"position\":1,\"name\":\"Portada\",\"item\":\"https:\/\/aleupa.com\/\"},{\"@type\":\"ListItem\",\"position\":2,\"name\":\"Tienda\",\"item\":\"https:\/\/aleupa.com\/?page_id=802\"},{\"@type\":\"ListItem\",\"position\":3,\"name\":\"Acierta 4 XXL\"}]},{\"@type\":\"WebSite\",\"@id\":\"https:\/\/aleupa.com\/#website\",\"url\":\"https:\/\/aleupa.com\/\",\"name\":\"Ortopedia Aleupa\",\"description\":\"Ayudas a la dependencia\",\"alternateName\":\"Ortopedia en Puerto de la Cruz, Tenerife\",\"potentialAction\":[{\"@type\":\"SearchAction\",\"target\":{\"@type\":\"EntryPoint\",\"urlTemplate\":\"https:\/\/aleupa.com\/?s={search_term_string}\"},\"query-input\":{\"@type\":\"PropertyValueSpecification\",\"valueRequired\":true,\"valueName\":\"search_term_string\"}}],\"inLanguage\":\"es\"}]}<\/script>\n<!-- \/ Yoast SEO plugin. -->","yoast_head_json":{"title":"Acierta 4 XXL - Ortopedia Aleupa","robots":{"index":"index","follow":"follow","max-snippet":"max-snippet:-1","max-image-preview":"max-image-preview:large","max-video-preview":"max-video-preview:-1"},"canonical":"https:\/\/aleupa.com\/?product=acierta-4-xxl","og_locale":"es_ES","og_type":"article","og_title":"Acierta 4 XXL - Ortopedia Aleupa","og_description":"El juego cl\u00e1sico de 3 en raya en una versi\u00f3n de 4 piezas.","og_url":"https:\/\/aleupa.com\/?product=acierta-4-xxl","og_site_name":"Ortopedia Aleupa","article_modified_time":"2020-11-11T19:50:30+00:00","og_image":[{"width":500,"height":500,"url":"https:\/\/aleupa.com\/wp-content\/uploads\/2020\/08\/acierta-4-xxl.jpg","type":"image\/jpeg"}],"twitter_card":"summary_large_image","schema":{"@context":"https:\/\/schema.org","@graph":[{"@type":"WebPage","@id":"https:\/\/aleupa.com\/?product=acierta-4-xxl","url":"https:\/\/aleupa.com\/?product=acierta-4-xxl","name":"Acierta 4 XXL - Ortopedia Aleupa","isPartOf":{"@id":"https:\/\/aleupa.com\/#website"},"primaryImageOfPage":{"@id":"https:\/\/aleupa.com\/?product=acierta-4-xxl#primaryimage"},"image":{"@id":"https:\/\/aleupa.com\/?product=acierta-4-xxl#primaryimage"},"thumbnailUrl":"https:\/\/aleupa.com\/wp-content\/uploads\/2020\/08\/acierta-4-xxl.jpg","datePublished":"2020-08-05T09:44:45+00:00","dateModified":"2020-11-11T19:50:30+00:00","breadcrumb":{"@id":"https:\/\/aleupa.com\/?product=acierta-4-xxl#breadcrumb"},"inLanguage":"es","potentialAction":[{"@type":"ReadAction","target":["https:\/\/aleupa.com\/?product=acierta-4-xxl"]}]},{"@type":"ImageObject","inLanguage":"es","@id":"https:\/\/aleupa.com\/?product=acierta-4-xxl#primaryimage","url":"https:\/\/aleupa.com\/wp-content\/uploads\/2020\/08\/acierta-4-xxl.jpg","contentUrl":"https:\/\/aleupa.com\/wp-content\/uploads\/2020\/08\/acierta-4-xxl.jpg","width":500,"height":500},{"@type":"BreadcrumbList","@id":"https:\/\/aleupa.com\/?product=acierta-4-xxl#breadcrumb","itemListElement":[{"@type":"ListItem","position":1,"name":"Portada","item":"https:\/\/aleupa.com\/"},{"@type":"ListItem","position":2,"name":"Tienda","item":"https:\/\/aleupa.com\/?page_id=802"},{"@type":"ListItem","position":3,"name":"Acierta 4 XXL"}]},{"@type":"WebSite","@id":"https:\/\/aleupa.com\/#website","url":"https:\/\/aleupa.com\/","name":"Ortopedia Aleupa","description":"Ayudas a la dependencia","alternateName":"Ortopedia en Puerto de la Cruz, Tenerife","potentialAction":[{"@type":"SearchAction","target":{"@type":"EntryPoint","urlTemplate":"https:\/\/aleupa.com\/?s={search_term_string}"},"query-input":{"@type":"PropertyValueSpecification","valueRequired":true,"valueName":"search_term_string"}}],"inLanguage":"es"}]}},"_links":{"self":[{"href":"https:\/\/aleupa.com\/index.php?rest_route=\/wp\/v2\/product\/3618","targetHints":{"allow":["GET"]}}],"collection":[{"href":"https:\/\/aleupa.com\/index.php?rest_route=\/wp\/v2\/product"}],"about":[{"href":"https:\/\/aleupa.com\/index.php?rest_route=\/wp\/v2\/types\/product"}],"replies":[{"embeddable":true,"href":"https:\/\/aleupa.com\/index.php?rest_route=%2Fwp%2Fv2%2Fcomments&post=3618"}],"wp:featuredmedia":[{"embeddable":true,"href":"https:\/\/aleupa.com\/index.php?rest_route=\/wp\/v2\/media\/3620"}],"wp:attachment":[{"href":"https:\/\/aleupa.com\/index.php?rest_route=%2Fwp%2Fv2%2Fmedia&parent=3618"}],"wp:term":[{"taxonomy":"product_brand","embeddable":true,"href":"https:\/\/aleupa.com\/index.php?rest_route=%2Fwp%2Fv2%2Fproduct_brand&post=3618"},{"taxonomy":"product_cat","embeddable":true,"href":"https:\/\/aleupa.com\/index.php?rest_route=%2Fwp%2Fv2%2Fproduct_cat&post=3618"},{"taxonomy":"product_tag","embeddable":true,"href":"https:\/\/aleupa.com\/index.php?rest_route=%2Fwp%2Fv2%2Fproduct_tag&post=3618"}],"curies":[{"name":"wp","href":"https:\/\/api.w.org\/{rel}","templated":true}]}}