{"id":3625,"date":"2020-08-06T09:18:56","date_gmt":"2020-08-06T09:18:56","guid":{"rendered":"http:\/\/www.aleupa.com\/?post_type=product&#038;p=3625"},"modified":"2020-11-11T19:47:30","modified_gmt":"2020-11-11T19:47:30","slug":"parchis-xxl","status":"publish","type":"product","link":"https:\/\/aleupa.com\/?product=parchis-xxl","title":{"rendered":"Parchis XXL"},"content":{"rendered":"<div class=\"columna\">\n<div class=\"gplus\">\n<div id=\"___plusone_0\">\n<p>Todos hemos jugado alguna vez con la familia al parch\u00eds y los m\u00e1s peque\u00f1os y los abuelos a veces pueden tener problemas para ver o coger las fichas. Por esta raz\u00f3n hemos dise\u00f1ado este parch\u00eds cuyas fichas, dados, cubiletes y tablero son algo m\u00e1s grandes de lo habitual y as\u00ed toda la familia podr\u00e1 seguir jugando.<\/p>\n<p>Habilidades psicopedag\u00f3gicas que potencia:<\/p>\n<p>Atenci\u00f3n, concentraci\u00f3n,\u00a0 conteo, estrategia.<\/p>\n<p>Habilidades sociales:\u00a0\u00a0 expresi\u00f3n verbal, comunicaci\u00f3n, empat\u00eda.<\/p>\n<p>Habilidades intrapersonales:\u00a0 autoestima, motivaci\u00f3n.<\/p>\n<p><img loading=\"lazy\" decoding=\"async\" class=\"n3VNCb\" src=\"https:\/\/www.juguetesb2b.com\/revcms_render_image.aspx?date=20200326&amp;id=5791154c-0185-476a-aeb9-5baddb27892b&amp;mode=1&amp;width=632&amp;height=632\" alt=\"Cayro, bastante m\u00e1s que 'parchises' - JUGUETES b2b\" width=\"173\" height=\"115\" data-noaft=\"1\" \/><\/p>\n<\/div>\n<\/div>\n<\/div>\n","protected":false},"excerpt":{"rendered":"<p>Parch\u00eds de siempre con tablero, fichas y dados m\u00e1s grandes.<\/p>\n","protected":false},"featured_media":3626,"comment_status":"open","ping_status":"closed","template":"","meta":{"_et_pb_use_builder":"","_et_pb_old_content":"","_et_gb_content_width":""},"product_brand":[],"product_cat":[202],"product_tag":[468],"class_list":{"0":"post-3625","1":"product","2":"type-product","3":"status-publish","4":"has-post-thumbnail","6":"product_cat-juegos-de-mesa","7":"product_tag-juego-de-mesa","8":"product_shipping_class-tourline-express","10":"first","11":"instock","12":"shipping-taxable","13":"purchasable","14":"product-type-simple"},"yoast_head":"<!-- This site is optimized with the Yoast SEO plugin v26.2 - https:\/\/yoast.com\/wordpress\/plugins\/seo\/ -->\n<title>Parchis XXL - Ortopedia Aleupa<\/title>\n<meta name=\"robots\" content=\"index, follow, max-snippet:-1, max-image-preview:large, max-video-preview:-1\" \/>\n<link rel=\"canonical\" href=\"https:\/\/aleupa.com\/?product=parchis-xxl\" \/>\n<meta property=\"og:locale\" content=\"es_ES\" \/>\n<meta property=\"og:type\" content=\"article\" \/>\n<meta property=\"og:title\" content=\"Parchis XXL - Ortopedia Aleupa\" \/>\n<meta property=\"og:description\" content=\"Parch\u00eds de siempre con tablero, fichas y dados m\u00e1s grandes.\" \/>\n<meta property=\"og:url\" content=\"https:\/\/aleupa.com\/?product=parchis-xxl\" \/>\n<meta property=\"og:site_name\" content=\"Ortopedia Aleupa\" \/>\n<meta property=\"article:modified_time\" content=\"2020-11-11T19:47:30+00:00\" \/>\n<meta property=\"og:image\" content=\"https:\/\/aleupa.com\/wp-content\/uploads\/2020\/08\/792-Parch\u00eds-CPfm15-500X500.jpg\" \/>\n\t<meta property=\"og:image:width\" content=\"500\" \/>\n\t<meta property=\"og:image:height\" content=\"500\" \/>\n\t<meta property=\"og:image:type\" content=\"image\/jpeg\" \/>\n<meta name=\"twitter:card\" content=\"summary_large_image\" \/>\n<script type=\"application\/ld+json\" class=\"yoast-schema-graph\">{\"@context\":\"https:\/\/schema.org\",\"@graph\":[{\"@type\":\"WebPage\",\"@id\":\"https:\/\/aleupa.com\/?product=parchis-xxl\",\"url\":\"https:\/\/aleupa.com\/?product=parchis-xxl\",\"name\":\"Parchis XXL - Ortopedia Aleupa\",\"isPartOf\":{\"@id\":\"https:\/\/aleupa.com\/#website\"},\"primaryImageOfPage\":{\"@id\":\"https:\/\/aleupa.com\/?product=parchis-xxl#primaryimage\"},\"image\":{\"@id\":\"https:\/\/aleupa.com\/?product=parchis-xxl#primaryimage\"},\"thumbnailUrl\":\"https:\/\/aleupa.com\/wp-content\/uploads\/2020\/08\/792-Parch\u00eds-CPfm15-500X500.jpg\",\"datePublished\":\"2020-08-06T09:18:56+00:00\",\"dateModified\":\"2020-11-11T19:47:30+00:00\",\"breadcrumb\":{\"@id\":\"https:\/\/aleupa.com\/?product=parchis-xxl#breadcrumb\"},\"inLanguage\":\"es\",\"potentialAction\":[{\"@type\":\"ReadAction\",\"target\":[\"https:\/\/aleupa.com\/?product=parchis-xxl\"]}]},{\"@type\":\"ImageObject\",\"inLanguage\":\"es\",\"@id\":\"https:\/\/aleupa.com\/?product=parchis-xxl#primaryimage\",\"url\":\"https:\/\/aleupa.com\/wp-content\/uploads\/2020\/08\/792-Parch\u00eds-CPfm15-500X500.jpg\",\"contentUrl\":\"https:\/\/aleupa.com\/wp-content\/uploads\/2020\/08\/792-Parch\u00eds-CPfm15-500X500.jpg\",\"width\":500,\"height\":500},{\"@type\":\"BreadcrumbList\",\"@id\":\"https:\/\/aleupa.com\/?product=parchis-xxl#breadcrumb\",\"itemListElement\":[{\"@type\":\"ListItem\",\"position\":1,\"name\":\"Portada\",\"item\":\"https:\/\/aleupa.com\/\"},{\"@type\":\"ListItem\",\"position\":2,\"name\":\"Tienda\",\"item\":\"https:\/\/aleupa.com\/?page_id=802\"},{\"@type\":\"ListItem\",\"position\":3,\"name\":\"Parchis XXL\"}]},{\"@type\":\"WebSite\",\"@id\":\"https:\/\/aleupa.com\/#website\",\"url\":\"https:\/\/aleupa.com\/\",\"name\":\"Ortopedia Aleupa\",\"description\":\"Ayudas a la dependencia\",\"alternateName\":\"Ortopedia en Puerto de la Cruz, Tenerife\",\"potentialAction\":[{\"@type\":\"SearchAction\",\"target\":{\"@type\":\"EntryPoint\",\"urlTemplate\":\"https:\/\/aleupa.com\/?s={search_term_string}\"},\"query-input\":{\"@type\":\"PropertyValueSpecification\",\"valueRequired\":true,\"valueName\":\"search_term_string\"}}],\"inLanguage\":\"es\"}]}<\/script>\n<!-- \/ Yoast SEO plugin. -->","yoast_head_json":{"title":"Parchis XXL - Ortopedia Aleupa","robots":{"index":"index","follow":"follow","max-snippet":"max-snippet:-1","max-image-preview":"max-image-preview:large","max-video-preview":"max-video-preview:-1"},"canonical":"https:\/\/aleupa.com\/?product=parchis-xxl","og_locale":"es_ES","og_type":"article","og_title":"Parchis XXL - Ortopedia Aleupa","og_description":"Parch\u00eds de siempre con tablero, fichas y dados m\u00e1s grandes.","og_url":"https:\/\/aleupa.com\/?product=parchis-xxl","og_site_name":"Ortopedia Aleupa","article_modified_time":"2020-11-11T19:47:30+00:00","og_image":[{"width":500,"height":500,"url":"https:\/\/aleupa.com\/wp-content\/uploads\/2020\/08\/792-Parch\u00eds-CPfm15-500X500.jpg","type":"image\/jpeg"}],"twitter_card":"summary_large_image","schema":{"@context":"https:\/\/schema.org","@graph":[{"@type":"WebPage","@id":"https:\/\/aleupa.com\/?product=parchis-xxl","url":"https:\/\/aleupa.com\/?product=parchis-xxl","name":"Parchis XXL - Ortopedia Aleupa","isPartOf":{"@id":"https:\/\/aleupa.com\/#website"},"primaryImageOfPage":{"@id":"https:\/\/aleupa.com\/?product=parchis-xxl#primaryimage"},"image":{"@id":"https:\/\/aleupa.com\/?product=parchis-xxl#primaryimage"},"thumbnailUrl":"https:\/\/aleupa.com\/wp-content\/uploads\/2020\/08\/792-Parch\u00eds-CPfm15-500X500.jpg","datePublished":"2020-08-06T09:18:56+00:00","dateModified":"2020-11-11T19:47:30+00:00","breadcrumb":{"@id":"https:\/\/aleupa.com\/?product=parchis-xxl#breadcrumb"},"inLanguage":"es","potentialAction":[{"@type":"ReadAction","target":["https:\/\/aleupa.com\/?product=parchis-xxl"]}]},{"@type":"ImageObject","inLanguage":"es","@id":"https:\/\/aleupa.com\/?product=parchis-xxl#primaryimage","url":"https:\/\/aleupa.com\/wp-content\/uploads\/2020\/08\/792-Parch\u00eds-CPfm15-500X500.jpg","contentUrl":"https:\/\/aleupa.com\/wp-content\/uploads\/2020\/08\/792-Parch\u00eds-CPfm15-500X500.jpg","width":500,"height":500},{"@type":"BreadcrumbList","@id":"https:\/\/aleupa.com\/?product=parchis-xxl#breadcrumb","itemListElement":[{"@type":"ListItem","position":1,"name":"Portada","item":"https:\/\/aleupa.com\/"},{"@type":"ListItem","position":2,"name":"Tienda","item":"https:\/\/aleupa.com\/?page_id=802"},{"@type":"ListItem","position":3,"name":"Parchis XXL"}]},{"@type":"WebSite","@id":"https:\/\/aleupa.com\/#website","url":"https:\/\/aleupa.com\/","name":"Ortopedia Aleupa","description":"Ayudas a la dependencia","alternateName":"Ortopedia en Puerto de la Cruz, Tenerife","potentialAction":[{"@type":"SearchAction","target":{"@type":"EntryPoint","urlTemplate":"https:\/\/aleupa.com\/?s={search_term_string}"},"query-input":{"@type":"PropertyValueSpecification","valueRequired":true,"valueName":"search_term_string"}}],"inLanguage":"es"}]}},"_links":{"self":[{"href":"https:\/\/aleupa.com\/index.php?rest_route=\/wp\/v2\/product\/3625","targetHints":{"allow":["GET"]}}],"collection":[{"href":"https:\/\/aleupa.com\/index.php?rest_route=\/wp\/v2\/product"}],"about":[{"href":"https:\/\/aleupa.com\/index.php?rest_route=\/wp\/v2\/types\/product"}],"replies":[{"embeddable":true,"href":"https:\/\/aleupa.com\/index.php?rest_route=%2Fwp%2Fv2%2Fcomments&post=3625"}],"wp:featuredmedia":[{"embeddable":true,"href":"https:\/\/aleupa.com\/index.php?rest_route=\/wp\/v2\/media\/3626"}],"wp:attachment":[{"href":"https:\/\/aleupa.com\/index.php?rest_route=%2Fwp%2Fv2%2Fmedia&parent=3625"}],"wp:term":[{"taxonomy":"product_brand","embeddable":true,"href":"https:\/\/aleupa.com\/index.php?rest_route=%2Fwp%2Fv2%2Fproduct_brand&post=3625"},{"taxonomy":"product_cat","embeddable":true,"href":"https:\/\/aleupa.com\/index.php?rest_route=%2Fwp%2Fv2%2Fproduct_cat&post=3625"},{"taxonomy":"product_tag","embeddable":true,"href":"https:\/\/aleupa.com\/index.php?rest_route=%2Fwp%2Fv2%2Fproduct_tag&post=3625"}],"curies":[{"name":"wp","href":"https:\/\/api.w.org\/{rel}","templated":true}]}}