{"id":3704,"date":"2020-08-11T17:12:15","date_gmt":"2020-08-11T17:12:15","guid":{"rendered":"http:\/\/www.aleupa.com\/?post_type=product&#038;p=3704"},"modified":"2020-11-11T18:52:02","modified_gmt":"2020-11-11T18:52:02","slug":"sense-blocks","status":"publish","type":"product","link":"https:\/\/aleupa.com\/?product=sense-blocks","title":{"rendered":"Sense blocks"},"content":{"rendered":"<p>6 bloques de construcci\u00f3n que en su interior contienen arena, l\u00edquido y bolitas de distintos colores, que cautivar\u00e1n la atenci\u00f3n de los m\u00e1s peque\u00f1os. Podr\u00e1s hacer construcciones o utilizarlos para jugar con la luz, ya que proyectan colores y formas irregulares. Tambi\u00e9n es una herramienta fant\u00e1stica para utilizar con las mesas de luz.<\/p>\n<p><img loading=\"lazy\" decoding=\"async\" class=\"n3VNCb\" src=\"https:\/\/www.juguetesb2b.com\/revcms_render_image.aspx?date=20200326&amp;id=5791154c-0185-476a-aeb9-5baddb27892b&amp;mode=1&amp;width=632&amp;height=632\" alt=\"Cayro, bastante m\u00e1s que 'parchises' - JUGUETES b2b\" width=\"200\" height=\"133\" data-noaft=\"1\" \/><\/p>\n","protected":false},"excerpt":{"rendered":"<p>Bloques de contrucci\u00f3n para estimulaci\u00f3n multisensorial (vista, oido, tacto)<\/p>\n","protected":false},"featured_media":3705,"comment_status":"open","ping_status":"closed","template":"","meta":{"_et_pb_use_builder":"","_et_pb_old_content":"","_et_gb_content_width":""},"product_brand":[],"product_cat":[428,101],"product_tag":[475],"class_list":{"0":"post-3704","1":"product","2":"type-product","3":"status-publish","4":"has-post-thumbnail","6":"product_cat-estimulacion-multisensorial","7":"product_cat-estimulacion-y-aprendizaje","8":"product_tag-estimulacion-temprana","9":"product_shipping_class-tourline-express","11":"first","12":"instock","13":"shipping-taxable","14":"purchasable","15":"product-type-simple"},"yoast_head":"<!-- This site is optimized with the Yoast SEO plugin v26.2 - https:\/\/yoast.com\/wordpress\/plugins\/seo\/ -->\n<title>Sense blocks - Ortopedia Aleupa<\/title>\n<meta name=\"robots\" content=\"index, follow, max-snippet:-1, max-image-preview:large, max-video-preview:-1\" \/>\n<link rel=\"canonical\" href=\"https:\/\/aleupa.com\/?product=sense-blocks\" \/>\n<meta property=\"og:locale\" content=\"es_ES\" \/>\n<meta property=\"og:type\" content=\"article\" \/>\n<meta property=\"og:title\" content=\"Sense blocks - Ortopedia Aleupa\" \/>\n<meta property=\"og:description\" content=\"Bloques de contrucci\u00f3n para estimulaci\u00f3n multisensorial (vista, oido, tacto)\" \/>\n<meta property=\"og:url\" content=\"https:\/\/aleupa.com\/?product=sense-blocks\" \/>\n<meta property=\"og:site_name\" content=\"Ortopedia Aleupa\" \/>\n<meta property=\"article:modified_time\" content=\"2020-11-11T18:52:02+00:00\" \/>\n<meta property=\"og:image\" content=\"https:\/\/aleupa.com\/wp-content\/uploads\/2020\/08\/Montessori-Sense-Blocks-C_8171-1067x800-1.jpg\" \/>\n\t<meta property=\"og:image:width\" content=\"500\" \/>\n\t<meta property=\"og:image:height\" content=\"500\" \/>\n\t<meta property=\"og:image:type\" content=\"image\/jpeg\" \/>\n<meta name=\"twitter:card\" content=\"summary_large_image\" \/>\n<script type=\"application\/ld+json\" class=\"yoast-schema-graph\">{\"@context\":\"https:\/\/schema.org\",\"@graph\":[{\"@type\":\"WebPage\",\"@id\":\"https:\/\/aleupa.com\/?product=sense-blocks\",\"url\":\"https:\/\/aleupa.com\/?product=sense-blocks\",\"name\":\"Sense blocks - Ortopedia Aleupa\",\"isPartOf\":{\"@id\":\"https:\/\/aleupa.com\/#website\"},\"primaryImageOfPage\":{\"@id\":\"https:\/\/aleupa.com\/?product=sense-blocks#primaryimage\"},\"image\":{\"@id\":\"https:\/\/aleupa.com\/?product=sense-blocks#primaryimage\"},\"thumbnailUrl\":\"https:\/\/aleupa.com\/wp-content\/uploads\/2020\/08\/Montessori-Sense-Blocks-C_8171-1067x800-1.jpg\",\"datePublished\":\"2020-08-11T17:12:15+00:00\",\"dateModified\":\"2020-11-11T18:52:02+00:00\",\"breadcrumb\":{\"@id\":\"https:\/\/aleupa.com\/?product=sense-blocks#breadcrumb\"},\"inLanguage\":\"es\",\"potentialAction\":[{\"@type\":\"ReadAction\",\"target\":[\"https:\/\/aleupa.com\/?product=sense-blocks\"]}]},{\"@type\":\"ImageObject\",\"inLanguage\":\"es\",\"@id\":\"https:\/\/aleupa.com\/?product=sense-blocks#primaryimage\",\"url\":\"https:\/\/aleupa.com\/wp-content\/uploads\/2020\/08\/Montessori-Sense-Blocks-C_8171-1067x800-1.jpg\",\"contentUrl\":\"https:\/\/aleupa.com\/wp-content\/uploads\/2020\/08\/Montessori-Sense-Blocks-C_8171-1067x800-1.jpg\",\"width\":500,\"height\":500},{\"@type\":\"BreadcrumbList\",\"@id\":\"https:\/\/aleupa.com\/?product=sense-blocks#breadcrumb\",\"itemListElement\":[{\"@type\":\"ListItem\",\"position\":1,\"name\":\"Portada\",\"item\":\"https:\/\/aleupa.com\/\"},{\"@type\":\"ListItem\",\"position\":2,\"name\":\"Tienda\",\"item\":\"https:\/\/aleupa.com\/?page_id=802\"},{\"@type\":\"ListItem\",\"position\":3,\"name\":\"Sense blocks\"}]},{\"@type\":\"WebSite\",\"@id\":\"https:\/\/aleupa.com\/#website\",\"url\":\"https:\/\/aleupa.com\/\",\"name\":\"Ortopedia Aleupa\",\"description\":\"Ayudas a la dependencia\",\"alternateName\":\"Ortopedia en Puerto de la Cruz, Tenerife\",\"potentialAction\":[{\"@type\":\"SearchAction\",\"target\":{\"@type\":\"EntryPoint\",\"urlTemplate\":\"https:\/\/aleupa.com\/?s={search_term_string}\"},\"query-input\":{\"@type\":\"PropertyValueSpecification\",\"valueRequired\":true,\"valueName\":\"search_term_string\"}}],\"inLanguage\":\"es\"}]}<\/script>\n<!-- \/ Yoast SEO plugin. -->","yoast_head_json":{"title":"Sense blocks - Ortopedia Aleupa","robots":{"index":"index","follow":"follow","max-snippet":"max-snippet:-1","max-image-preview":"max-image-preview:large","max-video-preview":"max-video-preview:-1"},"canonical":"https:\/\/aleupa.com\/?product=sense-blocks","og_locale":"es_ES","og_type":"article","og_title":"Sense blocks - Ortopedia Aleupa","og_description":"Bloques de contrucci\u00f3n para estimulaci\u00f3n multisensorial (vista, oido, tacto)","og_url":"https:\/\/aleupa.com\/?product=sense-blocks","og_site_name":"Ortopedia Aleupa","article_modified_time":"2020-11-11T18:52:02+00:00","og_image":[{"width":500,"height":500,"url":"https:\/\/aleupa.com\/wp-content\/uploads\/2020\/08\/Montessori-Sense-Blocks-C_8171-1067x800-1.jpg","type":"image\/jpeg"}],"twitter_card":"summary_large_image","schema":{"@context":"https:\/\/schema.org","@graph":[{"@type":"WebPage","@id":"https:\/\/aleupa.com\/?product=sense-blocks","url":"https:\/\/aleupa.com\/?product=sense-blocks","name":"Sense blocks - Ortopedia Aleupa","isPartOf":{"@id":"https:\/\/aleupa.com\/#website"},"primaryImageOfPage":{"@id":"https:\/\/aleupa.com\/?product=sense-blocks#primaryimage"},"image":{"@id":"https:\/\/aleupa.com\/?product=sense-blocks#primaryimage"},"thumbnailUrl":"https:\/\/aleupa.com\/wp-content\/uploads\/2020\/08\/Montessori-Sense-Blocks-C_8171-1067x800-1.jpg","datePublished":"2020-08-11T17:12:15+00:00","dateModified":"2020-11-11T18:52:02+00:00","breadcrumb":{"@id":"https:\/\/aleupa.com\/?product=sense-blocks#breadcrumb"},"inLanguage":"es","potentialAction":[{"@type":"ReadAction","target":["https:\/\/aleupa.com\/?product=sense-blocks"]}]},{"@type":"ImageObject","inLanguage":"es","@id":"https:\/\/aleupa.com\/?product=sense-blocks#primaryimage","url":"https:\/\/aleupa.com\/wp-content\/uploads\/2020\/08\/Montessori-Sense-Blocks-C_8171-1067x800-1.jpg","contentUrl":"https:\/\/aleupa.com\/wp-content\/uploads\/2020\/08\/Montessori-Sense-Blocks-C_8171-1067x800-1.jpg","width":500,"height":500},{"@type":"BreadcrumbList","@id":"https:\/\/aleupa.com\/?product=sense-blocks#breadcrumb","itemListElement":[{"@type":"ListItem","position":1,"name":"Portada","item":"https:\/\/aleupa.com\/"},{"@type":"ListItem","position":2,"name":"Tienda","item":"https:\/\/aleupa.com\/?page_id=802"},{"@type":"ListItem","position":3,"name":"Sense blocks"}]},{"@type":"WebSite","@id":"https:\/\/aleupa.com\/#website","url":"https:\/\/aleupa.com\/","name":"Ortopedia Aleupa","description":"Ayudas a la dependencia","alternateName":"Ortopedia en Puerto de la Cruz, Tenerife","potentialAction":[{"@type":"SearchAction","target":{"@type":"EntryPoint","urlTemplate":"https:\/\/aleupa.com\/?s={search_term_string}"},"query-input":{"@type":"PropertyValueSpecification","valueRequired":true,"valueName":"search_term_string"}}],"inLanguage":"es"}]}},"_links":{"self":[{"href":"https:\/\/aleupa.com\/index.php?rest_route=\/wp\/v2\/product\/3704","targetHints":{"allow":["GET"]}}],"collection":[{"href":"https:\/\/aleupa.com\/index.php?rest_route=\/wp\/v2\/product"}],"about":[{"href":"https:\/\/aleupa.com\/index.php?rest_route=\/wp\/v2\/types\/product"}],"replies":[{"embeddable":true,"href":"https:\/\/aleupa.com\/index.php?rest_route=%2Fwp%2Fv2%2Fcomments&post=3704"}],"wp:featuredmedia":[{"embeddable":true,"href":"https:\/\/aleupa.com\/index.php?rest_route=\/wp\/v2\/media\/3705"}],"wp:attachment":[{"href":"https:\/\/aleupa.com\/index.php?rest_route=%2Fwp%2Fv2%2Fmedia&parent=3704"}],"wp:term":[{"taxonomy":"product_brand","embeddable":true,"href":"https:\/\/aleupa.com\/index.php?rest_route=%2Fwp%2Fv2%2Fproduct_brand&post=3704"},{"taxonomy":"product_cat","embeddable":true,"href":"https:\/\/aleupa.com\/index.php?rest_route=%2Fwp%2Fv2%2Fproduct_cat&post=3704"},{"taxonomy":"product_tag","embeddable":true,"href":"https:\/\/aleupa.com\/index.php?rest_route=%2Fwp%2Fv2%2Fproduct_tag&post=3704"}],"curies":[{"name":"wp","href":"https:\/\/api.w.org\/{rel}","templated":true}]}}