{"id":3753,"date":"2020-08-13T12:12:51","date_gmt":"2020-08-13T12:12:51","guid":{"rendered":"http:\/\/www.aleupa.com\/?post_type=product&#038;p=3753"},"modified":"2020-11-11T18:50:02","modified_gmt":"2020-11-11T18:50:02","slug":"secuencia-4-formas-encajables","status":"publish","type":"product","link":"https:\/\/aleupa.com\/?product=secuencia-4-formas-encajables","title":{"rendered":"Secuencia 4 formas encajables  (4 Geo Shapes)"},"content":{"rendered":"<p>Juguete educativo para introducir y ense\u00f1ar conceptos m\u00faltiples como las formas geom\u00e9tricas, tama\u00f1o y el color, a trav\u00e9s de actividades\u00a0 como apilar, clasificar y contar.\u00a0 Las formas de madera tambi\u00e9n se pueden utilizar como bloques de construcci\u00f3n y apilamiento. Tambi\u00e9n propicia el\u00a0 desarrollo la coordinaci\u00f3n mano-ojo y las habilidades motoras.<\/p>\n<p>Uso recomendado a partir de 1 a\u00f1o.<\/p>\n<p><img loading=\"lazy\" decoding=\"async\" src=\"https:\/\/andreutoys.com\/img\/cms\/sobre-nosotros\/andreu-toys-logo-1500383755-jpg.png\" width=\"160\" height=\"75\" \/><\/p>\n<p>&nbsp;<\/p>\n","protected":false},"excerpt":{"rendered":"<p>Tablero de encajar formas siguiendo patr\u00f3n de forma, tama\u00f1o y color.<\/p>\n","protected":false},"featured_media":3756,"comment_status":"open","ping_status":"closed","template":"","meta":{"_et_pb_use_builder":"","_et_pb_old_content":"","_et_gb_content_width":""},"product_brand":[],"product_cat":[421,441,101],"product_tag":[478,477,479],"class_list":{"0":"post-3753","1":"product","2":"type-product","3":"status-publish","4":"has-post-thumbnail","6":"product_cat-matematicas","7":"product_cat-psicomotricidad-fina","8":"product_cat-estimulacion-y-aprendizaje","9":"product_tag-geometria","10":"product_tag-reconocimiento-de-formas-tamanos-colores","11":"product_tag-secuenciacion","12":"product_shipping_class-tourline-express","14":"first","15":"instock","16":"shipping-taxable","17":"purchasable","18":"product-type-simple"},"yoast_head":"<!-- This site is optimized with the Yoast SEO plugin v26.2 - https:\/\/yoast.com\/wordpress\/plugins\/seo\/ -->\n<title>Secuencia 4 formas encajables (4 Geo Shapes) - Ortopedia Aleupa<\/title>\n<meta name=\"robots\" content=\"index, follow, max-snippet:-1, max-image-preview:large, max-video-preview:-1\" \/>\n<link rel=\"canonical\" href=\"https:\/\/aleupa.com\/?product=secuencia-4-formas-encajables\" \/>\n<meta property=\"og:locale\" content=\"es_ES\" \/>\n<meta property=\"og:type\" content=\"article\" \/>\n<meta property=\"og:title\" content=\"Secuencia 4 formas encajables (4 Geo Shapes) - Ortopedia Aleupa\" \/>\n<meta property=\"og:description\" content=\"Tablero de encajar formas siguiendo patr\u00f3n de forma, tama\u00f1o y color.\" \/>\n<meta property=\"og:url\" content=\"https:\/\/aleupa.com\/?product=secuencia-4-formas-encajables\" \/>\n<meta property=\"og:site_name\" content=\"Ortopedia Aleupa\" \/>\n<meta property=\"article:modified_time\" content=\"2020-11-11T18:50:02+00:00\" \/>\n<meta property=\"og:image\" content=\"https:\/\/aleupa.com\/wp-content\/uploads\/2020\/08\/4-geo-shape-2.jpg\" \/>\n\t<meta property=\"og:image:width\" content=\"528\" \/>\n\t<meta property=\"og:image:height\" content=\"500\" \/>\n\t<meta property=\"og:image:type\" content=\"image\/jpeg\" \/>\n<meta name=\"twitter:card\" content=\"summary_large_image\" \/>\n<script type=\"application\/ld+json\" class=\"yoast-schema-graph\">{\"@context\":\"https:\/\/schema.org\",\"@graph\":[{\"@type\":\"WebPage\",\"@id\":\"https:\/\/aleupa.com\/?product=secuencia-4-formas-encajables\",\"url\":\"https:\/\/aleupa.com\/?product=secuencia-4-formas-encajables\",\"name\":\"Secuencia 4 formas encajables (4 Geo Shapes) - Ortopedia Aleupa\",\"isPartOf\":{\"@id\":\"https:\/\/aleupa.com\/#website\"},\"primaryImageOfPage\":{\"@id\":\"https:\/\/aleupa.com\/?product=secuencia-4-formas-encajables#primaryimage\"},\"image\":{\"@id\":\"https:\/\/aleupa.com\/?product=secuencia-4-formas-encajables#primaryimage\"},\"thumbnailUrl\":\"https:\/\/aleupa.com\/wp-content\/uploads\/2020\/08\/4-geo-shape-2.jpg\",\"datePublished\":\"2020-08-13T12:12:51+00:00\",\"dateModified\":\"2020-11-11T18:50:02+00:00\",\"breadcrumb\":{\"@id\":\"https:\/\/aleupa.com\/?product=secuencia-4-formas-encajables#breadcrumb\"},\"inLanguage\":\"es\",\"potentialAction\":[{\"@type\":\"ReadAction\",\"target\":[\"https:\/\/aleupa.com\/?product=secuencia-4-formas-encajables\"]}]},{\"@type\":\"ImageObject\",\"inLanguage\":\"es\",\"@id\":\"https:\/\/aleupa.com\/?product=secuencia-4-formas-encajables#primaryimage\",\"url\":\"https:\/\/aleupa.com\/wp-content\/uploads\/2020\/08\/4-geo-shape-2.jpg\",\"contentUrl\":\"https:\/\/aleupa.com\/wp-content\/uploads\/2020\/08\/4-geo-shape-2.jpg\",\"width\":528,\"height\":500},{\"@type\":\"BreadcrumbList\",\"@id\":\"https:\/\/aleupa.com\/?product=secuencia-4-formas-encajables#breadcrumb\",\"itemListElement\":[{\"@type\":\"ListItem\",\"position\":1,\"name\":\"Portada\",\"item\":\"https:\/\/aleupa.com\/\"},{\"@type\":\"ListItem\",\"position\":2,\"name\":\"Tienda\",\"item\":\"https:\/\/aleupa.com\/?page_id=802\"},{\"@type\":\"ListItem\",\"position\":3,\"name\":\"Secuencia 4 formas encajables (4 Geo Shapes)\"}]},{\"@type\":\"WebSite\",\"@id\":\"https:\/\/aleupa.com\/#website\",\"url\":\"https:\/\/aleupa.com\/\",\"name\":\"Ortopedia Aleupa\",\"description\":\"Ayudas a la dependencia\",\"alternateName\":\"Ortopedia en Puerto de la Cruz, Tenerife\",\"potentialAction\":[{\"@type\":\"SearchAction\",\"target\":{\"@type\":\"EntryPoint\",\"urlTemplate\":\"https:\/\/aleupa.com\/?s={search_term_string}\"},\"query-input\":{\"@type\":\"PropertyValueSpecification\",\"valueRequired\":true,\"valueName\":\"search_term_string\"}}],\"inLanguage\":\"es\"}]}<\/script>\n<!-- \/ Yoast SEO plugin. -->","yoast_head_json":{"title":"Secuencia 4 formas encajables (4 Geo Shapes) - Ortopedia Aleupa","robots":{"index":"index","follow":"follow","max-snippet":"max-snippet:-1","max-image-preview":"max-image-preview:large","max-video-preview":"max-video-preview:-1"},"canonical":"https:\/\/aleupa.com\/?product=secuencia-4-formas-encajables","og_locale":"es_ES","og_type":"article","og_title":"Secuencia 4 formas encajables (4 Geo Shapes) - Ortopedia Aleupa","og_description":"Tablero de encajar formas siguiendo patr\u00f3n de forma, tama\u00f1o y color.","og_url":"https:\/\/aleupa.com\/?product=secuencia-4-formas-encajables","og_site_name":"Ortopedia Aleupa","article_modified_time":"2020-11-11T18:50:02+00:00","og_image":[{"width":528,"height":500,"url":"https:\/\/aleupa.com\/wp-content\/uploads\/2020\/08\/4-geo-shape-2.jpg","type":"image\/jpeg"}],"twitter_card":"summary_large_image","schema":{"@context":"https:\/\/schema.org","@graph":[{"@type":"WebPage","@id":"https:\/\/aleupa.com\/?product=secuencia-4-formas-encajables","url":"https:\/\/aleupa.com\/?product=secuencia-4-formas-encajables","name":"Secuencia 4 formas encajables (4 Geo Shapes) - Ortopedia Aleupa","isPartOf":{"@id":"https:\/\/aleupa.com\/#website"},"primaryImageOfPage":{"@id":"https:\/\/aleupa.com\/?product=secuencia-4-formas-encajables#primaryimage"},"image":{"@id":"https:\/\/aleupa.com\/?product=secuencia-4-formas-encajables#primaryimage"},"thumbnailUrl":"https:\/\/aleupa.com\/wp-content\/uploads\/2020\/08\/4-geo-shape-2.jpg","datePublished":"2020-08-13T12:12:51+00:00","dateModified":"2020-11-11T18:50:02+00:00","breadcrumb":{"@id":"https:\/\/aleupa.com\/?product=secuencia-4-formas-encajables#breadcrumb"},"inLanguage":"es","potentialAction":[{"@type":"ReadAction","target":["https:\/\/aleupa.com\/?product=secuencia-4-formas-encajables"]}]},{"@type":"ImageObject","inLanguage":"es","@id":"https:\/\/aleupa.com\/?product=secuencia-4-formas-encajables#primaryimage","url":"https:\/\/aleupa.com\/wp-content\/uploads\/2020\/08\/4-geo-shape-2.jpg","contentUrl":"https:\/\/aleupa.com\/wp-content\/uploads\/2020\/08\/4-geo-shape-2.jpg","width":528,"height":500},{"@type":"BreadcrumbList","@id":"https:\/\/aleupa.com\/?product=secuencia-4-formas-encajables#breadcrumb","itemListElement":[{"@type":"ListItem","position":1,"name":"Portada","item":"https:\/\/aleupa.com\/"},{"@type":"ListItem","position":2,"name":"Tienda","item":"https:\/\/aleupa.com\/?page_id=802"},{"@type":"ListItem","position":3,"name":"Secuencia 4 formas encajables (4 Geo Shapes)"}]},{"@type":"WebSite","@id":"https:\/\/aleupa.com\/#website","url":"https:\/\/aleupa.com\/","name":"Ortopedia Aleupa","description":"Ayudas a la dependencia","alternateName":"Ortopedia en Puerto de la Cruz, Tenerife","potentialAction":[{"@type":"SearchAction","target":{"@type":"EntryPoint","urlTemplate":"https:\/\/aleupa.com\/?s={search_term_string}"},"query-input":{"@type":"PropertyValueSpecification","valueRequired":true,"valueName":"search_term_string"}}],"inLanguage":"es"}]}},"_links":{"self":[{"href":"https:\/\/aleupa.com\/index.php?rest_route=\/wp\/v2\/product\/3753","targetHints":{"allow":["GET"]}}],"collection":[{"href":"https:\/\/aleupa.com\/index.php?rest_route=\/wp\/v2\/product"}],"about":[{"href":"https:\/\/aleupa.com\/index.php?rest_route=\/wp\/v2\/types\/product"}],"replies":[{"embeddable":true,"href":"https:\/\/aleupa.com\/index.php?rest_route=%2Fwp%2Fv2%2Fcomments&post=3753"}],"wp:featuredmedia":[{"embeddable":true,"href":"https:\/\/aleupa.com\/index.php?rest_route=\/wp\/v2\/media\/3756"}],"wp:attachment":[{"href":"https:\/\/aleupa.com\/index.php?rest_route=%2Fwp%2Fv2%2Fmedia&parent=3753"}],"wp:term":[{"taxonomy":"product_brand","embeddable":true,"href":"https:\/\/aleupa.com\/index.php?rest_route=%2Fwp%2Fv2%2Fproduct_brand&post=3753"},{"taxonomy":"product_cat","embeddable":true,"href":"https:\/\/aleupa.com\/index.php?rest_route=%2Fwp%2Fv2%2Fproduct_cat&post=3753"},{"taxonomy":"product_tag","embeddable":true,"href":"https:\/\/aleupa.com\/index.php?rest_route=%2Fwp%2Fv2%2Fproduct_tag&post=3753"}],"curies":[{"name":"wp","href":"https:\/\/api.w.org\/{rel}","templated":true}]}}