{"id":3759,"date":"2020-08-13T18:51:45","date_gmt":"2020-08-13T18:51:45","guid":{"rendered":"http:\/\/www.aleupa.com\/?post_type=product&#038;p=3759"},"modified":"2020-11-11T18:33:08","modified_gmt":"2020-11-11T18:33:08","slug":"regletas-de-madera-fraction-bars","status":"publish","type":"product","link":"https:\/\/aleupa.com\/?product=regletas-de-madera-fraction-bars","title":{"rendered":"Regletas de madera   (Fraction Bars)"},"content":{"rendered":"<p>Caja de 308 regletas de 10 longitudes y colores diferentes con las que aprender operaciones matem\u00e1ticas b\u00e1sicas.<\/p>\n<p>Tambi\u00e9n satisface el deseo de actuar espontaneamente.<\/p>\n<p>El observar, actuar, calcular y verificar facilita la comprensi\u00f3n y estimula la imaginaci\u00f3n.<\/p>\n<p>No recomendado para ni\u00f1os menores de 3 a\u00f1os por contener piezas peque\u00f1as que pueden ser ingeridas o inhaladas.<\/p>\n<p>&nbsp;<\/p>\n<p><img loading=\"lazy\" decoding=\"async\" src=\"https:\/\/andreutoys.com\/img\/cms\/sobre-nosotros\/andreu-toys-logo-1500383755-jpg.png\" width=\"160\" height=\"75\" \/><\/p>\n","protected":false},"excerpt":{"rendered":"<p>Juego de regletas para iniciaci\u00f3n a las operaciones matem\u00e1ticas b\u00e1sicas.<\/p>\n","protected":false},"featured_media":3764,"comment_status":"open","ping_status":"closed","template":"","meta":{"_et_pb_use_builder":"","_et_pb_old_content":"","_et_gb_content_width":""},"product_brand":[],"product_cat":[421],"product_tag":[469,462,470,477],"class_list":{"0":"post-3759","1":"product","2":"type-product","3":"status-publish","4":"has-post-thumbnail","6":"product_cat-matematicas","7":"product_tag-habilidad-manual","8":"product_tag-matematicas","9":"product_tag-razonamiento","10":"product_tag-reconocimiento-de-formas-tamanos-colores","11":"product_shipping_class-tourline-express","13":"first","14":"instock","15":"shipping-taxable","16":"purchasable","17":"product-type-simple"},"yoast_head":"<!-- This site is optimized with the Yoast SEO plugin v26.2 - https:\/\/yoast.com\/wordpress\/plugins\/seo\/ -->\n<title>Regletas de madera  (Fraction Bars) - Ortopedia Aleupa<\/title>\n<meta name=\"robots\" content=\"index, follow, max-snippet:-1, max-image-preview:large, max-video-preview:-1\" \/>\n<link rel=\"canonical\" href=\"https:\/\/aleupa.com\/?product=regletas-de-madera-fraction-bars\" \/>\n<meta property=\"og:locale\" content=\"es_ES\" \/>\n<meta property=\"og:type\" content=\"article\" \/>\n<meta property=\"og:title\" content=\"Regletas de madera  (Fraction Bars) - Ortopedia Aleupa\" \/>\n<meta property=\"og:description\" content=\"Juego de regletas para iniciaci\u00f3n a las operaciones matem\u00e1ticas b\u00e1sicas.\" \/>\n<meta property=\"og:url\" content=\"https:\/\/aleupa.com\/?product=regletas-de-madera-fraction-bars\" \/>\n<meta property=\"og:site_name\" content=\"Ortopedia Aleupa\" \/>\n<meta property=\"article:modified_time\" content=\"2020-11-11T18:33:08+00:00\" \/>\n<meta property=\"og:image\" content=\"https:\/\/aleupa.com\/wp-content\/uploads\/2020\/08\/16166_108_2.jpg\" \/>\n\t<meta property=\"og:image:width\" content=\"500\" \/>\n\t<meta property=\"og:image:height\" content=\"500\" \/>\n\t<meta property=\"og:image:type\" content=\"image\/jpeg\" \/>\n<meta name=\"twitter:card\" content=\"summary_large_image\" \/>\n<script type=\"application\/ld+json\" class=\"yoast-schema-graph\">{\"@context\":\"https:\/\/schema.org\",\"@graph\":[{\"@type\":\"WebPage\",\"@id\":\"https:\/\/aleupa.com\/?product=regletas-de-madera-fraction-bars\",\"url\":\"https:\/\/aleupa.com\/?product=regletas-de-madera-fraction-bars\",\"name\":\"Regletas de madera (Fraction Bars) - Ortopedia Aleupa\",\"isPartOf\":{\"@id\":\"https:\/\/aleupa.com\/#website\"},\"primaryImageOfPage\":{\"@id\":\"https:\/\/aleupa.com\/?product=regletas-de-madera-fraction-bars#primaryimage\"},\"image\":{\"@id\":\"https:\/\/aleupa.com\/?product=regletas-de-madera-fraction-bars#primaryimage\"},\"thumbnailUrl\":\"https:\/\/aleupa.com\/wp-content\/uploads\/2020\/08\/16166_108_2.jpg\",\"datePublished\":\"2020-08-13T18:51:45+00:00\",\"dateModified\":\"2020-11-11T18:33:08+00:00\",\"breadcrumb\":{\"@id\":\"https:\/\/aleupa.com\/?product=regletas-de-madera-fraction-bars#breadcrumb\"},\"inLanguage\":\"es\",\"potentialAction\":[{\"@type\":\"ReadAction\",\"target\":[\"https:\/\/aleupa.com\/?product=regletas-de-madera-fraction-bars\"]}]},{\"@type\":\"ImageObject\",\"inLanguage\":\"es\",\"@id\":\"https:\/\/aleupa.com\/?product=regletas-de-madera-fraction-bars#primaryimage\",\"url\":\"https:\/\/aleupa.com\/wp-content\/uploads\/2020\/08\/16166_108_2.jpg\",\"contentUrl\":\"https:\/\/aleupa.com\/wp-content\/uploads\/2020\/08\/16166_108_2.jpg\",\"width\":500,\"height\":500},{\"@type\":\"BreadcrumbList\",\"@id\":\"https:\/\/aleupa.com\/?product=regletas-de-madera-fraction-bars#breadcrumb\",\"itemListElement\":[{\"@type\":\"ListItem\",\"position\":1,\"name\":\"Portada\",\"item\":\"https:\/\/aleupa.com\/\"},{\"@type\":\"ListItem\",\"position\":2,\"name\":\"Tienda\",\"item\":\"https:\/\/aleupa.com\/?page_id=802\"},{\"@type\":\"ListItem\",\"position\":3,\"name\":\"Regletas de madera (Fraction Bars)\"}]},{\"@type\":\"WebSite\",\"@id\":\"https:\/\/aleupa.com\/#website\",\"url\":\"https:\/\/aleupa.com\/\",\"name\":\"Ortopedia Aleupa\",\"description\":\"Ayudas a la dependencia\",\"alternateName\":\"Ortopedia en Puerto de la Cruz, Tenerife\",\"potentialAction\":[{\"@type\":\"SearchAction\",\"target\":{\"@type\":\"EntryPoint\",\"urlTemplate\":\"https:\/\/aleupa.com\/?s={search_term_string}\"},\"query-input\":{\"@type\":\"PropertyValueSpecification\",\"valueRequired\":true,\"valueName\":\"search_term_string\"}}],\"inLanguage\":\"es\"}]}<\/script>\n<!-- \/ Yoast SEO plugin. -->","yoast_head_json":{"title":"Regletas de madera  (Fraction Bars) - Ortopedia Aleupa","robots":{"index":"index","follow":"follow","max-snippet":"max-snippet:-1","max-image-preview":"max-image-preview:large","max-video-preview":"max-video-preview:-1"},"canonical":"https:\/\/aleupa.com\/?product=regletas-de-madera-fraction-bars","og_locale":"es_ES","og_type":"article","og_title":"Regletas de madera  (Fraction Bars) - Ortopedia Aleupa","og_description":"Juego de regletas para iniciaci\u00f3n a las operaciones matem\u00e1ticas b\u00e1sicas.","og_url":"https:\/\/aleupa.com\/?product=regletas-de-madera-fraction-bars","og_site_name":"Ortopedia Aleupa","article_modified_time":"2020-11-11T18:33:08+00:00","og_image":[{"width":500,"height":500,"url":"https:\/\/aleupa.com\/wp-content\/uploads\/2020\/08\/16166_108_2.jpg","type":"image\/jpeg"}],"twitter_card":"summary_large_image","schema":{"@context":"https:\/\/schema.org","@graph":[{"@type":"WebPage","@id":"https:\/\/aleupa.com\/?product=regletas-de-madera-fraction-bars","url":"https:\/\/aleupa.com\/?product=regletas-de-madera-fraction-bars","name":"Regletas de madera (Fraction Bars) - Ortopedia Aleupa","isPartOf":{"@id":"https:\/\/aleupa.com\/#website"},"primaryImageOfPage":{"@id":"https:\/\/aleupa.com\/?product=regletas-de-madera-fraction-bars#primaryimage"},"image":{"@id":"https:\/\/aleupa.com\/?product=regletas-de-madera-fraction-bars#primaryimage"},"thumbnailUrl":"https:\/\/aleupa.com\/wp-content\/uploads\/2020\/08\/16166_108_2.jpg","datePublished":"2020-08-13T18:51:45+00:00","dateModified":"2020-11-11T18:33:08+00:00","breadcrumb":{"@id":"https:\/\/aleupa.com\/?product=regletas-de-madera-fraction-bars#breadcrumb"},"inLanguage":"es","potentialAction":[{"@type":"ReadAction","target":["https:\/\/aleupa.com\/?product=regletas-de-madera-fraction-bars"]}]},{"@type":"ImageObject","inLanguage":"es","@id":"https:\/\/aleupa.com\/?product=regletas-de-madera-fraction-bars#primaryimage","url":"https:\/\/aleupa.com\/wp-content\/uploads\/2020\/08\/16166_108_2.jpg","contentUrl":"https:\/\/aleupa.com\/wp-content\/uploads\/2020\/08\/16166_108_2.jpg","width":500,"height":500},{"@type":"BreadcrumbList","@id":"https:\/\/aleupa.com\/?product=regletas-de-madera-fraction-bars#breadcrumb","itemListElement":[{"@type":"ListItem","position":1,"name":"Portada","item":"https:\/\/aleupa.com\/"},{"@type":"ListItem","position":2,"name":"Tienda","item":"https:\/\/aleupa.com\/?page_id=802"},{"@type":"ListItem","position":3,"name":"Regletas de madera (Fraction Bars)"}]},{"@type":"WebSite","@id":"https:\/\/aleupa.com\/#website","url":"https:\/\/aleupa.com\/","name":"Ortopedia Aleupa","description":"Ayudas a la dependencia","alternateName":"Ortopedia en Puerto de la Cruz, Tenerife","potentialAction":[{"@type":"SearchAction","target":{"@type":"EntryPoint","urlTemplate":"https:\/\/aleupa.com\/?s={search_term_string}"},"query-input":{"@type":"PropertyValueSpecification","valueRequired":true,"valueName":"search_term_string"}}],"inLanguage":"es"}]}},"_links":{"self":[{"href":"https:\/\/aleupa.com\/index.php?rest_route=\/wp\/v2\/product\/3759","targetHints":{"allow":["GET"]}}],"collection":[{"href":"https:\/\/aleupa.com\/index.php?rest_route=\/wp\/v2\/product"}],"about":[{"href":"https:\/\/aleupa.com\/index.php?rest_route=\/wp\/v2\/types\/product"}],"replies":[{"embeddable":true,"href":"https:\/\/aleupa.com\/index.php?rest_route=%2Fwp%2Fv2%2Fcomments&post=3759"}],"wp:featuredmedia":[{"embeddable":true,"href":"https:\/\/aleupa.com\/index.php?rest_route=\/wp\/v2\/media\/3764"}],"wp:attachment":[{"href":"https:\/\/aleupa.com\/index.php?rest_route=%2Fwp%2Fv2%2Fmedia&parent=3759"}],"wp:term":[{"taxonomy":"product_brand","embeddable":true,"href":"https:\/\/aleupa.com\/index.php?rest_route=%2Fwp%2Fv2%2Fproduct_brand&post=3759"},{"taxonomy":"product_cat","embeddable":true,"href":"https:\/\/aleupa.com\/index.php?rest_route=%2Fwp%2Fv2%2Fproduct_cat&post=3759"},{"taxonomy":"product_tag","embeddable":true,"href":"https:\/\/aleupa.com\/index.php?rest_route=%2Fwp%2Fv2%2Fproduct_tag&post=3759"}],"curies":[{"name":"wp","href":"https:\/\/api.w.org\/{rel}","templated":true}]}}