{"id":3778,"date":"2020-08-14T10:32:57","date_gmt":"2020-08-14T10:32:57","guid":{"rendered":"http:\/\/www.aleupa.com\/?post_type=product&#038;p=3778"},"modified":"2020-11-11T18:48:54","modified_gmt":"2020-11-11T18:48:54","slug":"caja-de-formas-ensartables-threading-forms","status":"publish","type":"product","link":"https:\/\/aleupa.com\/?product=caja-de-formas-ensartables-threading-forms","title":{"rendered":"Caja de formas ensartables  (Threading Forms)"},"content":{"rendered":"<p>Juego de manipulaci\u00f3n que desarrolla la percepci\u00f3n visual, el reconocimiento de las formas, los colores y el razonamiento l\u00f3gico.<\/p>\n<div id=\"short_description_content\" class=\"rte align_justify\">\n<p>92 piezas de madera de colores y formas diferentes para ofrecer amplias opciones para hacer secuencias o seguir patrones.<\/p>\n<\/div>\n<p>No adecuado para ni\u00f1os con edad inferior a 3 a\u00f1os por contener piezas peque\u00f1as que pueden ser ingeridas o inhaladas<\/p>\n<p>y cordones que suponen riesgo de estrangulamiento para el menor.<\/p>\n<p><img loading=\"lazy\" decoding=\"async\" src=\"https:\/\/andreutoys.com\/img\/cms\/sobre-nosotros\/andreu-toys-logo-1500383755-jpg.png\" width=\"160\" height=\"75\" \/><\/p>\n","protected":false},"excerpt":{"rendered":"<div class=\"product-short-description\">\n<p>Excelente recurso para el desarrollo de la motricidad fina, para el reconocimiento de formas y colores y\u00a0 la secuenciaci\u00f3n de los mismos.<\/p>\n<\/div>\n","protected":false},"featured_media":3785,"comment_status":"open","ping_status":"closed","template":"","meta":{"_et_pb_use_builder":"","_et_pb_old_content":"","_et_gb_content_width":""},"product_brand":[],"product_cat":[422,421,441,101],"product_tag":[469,461,470,477,479],"class_list":{"0":"post-3778","1":"product","2":"type-product","3":"status-publish","4":"has-post-thumbnail","6":"product_cat-atancionconcentracion","7":"product_cat-matematicas","8":"product_cat-psicomotricidad-fina","9":"product_cat-estimulacion-y-aprendizaje","10":"product_tag-habilidad-manual","11":"product_tag-logica","12":"product_tag-razonamiento","13":"product_tag-reconocimiento-de-formas-tamanos-colores","14":"product_tag-secuenciacion","15":"product_shipping_class-tourline-express","17":"first","18":"instock","19":"shipping-taxable","20":"purchasable","21":"product-type-simple"},"yoast_head":"<!-- This site is optimized with the Yoast SEO plugin v26.2 - https:\/\/yoast.com\/wordpress\/plugins\/seo\/ -->\n<title>Caja de formas ensartables (Threading Forms) - Ortopedia Aleupa<\/title>\n<meta name=\"robots\" content=\"index, follow, max-snippet:-1, max-image-preview:large, max-video-preview:-1\" \/>\n<link rel=\"canonical\" href=\"https:\/\/aleupa.com\/?product=caja-de-formas-ensartables-threading-forms\" \/>\n<meta property=\"og:locale\" content=\"es_ES\" \/>\n<meta property=\"og:type\" content=\"article\" \/>\n<meta property=\"og:title\" content=\"Caja de formas ensartables (Threading Forms) - Ortopedia Aleupa\" \/>\n<meta property=\"og:description\" content=\"Excelente recurso para el desarrollo de la motricidad fina, para el reconocimiento de formas y colores y\u00a0 la secuenciaci\u00f3n de los mismos.\" \/>\n<meta property=\"og:url\" content=\"https:\/\/aleupa.com\/?product=caja-de-formas-ensartables-threading-forms\" \/>\n<meta property=\"og:site_name\" content=\"Ortopedia Aleupa\" \/>\n<meta property=\"article:modified_time\" content=\"2020-11-11T18:48:54+00:00\" \/>\n<meta property=\"og:image\" content=\"https:\/\/aleupa.com\/wp-content\/uploads\/2020\/08\/16182A_1037_1.jpg\" \/>\n\t<meta property=\"og:image:width\" content=\"500\" \/>\n\t<meta property=\"og:image:height\" content=\"500\" \/>\n\t<meta property=\"og:image:type\" content=\"image\/jpeg\" \/>\n<meta name=\"twitter:card\" content=\"summary_large_image\" \/>\n<script type=\"application\/ld+json\" class=\"yoast-schema-graph\">{\"@context\":\"https:\/\/schema.org\",\"@graph\":[{\"@type\":\"WebPage\",\"@id\":\"https:\/\/aleupa.com\/?product=caja-de-formas-ensartables-threading-forms\",\"url\":\"https:\/\/aleupa.com\/?product=caja-de-formas-ensartables-threading-forms\",\"name\":\"Caja de formas ensartables (Threading Forms) - Ortopedia Aleupa\",\"isPartOf\":{\"@id\":\"https:\/\/aleupa.com\/#website\"},\"primaryImageOfPage\":{\"@id\":\"https:\/\/aleupa.com\/?product=caja-de-formas-ensartables-threading-forms#primaryimage\"},\"image\":{\"@id\":\"https:\/\/aleupa.com\/?product=caja-de-formas-ensartables-threading-forms#primaryimage\"},\"thumbnailUrl\":\"https:\/\/aleupa.com\/wp-content\/uploads\/2020\/08\/16182A_1037_1.jpg\",\"datePublished\":\"2020-08-14T10:32:57+00:00\",\"dateModified\":\"2020-11-11T18:48:54+00:00\",\"breadcrumb\":{\"@id\":\"https:\/\/aleupa.com\/?product=caja-de-formas-ensartables-threading-forms#breadcrumb\"},\"inLanguage\":\"es\",\"potentialAction\":[{\"@type\":\"ReadAction\",\"target\":[\"https:\/\/aleupa.com\/?product=caja-de-formas-ensartables-threading-forms\"]}]},{\"@type\":\"ImageObject\",\"inLanguage\":\"es\",\"@id\":\"https:\/\/aleupa.com\/?product=caja-de-formas-ensartables-threading-forms#primaryimage\",\"url\":\"https:\/\/aleupa.com\/wp-content\/uploads\/2020\/08\/16182A_1037_1.jpg\",\"contentUrl\":\"https:\/\/aleupa.com\/wp-content\/uploads\/2020\/08\/16182A_1037_1.jpg\",\"width\":500,\"height\":500},{\"@type\":\"BreadcrumbList\",\"@id\":\"https:\/\/aleupa.com\/?product=caja-de-formas-ensartables-threading-forms#breadcrumb\",\"itemListElement\":[{\"@type\":\"ListItem\",\"position\":1,\"name\":\"Portada\",\"item\":\"https:\/\/aleupa.com\/\"},{\"@type\":\"ListItem\",\"position\":2,\"name\":\"Tienda\",\"item\":\"https:\/\/aleupa.com\/?page_id=802\"},{\"@type\":\"ListItem\",\"position\":3,\"name\":\"Caja de formas ensartables (Threading Forms)\"}]},{\"@type\":\"WebSite\",\"@id\":\"https:\/\/aleupa.com\/#website\",\"url\":\"https:\/\/aleupa.com\/\",\"name\":\"Ortopedia Aleupa\",\"description\":\"Ayudas a la dependencia\",\"alternateName\":\"Ortopedia en Puerto de la Cruz, Tenerife\",\"potentialAction\":[{\"@type\":\"SearchAction\",\"target\":{\"@type\":\"EntryPoint\",\"urlTemplate\":\"https:\/\/aleupa.com\/?s={search_term_string}\"},\"query-input\":{\"@type\":\"PropertyValueSpecification\",\"valueRequired\":true,\"valueName\":\"search_term_string\"}}],\"inLanguage\":\"es\"}]}<\/script>\n<!-- \/ Yoast SEO plugin. -->","yoast_head_json":{"title":"Caja de formas ensartables (Threading Forms) - Ortopedia Aleupa","robots":{"index":"index","follow":"follow","max-snippet":"max-snippet:-1","max-image-preview":"max-image-preview:large","max-video-preview":"max-video-preview:-1"},"canonical":"https:\/\/aleupa.com\/?product=caja-de-formas-ensartables-threading-forms","og_locale":"es_ES","og_type":"article","og_title":"Caja de formas ensartables (Threading Forms) - Ortopedia Aleupa","og_description":"Excelente recurso para el desarrollo de la motricidad fina, para el reconocimiento de formas y colores y\u00a0 la secuenciaci\u00f3n de los mismos.","og_url":"https:\/\/aleupa.com\/?product=caja-de-formas-ensartables-threading-forms","og_site_name":"Ortopedia Aleupa","article_modified_time":"2020-11-11T18:48:54+00:00","og_image":[{"width":500,"height":500,"url":"https:\/\/aleupa.com\/wp-content\/uploads\/2020\/08\/16182A_1037_1.jpg","type":"image\/jpeg"}],"twitter_card":"summary_large_image","schema":{"@context":"https:\/\/schema.org","@graph":[{"@type":"WebPage","@id":"https:\/\/aleupa.com\/?product=caja-de-formas-ensartables-threading-forms","url":"https:\/\/aleupa.com\/?product=caja-de-formas-ensartables-threading-forms","name":"Caja de formas ensartables (Threading Forms) - Ortopedia Aleupa","isPartOf":{"@id":"https:\/\/aleupa.com\/#website"},"primaryImageOfPage":{"@id":"https:\/\/aleupa.com\/?product=caja-de-formas-ensartables-threading-forms#primaryimage"},"image":{"@id":"https:\/\/aleupa.com\/?product=caja-de-formas-ensartables-threading-forms#primaryimage"},"thumbnailUrl":"https:\/\/aleupa.com\/wp-content\/uploads\/2020\/08\/16182A_1037_1.jpg","datePublished":"2020-08-14T10:32:57+00:00","dateModified":"2020-11-11T18:48:54+00:00","breadcrumb":{"@id":"https:\/\/aleupa.com\/?product=caja-de-formas-ensartables-threading-forms#breadcrumb"},"inLanguage":"es","potentialAction":[{"@type":"ReadAction","target":["https:\/\/aleupa.com\/?product=caja-de-formas-ensartables-threading-forms"]}]},{"@type":"ImageObject","inLanguage":"es","@id":"https:\/\/aleupa.com\/?product=caja-de-formas-ensartables-threading-forms#primaryimage","url":"https:\/\/aleupa.com\/wp-content\/uploads\/2020\/08\/16182A_1037_1.jpg","contentUrl":"https:\/\/aleupa.com\/wp-content\/uploads\/2020\/08\/16182A_1037_1.jpg","width":500,"height":500},{"@type":"BreadcrumbList","@id":"https:\/\/aleupa.com\/?product=caja-de-formas-ensartables-threading-forms#breadcrumb","itemListElement":[{"@type":"ListItem","position":1,"name":"Portada","item":"https:\/\/aleupa.com\/"},{"@type":"ListItem","position":2,"name":"Tienda","item":"https:\/\/aleupa.com\/?page_id=802"},{"@type":"ListItem","position":3,"name":"Caja de formas ensartables (Threading Forms)"}]},{"@type":"WebSite","@id":"https:\/\/aleupa.com\/#website","url":"https:\/\/aleupa.com\/","name":"Ortopedia Aleupa","description":"Ayudas a la dependencia","alternateName":"Ortopedia en Puerto de la Cruz, Tenerife","potentialAction":[{"@type":"SearchAction","target":{"@type":"EntryPoint","urlTemplate":"https:\/\/aleupa.com\/?s={search_term_string}"},"query-input":{"@type":"PropertyValueSpecification","valueRequired":true,"valueName":"search_term_string"}}],"inLanguage":"es"}]}},"_links":{"self":[{"href":"https:\/\/aleupa.com\/index.php?rest_route=\/wp\/v2\/product\/3778","targetHints":{"allow":["GET"]}}],"collection":[{"href":"https:\/\/aleupa.com\/index.php?rest_route=\/wp\/v2\/product"}],"about":[{"href":"https:\/\/aleupa.com\/index.php?rest_route=\/wp\/v2\/types\/product"}],"replies":[{"embeddable":true,"href":"https:\/\/aleupa.com\/index.php?rest_route=%2Fwp%2Fv2%2Fcomments&post=3778"}],"wp:featuredmedia":[{"embeddable":true,"href":"https:\/\/aleupa.com\/index.php?rest_route=\/wp\/v2\/media\/3785"}],"wp:attachment":[{"href":"https:\/\/aleupa.com\/index.php?rest_route=%2Fwp%2Fv2%2Fmedia&parent=3778"}],"wp:term":[{"taxonomy":"product_brand","embeddable":true,"href":"https:\/\/aleupa.com\/index.php?rest_route=%2Fwp%2Fv2%2Fproduct_brand&post=3778"},{"taxonomy":"product_cat","embeddable":true,"href":"https:\/\/aleupa.com\/index.php?rest_route=%2Fwp%2Fv2%2Fproduct_cat&post=3778"},{"taxonomy":"product_tag","embeddable":true,"href":"https:\/\/aleupa.com\/index.php?rest_route=%2Fwp%2Fv2%2Fproduct_tag&post=3778"}],"curies":[{"name":"wp","href":"https:\/\/api.w.org\/{rel}","templated":true}]}}