{"id":3814,"date":"2020-08-17T09:32:35","date_gmt":"2020-08-17T09:32:35","guid":{"rendered":"http:\/\/www.aleupa.com\/?post_type=product&#038;p=3814"},"modified":"2020-11-11T18:46:30","modified_gmt":"2020-11-11T18:46:30","slug":"matching-colours","status":"publish","type":"product","link":"https:\/\/aleupa.com\/?product=matching-colours","title":{"rendered":"Matching colours"},"content":{"rendered":"<p>Juego educativo de aprendizaje temprano para emparejar y asociar seg\u00fan el color.<\/p>\n<p>Ideal para el desarrollo de la percepci\u00f3n visual, la coordinaci\u00f3n mano-ojo y la manipulaci\u00f3n.<\/p>\n<p>Bueno para inducir a la l\u00f3gica, la comprensi\u00f3n causa-efecto y la concordancia.<\/p>\n<p>18 plantillas a una cara + 12 piezas redondas de colores de doble cara en tablero con soporte.<\/p>\n<p>&nbsp;<\/p>\n<p><img loading=\"lazy\" decoding=\"async\" src=\"https:\/\/andreutoys.com\/img\/cms\/sobre-nosotros\/andreu-toys-logo-1500383755-jpg.png\" width=\"160\" height=\"75\" \/><\/p>\n","protected":false},"excerpt":{"rendered":"<p>Juego de secuenciaci\u00f3n de colores<\/p>\n","protected":false},"featured_media":3816,"comment_status":"open","ping_status":"closed","template":"","meta":{"_et_pb_use_builder":"","_et_pb_old_content":"","_et_gb_content_width":""},"product_brand":[],"product_cat":[424,421,441,101],"product_tag":[463,482,475,469,461,470,477,479],"class_list":{"0":"post-3814","1":"product","2":"type-product","3":"status-publish","4":"has-post-thumbnail","6":"product_cat-asociacion","7":"product_cat-matematicas","8":"product_cat-psicomotricidad-fina","9":"product_cat-estimulacion-y-aprendizaje","10":"product_tag-asociacion","11":"product_tag-coordinacion-ojo-mano","12":"product_tag-estimulacion-temprana","13":"product_tag-habilidad-manual","14":"product_tag-logica","15":"product_tag-razonamiento","16":"product_tag-reconocimiento-de-formas-tamanos-colores","17":"product_tag-secuenciacion","18":"product_shipping_class-tourline-express","20":"first","21":"instock","22":"shipping-taxable","23":"purchasable","24":"product-type-simple"},"yoast_head":"<!-- This site is optimized with the Yoast SEO plugin v26.2 - https:\/\/yoast.com\/wordpress\/plugins\/seo\/ -->\n<title>Matching colours - Ortopedia Aleupa<\/title>\n<meta name=\"robots\" content=\"index, follow, max-snippet:-1, max-image-preview:large, max-video-preview:-1\" \/>\n<link rel=\"canonical\" href=\"https:\/\/aleupa.com\/?product=matching-colours\" \/>\n<meta property=\"og:locale\" content=\"es_ES\" \/>\n<meta property=\"og:type\" content=\"article\" \/>\n<meta property=\"og:title\" content=\"Matching colours - Ortopedia Aleupa\" \/>\n<meta property=\"og:description\" content=\"Juego de secuenciaci\u00f3n de colores\" \/>\n<meta property=\"og:url\" content=\"https:\/\/aleupa.com\/?product=matching-colours\" \/>\n<meta property=\"og:site_name\" content=\"Ortopedia Aleupa\" \/>\n<meta property=\"article:modified_time\" content=\"2020-11-11T18:46:30+00:00\" \/>\n<meta property=\"og:image\" content=\"https:\/\/aleupa.com\/wp-content\/uploads\/2020\/08\/matching-colours.jpg\" \/>\n\t<meta property=\"og:image:width\" content=\"500\" \/>\n\t<meta property=\"og:image:height\" content=\"500\" \/>\n\t<meta property=\"og:image:type\" content=\"image\/jpeg\" \/>\n<meta name=\"twitter:card\" content=\"summary_large_image\" \/>\n<script type=\"application\/ld+json\" class=\"yoast-schema-graph\">{\"@context\":\"https:\/\/schema.org\",\"@graph\":[{\"@type\":\"WebPage\",\"@id\":\"https:\/\/aleupa.com\/?product=matching-colours\",\"url\":\"https:\/\/aleupa.com\/?product=matching-colours\",\"name\":\"Matching colours - Ortopedia Aleupa\",\"isPartOf\":{\"@id\":\"https:\/\/aleupa.com\/#website\"},\"primaryImageOfPage\":{\"@id\":\"https:\/\/aleupa.com\/?product=matching-colours#primaryimage\"},\"image\":{\"@id\":\"https:\/\/aleupa.com\/?product=matching-colours#primaryimage\"},\"thumbnailUrl\":\"https:\/\/aleupa.com\/wp-content\/uploads\/2020\/08\/matching-colours.jpg\",\"datePublished\":\"2020-08-17T09:32:35+00:00\",\"dateModified\":\"2020-11-11T18:46:30+00:00\",\"breadcrumb\":{\"@id\":\"https:\/\/aleupa.com\/?product=matching-colours#breadcrumb\"},\"inLanguage\":\"es\",\"potentialAction\":[{\"@type\":\"ReadAction\",\"target\":[\"https:\/\/aleupa.com\/?product=matching-colours\"]}]},{\"@type\":\"ImageObject\",\"inLanguage\":\"es\",\"@id\":\"https:\/\/aleupa.com\/?product=matching-colours#primaryimage\",\"url\":\"https:\/\/aleupa.com\/wp-content\/uploads\/2020\/08\/matching-colours.jpg\",\"contentUrl\":\"https:\/\/aleupa.com\/wp-content\/uploads\/2020\/08\/matching-colours.jpg\",\"width\":500,\"height\":500},{\"@type\":\"BreadcrumbList\",\"@id\":\"https:\/\/aleupa.com\/?product=matching-colours#breadcrumb\",\"itemListElement\":[{\"@type\":\"ListItem\",\"position\":1,\"name\":\"Portada\",\"item\":\"https:\/\/aleupa.com\/\"},{\"@type\":\"ListItem\",\"position\":2,\"name\":\"Tienda\",\"item\":\"https:\/\/aleupa.com\/?page_id=802\"},{\"@type\":\"ListItem\",\"position\":3,\"name\":\"Matching colours\"}]},{\"@type\":\"WebSite\",\"@id\":\"https:\/\/aleupa.com\/#website\",\"url\":\"https:\/\/aleupa.com\/\",\"name\":\"Ortopedia Aleupa\",\"description\":\"Ayudas a la dependencia\",\"alternateName\":\"Ortopedia en Puerto de la Cruz, Tenerife\",\"potentialAction\":[{\"@type\":\"SearchAction\",\"target\":{\"@type\":\"EntryPoint\",\"urlTemplate\":\"https:\/\/aleupa.com\/?s={search_term_string}\"},\"query-input\":{\"@type\":\"PropertyValueSpecification\",\"valueRequired\":true,\"valueName\":\"search_term_string\"}}],\"inLanguage\":\"es\"}]}<\/script>\n<!-- \/ Yoast SEO plugin. -->","yoast_head_json":{"title":"Matching colours - Ortopedia Aleupa","robots":{"index":"index","follow":"follow","max-snippet":"max-snippet:-1","max-image-preview":"max-image-preview:large","max-video-preview":"max-video-preview:-1"},"canonical":"https:\/\/aleupa.com\/?product=matching-colours","og_locale":"es_ES","og_type":"article","og_title":"Matching colours - Ortopedia Aleupa","og_description":"Juego de secuenciaci\u00f3n de colores","og_url":"https:\/\/aleupa.com\/?product=matching-colours","og_site_name":"Ortopedia Aleupa","article_modified_time":"2020-11-11T18:46:30+00:00","og_image":[{"width":500,"height":500,"url":"https:\/\/aleupa.com\/wp-content\/uploads\/2020\/08\/matching-colours.jpg","type":"image\/jpeg"}],"twitter_card":"summary_large_image","schema":{"@context":"https:\/\/schema.org","@graph":[{"@type":"WebPage","@id":"https:\/\/aleupa.com\/?product=matching-colours","url":"https:\/\/aleupa.com\/?product=matching-colours","name":"Matching colours - Ortopedia Aleupa","isPartOf":{"@id":"https:\/\/aleupa.com\/#website"},"primaryImageOfPage":{"@id":"https:\/\/aleupa.com\/?product=matching-colours#primaryimage"},"image":{"@id":"https:\/\/aleupa.com\/?product=matching-colours#primaryimage"},"thumbnailUrl":"https:\/\/aleupa.com\/wp-content\/uploads\/2020\/08\/matching-colours.jpg","datePublished":"2020-08-17T09:32:35+00:00","dateModified":"2020-11-11T18:46:30+00:00","breadcrumb":{"@id":"https:\/\/aleupa.com\/?product=matching-colours#breadcrumb"},"inLanguage":"es","potentialAction":[{"@type":"ReadAction","target":["https:\/\/aleupa.com\/?product=matching-colours"]}]},{"@type":"ImageObject","inLanguage":"es","@id":"https:\/\/aleupa.com\/?product=matching-colours#primaryimage","url":"https:\/\/aleupa.com\/wp-content\/uploads\/2020\/08\/matching-colours.jpg","contentUrl":"https:\/\/aleupa.com\/wp-content\/uploads\/2020\/08\/matching-colours.jpg","width":500,"height":500},{"@type":"BreadcrumbList","@id":"https:\/\/aleupa.com\/?product=matching-colours#breadcrumb","itemListElement":[{"@type":"ListItem","position":1,"name":"Portada","item":"https:\/\/aleupa.com\/"},{"@type":"ListItem","position":2,"name":"Tienda","item":"https:\/\/aleupa.com\/?page_id=802"},{"@type":"ListItem","position":3,"name":"Matching colours"}]},{"@type":"WebSite","@id":"https:\/\/aleupa.com\/#website","url":"https:\/\/aleupa.com\/","name":"Ortopedia Aleupa","description":"Ayudas a la dependencia","alternateName":"Ortopedia en Puerto de la Cruz, Tenerife","potentialAction":[{"@type":"SearchAction","target":{"@type":"EntryPoint","urlTemplate":"https:\/\/aleupa.com\/?s={search_term_string}"},"query-input":{"@type":"PropertyValueSpecification","valueRequired":true,"valueName":"search_term_string"}}],"inLanguage":"es"}]}},"_links":{"self":[{"href":"https:\/\/aleupa.com\/index.php?rest_route=\/wp\/v2\/product\/3814","targetHints":{"allow":["GET"]}}],"collection":[{"href":"https:\/\/aleupa.com\/index.php?rest_route=\/wp\/v2\/product"}],"about":[{"href":"https:\/\/aleupa.com\/index.php?rest_route=\/wp\/v2\/types\/product"}],"replies":[{"embeddable":true,"href":"https:\/\/aleupa.com\/index.php?rest_route=%2Fwp%2Fv2%2Fcomments&post=3814"}],"wp:featuredmedia":[{"embeddable":true,"href":"https:\/\/aleupa.com\/index.php?rest_route=\/wp\/v2\/media\/3816"}],"wp:attachment":[{"href":"https:\/\/aleupa.com\/index.php?rest_route=%2Fwp%2Fv2%2Fmedia&parent=3814"}],"wp:term":[{"taxonomy":"product_brand","embeddable":true,"href":"https:\/\/aleupa.com\/index.php?rest_route=%2Fwp%2Fv2%2Fproduct_brand&post=3814"},{"taxonomy":"product_cat","embeddable":true,"href":"https:\/\/aleupa.com\/index.php?rest_route=%2Fwp%2Fv2%2Fproduct_cat&post=3814"},{"taxonomy":"product_tag","embeddable":true,"href":"https:\/\/aleupa.com\/index.php?rest_route=%2Fwp%2Fv2%2Fproduct_tag&post=3814"}],"curies":[{"name":"wp","href":"https:\/\/api.w.org\/{rel}","templated":true}]}}