{"id":3887,"date":"2020-08-19T11:26:23","date_gmt":"2020-08-19T11:26:23","guid":{"rendered":"http:\/\/www.aleupa.com\/?post_type=product&#038;p=3887"},"modified":"2020-11-16T12:09:06","modified_gmt":"2020-11-16T12:09:06","slug":"cojin-de-poliuretano-easy-cleaning","status":"publish","type":"product","link":"https:\/\/aleupa.com\/?product=cojin-de-poliuretano-easy-cleaning","title":{"rendered":"Coj\u00edn de poliuretano \u00abEasy cleaning\u00bb"},"content":{"rendered":"<p>Los cojines Ortotex est\u00e1n indicados en la prevenci\u00f3n de escaras, como coadyuvante en el tratamiento de las mismas, en pacientes que han de estar largo tiempo en cama, o silla de ruedas.<\/p>\n<p>Encaja perfectamente en la mayor\u00eda de\u00a0 sillones y sillas de ruedas.<\/p>\n<p>Composici\u00f3n:<\/p>\n<p><strong>Relleno:<\/strong>\u00a0 fibra poliester 100% siliconada, material\u00a0 esponjoso y voluminoso, suave y ligero,\u00a0 capaz de recuperar su forma cuando se arruga o somete a presi\u00f3n,\u00a0 lo hace apto para aliviar presiones al repartir las mismas por igual en toda la zona apoyada.\u00a0 Tambi\u00e9n tiene propiedades hipoalerg\u00e9nicas y de alta transpirabilidad.<\/p>\n<p><strong>La funda exterior<\/strong>: de poliuretano impermeable, transpirable,\u00a0 ignifuga, antihongos, antibacterias, permite su limpieza con un pa\u00f1o h\u00famedo aunque tambi\u00e9n es lavable a mano o en lavadora en ciclo de prendas delicadas, en agua fr\u00eda y sin centrifugado.<\/p>\n<p>No desenfundable.<\/p>\n<p><img loading=\"lazy\" decoding=\"async\" class=\"n3VNCb\" src=\"https:\/\/ortopedia.com\/img\/m\/20.jpg\" alt=\"COJ\u00cdN ANTIESCARAS CUADRADO CON AGUJERO\" width=\"115\" height=\"121\" data-noaft=\"1\" \/><\/p>\n","protected":false},"excerpt":{"rendered":"<p>Los cojines Ortotex est\u00e1n indicados en la prevenci\u00f3n de escaras, como coadyuvante en el tratamiento de las mismas, en pacientes que han de estar largo tiempo en cama, o silla de ruedas. Encaja perfectamente en la mayor\u00eda de\u00a0 sillones y sillas de ruedas. Composici\u00f3n: Relleno:\u00a0 fibra poliester 100% siliconada, material\u00a0 esponjoso y voluminoso, suave y [&hellip;]<\/p>\n","protected":false},"featured_media":3897,"comment_status":"open","ping_status":"closed","template":"","meta":{"_et_pb_use_builder":"","_et_pb_old_content":"","_et_gb_content_width":""},"product_brand":[],"product_cat":[208,209,581],"product_tag":[502,385],"class_list":{"0":"post-3887","1":"product","2":"type-product","3":"status-publish","4":"has-post-thumbnail","6":"product_cat-antiescaras","7":"product_cat-incontinencia","8":"product_cat-cojines","9":"product_tag-antiescaras","10":"product_tag-incontinencia","11":"product_shipping_class-tourline-express","13":"first","14":"instock","15":"shipping-taxable","16":"purchasable","17":"product-type-variable"},"yoast_head":"<!-- This site is optimized with the Yoast SEO plugin v26.2 - https:\/\/yoast.com\/wordpress\/plugins\/seo\/ -->\n<title>Coj\u00edn de poliuretano &quot;Easy cleaning&quot; - Ortopedia Aleupa<\/title>\n<meta name=\"robots\" content=\"index, follow, max-snippet:-1, max-image-preview:large, max-video-preview:-1\" \/>\n<link rel=\"canonical\" href=\"https:\/\/aleupa.com\/?product=cojin-de-poliuretano-easy-cleaning\" \/>\n<meta property=\"og:locale\" content=\"es_ES\" \/>\n<meta property=\"og:type\" content=\"article\" \/>\n<meta property=\"og:title\" content=\"Coj\u00edn de poliuretano &quot;Easy cleaning&quot; - Ortopedia Aleupa\" \/>\n<meta property=\"og:description\" content=\"Los cojines Ortotex est\u00e1n indicados en la prevenci\u00f3n de escaras, como coadyuvante en el tratamiento de las mismas, en pacientes que han de estar largo tiempo en cama, o silla de ruedas. Encaja perfectamente en la mayor\u00eda de\u00a0 sillones y sillas de ruedas. Composici\u00f3n: Relleno:\u00a0 fibra poliester 100% siliconada, material\u00a0 esponjoso y voluminoso, suave y [&hellip;]\" \/>\n<meta property=\"og:url\" content=\"https:\/\/aleupa.com\/?product=cojin-de-poliuretano-easy-cleaning\" \/>\n<meta property=\"og:site_name\" content=\"Ortopedia Aleupa\" \/>\n<meta property=\"article:modified_time\" content=\"2020-11-16T12:09:06+00:00\" \/>\n<meta property=\"og:image\" content=\"https:\/\/aleupa.com\/wp-content\/uploads\/2020\/08\/1032117-Cojines-poliuretano-imagen-.jpg\" \/>\n\t<meta property=\"og:image:width\" content=\"500\" \/>\n\t<meta property=\"og:image:height\" content=\"500\" \/>\n\t<meta property=\"og:image:type\" content=\"image\/jpeg\" \/>\n<meta name=\"twitter:card\" content=\"summary_large_image\" \/>\n<meta name=\"twitter:label1\" content=\"Tiempo de lectura\" \/>\n\t<meta name=\"twitter:data1\" content=\"1 minuto\" \/>\n<script type=\"application\/ld+json\" class=\"yoast-schema-graph\">{\"@context\":\"https:\/\/schema.org\",\"@graph\":[{\"@type\":\"WebPage\",\"@id\":\"https:\/\/aleupa.com\/?product=cojin-de-poliuretano-easy-cleaning\",\"url\":\"https:\/\/aleupa.com\/?product=cojin-de-poliuretano-easy-cleaning\",\"name\":\"Coj\u00edn de poliuretano \\\"Easy cleaning\\\" - Ortopedia Aleupa\",\"isPartOf\":{\"@id\":\"https:\/\/aleupa.com\/#website\"},\"primaryImageOfPage\":{\"@id\":\"https:\/\/aleupa.com\/?product=cojin-de-poliuretano-easy-cleaning#primaryimage\"},\"image\":{\"@id\":\"https:\/\/aleupa.com\/?product=cojin-de-poliuretano-easy-cleaning#primaryimage\"},\"thumbnailUrl\":\"https:\/\/aleupa.com\/wp-content\/uploads\/2020\/08\/1032117-Cojines-poliuretano-imagen-.jpg\",\"datePublished\":\"2020-08-19T11:26:23+00:00\",\"dateModified\":\"2020-11-16T12:09:06+00:00\",\"breadcrumb\":{\"@id\":\"https:\/\/aleupa.com\/?product=cojin-de-poliuretano-easy-cleaning#breadcrumb\"},\"inLanguage\":\"es\",\"potentialAction\":[{\"@type\":\"ReadAction\",\"target\":[\"https:\/\/aleupa.com\/?product=cojin-de-poliuretano-easy-cleaning\"]}]},{\"@type\":\"ImageObject\",\"inLanguage\":\"es\",\"@id\":\"https:\/\/aleupa.com\/?product=cojin-de-poliuretano-easy-cleaning#primaryimage\",\"url\":\"https:\/\/aleupa.com\/wp-content\/uploads\/2020\/08\/1032117-Cojines-poliuretano-imagen-.jpg\",\"contentUrl\":\"https:\/\/aleupa.com\/wp-content\/uploads\/2020\/08\/1032117-Cojines-poliuretano-imagen-.jpg\",\"width\":500,\"height\":500},{\"@type\":\"BreadcrumbList\",\"@id\":\"https:\/\/aleupa.com\/?product=cojin-de-poliuretano-easy-cleaning#breadcrumb\",\"itemListElement\":[{\"@type\":\"ListItem\",\"position\":1,\"name\":\"Portada\",\"item\":\"https:\/\/aleupa.com\/\"},{\"@type\":\"ListItem\",\"position\":2,\"name\":\"Tienda\",\"item\":\"https:\/\/aleupa.com\/?page_id=802\"},{\"@type\":\"ListItem\",\"position\":3,\"name\":\"Coj\u00edn de poliuretano \u00abEasy cleaning\u00bb\"}]},{\"@type\":\"WebSite\",\"@id\":\"https:\/\/aleupa.com\/#website\",\"url\":\"https:\/\/aleupa.com\/\",\"name\":\"Ortopedia Aleupa\",\"description\":\"Ayudas a la dependencia\",\"alternateName\":\"Ortopedia en Puerto de la Cruz, Tenerife\",\"potentialAction\":[{\"@type\":\"SearchAction\",\"target\":{\"@type\":\"EntryPoint\",\"urlTemplate\":\"https:\/\/aleupa.com\/?s={search_term_string}\"},\"query-input\":{\"@type\":\"PropertyValueSpecification\",\"valueRequired\":true,\"valueName\":\"search_term_string\"}}],\"inLanguage\":\"es\"}]}<\/script>\n<!-- \/ Yoast SEO plugin. -->","yoast_head_json":{"title":"Coj\u00edn de poliuretano \"Easy cleaning\" - Ortopedia Aleupa","robots":{"index":"index","follow":"follow","max-snippet":"max-snippet:-1","max-image-preview":"max-image-preview:large","max-video-preview":"max-video-preview:-1"},"canonical":"https:\/\/aleupa.com\/?product=cojin-de-poliuretano-easy-cleaning","og_locale":"es_ES","og_type":"article","og_title":"Coj\u00edn de poliuretano \"Easy cleaning\" - Ortopedia Aleupa","og_description":"Los cojines Ortotex est\u00e1n indicados en la prevenci\u00f3n de escaras, como coadyuvante en el tratamiento de las mismas, en pacientes que han de estar largo tiempo en cama, o silla de ruedas. Encaja perfectamente en la mayor\u00eda de\u00a0 sillones y sillas de ruedas. Composici\u00f3n: Relleno:\u00a0 fibra poliester 100% siliconada, material\u00a0 esponjoso y voluminoso, suave y [&hellip;]","og_url":"https:\/\/aleupa.com\/?product=cojin-de-poliuretano-easy-cleaning","og_site_name":"Ortopedia Aleupa","article_modified_time":"2020-11-16T12:09:06+00:00","og_image":[{"width":500,"height":500,"url":"https:\/\/aleupa.com\/wp-content\/uploads\/2020\/08\/1032117-Cojines-poliuretano-imagen-.jpg","type":"image\/jpeg"}],"twitter_card":"summary_large_image","twitter_misc":{"Tiempo de lectura":"1 minuto"},"schema":{"@context":"https:\/\/schema.org","@graph":[{"@type":"WebPage","@id":"https:\/\/aleupa.com\/?product=cojin-de-poliuretano-easy-cleaning","url":"https:\/\/aleupa.com\/?product=cojin-de-poliuretano-easy-cleaning","name":"Coj\u00edn de poliuretano \"Easy cleaning\" - Ortopedia Aleupa","isPartOf":{"@id":"https:\/\/aleupa.com\/#website"},"primaryImageOfPage":{"@id":"https:\/\/aleupa.com\/?product=cojin-de-poliuretano-easy-cleaning#primaryimage"},"image":{"@id":"https:\/\/aleupa.com\/?product=cojin-de-poliuretano-easy-cleaning#primaryimage"},"thumbnailUrl":"https:\/\/aleupa.com\/wp-content\/uploads\/2020\/08\/1032117-Cojines-poliuretano-imagen-.jpg","datePublished":"2020-08-19T11:26:23+00:00","dateModified":"2020-11-16T12:09:06+00:00","breadcrumb":{"@id":"https:\/\/aleupa.com\/?product=cojin-de-poliuretano-easy-cleaning#breadcrumb"},"inLanguage":"es","potentialAction":[{"@type":"ReadAction","target":["https:\/\/aleupa.com\/?product=cojin-de-poliuretano-easy-cleaning"]}]},{"@type":"ImageObject","inLanguage":"es","@id":"https:\/\/aleupa.com\/?product=cojin-de-poliuretano-easy-cleaning#primaryimage","url":"https:\/\/aleupa.com\/wp-content\/uploads\/2020\/08\/1032117-Cojines-poliuretano-imagen-.jpg","contentUrl":"https:\/\/aleupa.com\/wp-content\/uploads\/2020\/08\/1032117-Cojines-poliuretano-imagen-.jpg","width":500,"height":500},{"@type":"BreadcrumbList","@id":"https:\/\/aleupa.com\/?product=cojin-de-poliuretano-easy-cleaning#breadcrumb","itemListElement":[{"@type":"ListItem","position":1,"name":"Portada","item":"https:\/\/aleupa.com\/"},{"@type":"ListItem","position":2,"name":"Tienda","item":"https:\/\/aleupa.com\/?page_id=802"},{"@type":"ListItem","position":3,"name":"Coj\u00edn de poliuretano \u00abEasy cleaning\u00bb"}]},{"@type":"WebSite","@id":"https:\/\/aleupa.com\/#website","url":"https:\/\/aleupa.com\/","name":"Ortopedia Aleupa","description":"Ayudas a la dependencia","alternateName":"Ortopedia en Puerto de la Cruz, Tenerife","potentialAction":[{"@type":"SearchAction","target":{"@type":"EntryPoint","urlTemplate":"https:\/\/aleupa.com\/?s={search_term_string}"},"query-input":{"@type":"PropertyValueSpecification","valueRequired":true,"valueName":"search_term_string"}}],"inLanguage":"es"}]}},"_links":{"self":[{"href":"https:\/\/aleupa.com\/index.php?rest_route=\/wp\/v2\/product\/3887","targetHints":{"allow":["GET"]}}],"collection":[{"href":"https:\/\/aleupa.com\/index.php?rest_route=\/wp\/v2\/product"}],"about":[{"href":"https:\/\/aleupa.com\/index.php?rest_route=\/wp\/v2\/types\/product"}],"replies":[{"embeddable":true,"href":"https:\/\/aleupa.com\/index.php?rest_route=%2Fwp%2Fv2%2Fcomments&post=3887"}],"wp:featuredmedia":[{"embeddable":true,"href":"https:\/\/aleupa.com\/index.php?rest_route=\/wp\/v2\/media\/3897"}],"wp:attachment":[{"href":"https:\/\/aleupa.com\/index.php?rest_route=%2Fwp%2Fv2%2Fmedia&parent=3887"}],"wp:term":[{"taxonomy":"product_brand","embeddable":true,"href":"https:\/\/aleupa.com\/index.php?rest_route=%2Fwp%2Fv2%2Fproduct_brand&post=3887"},{"taxonomy":"product_cat","embeddable":true,"href":"https:\/\/aleupa.com\/index.php?rest_route=%2Fwp%2Fv2%2Fproduct_cat&post=3887"},{"taxonomy":"product_tag","embeddable":true,"href":"https:\/\/aleupa.com\/index.php?rest_route=%2Fwp%2Fv2%2Fproduct_tag&post=3887"}],"curies":[{"name":"wp","href":"https:\/\/api.w.org\/{rel}","templated":true}]}}