{"id":4025,"date":"2020-09-01T18:13:48","date_gmt":"2020-09-01T18:13:48","guid":{"rendered":"http:\/\/www.aleupa.com\/?post_type=product&#038;p=4025"},"modified":"2020-11-11T18:37:51","modified_gmt":"2020-11-11T18:37:51","slug":"sistema-modular-rampa-escalera-adulto","status":"publish","type":"product","link":"https:\/\/aleupa.com\/?product=sistema-modular-rampa-escalera-adulto","title":{"rendered":"Sistema modular rampa-escalera"},"content":{"rendered":"<p>Estructuras de acero con acabado en epoxy, pasamanos, pelda\u00f1os y descanso en madera barnizado natural, rampa de madera con goma antideslizante.<\/p>\n<p><strong>Consta de<\/strong> tres m\u00f3dulos independientes (pelda\u00f1os, descanso y rampa) para que puedan colocarse en cualquier \u00e1ngulo o l\u00ednea seg\u00fan las necesidades, mediante uniones de acero con acabado en epoxy de f\u00e1cil montaje y desmontaje. Pasamanos desmontables regulables en altura mediante pomos de rosca independientes.<\/p>\n<p><strong>Este producto se sirve por encargo y el plazo de entrega oscila alrededor de 30 d\u00edas.<\/strong><\/p>\n<p><strong>Medidas<\/strong><\/p>\n<ul>\n<li>Alto escal\u00f3n: 15 cm<\/li>\n<li>Pisada escal\u00f3n: 28 cm<\/li>\n<li>Alto suelo-descanso: variable en funci\u00f3n del n\u00famero de escalones.<\/li>\n<li>Largo modulo rampa: variable en funci\u00f3n del n\u00famero de escalones.<\/li>\n<li>Largo modulo descanso: 60 cm<\/li>\n<li>Largo modulo pelda\u00f1os: variable en funci\u00f3n del n\u00famero de escalones.<\/li>\n<li>Alto pasamanos: 65\/90 cm<\/li>\n<li>Ancho interior: 60 cm<\/li>\n<li>Ancho exterior: 65 cm<\/li>\n<\/ul>\n<p><img loading=\"lazy\" decoding=\"async\" class=\"\" title=\"Reort Design SL\" src=\"https:\/\/www.reort.es\/modulo_base\/img\/\/logo.png\" alt=\"Logo de Reort Design SL\" width=\"138\" height=\"69\" \/><\/p>\n","protected":false},"excerpt":{"rendered":"<p>Sistema modular rampa-escalera con barandilla de altura regulable.<\/p>\n","protected":false},"featured_media":4038,"comment_status":"open","ping_status":"closed","template":"","meta":{"_et_pb_use_builder":"","_et_pb_old_content":"","_et_gb_content_width":""},"product_brand":[],"product_cat":[214],"product_tag":[533,532],"class_list":{"0":"post-4025","1":"product","2":"type-product","3":"status-publish","4":"has-post-thumbnail","6":"product_cat-mecanoterapia","7":"product_tag-mecanoterapia","8":"product_tag-rehabilitacion","9":"product_shipping_class-tourline-express","11":"first","12":"onbackorder","13":"shipping-taxable","14":"purchasable","15":"product-type-variable"},"yoast_head":"<!-- This site is optimized with the Yoast SEO plugin v26.2 - https:\/\/yoast.com\/wordpress\/plugins\/seo\/ -->\n<title>Sistema modular rampa-escalera - Ortopedia Aleupa<\/title>\n<meta name=\"robots\" content=\"index, follow, max-snippet:-1, max-image-preview:large, max-video-preview:-1\" \/>\n<link rel=\"canonical\" href=\"https:\/\/aleupa.com\/?product=sistema-modular-rampa-escalera-adulto\" \/>\n<meta property=\"og:locale\" content=\"es_ES\" \/>\n<meta property=\"og:type\" content=\"article\" \/>\n<meta property=\"og:title\" content=\"Sistema modular rampa-escalera - Ortopedia Aleupa\" \/>\n<meta property=\"og:description\" content=\"Sistema modular rampa-escalera con barandilla de altura regulable.\" \/>\n<meta property=\"og:url\" content=\"https:\/\/aleupa.com\/?product=sistema-modular-rampa-escalera-adulto\" \/>\n<meta property=\"og:site_name\" content=\"Ortopedia Aleupa\" \/>\n<meta property=\"article:modified_time\" content=\"2020-11-11T18:37:51+00:00\" \/>\n<meta property=\"og:image\" content=\"https:\/\/aleupa.com\/wp-content\/uploads\/2020\/09\/57.jpg\" \/>\n\t<meta property=\"og:image:width\" content=\"500\" \/>\n\t<meta property=\"og:image:height\" content=\"500\" \/>\n\t<meta property=\"og:image:type\" content=\"image\/jpeg\" \/>\n<meta name=\"twitter:card\" content=\"summary_large_image\" \/>\n<meta name=\"twitter:label1\" content=\"Tiempo de lectura\" \/>\n\t<meta name=\"twitter:data1\" content=\"1 minuto\" \/>\n<script type=\"application\/ld+json\" class=\"yoast-schema-graph\">{\"@context\":\"https:\/\/schema.org\",\"@graph\":[{\"@type\":\"WebPage\",\"@id\":\"https:\/\/aleupa.com\/?product=sistema-modular-rampa-escalera-adulto\",\"url\":\"https:\/\/aleupa.com\/?product=sistema-modular-rampa-escalera-adulto\",\"name\":\"Sistema modular rampa-escalera - Ortopedia Aleupa\",\"isPartOf\":{\"@id\":\"https:\/\/aleupa.com\/#website\"},\"primaryImageOfPage\":{\"@id\":\"https:\/\/aleupa.com\/?product=sistema-modular-rampa-escalera-adulto#primaryimage\"},\"image\":{\"@id\":\"https:\/\/aleupa.com\/?product=sistema-modular-rampa-escalera-adulto#primaryimage\"},\"thumbnailUrl\":\"https:\/\/aleupa.com\/wp-content\/uploads\/2020\/09\/57.jpg\",\"datePublished\":\"2020-09-01T18:13:48+00:00\",\"dateModified\":\"2020-11-11T18:37:51+00:00\",\"breadcrumb\":{\"@id\":\"https:\/\/aleupa.com\/?product=sistema-modular-rampa-escalera-adulto#breadcrumb\"},\"inLanguage\":\"es\",\"potentialAction\":[{\"@type\":\"ReadAction\",\"target\":[\"https:\/\/aleupa.com\/?product=sistema-modular-rampa-escalera-adulto\"]}]},{\"@type\":\"ImageObject\",\"inLanguage\":\"es\",\"@id\":\"https:\/\/aleupa.com\/?product=sistema-modular-rampa-escalera-adulto#primaryimage\",\"url\":\"https:\/\/aleupa.com\/wp-content\/uploads\/2020\/09\/57.jpg\",\"contentUrl\":\"https:\/\/aleupa.com\/wp-content\/uploads\/2020\/09\/57.jpg\",\"width\":500,\"height\":500},{\"@type\":\"BreadcrumbList\",\"@id\":\"https:\/\/aleupa.com\/?product=sistema-modular-rampa-escalera-adulto#breadcrumb\",\"itemListElement\":[{\"@type\":\"ListItem\",\"position\":1,\"name\":\"Portada\",\"item\":\"https:\/\/aleupa.com\/\"},{\"@type\":\"ListItem\",\"position\":2,\"name\":\"Tienda\",\"item\":\"https:\/\/aleupa.com\/?page_id=802\"},{\"@type\":\"ListItem\",\"position\":3,\"name\":\"Sistema modular rampa-escalera\"}]},{\"@type\":\"WebSite\",\"@id\":\"https:\/\/aleupa.com\/#website\",\"url\":\"https:\/\/aleupa.com\/\",\"name\":\"Ortopedia Aleupa\",\"description\":\"Ayudas a la dependencia\",\"alternateName\":\"Ortopedia en Puerto de la Cruz, Tenerife\",\"potentialAction\":[{\"@type\":\"SearchAction\",\"target\":{\"@type\":\"EntryPoint\",\"urlTemplate\":\"https:\/\/aleupa.com\/?s={search_term_string}\"},\"query-input\":{\"@type\":\"PropertyValueSpecification\",\"valueRequired\":true,\"valueName\":\"search_term_string\"}}],\"inLanguage\":\"es\"}]}<\/script>\n<!-- \/ Yoast SEO plugin. -->","yoast_head_json":{"title":"Sistema modular rampa-escalera - Ortopedia Aleupa","robots":{"index":"index","follow":"follow","max-snippet":"max-snippet:-1","max-image-preview":"max-image-preview:large","max-video-preview":"max-video-preview:-1"},"canonical":"https:\/\/aleupa.com\/?product=sistema-modular-rampa-escalera-adulto","og_locale":"es_ES","og_type":"article","og_title":"Sistema modular rampa-escalera - Ortopedia Aleupa","og_description":"Sistema modular rampa-escalera con barandilla de altura regulable.","og_url":"https:\/\/aleupa.com\/?product=sistema-modular-rampa-escalera-adulto","og_site_name":"Ortopedia Aleupa","article_modified_time":"2020-11-11T18:37:51+00:00","og_image":[{"width":500,"height":500,"url":"https:\/\/aleupa.com\/wp-content\/uploads\/2020\/09\/57.jpg","type":"image\/jpeg"}],"twitter_card":"summary_large_image","twitter_misc":{"Tiempo de lectura":"1 minuto"},"schema":{"@context":"https:\/\/schema.org","@graph":[{"@type":"WebPage","@id":"https:\/\/aleupa.com\/?product=sistema-modular-rampa-escalera-adulto","url":"https:\/\/aleupa.com\/?product=sistema-modular-rampa-escalera-adulto","name":"Sistema modular rampa-escalera - Ortopedia Aleupa","isPartOf":{"@id":"https:\/\/aleupa.com\/#website"},"primaryImageOfPage":{"@id":"https:\/\/aleupa.com\/?product=sistema-modular-rampa-escalera-adulto#primaryimage"},"image":{"@id":"https:\/\/aleupa.com\/?product=sistema-modular-rampa-escalera-adulto#primaryimage"},"thumbnailUrl":"https:\/\/aleupa.com\/wp-content\/uploads\/2020\/09\/57.jpg","datePublished":"2020-09-01T18:13:48+00:00","dateModified":"2020-11-11T18:37:51+00:00","breadcrumb":{"@id":"https:\/\/aleupa.com\/?product=sistema-modular-rampa-escalera-adulto#breadcrumb"},"inLanguage":"es","potentialAction":[{"@type":"ReadAction","target":["https:\/\/aleupa.com\/?product=sistema-modular-rampa-escalera-adulto"]}]},{"@type":"ImageObject","inLanguage":"es","@id":"https:\/\/aleupa.com\/?product=sistema-modular-rampa-escalera-adulto#primaryimage","url":"https:\/\/aleupa.com\/wp-content\/uploads\/2020\/09\/57.jpg","contentUrl":"https:\/\/aleupa.com\/wp-content\/uploads\/2020\/09\/57.jpg","width":500,"height":500},{"@type":"BreadcrumbList","@id":"https:\/\/aleupa.com\/?product=sistema-modular-rampa-escalera-adulto#breadcrumb","itemListElement":[{"@type":"ListItem","position":1,"name":"Portada","item":"https:\/\/aleupa.com\/"},{"@type":"ListItem","position":2,"name":"Tienda","item":"https:\/\/aleupa.com\/?page_id=802"},{"@type":"ListItem","position":3,"name":"Sistema modular rampa-escalera"}]},{"@type":"WebSite","@id":"https:\/\/aleupa.com\/#website","url":"https:\/\/aleupa.com\/","name":"Ortopedia Aleupa","description":"Ayudas a la dependencia","alternateName":"Ortopedia en Puerto de la Cruz, Tenerife","potentialAction":[{"@type":"SearchAction","target":{"@type":"EntryPoint","urlTemplate":"https:\/\/aleupa.com\/?s={search_term_string}"},"query-input":{"@type":"PropertyValueSpecification","valueRequired":true,"valueName":"search_term_string"}}],"inLanguage":"es"}]}},"_links":{"self":[{"href":"https:\/\/aleupa.com\/index.php?rest_route=\/wp\/v2\/product\/4025","targetHints":{"allow":["GET"]}}],"collection":[{"href":"https:\/\/aleupa.com\/index.php?rest_route=\/wp\/v2\/product"}],"about":[{"href":"https:\/\/aleupa.com\/index.php?rest_route=\/wp\/v2\/types\/product"}],"replies":[{"embeddable":true,"href":"https:\/\/aleupa.com\/index.php?rest_route=%2Fwp%2Fv2%2Fcomments&post=4025"}],"wp:featuredmedia":[{"embeddable":true,"href":"https:\/\/aleupa.com\/index.php?rest_route=\/wp\/v2\/media\/4038"}],"wp:attachment":[{"href":"https:\/\/aleupa.com\/index.php?rest_route=%2Fwp%2Fv2%2Fmedia&parent=4025"}],"wp:term":[{"taxonomy":"product_brand","embeddable":true,"href":"https:\/\/aleupa.com\/index.php?rest_route=%2Fwp%2Fv2%2Fproduct_brand&post=4025"},{"taxonomy":"product_cat","embeddable":true,"href":"https:\/\/aleupa.com\/index.php?rest_route=%2Fwp%2Fv2%2Fproduct_cat&post=4025"},{"taxonomy":"product_tag","embeddable":true,"href":"https:\/\/aleupa.com\/index.php?rest_route=%2Fwp%2Fv2%2Fproduct_tag&post=4025"}],"curies":[{"name":"wp","href":"https:\/\/api.w.org\/{rel}","templated":true}]}}