{"id":4151,"date":"2020-09-04T18:13:38","date_gmt":"2020-09-04T18:13:38","guid":{"rendered":"http:\/\/www.aleupa.com\/?post_type=product&#038;p=4151"},"modified":"2020-11-30T19:55:34","modified_gmt":"2020-11-30T19:55:34","slug":"pedalier-plegable-digital","status":"publish","type":"product","link":"https:\/\/aleupa.com\/?product=pedalier-plegable-digital","title":{"rendered":"Pedalier plegable digital"},"content":{"rendered":"<p><strong>Pedalier plegable,<\/strong> muy \u00fatil para ejercitar brazos y manos.<\/p>\n<p>Con monitor digital que indica pedaleos realizados, tiempo de ejercicio y estimaci\u00f3n aproximada de consumo de calor\u00edas.<\/p>\n<p>Tiene un dise\u00f1o muy actual y conteras antideslizantes en sus cuatro patas para evitar que se deslice durante el uso.<\/p>\n<p>Puede utilizarse en el suelo para ejercitar piernas o sobre una mesa para trabajar los brazos.<\/p>\n<p>Resistencia al pedaleo graduable. Lo que permite un entrenamiento evolutivo con incrementos de resistencia a demanda.<\/p>\n<p>Cinchas de seguridad en los pedales para un ejercicio m\u00e1s c\u00f3modo y seguro.<\/p>\n<p>Por razones de logistica Aleupa servir\u00e1 el producto atendiendo a las caracter\u00edsticas t\u00e9cnicas referidas anteriormente.<\/p>\n<p>El fabricante y el color pueden variar por razones de disponibilidad y servicio m\u00e1s inmediato.<\/p>\n","protected":false},"excerpt":{"rendered":"<p>Pedalier plegable con monitor digital para ejercitaci\u00f3n de piernas y brazos<\/p>\n","protected":false},"featured_media":4147,"comment_status":"open","ping_status":"closed","template":"","meta":{"_et_pb_use_builder":"","_et_pb_old_content":"","_et_gb_content_width":""},"product_brand":[],"product_cat":[214],"product_tag":[533,532,547,546],"class_list":{"0":"post-4151","1":"product","2":"type-product","3":"status-publish","4":"has-post-thumbnail","6":"product_cat-mecanoterapia","7":"product_tag-mecanoterapia","8":"product_tag-rehabilitacion","9":"product_tag-tren-inferior","10":"product_tag-tren-superior","11":"product_shipping_class-tourline-express","13":"first","14":"instock","15":"shipping-taxable","16":"purchasable","17":"product-type-simple"},"yoast_head":"<!-- This site is optimized with the Yoast SEO plugin v26.2 - https:\/\/yoast.com\/wordpress\/plugins\/seo\/ -->\n<title>Pedalier plegable digital - Ortopedia Aleupa<\/title>\n<meta name=\"robots\" content=\"index, follow, max-snippet:-1, max-image-preview:large, max-video-preview:-1\" \/>\n<link rel=\"canonical\" href=\"https:\/\/aleupa.com\/?product=pedalier-plegable-digital\" \/>\n<meta property=\"og:locale\" content=\"es_ES\" \/>\n<meta property=\"og:type\" content=\"article\" \/>\n<meta property=\"og:title\" content=\"Pedalier plegable digital - Ortopedia Aleupa\" \/>\n<meta property=\"og:description\" content=\"Pedalier plegable con monitor digital para ejercitaci\u00f3n de piernas y brazos\" \/>\n<meta property=\"og:url\" content=\"https:\/\/aleupa.com\/?product=pedalier-plegable-digital\" \/>\n<meta property=\"og:site_name\" content=\"Ortopedia Aleupa\" \/>\n<meta property=\"article:modified_time\" content=\"2020-11-30T19:55:34+00:00\" \/>\n<meta property=\"og:image\" content=\"https:\/\/aleupa.com\/wp-content\/uploads\/2020\/09\/pedalier-plegable-con-monitor-digital-1.jpg\" \/>\n\t<meta property=\"og:image:width\" content=\"500\" \/>\n\t<meta property=\"og:image:height\" content=\"500\" \/>\n\t<meta property=\"og:image:type\" content=\"image\/jpeg\" \/>\n<meta name=\"twitter:card\" content=\"summary_large_image\" \/>\n<meta name=\"twitter:label1\" content=\"Tiempo de lectura\" \/>\n\t<meta name=\"twitter:data1\" content=\"1 minuto\" \/>\n<script type=\"application\/ld+json\" class=\"yoast-schema-graph\">{\"@context\":\"https:\/\/schema.org\",\"@graph\":[{\"@type\":\"WebPage\",\"@id\":\"https:\/\/aleupa.com\/?product=pedalier-plegable-digital\",\"url\":\"https:\/\/aleupa.com\/?product=pedalier-plegable-digital\",\"name\":\"Pedalier plegable digital - Ortopedia Aleupa\",\"isPartOf\":{\"@id\":\"https:\/\/aleupa.com\/#website\"},\"primaryImageOfPage\":{\"@id\":\"https:\/\/aleupa.com\/?product=pedalier-plegable-digital#primaryimage\"},\"image\":{\"@id\":\"https:\/\/aleupa.com\/?product=pedalier-plegable-digital#primaryimage\"},\"thumbnailUrl\":\"https:\/\/aleupa.com\/wp-content\/uploads\/2020\/09\/pedalier-plegable-con-monitor-digital-1.jpg\",\"datePublished\":\"2020-09-04T18:13:38+00:00\",\"dateModified\":\"2020-11-30T19:55:34+00:00\",\"breadcrumb\":{\"@id\":\"https:\/\/aleupa.com\/?product=pedalier-plegable-digital#breadcrumb\"},\"inLanguage\":\"es\",\"potentialAction\":[{\"@type\":\"ReadAction\",\"target\":[\"https:\/\/aleupa.com\/?product=pedalier-plegable-digital\"]}]},{\"@type\":\"ImageObject\",\"inLanguage\":\"es\",\"@id\":\"https:\/\/aleupa.com\/?product=pedalier-plegable-digital#primaryimage\",\"url\":\"https:\/\/aleupa.com\/wp-content\/uploads\/2020\/09\/pedalier-plegable-con-monitor-digital-1.jpg\",\"contentUrl\":\"https:\/\/aleupa.com\/wp-content\/uploads\/2020\/09\/pedalier-plegable-con-monitor-digital-1.jpg\",\"width\":500,\"height\":500},{\"@type\":\"BreadcrumbList\",\"@id\":\"https:\/\/aleupa.com\/?product=pedalier-plegable-digital#breadcrumb\",\"itemListElement\":[{\"@type\":\"ListItem\",\"position\":1,\"name\":\"Portada\",\"item\":\"https:\/\/aleupa.com\/\"},{\"@type\":\"ListItem\",\"position\":2,\"name\":\"Tienda\",\"item\":\"https:\/\/aleupa.com\/?page_id=802\"},{\"@type\":\"ListItem\",\"position\":3,\"name\":\"Pedalier plegable digital\"}]},{\"@type\":\"WebSite\",\"@id\":\"https:\/\/aleupa.com\/#website\",\"url\":\"https:\/\/aleupa.com\/\",\"name\":\"Ortopedia Aleupa\",\"description\":\"Ayudas a la dependencia\",\"alternateName\":\"Ortopedia en Puerto de la Cruz, Tenerife\",\"potentialAction\":[{\"@type\":\"SearchAction\",\"target\":{\"@type\":\"EntryPoint\",\"urlTemplate\":\"https:\/\/aleupa.com\/?s={search_term_string}\"},\"query-input\":{\"@type\":\"PropertyValueSpecification\",\"valueRequired\":true,\"valueName\":\"search_term_string\"}}],\"inLanguage\":\"es\"}]}<\/script>\n<!-- \/ Yoast SEO plugin. -->","yoast_head_json":{"title":"Pedalier plegable digital - Ortopedia Aleupa","robots":{"index":"index","follow":"follow","max-snippet":"max-snippet:-1","max-image-preview":"max-image-preview:large","max-video-preview":"max-video-preview:-1"},"canonical":"https:\/\/aleupa.com\/?product=pedalier-plegable-digital","og_locale":"es_ES","og_type":"article","og_title":"Pedalier plegable digital - Ortopedia Aleupa","og_description":"Pedalier plegable con monitor digital para ejercitaci\u00f3n de piernas y brazos","og_url":"https:\/\/aleupa.com\/?product=pedalier-plegable-digital","og_site_name":"Ortopedia Aleupa","article_modified_time":"2020-11-30T19:55:34+00:00","og_image":[{"width":500,"height":500,"url":"https:\/\/aleupa.com\/wp-content\/uploads\/2020\/09\/pedalier-plegable-con-monitor-digital-1.jpg","type":"image\/jpeg"}],"twitter_card":"summary_large_image","twitter_misc":{"Tiempo de lectura":"1 minuto"},"schema":{"@context":"https:\/\/schema.org","@graph":[{"@type":"WebPage","@id":"https:\/\/aleupa.com\/?product=pedalier-plegable-digital","url":"https:\/\/aleupa.com\/?product=pedalier-plegable-digital","name":"Pedalier plegable digital - Ortopedia Aleupa","isPartOf":{"@id":"https:\/\/aleupa.com\/#website"},"primaryImageOfPage":{"@id":"https:\/\/aleupa.com\/?product=pedalier-plegable-digital#primaryimage"},"image":{"@id":"https:\/\/aleupa.com\/?product=pedalier-plegable-digital#primaryimage"},"thumbnailUrl":"https:\/\/aleupa.com\/wp-content\/uploads\/2020\/09\/pedalier-plegable-con-monitor-digital-1.jpg","datePublished":"2020-09-04T18:13:38+00:00","dateModified":"2020-11-30T19:55:34+00:00","breadcrumb":{"@id":"https:\/\/aleupa.com\/?product=pedalier-plegable-digital#breadcrumb"},"inLanguage":"es","potentialAction":[{"@type":"ReadAction","target":["https:\/\/aleupa.com\/?product=pedalier-plegable-digital"]}]},{"@type":"ImageObject","inLanguage":"es","@id":"https:\/\/aleupa.com\/?product=pedalier-plegable-digital#primaryimage","url":"https:\/\/aleupa.com\/wp-content\/uploads\/2020\/09\/pedalier-plegable-con-monitor-digital-1.jpg","contentUrl":"https:\/\/aleupa.com\/wp-content\/uploads\/2020\/09\/pedalier-plegable-con-monitor-digital-1.jpg","width":500,"height":500},{"@type":"BreadcrumbList","@id":"https:\/\/aleupa.com\/?product=pedalier-plegable-digital#breadcrumb","itemListElement":[{"@type":"ListItem","position":1,"name":"Portada","item":"https:\/\/aleupa.com\/"},{"@type":"ListItem","position":2,"name":"Tienda","item":"https:\/\/aleupa.com\/?page_id=802"},{"@type":"ListItem","position":3,"name":"Pedalier plegable digital"}]},{"@type":"WebSite","@id":"https:\/\/aleupa.com\/#website","url":"https:\/\/aleupa.com\/","name":"Ortopedia Aleupa","description":"Ayudas a la dependencia","alternateName":"Ortopedia en Puerto de la Cruz, Tenerife","potentialAction":[{"@type":"SearchAction","target":{"@type":"EntryPoint","urlTemplate":"https:\/\/aleupa.com\/?s={search_term_string}"},"query-input":{"@type":"PropertyValueSpecification","valueRequired":true,"valueName":"search_term_string"}}],"inLanguage":"es"}]}},"_links":{"self":[{"href":"https:\/\/aleupa.com\/index.php?rest_route=\/wp\/v2\/product\/4151","targetHints":{"allow":["GET"]}}],"collection":[{"href":"https:\/\/aleupa.com\/index.php?rest_route=\/wp\/v2\/product"}],"about":[{"href":"https:\/\/aleupa.com\/index.php?rest_route=\/wp\/v2\/types\/product"}],"replies":[{"embeddable":true,"href":"https:\/\/aleupa.com\/index.php?rest_route=%2Fwp%2Fv2%2Fcomments&post=4151"}],"wp:featuredmedia":[{"embeddable":true,"href":"https:\/\/aleupa.com\/index.php?rest_route=\/wp\/v2\/media\/4147"}],"wp:attachment":[{"href":"https:\/\/aleupa.com\/index.php?rest_route=%2Fwp%2Fv2%2Fmedia&parent=4151"}],"wp:term":[{"taxonomy":"product_brand","embeddable":true,"href":"https:\/\/aleupa.com\/index.php?rest_route=%2Fwp%2Fv2%2Fproduct_brand&post=4151"},{"taxonomy":"product_cat","embeddable":true,"href":"https:\/\/aleupa.com\/index.php?rest_route=%2Fwp%2Fv2%2Fproduct_cat&post=4151"},{"taxonomy":"product_tag","embeddable":true,"href":"https:\/\/aleupa.com\/index.php?rest_route=%2Fwp%2Fv2%2Fproduct_tag&post=4151"}],"curies":[{"name":"wp","href":"https:\/\/api.w.org\/{rel}","templated":true}]}}