{"id":4172,"date":"2020-09-07T11:04:00","date_gmt":"2020-09-07T11:04:00","guid":{"rendered":"http:\/\/www.aleupa.com\/?post_type=product&#038;p=4172"},"modified":"2021-03-03T18:08:10","modified_gmt":"2021-03-03T18:08:10","slug":"polea-de-hombro","status":"publish","type":"product","link":"https:\/\/aleupa.com\/?product=polea-de-hombro","title":{"rendered":"Polea de hombro"},"content":{"rendered":"<p>Ideal para rehabilitar los m\u00fasculos del tren superior.<\/p>\n<p>Consta de un soporte de metal que viene 38 cm hacia adelante para que la polea est\u00e9 m\u00e1s lejos de la puerta. Esto crea m\u00e1s espacio para moverse. Ideal para gimnasia pasiva.<\/p>\n<p>Incluye cuerda de 2,6 m.<\/p>\n<p>Se adapta a la mayor\u00eda de las puertas.<\/p>\n<p><img loading=\"lazy\" decoding=\"async\" class=\"n3VNCb\" src=\"https:\/\/www.letsitch.eu\/sites\/default\/files\/2019-06\/Able2.jpg\" alt=\"Able2 | iTCH!\" width=\"191\" height=\"74\" data-noaft=\"1\" \/><\/p>\n","protected":false},"excerpt":{"rendered":"<p>Polea de hombro para terapia f\u00edsica y rehabilitaci\u00f3n, polea sobre la puerta<\/p>\n","protected":false},"featured_media":4173,"comment_status":"open","ping_status":"closed","template":"","meta":{"_et_pb_use_builder":"","_et_pb_old_content":"","_et_gb_content_width":""},"product_brand":[],"product_cat":[214],"product_tag":[533,532,546],"class_list":{"0":"post-4172","1":"product","2":"type-product","3":"status-publish","4":"has-post-thumbnail","6":"product_cat-mecanoterapia","7":"product_tag-mecanoterapia","8":"product_tag-rehabilitacion","9":"product_tag-tren-superior","10":"product_shipping_class-tourline-express","12":"first","13":"instock","14":"shipping-taxable","15":"purchasable","16":"product-type-simple"},"yoast_head":"<!-- This site is optimized with the Yoast SEO plugin v26.2 - https:\/\/yoast.com\/wordpress\/plugins\/seo\/ -->\n<title>Polea de hombro - Ortopedia Aleupa<\/title>\n<meta name=\"robots\" content=\"index, follow, max-snippet:-1, max-image-preview:large, max-video-preview:-1\" \/>\n<link rel=\"canonical\" href=\"https:\/\/aleupa.com\/?product=polea-de-hombro\" \/>\n<meta property=\"og:locale\" content=\"es_ES\" \/>\n<meta property=\"og:type\" content=\"article\" \/>\n<meta property=\"og:title\" content=\"Polea de hombro - Ortopedia Aleupa\" \/>\n<meta property=\"og:description\" content=\"Polea de hombro para terapia f\u00edsica y rehabilitaci\u00f3n, polea sobre la puerta\" \/>\n<meta property=\"og:url\" content=\"https:\/\/aleupa.com\/?product=polea-de-hombro\" \/>\n<meta property=\"og:site_name\" content=\"Ortopedia Aleupa\" \/>\n<meta property=\"article:modified_time\" content=\"2021-03-03T18:08:10+00:00\" \/>\n<meta property=\"og:image\" content=\"https:\/\/aleupa.com\/wp-content\/uploads\/2020\/09\/polea-de-hombro.jpg\" \/>\n\t<meta property=\"og:image:width\" content=\"500\" \/>\n\t<meta property=\"og:image:height\" content=\"500\" \/>\n\t<meta property=\"og:image:type\" content=\"image\/jpeg\" \/>\n<meta name=\"twitter:card\" content=\"summary_large_image\" \/>\n<script type=\"application\/ld+json\" class=\"yoast-schema-graph\">{\"@context\":\"https:\/\/schema.org\",\"@graph\":[{\"@type\":\"WebPage\",\"@id\":\"https:\/\/aleupa.com\/?product=polea-de-hombro\",\"url\":\"https:\/\/aleupa.com\/?product=polea-de-hombro\",\"name\":\"Polea de hombro - Ortopedia Aleupa\",\"isPartOf\":{\"@id\":\"https:\/\/aleupa.com\/#website\"},\"primaryImageOfPage\":{\"@id\":\"https:\/\/aleupa.com\/?product=polea-de-hombro#primaryimage\"},\"image\":{\"@id\":\"https:\/\/aleupa.com\/?product=polea-de-hombro#primaryimage\"},\"thumbnailUrl\":\"https:\/\/aleupa.com\/wp-content\/uploads\/2020\/09\/polea-de-hombro.jpg\",\"datePublished\":\"2020-09-07T11:04:00+00:00\",\"dateModified\":\"2021-03-03T18:08:10+00:00\",\"breadcrumb\":{\"@id\":\"https:\/\/aleupa.com\/?product=polea-de-hombro#breadcrumb\"},\"inLanguage\":\"es\",\"potentialAction\":[{\"@type\":\"ReadAction\",\"target\":[\"https:\/\/aleupa.com\/?product=polea-de-hombro\"]}]},{\"@type\":\"ImageObject\",\"inLanguage\":\"es\",\"@id\":\"https:\/\/aleupa.com\/?product=polea-de-hombro#primaryimage\",\"url\":\"https:\/\/aleupa.com\/wp-content\/uploads\/2020\/09\/polea-de-hombro.jpg\",\"contentUrl\":\"https:\/\/aleupa.com\/wp-content\/uploads\/2020\/09\/polea-de-hombro.jpg\",\"width\":500,\"height\":500},{\"@type\":\"BreadcrumbList\",\"@id\":\"https:\/\/aleupa.com\/?product=polea-de-hombro#breadcrumb\",\"itemListElement\":[{\"@type\":\"ListItem\",\"position\":1,\"name\":\"Portada\",\"item\":\"https:\/\/aleupa.com\/\"},{\"@type\":\"ListItem\",\"position\":2,\"name\":\"Tienda\",\"item\":\"https:\/\/aleupa.com\/?page_id=802\"},{\"@type\":\"ListItem\",\"position\":3,\"name\":\"Polea de hombro\"}]},{\"@type\":\"WebSite\",\"@id\":\"https:\/\/aleupa.com\/#website\",\"url\":\"https:\/\/aleupa.com\/\",\"name\":\"Ortopedia Aleupa\",\"description\":\"Ayudas a la dependencia\",\"alternateName\":\"Ortopedia en Puerto de la Cruz, Tenerife\",\"potentialAction\":[{\"@type\":\"SearchAction\",\"target\":{\"@type\":\"EntryPoint\",\"urlTemplate\":\"https:\/\/aleupa.com\/?s={search_term_string}\"},\"query-input\":{\"@type\":\"PropertyValueSpecification\",\"valueRequired\":true,\"valueName\":\"search_term_string\"}}],\"inLanguage\":\"es\"}]}<\/script>\n<!-- \/ Yoast SEO plugin. -->","yoast_head_json":{"title":"Polea de hombro - Ortopedia Aleupa","robots":{"index":"index","follow":"follow","max-snippet":"max-snippet:-1","max-image-preview":"max-image-preview:large","max-video-preview":"max-video-preview:-1"},"canonical":"https:\/\/aleupa.com\/?product=polea-de-hombro","og_locale":"es_ES","og_type":"article","og_title":"Polea de hombro - Ortopedia Aleupa","og_description":"Polea de hombro para terapia f\u00edsica y rehabilitaci\u00f3n, polea sobre la puerta","og_url":"https:\/\/aleupa.com\/?product=polea-de-hombro","og_site_name":"Ortopedia Aleupa","article_modified_time":"2021-03-03T18:08:10+00:00","og_image":[{"width":500,"height":500,"url":"https:\/\/aleupa.com\/wp-content\/uploads\/2020\/09\/polea-de-hombro.jpg","type":"image\/jpeg"}],"twitter_card":"summary_large_image","schema":{"@context":"https:\/\/schema.org","@graph":[{"@type":"WebPage","@id":"https:\/\/aleupa.com\/?product=polea-de-hombro","url":"https:\/\/aleupa.com\/?product=polea-de-hombro","name":"Polea de hombro - Ortopedia Aleupa","isPartOf":{"@id":"https:\/\/aleupa.com\/#website"},"primaryImageOfPage":{"@id":"https:\/\/aleupa.com\/?product=polea-de-hombro#primaryimage"},"image":{"@id":"https:\/\/aleupa.com\/?product=polea-de-hombro#primaryimage"},"thumbnailUrl":"https:\/\/aleupa.com\/wp-content\/uploads\/2020\/09\/polea-de-hombro.jpg","datePublished":"2020-09-07T11:04:00+00:00","dateModified":"2021-03-03T18:08:10+00:00","breadcrumb":{"@id":"https:\/\/aleupa.com\/?product=polea-de-hombro#breadcrumb"},"inLanguage":"es","potentialAction":[{"@type":"ReadAction","target":["https:\/\/aleupa.com\/?product=polea-de-hombro"]}]},{"@type":"ImageObject","inLanguage":"es","@id":"https:\/\/aleupa.com\/?product=polea-de-hombro#primaryimage","url":"https:\/\/aleupa.com\/wp-content\/uploads\/2020\/09\/polea-de-hombro.jpg","contentUrl":"https:\/\/aleupa.com\/wp-content\/uploads\/2020\/09\/polea-de-hombro.jpg","width":500,"height":500},{"@type":"BreadcrumbList","@id":"https:\/\/aleupa.com\/?product=polea-de-hombro#breadcrumb","itemListElement":[{"@type":"ListItem","position":1,"name":"Portada","item":"https:\/\/aleupa.com\/"},{"@type":"ListItem","position":2,"name":"Tienda","item":"https:\/\/aleupa.com\/?page_id=802"},{"@type":"ListItem","position":3,"name":"Polea de hombro"}]},{"@type":"WebSite","@id":"https:\/\/aleupa.com\/#website","url":"https:\/\/aleupa.com\/","name":"Ortopedia Aleupa","description":"Ayudas a la dependencia","alternateName":"Ortopedia en Puerto de la Cruz, Tenerife","potentialAction":[{"@type":"SearchAction","target":{"@type":"EntryPoint","urlTemplate":"https:\/\/aleupa.com\/?s={search_term_string}"},"query-input":{"@type":"PropertyValueSpecification","valueRequired":true,"valueName":"search_term_string"}}],"inLanguage":"es"}]}},"_links":{"self":[{"href":"https:\/\/aleupa.com\/index.php?rest_route=\/wp\/v2\/product\/4172","targetHints":{"allow":["GET"]}}],"collection":[{"href":"https:\/\/aleupa.com\/index.php?rest_route=\/wp\/v2\/product"}],"about":[{"href":"https:\/\/aleupa.com\/index.php?rest_route=\/wp\/v2\/types\/product"}],"replies":[{"embeddable":true,"href":"https:\/\/aleupa.com\/index.php?rest_route=%2Fwp%2Fv2%2Fcomments&post=4172"}],"wp:featuredmedia":[{"embeddable":true,"href":"https:\/\/aleupa.com\/index.php?rest_route=\/wp\/v2\/media\/4173"}],"wp:attachment":[{"href":"https:\/\/aleupa.com\/index.php?rest_route=%2Fwp%2Fv2%2Fmedia&parent=4172"}],"wp:term":[{"taxonomy":"product_brand","embeddable":true,"href":"https:\/\/aleupa.com\/index.php?rest_route=%2Fwp%2Fv2%2Fproduct_brand&post=4172"},{"taxonomy":"product_cat","embeddable":true,"href":"https:\/\/aleupa.com\/index.php?rest_route=%2Fwp%2Fv2%2Fproduct_cat&post=4172"},{"taxonomy":"product_tag","embeddable":true,"href":"https:\/\/aleupa.com\/index.php?rest_route=%2Fwp%2Fv2%2Fproduct_tag&post=4172"}],"curies":[{"name":"wp","href":"https:\/\/api.w.org\/{rel}","templated":true}]}}