{"id":4220,"date":"2020-09-09T09:57:45","date_gmt":"2020-09-09T09:57:45","guid":{"rendered":"http:\/\/www.aleupa.com\/?post_type=product&#038;p=4220"},"modified":"2020-11-11T18:24:52","modified_gmt":"2020-11-11T18:24:52","slug":"braga-sujetapanal-adaptable","status":"publish","type":"product","link":"https:\/\/aleupa.com\/?product=braga-sujetapanal-adaptable","title":{"rendered":"Braga sujetapa\u00f1al adaptable"},"content":{"rendered":"<p>Braga sujetapa\u00f1al impermeable est\u00e1ndar.<\/p>\n<p>Sujetan el pa\u00f1al e impiden que el paciente se moje en caso de fugas.<\/p>\n<p>Dise\u00f1ada con cierre de velcro para facilitar la manipulaci\u00f3n de la braga en caso de usuarios encamados, con movilidad reducida.<\/p>\n<p>Talla \u00fanica:\u00a0 el cierre con velcro y la cinta el\u00e1stica permiten adaptar la braga a cualquier usuario. Adaptable a contornos de cintura entre 90 y 150 cm.<\/p>\n<p>El interior es de algod\u00f3n, disponiendo de hueco para poner compresas en caso de que no se quiera utilizar pa\u00f1al.<\/p>\n<p>Lavable a mano o a m\u00e1quina: Temperatura m\u00e1xima 30\u00ba. Se puede limpiar en seco. Puedes planchar. Tolera el secador.<\/p>\n<p><img loading=\"lazy\" decoding=\"async\" class=\"logo img-responsive\" src=\"https:\/\/ubiotex.com\/img\/ubitienda-logo-15197257231.jpg\" alt=\"Ubiotex\" width=\"146\" height=\"80\" \/><\/p>\n","protected":false},"excerpt":{"rendered":"<p>Braga sujetapa\u00f1al impermeable, adaptable, reutilizable.<\/p>\n","protected":false},"featured_media":4223,"comment_status":"open","ping_status":"closed","template":"","meta":{"_et_pb_use_builder":"","_et_pb_old_content":"","_et_gb_content_width":""},"product_brand":[],"product_cat":[209],"product_tag":[385],"class_list":{"0":"post-4220","1":"product","2":"type-product","3":"status-publish","4":"has-post-thumbnail","6":"product_cat-incontinencia","7":"product_tag-incontinencia","8":"product_shipping_class-tourline-express","10":"first","11":"instock","12":"shipping-taxable","13":"purchasable","14":"product-type-simple"},"yoast_head":"<!-- This site is optimized with the Yoast SEO plugin v26.2 - https:\/\/yoast.com\/wordpress\/plugins\/seo\/ -->\n<title>Braga sujetapa\u00f1al adaptable - Ortopedia Aleupa<\/title>\n<meta name=\"robots\" content=\"index, follow, max-snippet:-1, max-image-preview:large, max-video-preview:-1\" \/>\n<link rel=\"canonical\" href=\"https:\/\/aleupa.com\/?product=braga-sujetapanal-adaptable\" \/>\n<meta property=\"og:locale\" content=\"es_ES\" \/>\n<meta property=\"og:type\" content=\"article\" \/>\n<meta property=\"og:title\" content=\"Braga sujetapa\u00f1al adaptable - Ortopedia Aleupa\" \/>\n<meta property=\"og:description\" content=\"Braga sujetapa\u00f1al impermeable, adaptable, reutilizable.\" \/>\n<meta property=\"og:url\" content=\"https:\/\/aleupa.com\/?product=braga-sujetapanal-adaptable\" \/>\n<meta property=\"og:site_name\" content=\"Ortopedia Aleupa\" \/>\n<meta property=\"article:modified_time\" content=\"2020-11-11T18:24:52+00:00\" \/>\n<meta property=\"og:image\" content=\"https:\/\/aleupa.com\/wp-content\/uploads\/2020\/09\/braga-sujeta-panal-impermeable-adaptable-estandar-1.png\" \/>\n\t<meta property=\"og:image:width\" content=\"500\" \/>\n\t<meta property=\"og:image:height\" content=\"500\" \/>\n\t<meta property=\"og:image:type\" content=\"image\/png\" \/>\n<meta name=\"twitter:card\" content=\"summary_large_image\" \/>\n<meta name=\"twitter:label1\" content=\"Tiempo de lectura\" \/>\n\t<meta name=\"twitter:data1\" content=\"1 minuto\" \/>\n<script type=\"application\/ld+json\" class=\"yoast-schema-graph\">{\"@context\":\"https:\/\/schema.org\",\"@graph\":[{\"@type\":\"WebPage\",\"@id\":\"https:\/\/aleupa.com\/?product=braga-sujetapanal-adaptable\",\"url\":\"https:\/\/aleupa.com\/?product=braga-sujetapanal-adaptable\",\"name\":\"Braga sujetapa\u00f1al adaptable - Ortopedia Aleupa\",\"isPartOf\":{\"@id\":\"https:\/\/aleupa.com\/#website\"},\"primaryImageOfPage\":{\"@id\":\"https:\/\/aleupa.com\/?product=braga-sujetapanal-adaptable#primaryimage\"},\"image\":{\"@id\":\"https:\/\/aleupa.com\/?product=braga-sujetapanal-adaptable#primaryimage\"},\"thumbnailUrl\":\"https:\/\/aleupa.com\/wp-content\/uploads\/2020\/09\/braga-sujeta-panal-impermeable-adaptable-estandar-1.png\",\"datePublished\":\"2020-09-09T09:57:45+00:00\",\"dateModified\":\"2020-11-11T18:24:52+00:00\",\"breadcrumb\":{\"@id\":\"https:\/\/aleupa.com\/?product=braga-sujetapanal-adaptable#breadcrumb\"},\"inLanguage\":\"es\",\"potentialAction\":[{\"@type\":\"ReadAction\",\"target\":[\"https:\/\/aleupa.com\/?product=braga-sujetapanal-adaptable\"]}]},{\"@type\":\"ImageObject\",\"inLanguage\":\"es\",\"@id\":\"https:\/\/aleupa.com\/?product=braga-sujetapanal-adaptable#primaryimage\",\"url\":\"https:\/\/aleupa.com\/wp-content\/uploads\/2020\/09\/braga-sujeta-panal-impermeable-adaptable-estandar-1.png\",\"contentUrl\":\"https:\/\/aleupa.com\/wp-content\/uploads\/2020\/09\/braga-sujeta-panal-impermeable-adaptable-estandar-1.png\",\"width\":500,\"height\":500},{\"@type\":\"BreadcrumbList\",\"@id\":\"https:\/\/aleupa.com\/?product=braga-sujetapanal-adaptable#breadcrumb\",\"itemListElement\":[{\"@type\":\"ListItem\",\"position\":1,\"name\":\"Portada\",\"item\":\"https:\/\/aleupa.com\/\"},{\"@type\":\"ListItem\",\"position\":2,\"name\":\"Tienda\",\"item\":\"https:\/\/aleupa.com\/?page_id=802\"},{\"@type\":\"ListItem\",\"position\":3,\"name\":\"Braga sujetapa\u00f1al adaptable\"}]},{\"@type\":\"WebSite\",\"@id\":\"https:\/\/aleupa.com\/#website\",\"url\":\"https:\/\/aleupa.com\/\",\"name\":\"Ortopedia Aleupa\",\"description\":\"Ayudas a la dependencia\",\"alternateName\":\"Ortopedia en Puerto de la Cruz, Tenerife\",\"potentialAction\":[{\"@type\":\"SearchAction\",\"target\":{\"@type\":\"EntryPoint\",\"urlTemplate\":\"https:\/\/aleupa.com\/?s={search_term_string}\"},\"query-input\":{\"@type\":\"PropertyValueSpecification\",\"valueRequired\":true,\"valueName\":\"search_term_string\"}}],\"inLanguage\":\"es\"}]}<\/script>\n<!-- \/ Yoast SEO plugin. -->","yoast_head_json":{"title":"Braga sujetapa\u00f1al adaptable - Ortopedia Aleupa","robots":{"index":"index","follow":"follow","max-snippet":"max-snippet:-1","max-image-preview":"max-image-preview:large","max-video-preview":"max-video-preview:-1"},"canonical":"https:\/\/aleupa.com\/?product=braga-sujetapanal-adaptable","og_locale":"es_ES","og_type":"article","og_title":"Braga sujetapa\u00f1al adaptable - Ortopedia Aleupa","og_description":"Braga sujetapa\u00f1al impermeable, adaptable, reutilizable.","og_url":"https:\/\/aleupa.com\/?product=braga-sujetapanal-adaptable","og_site_name":"Ortopedia Aleupa","article_modified_time":"2020-11-11T18:24:52+00:00","og_image":[{"width":500,"height":500,"url":"https:\/\/aleupa.com\/wp-content\/uploads\/2020\/09\/braga-sujeta-panal-impermeable-adaptable-estandar-1.png","type":"image\/png"}],"twitter_card":"summary_large_image","twitter_misc":{"Tiempo de lectura":"1 minuto"},"schema":{"@context":"https:\/\/schema.org","@graph":[{"@type":"WebPage","@id":"https:\/\/aleupa.com\/?product=braga-sujetapanal-adaptable","url":"https:\/\/aleupa.com\/?product=braga-sujetapanal-adaptable","name":"Braga sujetapa\u00f1al adaptable - Ortopedia Aleupa","isPartOf":{"@id":"https:\/\/aleupa.com\/#website"},"primaryImageOfPage":{"@id":"https:\/\/aleupa.com\/?product=braga-sujetapanal-adaptable#primaryimage"},"image":{"@id":"https:\/\/aleupa.com\/?product=braga-sujetapanal-adaptable#primaryimage"},"thumbnailUrl":"https:\/\/aleupa.com\/wp-content\/uploads\/2020\/09\/braga-sujeta-panal-impermeable-adaptable-estandar-1.png","datePublished":"2020-09-09T09:57:45+00:00","dateModified":"2020-11-11T18:24:52+00:00","breadcrumb":{"@id":"https:\/\/aleupa.com\/?product=braga-sujetapanal-adaptable#breadcrumb"},"inLanguage":"es","potentialAction":[{"@type":"ReadAction","target":["https:\/\/aleupa.com\/?product=braga-sujetapanal-adaptable"]}]},{"@type":"ImageObject","inLanguage":"es","@id":"https:\/\/aleupa.com\/?product=braga-sujetapanal-adaptable#primaryimage","url":"https:\/\/aleupa.com\/wp-content\/uploads\/2020\/09\/braga-sujeta-panal-impermeable-adaptable-estandar-1.png","contentUrl":"https:\/\/aleupa.com\/wp-content\/uploads\/2020\/09\/braga-sujeta-panal-impermeable-adaptable-estandar-1.png","width":500,"height":500},{"@type":"BreadcrumbList","@id":"https:\/\/aleupa.com\/?product=braga-sujetapanal-adaptable#breadcrumb","itemListElement":[{"@type":"ListItem","position":1,"name":"Portada","item":"https:\/\/aleupa.com\/"},{"@type":"ListItem","position":2,"name":"Tienda","item":"https:\/\/aleupa.com\/?page_id=802"},{"@type":"ListItem","position":3,"name":"Braga sujetapa\u00f1al adaptable"}]},{"@type":"WebSite","@id":"https:\/\/aleupa.com\/#website","url":"https:\/\/aleupa.com\/","name":"Ortopedia Aleupa","description":"Ayudas a la dependencia","alternateName":"Ortopedia en Puerto de la Cruz, Tenerife","potentialAction":[{"@type":"SearchAction","target":{"@type":"EntryPoint","urlTemplate":"https:\/\/aleupa.com\/?s={search_term_string}"},"query-input":{"@type":"PropertyValueSpecification","valueRequired":true,"valueName":"search_term_string"}}],"inLanguage":"es"}]}},"_links":{"self":[{"href":"https:\/\/aleupa.com\/index.php?rest_route=\/wp\/v2\/product\/4220","targetHints":{"allow":["GET"]}}],"collection":[{"href":"https:\/\/aleupa.com\/index.php?rest_route=\/wp\/v2\/product"}],"about":[{"href":"https:\/\/aleupa.com\/index.php?rest_route=\/wp\/v2\/types\/product"}],"replies":[{"embeddable":true,"href":"https:\/\/aleupa.com\/index.php?rest_route=%2Fwp%2Fv2%2Fcomments&post=4220"}],"wp:featuredmedia":[{"embeddable":true,"href":"https:\/\/aleupa.com\/index.php?rest_route=\/wp\/v2\/media\/4223"}],"wp:attachment":[{"href":"https:\/\/aleupa.com\/index.php?rest_route=%2Fwp%2Fv2%2Fmedia&parent=4220"}],"wp:term":[{"taxonomy":"product_brand","embeddable":true,"href":"https:\/\/aleupa.com\/index.php?rest_route=%2Fwp%2Fv2%2Fproduct_brand&post=4220"},{"taxonomy":"product_cat","embeddable":true,"href":"https:\/\/aleupa.com\/index.php?rest_route=%2Fwp%2Fv2%2Fproduct_cat&post=4220"},{"taxonomy":"product_tag","embeddable":true,"href":"https:\/\/aleupa.com\/index.php?rest_route=%2Fwp%2Fv2%2Fproduct_tag&post=4220"}],"curies":[{"name":"wp","href":"https:\/\/api.w.org\/{rel}","templated":true}]}}