{"id":4249,"date":"2020-09-09T17:38:29","date_gmt":"2020-09-09T17:38:29","guid":{"rendered":"http:\/\/www.aleupa.com\/?post_type=product&#038;p=4249"},"modified":"2020-11-11T18:23:23","modified_gmt":"2020-11-11T18:23:23","slug":"protector-de-colchon-pu-ajustable-e-impermeable","status":"publish","type":"product","link":"https:\/\/aleupa.com\/?product=protector-de-colchon-pu-ajustable-e-impermeable","title":{"rendered":"Protector de colch\u00f3n PU, ajustable e impermeable"},"content":{"rendered":"<p>Es un producto\u00a0 indispensable para personas que sufren incontinencia, con problemas de movilidad que provocan el uso de pa\u00f1ales, cu\u00f1as etc., operaciones con drenajes o heridas.\u00a0 A la vez que protege el colch\u00f3n ante posibles derrames, p\u00e9rdidas de l\u00edquidos, manchas&#8230;,\u00a0 es muy f\u00e1cil de limpiar.<\/p>\n<p>Especialmente recomendado para pacientes con alergia\u00a0 ya que ofrece protecci\u00f3n contra \u00e1caros.<\/p>\n<p>Adem\u00e1s de transpirabilidad, ofrece protecci\u00f3n antibacteriana.<\/p>\n<p>Provisto de goma el\u00e1stica en todo su contorno para ajuste perfecto al colch\u00f3n.<\/p>\n<p>Producto duradero y de calidad.<\/p>\n<p>Disponible en varias tallas y en<strong> color azul<\/strong>.<\/p>\n<p>Este producto puede fabricarse a medida con un plazo de entrega aproximado de 25 d\u00edas. Consulte presupuesto.<\/p>\n<p><strong>Composici\u00f3n:<\/strong> Poliuretano Saniluxe (60% poli\u00e9ster, 40% poliuretano)<br \/>\n<strong>Mantenimiento:<\/strong> Requiere un mantenimiento m\u00ednimo, basta con pasar un trapo o una bayeta. Tambi\u00e9n se puede lavar a mano o a m\u00e1quina hasta 95\u00baC. Tolera secadora. No utilizar lej\u00eda.<\/p>\n<p><img loading=\"lazy\" decoding=\"async\" class=\"logo img-responsive\" src=\"https:\/\/ubiotex.com\/img\/ubitienda-logo-15197257231.jpg\" alt=\"Ubiotex\" width=\"146\" height=\"80\" \/><\/p>\n<p>&nbsp;<\/p>\n","protected":false},"excerpt":{"rendered":"<p>Funda de colch\u00f3n impermeable, transpirable, anti\u00e1caros, antibacterias e ign\u00edfuga.<\/p>\n","protected":false},"featured_media":4247,"comment_status":"open","ping_status":"closed","template":"","meta":{"_et_pb_use_builder":"","_et_pb_old_content":"","_et_gb_content_width":""},"product_brand":[],"product_cat":[211,209],"product_tag":[566,567,385],"class_list":{"0":"post-4249","1":"product","2":"type-product","3":"status-publish","4":"has-post-thumbnail","6":"product_cat-cama-y-accesorios","7":"product_cat-incontinencia","8":"product_tag-accesorio-cama","9":"product_tag-antiacaros","10":"product_tag-incontinencia","12":"first","13":"instock","14":"shipping-taxable","15":"purchasable","16":"product-type-variable"},"yoast_head":"<!-- This site is optimized with the Yoast SEO plugin v26.2 - https:\/\/yoast.com\/wordpress\/plugins\/seo\/ -->\n<title>Protector de colch\u00f3n PU, ajustable e impermeable - Ortopedia Aleupa<\/title>\n<meta name=\"robots\" content=\"index, follow, max-snippet:-1, max-image-preview:large, max-video-preview:-1\" \/>\n<link rel=\"canonical\" href=\"https:\/\/aleupa.com\/?product=protector-de-colchon-pu-ajustable-e-impermeable\" \/>\n<meta property=\"og:locale\" content=\"es_ES\" \/>\n<meta property=\"og:type\" content=\"article\" \/>\n<meta property=\"og:title\" content=\"Protector de colch\u00f3n PU, ajustable e impermeable - Ortopedia Aleupa\" \/>\n<meta property=\"og:description\" content=\"Funda de colch\u00f3n impermeable, transpirable, anti\u00e1caros, antibacterias e ign\u00edfuga.\" \/>\n<meta property=\"og:url\" content=\"https:\/\/aleupa.com\/?product=protector-de-colchon-pu-ajustable-e-impermeable\" \/>\n<meta property=\"og:site_name\" content=\"Ortopedia Aleupa\" \/>\n<meta property=\"article:modified_time\" content=\"2020-11-11T18:23:23+00:00\" \/>\n<meta property=\"og:image\" content=\"https:\/\/aleupa.com\/wp-content\/uploads\/2020\/09\/protector-impermeable-saniluxe.jpg\" \/>\n\t<meta property=\"og:image:width\" content=\"500\" \/>\n\t<meta property=\"og:image:height\" content=\"500\" \/>\n\t<meta property=\"og:image:type\" content=\"image\/jpeg\" \/>\n<meta name=\"twitter:card\" content=\"summary_large_image\" \/>\n<meta name=\"twitter:label1\" content=\"Tiempo de lectura\" \/>\n\t<meta name=\"twitter:data1\" content=\"1 minuto\" \/>\n<script type=\"application\/ld+json\" class=\"yoast-schema-graph\">{\"@context\":\"https:\/\/schema.org\",\"@graph\":[{\"@type\":\"WebPage\",\"@id\":\"https:\/\/aleupa.com\/?product=protector-de-colchon-pu-ajustable-e-impermeable\",\"url\":\"https:\/\/aleupa.com\/?product=protector-de-colchon-pu-ajustable-e-impermeable\",\"name\":\"Protector de colch\u00f3n PU, ajustable e impermeable - Ortopedia Aleupa\",\"isPartOf\":{\"@id\":\"https:\/\/aleupa.com\/#website\"},\"primaryImageOfPage\":{\"@id\":\"https:\/\/aleupa.com\/?product=protector-de-colchon-pu-ajustable-e-impermeable#primaryimage\"},\"image\":{\"@id\":\"https:\/\/aleupa.com\/?product=protector-de-colchon-pu-ajustable-e-impermeable#primaryimage\"},\"thumbnailUrl\":\"https:\/\/aleupa.com\/wp-content\/uploads\/2020\/09\/protector-impermeable-saniluxe.jpg\",\"datePublished\":\"2020-09-09T17:38:29+00:00\",\"dateModified\":\"2020-11-11T18:23:23+00:00\",\"breadcrumb\":{\"@id\":\"https:\/\/aleupa.com\/?product=protector-de-colchon-pu-ajustable-e-impermeable#breadcrumb\"},\"inLanguage\":\"es\",\"potentialAction\":[{\"@type\":\"ReadAction\",\"target\":[\"https:\/\/aleupa.com\/?product=protector-de-colchon-pu-ajustable-e-impermeable\"]}]},{\"@type\":\"ImageObject\",\"inLanguage\":\"es\",\"@id\":\"https:\/\/aleupa.com\/?product=protector-de-colchon-pu-ajustable-e-impermeable#primaryimage\",\"url\":\"https:\/\/aleupa.com\/wp-content\/uploads\/2020\/09\/protector-impermeable-saniluxe.jpg\",\"contentUrl\":\"https:\/\/aleupa.com\/wp-content\/uploads\/2020\/09\/protector-impermeable-saniluxe.jpg\",\"width\":500,\"height\":500},{\"@type\":\"BreadcrumbList\",\"@id\":\"https:\/\/aleupa.com\/?product=protector-de-colchon-pu-ajustable-e-impermeable#breadcrumb\",\"itemListElement\":[{\"@type\":\"ListItem\",\"position\":1,\"name\":\"Portada\",\"item\":\"https:\/\/aleupa.com\/\"},{\"@type\":\"ListItem\",\"position\":2,\"name\":\"Tienda\",\"item\":\"https:\/\/aleupa.com\/?page_id=802\"},{\"@type\":\"ListItem\",\"position\":3,\"name\":\"Protector de colch\u00f3n PU, ajustable e impermeable\"}]},{\"@type\":\"WebSite\",\"@id\":\"https:\/\/aleupa.com\/#website\",\"url\":\"https:\/\/aleupa.com\/\",\"name\":\"Ortopedia Aleupa\",\"description\":\"Ayudas a la dependencia\",\"alternateName\":\"Ortopedia en Puerto de la Cruz, Tenerife\",\"potentialAction\":[{\"@type\":\"SearchAction\",\"target\":{\"@type\":\"EntryPoint\",\"urlTemplate\":\"https:\/\/aleupa.com\/?s={search_term_string}\"},\"query-input\":{\"@type\":\"PropertyValueSpecification\",\"valueRequired\":true,\"valueName\":\"search_term_string\"}}],\"inLanguage\":\"es\"}]}<\/script>\n<!-- \/ Yoast SEO plugin. -->","yoast_head_json":{"title":"Protector de colch\u00f3n PU, ajustable e impermeable - Ortopedia Aleupa","robots":{"index":"index","follow":"follow","max-snippet":"max-snippet:-1","max-image-preview":"max-image-preview:large","max-video-preview":"max-video-preview:-1"},"canonical":"https:\/\/aleupa.com\/?product=protector-de-colchon-pu-ajustable-e-impermeable","og_locale":"es_ES","og_type":"article","og_title":"Protector de colch\u00f3n PU, ajustable e impermeable - Ortopedia Aleupa","og_description":"Funda de colch\u00f3n impermeable, transpirable, anti\u00e1caros, antibacterias e ign\u00edfuga.","og_url":"https:\/\/aleupa.com\/?product=protector-de-colchon-pu-ajustable-e-impermeable","og_site_name":"Ortopedia Aleupa","article_modified_time":"2020-11-11T18:23:23+00:00","og_image":[{"width":500,"height":500,"url":"https:\/\/aleupa.com\/wp-content\/uploads\/2020\/09\/protector-impermeable-saniluxe.jpg","type":"image\/jpeg"}],"twitter_card":"summary_large_image","twitter_misc":{"Tiempo de lectura":"1 minuto"},"schema":{"@context":"https:\/\/schema.org","@graph":[{"@type":"WebPage","@id":"https:\/\/aleupa.com\/?product=protector-de-colchon-pu-ajustable-e-impermeable","url":"https:\/\/aleupa.com\/?product=protector-de-colchon-pu-ajustable-e-impermeable","name":"Protector de colch\u00f3n PU, ajustable e impermeable - Ortopedia Aleupa","isPartOf":{"@id":"https:\/\/aleupa.com\/#website"},"primaryImageOfPage":{"@id":"https:\/\/aleupa.com\/?product=protector-de-colchon-pu-ajustable-e-impermeable#primaryimage"},"image":{"@id":"https:\/\/aleupa.com\/?product=protector-de-colchon-pu-ajustable-e-impermeable#primaryimage"},"thumbnailUrl":"https:\/\/aleupa.com\/wp-content\/uploads\/2020\/09\/protector-impermeable-saniluxe.jpg","datePublished":"2020-09-09T17:38:29+00:00","dateModified":"2020-11-11T18:23:23+00:00","breadcrumb":{"@id":"https:\/\/aleupa.com\/?product=protector-de-colchon-pu-ajustable-e-impermeable#breadcrumb"},"inLanguage":"es","potentialAction":[{"@type":"ReadAction","target":["https:\/\/aleupa.com\/?product=protector-de-colchon-pu-ajustable-e-impermeable"]}]},{"@type":"ImageObject","inLanguage":"es","@id":"https:\/\/aleupa.com\/?product=protector-de-colchon-pu-ajustable-e-impermeable#primaryimage","url":"https:\/\/aleupa.com\/wp-content\/uploads\/2020\/09\/protector-impermeable-saniluxe.jpg","contentUrl":"https:\/\/aleupa.com\/wp-content\/uploads\/2020\/09\/protector-impermeable-saniluxe.jpg","width":500,"height":500},{"@type":"BreadcrumbList","@id":"https:\/\/aleupa.com\/?product=protector-de-colchon-pu-ajustable-e-impermeable#breadcrumb","itemListElement":[{"@type":"ListItem","position":1,"name":"Portada","item":"https:\/\/aleupa.com\/"},{"@type":"ListItem","position":2,"name":"Tienda","item":"https:\/\/aleupa.com\/?page_id=802"},{"@type":"ListItem","position":3,"name":"Protector de colch\u00f3n PU, ajustable e impermeable"}]},{"@type":"WebSite","@id":"https:\/\/aleupa.com\/#website","url":"https:\/\/aleupa.com\/","name":"Ortopedia Aleupa","description":"Ayudas a la dependencia","alternateName":"Ortopedia en Puerto de la Cruz, Tenerife","potentialAction":[{"@type":"SearchAction","target":{"@type":"EntryPoint","urlTemplate":"https:\/\/aleupa.com\/?s={search_term_string}"},"query-input":{"@type":"PropertyValueSpecification","valueRequired":true,"valueName":"search_term_string"}}],"inLanguage":"es"}]}},"_links":{"self":[{"href":"https:\/\/aleupa.com\/index.php?rest_route=\/wp\/v2\/product\/4249","targetHints":{"allow":["GET"]}}],"collection":[{"href":"https:\/\/aleupa.com\/index.php?rest_route=\/wp\/v2\/product"}],"about":[{"href":"https:\/\/aleupa.com\/index.php?rest_route=\/wp\/v2\/types\/product"}],"replies":[{"embeddable":true,"href":"https:\/\/aleupa.com\/index.php?rest_route=%2Fwp%2Fv2%2Fcomments&post=4249"}],"wp:featuredmedia":[{"embeddable":true,"href":"https:\/\/aleupa.com\/index.php?rest_route=\/wp\/v2\/media\/4247"}],"wp:attachment":[{"href":"https:\/\/aleupa.com\/index.php?rest_route=%2Fwp%2Fv2%2Fmedia&parent=4249"}],"wp:term":[{"taxonomy":"product_brand","embeddable":true,"href":"https:\/\/aleupa.com\/index.php?rest_route=%2Fwp%2Fv2%2Fproduct_brand&post=4249"},{"taxonomy":"product_cat","embeddable":true,"href":"https:\/\/aleupa.com\/index.php?rest_route=%2Fwp%2Fv2%2Fproduct_cat&post=4249"},{"taxonomy":"product_tag","embeddable":true,"href":"https:\/\/aleupa.com\/index.php?rest_route=%2Fwp%2Fv2%2Fproduct_tag&post=4249"}],"curies":[{"name":"wp","href":"https:\/\/api.w.org\/{rel}","templated":true}]}}