{"id":430,"date":"2016-05-13T19:02:56","date_gmt":"2016-05-13T19:02:56","guid":{"rendered":"http:\/\/www.aleupa.com\/?post_type=product&#038;p=430"},"modified":"2024-11-12T20:05:37","modified_gmt":"2024-11-12T20:05:37","slug":"funda-para-cojin-wc-sanidare","status":"publish","type":"product","link":"https:\/\/aleupa.com\/?product=funda-para-cojin-wc-sanidare","title":{"rendered":"Funda para coj\u00edn WC \u00abSanidare\u00bb"},"content":{"rendered":"<p style=\"text-align: justify\">Funda vin\u00edlica impermeable: 70 % PVC 30% poliester.<\/p>\n<p style=\"text-align: justify\">Con cremallera y velcros de fijaci\u00f3n.<\/p>\n<p style=\"text-align: justify\">Accesorio de repuesto cuando hay deterioro de la funda original del coj\u00edn de WC blando e impermeable \u00abSANIDARE\u00bb<\/p>\n<p><img decoding=\"async\" src=\"https:\/\/encrypted-tbn0.gstatic.com\/images?q=tbn:ANd9GcRMJD2tvFgucBPgycEnYf2U9K2lT8idU2q8MeVMLeYH6aIJQchf\" alt=\"Resultado de imagen de UBIO\" \/><\/p>\n","protected":false},"excerpt":{"rendered":"<p>Funda vin\u00edlica impermeable: 70 % PVC 30% poliester. Con cremallera y velcros de fijaci\u00f3n. Accesorio de repuesto cuando hay deterioro de la funda original del coj\u00edn de WC blando e impermeable \u00abSANIDARE\u00bb<\/p>\n","protected":false},"featured_media":2163,"comment_status":"open","ping_status":"closed","template":"","meta":{"_et_pb_use_builder":"","_et_pb_old_content":"","_et_gb_content_width":""},"product_brand":[],"product_cat":[125],"product_tag":[140],"class_list":{"0":"post-430","1":"product","2":"type-product","3":"status-publish","4":"has-post-thumbnail","6":"product_cat-accesorios","7":"product_tag-accesorio-aseo-personal","9":"first","10":"instock","11":"shipping-taxable","12":"purchasable","13":"product-type-simple"},"yoast_head":"<!-- This site is optimized with the Yoast SEO plugin v26.2 - https:\/\/yoast.com\/wordpress\/plugins\/seo\/ -->\n<title>Funda para coj\u00edn WC &quot;Sanidare&quot; - Ortopedia Aleupa<\/title>\n<meta name=\"robots\" content=\"index, follow, max-snippet:-1, max-image-preview:large, max-video-preview:-1\" \/>\n<link rel=\"canonical\" href=\"https:\/\/aleupa.com\/?product=funda-para-cojin-wc-sanidare\" \/>\n<meta property=\"og:locale\" content=\"es_ES\" \/>\n<meta property=\"og:type\" content=\"article\" \/>\n<meta property=\"og:title\" content=\"Funda para coj\u00edn WC &quot;Sanidare&quot; - Ortopedia Aleupa\" \/>\n<meta property=\"og:description\" content=\"Funda vin\u00edlica impermeable: 70 % PVC 30% poliester. Con cremallera y velcros de fijaci\u00f3n. Accesorio de repuesto cuando hay deterioro de la funda original del coj\u00edn de WC blando e impermeable \u00abSANIDARE\u00bb\" \/>\n<meta property=\"og:url\" content=\"https:\/\/aleupa.com\/?product=funda-para-cojin-wc-sanidare\" \/>\n<meta property=\"og:site_name\" content=\"Ortopedia Aleupa\" \/>\n<meta property=\"article:modified_time\" content=\"2024-11-12T20:05:37+00:00\" \/>\n<meta property=\"og:image\" content=\"https:\/\/aleupa.com\/wp-content\/uploads\/2016\/05\/sanidare-2-1.jpg\" \/>\n\t<meta property=\"og:image:width\" content=\"500\" \/>\n\t<meta property=\"og:image:height\" content=\"500\" \/>\n\t<meta property=\"og:image:type\" content=\"image\/jpeg\" \/>\n<meta name=\"twitter:card\" content=\"summary_large_image\" \/>\n<script type=\"application\/ld+json\" class=\"yoast-schema-graph\">{\"@context\":\"https:\/\/schema.org\",\"@graph\":[{\"@type\":\"WebPage\",\"@id\":\"https:\/\/aleupa.com\/?product=funda-para-cojin-wc-sanidare\",\"url\":\"https:\/\/aleupa.com\/?product=funda-para-cojin-wc-sanidare\",\"name\":\"Funda para coj\u00edn WC \\\"Sanidare\\\" - Ortopedia Aleupa\",\"isPartOf\":{\"@id\":\"https:\/\/aleupa.com\/#website\"},\"primaryImageOfPage\":{\"@id\":\"https:\/\/aleupa.com\/?product=funda-para-cojin-wc-sanidare#primaryimage\"},\"image\":{\"@id\":\"https:\/\/aleupa.com\/?product=funda-para-cojin-wc-sanidare#primaryimage\"},\"thumbnailUrl\":\"https:\/\/aleupa.com\/wp-content\/uploads\/2016\/05\/sanidare-2-1.jpg\",\"datePublished\":\"2016-05-13T19:02:56+00:00\",\"dateModified\":\"2024-11-12T20:05:37+00:00\",\"breadcrumb\":{\"@id\":\"https:\/\/aleupa.com\/?product=funda-para-cojin-wc-sanidare#breadcrumb\"},\"inLanguage\":\"es\",\"potentialAction\":[{\"@type\":\"ReadAction\",\"target\":[\"https:\/\/aleupa.com\/?product=funda-para-cojin-wc-sanidare\"]}]},{\"@type\":\"ImageObject\",\"inLanguage\":\"es\",\"@id\":\"https:\/\/aleupa.com\/?product=funda-para-cojin-wc-sanidare#primaryimage\",\"url\":\"https:\/\/aleupa.com\/wp-content\/uploads\/2016\/05\/sanidare-2-1.jpg\",\"contentUrl\":\"https:\/\/aleupa.com\/wp-content\/uploads\/2016\/05\/sanidare-2-1.jpg\",\"width\":500,\"height\":500,\"caption\":\"SAMSUNG\"},{\"@type\":\"BreadcrumbList\",\"@id\":\"https:\/\/aleupa.com\/?product=funda-para-cojin-wc-sanidare#breadcrumb\",\"itemListElement\":[{\"@type\":\"ListItem\",\"position\":1,\"name\":\"Portada\",\"item\":\"https:\/\/aleupa.com\/\"},{\"@type\":\"ListItem\",\"position\":2,\"name\":\"Tienda\",\"item\":\"https:\/\/aleupa.com\/?page_id=802\"},{\"@type\":\"ListItem\",\"position\":3,\"name\":\"Funda para coj\u00edn WC \u00abSanidare\u00bb\"}]},{\"@type\":\"WebSite\",\"@id\":\"https:\/\/aleupa.com\/#website\",\"url\":\"https:\/\/aleupa.com\/\",\"name\":\"Ortopedia Aleupa\",\"description\":\"Ayudas a la dependencia\",\"alternateName\":\"Ortopedia en Puerto de la Cruz, Tenerife\",\"potentialAction\":[{\"@type\":\"SearchAction\",\"target\":{\"@type\":\"EntryPoint\",\"urlTemplate\":\"https:\/\/aleupa.com\/?s={search_term_string}\"},\"query-input\":{\"@type\":\"PropertyValueSpecification\",\"valueRequired\":true,\"valueName\":\"search_term_string\"}}],\"inLanguage\":\"es\"}]}<\/script>\n<!-- \/ Yoast SEO plugin. -->","yoast_head_json":{"title":"Funda para coj\u00edn WC \"Sanidare\" - Ortopedia Aleupa","robots":{"index":"index","follow":"follow","max-snippet":"max-snippet:-1","max-image-preview":"max-image-preview:large","max-video-preview":"max-video-preview:-1"},"canonical":"https:\/\/aleupa.com\/?product=funda-para-cojin-wc-sanidare","og_locale":"es_ES","og_type":"article","og_title":"Funda para coj\u00edn WC \"Sanidare\" - Ortopedia Aleupa","og_description":"Funda vin\u00edlica impermeable: 70 % PVC 30% poliester. Con cremallera y velcros de fijaci\u00f3n. Accesorio de repuesto cuando hay deterioro de la funda original del coj\u00edn de WC blando e impermeable \u00abSANIDARE\u00bb","og_url":"https:\/\/aleupa.com\/?product=funda-para-cojin-wc-sanidare","og_site_name":"Ortopedia Aleupa","article_modified_time":"2024-11-12T20:05:37+00:00","og_image":[{"width":500,"height":500,"url":"https:\/\/aleupa.com\/wp-content\/uploads\/2016\/05\/sanidare-2-1.jpg","type":"image\/jpeg"}],"twitter_card":"summary_large_image","schema":{"@context":"https:\/\/schema.org","@graph":[{"@type":"WebPage","@id":"https:\/\/aleupa.com\/?product=funda-para-cojin-wc-sanidare","url":"https:\/\/aleupa.com\/?product=funda-para-cojin-wc-sanidare","name":"Funda para coj\u00edn WC \"Sanidare\" - Ortopedia Aleupa","isPartOf":{"@id":"https:\/\/aleupa.com\/#website"},"primaryImageOfPage":{"@id":"https:\/\/aleupa.com\/?product=funda-para-cojin-wc-sanidare#primaryimage"},"image":{"@id":"https:\/\/aleupa.com\/?product=funda-para-cojin-wc-sanidare#primaryimage"},"thumbnailUrl":"https:\/\/aleupa.com\/wp-content\/uploads\/2016\/05\/sanidare-2-1.jpg","datePublished":"2016-05-13T19:02:56+00:00","dateModified":"2024-11-12T20:05:37+00:00","breadcrumb":{"@id":"https:\/\/aleupa.com\/?product=funda-para-cojin-wc-sanidare#breadcrumb"},"inLanguage":"es","potentialAction":[{"@type":"ReadAction","target":["https:\/\/aleupa.com\/?product=funda-para-cojin-wc-sanidare"]}]},{"@type":"ImageObject","inLanguage":"es","@id":"https:\/\/aleupa.com\/?product=funda-para-cojin-wc-sanidare#primaryimage","url":"https:\/\/aleupa.com\/wp-content\/uploads\/2016\/05\/sanidare-2-1.jpg","contentUrl":"https:\/\/aleupa.com\/wp-content\/uploads\/2016\/05\/sanidare-2-1.jpg","width":500,"height":500,"caption":"SAMSUNG"},{"@type":"BreadcrumbList","@id":"https:\/\/aleupa.com\/?product=funda-para-cojin-wc-sanidare#breadcrumb","itemListElement":[{"@type":"ListItem","position":1,"name":"Portada","item":"https:\/\/aleupa.com\/"},{"@type":"ListItem","position":2,"name":"Tienda","item":"https:\/\/aleupa.com\/?page_id=802"},{"@type":"ListItem","position":3,"name":"Funda para coj\u00edn WC \u00abSanidare\u00bb"}]},{"@type":"WebSite","@id":"https:\/\/aleupa.com\/#website","url":"https:\/\/aleupa.com\/","name":"Ortopedia Aleupa","description":"Ayudas a la dependencia","alternateName":"Ortopedia en Puerto de la Cruz, Tenerife","potentialAction":[{"@type":"SearchAction","target":{"@type":"EntryPoint","urlTemplate":"https:\/\/aleupa.com\/?s={search_term_string}"},"query-input":{"@type":"PropertyValueSpecification","valueRequired":true,"valueName":"search_term_string"}}],"inLanguage":"es"}]}},"_links":{"self":[{"href":"https:\/\/aleupa.com\/index.php?rest_route=\/wp\/v2\/product\/430","targetHints":{"allow":["GET"]}}],"collection":[{"href":"https:\/\/aleupa.com\/index.php?rest_route=\/wp\/v2\/product"}],"about":[{"href":"https:\/\/aleupa.com\/index.php?rest_route=\/wp\/v2\/types\/product"}],"replies":[{"embeddable":true,"href":"https:\/\/aleupa.com\/index.php?rest_route=%2Fwp%2Fv2%2Fcomments&post=430"}],"wp:featuredmedia":[{"embeddable":true,"href":"https:\/\/aleupa.com\/index.php?rest_route=\/wp\/v2\/media\/2163"}],"wp:attachment":[{"href":"https:\/\/aleupa.com\/index.php?rest_route=%2Fwp%2Fv2%2Fmedia&parent=430"}],"wp:term":[{"taxonomy":"product_brand","embeddable":true,"href":"https:\/\/aleupa.com\/index.php?rest_route=%2Fwp%2Fv2%2Fproduct_brand&post=430"},{"taxonomy":"product_cat","embeddable":true,"href":"https:\/\/aleupa.com\/index.php?rest_route=%2Fwp%2Fv2%2Fproduct_cat&post=430"},{"taxonomy":"product_tag","embeddable":true,"href":"https:\/\/aleupa.com\/index.php?rest_route=%2Fwp%2Fv2%2Fproduct_tag&post=430"}],"curies":[{"name":"wp","href":"https:\/\/api.w.org\/{rel}","templated":true}]}}