{"id":4374,"date":"2020-10-14T18:47:46","date_gmt":"2020-10-14T18:47:46","guid":{"rendered":"http:\/\/www.aleupa.com\/?post_type=product&#038;p=4374"},"modified":"2020-11-05T19:28:11","modified_gmt":"2020-11-05T19:28:11","slug":"cojin-sedens-visco-gel","status":"publish","type":"product","link":"https:\/\/aleupa.com\/?product=cojin-sedens-visco-gel","title":{"rendered":"Coj\u00edn Sedens visco-gel"},"content":{"rendered":"<p>El coj\u00edn Sedens visco-gel est\u00e1 dise\u00f1ado para paciente con riesto medio de aparici\u00f3n de \u00falceras por presi\u00f3n y \u00falceras de grado II.<\/p>\n<p>Faricado con espuma de alta densidad BASF( 86 kg\/m3) y gel.\u00a0 logrando el equilibrio \u00f3ptimo entre reducci\u00f3n de presi\u00f3n y control de temperatura.<\/p>\n<p>Su forma ergon\u00f3mica ayuda al usuario a mantener un correcto posicionamiento.<\/p>\n<p>Cuenta con certificados que garantizan el uso de ateriales anti alerg\u00e9nicos y anti-bacterianos.<\/p>\n<p><img loading=\"lazy\" decoding=\"async\" class=\"\" src=\"https:\/\/www.apexmedicalcorp.com\/templates\/default\/images\/logoC.svg\" width=\"128\" height=\"45\" \/><\/p>\n","protected":false},"excerpt":{"rendered":"<p>El coj\u00edn Sedens visco-gel est\u00e1 dise\u00f1ado para paciente con riesto medio de aparici\u00f3n de \u00falceras por presi\u00f3n y \u00falceras de grado II. Faricado con espuma de alta densidad BASF( 86 kg\/m3) y gel.\u00a0 logrando el equilibrio \u00f3ptimo entre reducci\u00f3n de presi\u00f3n y control de temperatura. Su forma ergon\u00f3mica ayuda al usuario a mantener un correcto [&hellip;]<\/p>\n","protected":false},"featured_media":4376,"comment_status":"open","ping_status":"closed","template":"","meta":{"_et_pb_use_builder":"","_et_pb_old_content":"","_et_gb_content_width":""},"product_brand":[],"product_cat":[208,210,581],"product_tag":[502,503],"class_list":{"0":"post-4374","1":"product","2":"type-product","3":"status-publish","4":"has-post-thumbnail","6":"product_cat-antiescaras","7":"product_cat-salud-postural","8":"product_cat-cojines","9":"product_tag-antiescaras","10":"product_tag-cojin","12":"first","13":"instock","14":"shipping-taxable","15":"purchasable","16":"product-type-variable"},"yoast_head":"<!-- This site is optimized with the Yoast SEO plugin v26.2 - https:\/\/yoast.com\/wordpress\/plugins\/seo\/ -->\n<title>Coj\u00edn Sedens visco-gel - Ortopedia Aleupa<\/title>\n<meta name=\"robots\" content=\"index, follow, max-snippet:-1, max-image-preview:large, max-video-preview:-1\" \/>\n<link rel=\"canonical\" href=\"https:\/\/aleupa.com\/?product=cojin-sedens-visco-gel\" \/>\n<meta property=\"og:locale\" content=\"es_ES\" \/>\n<meta property=\"og:type\" content=\"article\" \/>\n<meta property=\"og:title\" content=\"Coj\u00edn Sedens visco-gel - Ortopedia Aleupa\" \/>\n<meta property=\"og:description\" content=\"El coj\u00edn Sedens visco-gel est\u00e1 dise\u00f1ado para paciente con riesto medio de aparici\u00f3n de \u00falceras por presi\u00f3n y \u00falceras de grado II. Faricado con espuma de alta densidad BASF( 86 kg\/m3) y gel.\u00a0 logrando el equilibrio \u00f3ptimo entre reducci\u00f3n de presi\u00f3n y control de temperatura. Su forma ergon\u00f3mica ayuda al usuario a mantener un correcto [&hellip;]\" \/>\n<meta property=\"og:url\" content=\"https:\/\/aleupa.com\/?product=cojin-sedens-visco-gel\" \/>\n<meta property=\"og:site_name\" content=\"Ortopedia Aleupa\" \/>\n<meta property=\"article:modified_time\" content=\"2020-11-05T19:28:11+00:00\" \/>\n<meta property=\"og:image\" content=\"https:\/\/aleupa.com\/wp-content\/uploads\/2020\/10\/WM-Sedensviscogel_P_1.jpg\" \/>\n\t<meta property=\"og:image:width\" content=\"500\" \/>\n\t<meta property=\"og:image:height\" content=\"500\" \/>\n\t<meta property=\"og:image:type\" content=\"image\/jpeg\" \/>\n<meta name=\"twitter:card\" content=\"summary_large_image\" \/>\n<script type=\"application\/ld+json\" class=\"yoast-schema-graph\">{\"@context\":\"https:\/\/schema.org\",\"@graph\":[{\"@type\":\"WebPage\",\"@id\":\"https:\/\/aleupa.com\/?product=cojin-sedens-visco-gel\",\"url\":\"https:\/\/aleupa.com\/?product=cojin-sedens-visco-gel\",\"name\":\"Coj\u00edn Sedens visco-gel - Ortopedia Aleupa\",\"isPartOf\":{\"@id\":\"https:\/\/aleupa.com\/#website\"},\"primaryImageOfPage\":{\"@id\":\"https:\/\/aleupa.com\/?product=cojin-sedens-visco-gel#primaryimage\"},\"image\":{\"@id\":\"https:\/\/aleupa.com\/?product=cojin-sedens-visco-gel#primaryimage\"},\"thumbnailUrl\":\"https:\/\/aleupa.com\/wp-content\/uploads\/2020\/10\/WM-Sedensviscogel_P_1.jpg\",\"datePublished\":\"2020-10-14T18:47:46+00:00\",\"dateModified\":\"2020-11-05T19:28:11+00:00\",\"breadcrumb\":{\"@id\":\"https:\/\/aleupa.com\/?product=cojin-sedens-visco-gel#breadcrumb\"},\"inLanguage\":\"es\",\"potentialAction\":[{\"@type\":\"ReadAction\",\"target\":[\"https:\/\/aleupa.com\/?product=cojin-sedens-visco-gel\"]}]},{\"@type\":\"ImageObject\",\"inLanguage\":\"es\",\"@id\":\"https:\/\/aleupa.com\/?product=cojin-sedens-visco-gel#primaryimage\",\"url\":\"https:\/\/aleupa.com\/wp-content\/uploads\/2020\/10\/WM-Sedensviscogel_P_1.jpg\",\"contentUrl\":\"https:\/\/aleupa.com\/wp-content\/uploads\/2020\/10\/WM-Sedensviscogel_P_1.jpg\",\"width\":500,\"height\":500},{\"@type\":\"BreadcrumbList\",\"@id\":\"https:\/\/aleupa.com\/?product=cojin-sedens-visco-gel#breadcrumb\",\"itemListElement\":[{\"@type\":\"ListItem\",\"position\":1,\"name\":\"Portada\",\"item\":\"https:\/\/aleupa.com\/\"},{\"@type\":\"ListItem\",\"position\":2,\"name\":\"Tienda\",\"item\":\"https:\/\/aleupa.com\/?page_id=802\"},{\"@type\":\"ListItem\",\"position\":3,\"name\":\"Coj\u00edn Sedens visco-gel\"}]},{\"@type\":\"WebSite\",\"@id\":\"https:\/\/aleupa.com\/#website\",\"url\":\"https:\/\/aleupa.com\/\",\"name\":\"Ortopedia Aleupa\",\"description\":\"Ayudas a la dependencia\",\"alternateName\":\"Ortopedia en Puerto de la Cruz, Tenerife\",\"potentialAction\":[{\"@type\":\"SearchAction\",\"target\":{\"@type\":\"EntryPoint\",\"urlTemplate\":\"https:\/\/aleupa.com\/?s={search_term_string}\"},\"query-input\":{\"@type\":\"PropertyValueSpecification\",\"valueRequired\":true,\"valueName\":\"search_term_string\"}}],\"inLanguage\":\"es\"}]}<\/script>\n<!-- \/ Yoast SEO plugin. -->","yoast_head_json":{"title":"Coj\u00edn Sedens visco-gel - Ortopedia Aleupa","robots":{"index":"index","follow":"follow","max-snippet":"max-snippet:-1","max-image-preview":"max-image-preview:large","max-video-preview":"max-video-preview:-1"},"canonical":"https:\/\/aleupa.com\/?product=cojin-sedens-visco-gel","og_locale":"es_ES","og_type":"article","og_title":"Coj\u00edn Sedens visco-gel - Ortopedia Aleupa","og_description":"El coj\u00edn Sedens visco-gel est\u00e1 dise\u00f1ado para paciente con riesto medio de aparici\u00f3n de \u00falceras por presi\u00f3n y \u00falceras de grado II. Faricado con espuma de alta densidad BASF( 86 kg\/m3) y gel.\u00a0 logrando el equilibrio \u00f3ptimo entre reducci\u00f3n de presi\u00f3n y control de temperatura. Su forma ergon\u00f3mica ayuda al usuario a mantener un correcto [&hellip;]","og_url":"https:\/\/aleupa.com\/?product=cojin-sedens-visco-gel","og_site_name":"Ortopedia Aleupa","article_modified_time":"2020-11-05T19:28:11+00:00","og_image":[{"width":500,"height":500,"url":"https:\/\/aleupa.com\/wp-content\/uploads\/2020\/10\/WM-Sedensviscogel_P_1.jpg","type":"image\/jpeg"}],"twitter_card":"summary_large_image","schema":{"@context":"https:\/\/schema.org","@graph":[{"@type":"WebPage","@id":"https:\/\/aleupa.com\/?product=cojin-sedens-visco-gel","url":"https:\/\/aleupa.com\/?product=cojin-sedens-visco-gel","name":"Coj\u00edn Sedens visco-gel - Ortopedia Aleupa","isPartOf":{"@id":"https:\/\/aleupa.com\/#website"},"primaryImageOfPage":{"@id":"https:\/\/aleupa.com\/?product=cojin-sedens-visco-gel#primaryimage"},"image":{"@id":"https:\/\/aleupa.com\/?product=cojin-sedens-visco-gel#primaryimage"},"thumbnailUrl":"https:\/\/aleupa.com\/wp-content\/uploads\/2020\/10\/WM-Sedensviscogel_P_1.jpg","datePublished":"2020-10-14T18:47:46+00:00","dateModified":"2020-11-05T19:28:11+00:00","breadcrumb":{"@id":"https:\/\/aleupa.com\/?product=cojin-sedens-visco-gel#breadcrumb"},"inLanguage":"es","potentialAction":[{"@type":"ReadAction","target":["https:\/\/aleupa.com\/?product=cojin-sedens-visco-gel"]}]},{"@type":"ImageObject","inLanguage":"es","@id":"https:\/\/aleupa.com\/?product=cojin-sedens-visco-gel#primaryimage","url":"https:\/\/aleupa.com\/wp-content\/uploads\/2020\/10\/WM-Sedensviscogel_P_1.jpg","contentUrl":"https:\/\/aleupa.com\/wp-content\/uploads\/2020\/10\/WM-Sedensviscogel_P_1.jpg","width":500,"height":500},{"@type":"BreadcrumbList","@id":"https:\/\/aleupa.com\/?product=cojin-sedens-visco-gel#breadcrumb","itemListElement":[{"@type":"ListItem","position":1,"name":"Portada","item":"https:\/\/aleupa.com\/"},{"@type":"ListItem","position":2,"name":"Tienda","item":"https:\/\/aleupa.com\/?page_id=802"},{"@type":"ListItem","position":3,"name":"Coj\u00edn Sedens visco-gel"}]},{"@type":"WebSite","@id":"https:\/\/aleupa.com\/#website","url":"https:\/\/aleupa.com\/","name":"Ortopedia Aleupa","description":"Ayudas a la dependencia","alternateName":"Ortopedia en Puerto de la Cruz, Tenerife","potentialAction":[{"@type":"SearchAction","target":{"@type":"EntryPoint","urlTemplate":"https:\/\/aleupa.com\/?s={search_term_string}"},"query-input":{"@type":"PropertyValueSpecification","valueRequired":true,"valueName":"search_term_string"}}],"inLanguage":"es"}]}},"_links":{"self":[{"href":"https:\/\/aleupa.com\/index.php?rest_route=\/wp\/v2\/product\/4374","targetHints":{"allow":["GET"]}}],"collection":[{"href":"https:\/\/aleupa.com\/index.php?rest_route=\/wp\/v2\/product"}],"about":[{"href":"https:\/\/aleupa.com\/index.php?rest_route=\/wp\/v2\/types\/product"}],"replies":[{"embeddable":true,"href":"https:\/\/aleupa.com\/index.php?rest_route=%2Fwp%2Fv2%2Fcomments&post=4374"}],"wp:featuredmedia":[{"embeddable":true,"href":"https:\/\/aleupa.com\/index.php?rest_route=\/wp\/v2\/media\/4376"}],"wp:attachment":[{"href":"https:\/\/aleupa.com\/index.php?rest_route=%2Fwp%2Fv2%2Fmedia&parent=4374"}],"wp:term":[{"taxonomy":"product_brand","embeddable":true,"href":"https:\/\/aleupa.com\/index.php?rest_route=%2Fwp%2Fv2%2Fproduct_brand&post=4374"},{"taxonomy":"product_cat","embeddable":true,"href":"https:\/\/aleupa.com\/index.php?rest_route=%2Fwp%2Fv2%2Fproduct_cat&post=4374"},{"taxonomy":"product_tag","embeddable":true,"href":"https:\/\/aleupa.com\/index.php?rest_route=%2Fwp%2Fv2%2Fproduct_tag&post=4374"}],"curies":[{"name":"wp","href":"https:\/\/api.w.org\/{rel}","templated":true}]}}