{"id":4445,"date":"2020-10-19T17:31:33","date_gmt":"2020-10-19T17:31:33","guid":{"rendered":"http:\/\/www.aleupa.com\/?post_type=product&#038;p=4445"},"modified":"2020-11-11T18:22:10","modified_gmt":"2020-11-11T18:22:10","slug":"patuco-lambskin","status":"publish","type":"product","link":"https:\/\/aleupa.com\/?product=patuco-lambskin","title":{"rendered":"Patuco Lambskin"},"content":{"rendered":"<p>Patuco para prevenci\u00f3n de \u00falceras por presi\u00f3n en tal\u00f3n y tratamiento coadyuvante de las mismas.<\/p>\n<p>Composici\u00f3n:\u00a0 piel de oveja Merino Australiano.<\/p>\n<p>Libre de cormo, curtida con productos naturales que no irritan la piel.<\/p>\n<p>Propiedades ign\u00edfugas.<\/p>\n<p>Disminuye la fricci\u00f3n y el deslizamiento.<\/p>\n<p>Funci\u00f3n higrosc\u00f3pica, absorbe la humedad generada por la transpiraci\u00f3n (30% aprox.)<\/p>\n<p>Reduce la presi\u00f3n favoreciendo la adecuada ventilaci\u00f3n de la zona afectada.<\/p>\n<p>Mantiene durante largo tiempo la resistencia, densidad y suavidad.<\/p>\n<p>Instrucciones de lavado:\u00a0 se puede lavar en agua tibia entre 10 y 30\u00ba.\u00a0 Lavable a m\u00e1quina en ciclo de lana utilizando jab\u00f3n detergente neutro.<\/p>\n<p>Secar a la sombra\u00a0 no utilizar fuentes de calor tales como estufas, radiadores&#8230;.<\/p>\n<p>Estirar o golpear suavemente sobre una superficie plana para recuperar la forma original.<\/p>\n<p>Si se observan grumos en la lana, peinar suavemente con peine de dientes claros para evitar el desprendimiento de la lana.<\/p>\n<p>Cierre con velcro.\u00a0 Guarda lado.<\/p>\n<p><img loading=\"lazy\" decoding=\"async\" class=\"n3VNCb\" src=\"https:\/\/ortopedia.com\/img\/m\/20.jpg\" alt=\"COJ\u00cdN ANTIESCARAS CUADRADO CON AGUJERO\" width=\"115\" height=\"121\" data-noaft=\"1\" \/><\/p>\n","protected":false},"excerpt":{"rendered":"<p>Patuco antiescaras lana natural lana Merino<\/p>\n","protected":false},"featured_media":4448,"comment_status":"open","ping_status":"closed","template":"","meta":{"_et_pb_use_builder":"","_et_pb_old_content":"","_et_gb_content_width":""},"product_brand":[],"product_cat":[208],"product_tag":[],"class_list":{"0":"post-4445","1":"product","2":"type-product","3":"status-publish","4":"has-post-thumbnail","6":"product_cat-antiescaras","8":"first","9":"instock","10":"shipping-taxable","11":"product-type-variable"},"yoast_head":"<!-- This site is optimized with the Yoast SEO plugin v26.2 - https:\/\/yoast.com\/wordpress\/plugins\/seo\/ -->\n<title>Patuco Lambskin - Ortopedia Aleupa<\/title>\n<meta name=\"robots\" content=\"index, follow, max-snippet:-1, max-image-preview:large, max-video-preview:-1\" \/>\n<link rel=\"canonical\" href=\"https:\/\/aleupa.com\/?product=patuco-lambskin\" \/>\n<meta property=\"og:locale\" content=\"es_ES\" \/>\n<meta property=\"og:type\" content=\"article\" \/>\n<meta property=\"og:title\" content=\"Patuco Lambskin - Ortopedia Aleupa\" \/>\n<meta property=\"og:description\" content=\"Patuco antiescaras lana natural lana Merino\" \/>\n<meta property=\"og:url\" content=\"https:\/\/aleupa.com\/?product=patuco-lambskin\" \/>\n<meta property=\"og:site_name\" content=\"Ortopedia Aleupa\" \/>\n<meta property=\"article:modified_time\" content=\"2020-11-11T18:22:10+00:00\" \/>\n<meta property=\"og:image\" content=\"https:\/\/aleupa.com\/wp-content\/uploads\/2020\/10\/patucos-lambskin-izquierdo.jpg\" \/>\n\t<meta property=\"og:image:width\" content=\"500\" \/>\n\t<meta property=\"og:image:height\" content=\"500\" \/>\n\t<meta property=\"og:image:type\" content=\"image\/jpeg\" \/>\n<meta name=\"twitter:card\" content=\"summary_large_image\" \/>\n<meta name=\"twitter:label1\" content=\"Tiempo de lectura\" \/>\n\t<meta name=\"twitter:data1\" content=\"1 minuto\" \/>\n<script type=\"application\/ld+json\" class=\"yoast-schema-graph\">{\"@context\":\"https:\/\/schema.org\",\"@graph\":[{\"@type\":\"WebPage\",\"@id\":\"https:\/\/aleupa.com\/?product=patuco-lambskin\",\"url\":\"https:\/\/aleupa.com\/?product=patuco-lambskin\",\"name\":\"Patuco Lambskin - Ortopedia Aleupa\",\"isPartOf\":{\"@id\":\"https:\/\/aleupa.com\/#website\"},\"primaryImageOfPage\":{\"@id\":\"https:\/\/aleupa.com\/?product=patuco-lambskin#primaryimage\"},\"image\":{\"@id\":\"https:\/\/aleupa.com\/?product=patuco-lambskin#primaryimage\"},\"thumbnailUrl\":\"https:\/\/aleupa.com\/wp-content\/uploads\/2020\/10\/patucos-lambskin-izquierdo.jpg\",\"datePublished\":\"2020-10-19T17:31:33+00:00\",\"dateModified\":\"2020-11-11T18:22:10+00:00\",\"breadcrumb\":{\"@id\":\"https:\/\/aleupa.com\/?product=patuco-lambskin#breadcrumb\"},\"inLanguage\":\"es\",\"potentialAction\":[{\"@type\":\"ReadAction\",\"target\":[\"https:\/\/aleupa.com\/?product=patuco-lambskin\"]}]},{\"@type\":\"ImageObject\",\"inLanguage\":\"es\",\"@id\":\"https:\/\/aleupa.com\/?product=patuco-lambskin#primaryimage\",\"url\":\"https:\/\/aleupa.com\/wp-content\/uploads\/2020\/10\/patucos-lambskin-izquierdo.jpg\",\"contentUrl\":\"https:\/\/aleupa.com\/wp-content\/uploads\/2020\/10\/patucos-lambskin-izquierdo.jpg\",\"width\":500,\"height\":500},{\"@type\":\"BreadcrumbList\",\"@id\":\"https:\/\/aleupa.com\/?product=patuco-lambskin#breadcrumb\",\"itemListElement\":[{\"@type\":\"ListItem\",\"position\":1,\"name\":\"Portada\",\"item\":\"https:\/\/aleupa.com\/\"},{\"@type\":\"ListItem\",\"position\":2,\"name\":\"Tienda\",\"item\":\"https:\/\/aleupa.com\/?page_id=802\"},{\"@type\":\"ListItem\",\"position\":3,\"name\":\"Patuco Lambskin\"}]},{\"@type\":\"WebSite\",\"@id\":\"https:\/\/aleupa.com\/#website\",\"url\":\"https:\/\/aleupa.com\/\",\"name\":\"Ortopedia Aleupa\",\"description\":\"Ayudas a la dependencia\",\"alternateName\":\"Ortopedia en Puerto de la Cruz, Tenerife\",\"potentialAction\":[{\"@type\":\"SearchAction\",\"target\":{\"@type\":\"EntryPoint\",\"urlTemplate\":\"https:\/\/aleupa.com\/?s={search_term_string}\"},\"query-input\":{\"@type\":\"PropertyValueSpecification\",\"valueRequired\":true,\"valueName\":\"search_term_string\"}}],\"inLanguage\":\"es\"}]}<\/script>\n<!-- \/ Yoast SEO plugin. -->","yoast_head_json":{"title":"Patuco Lambskin - Ortopedia Aleupa","robots":{"index":"index","follow":"follow","max-snippet":"max-snippet:-1","max-image-preview":"max-image-preview:large","max-video-preview":"max-video-preview:-1"},"canonical":"https:\/\/aleupa.com\/?product=patuco-lambskin","og_locale":"es_ES","og_type":"article","og_title":"Patuco Lambskin - Ortopedia Aleupa","og_description":"Patuco antiescaras lana natural lana Merino","og_url":"https:\/\/aleupa.com\/?product=patuco-lambskin","og_site_name":"Ortopedia Aleupa","article_modified_time":"2020-11-11T18:22:10+00:00","og_image":[{"width":500,"height":500,"url":"https:\/\/aleupa.com\/wp-content\/uploads\/2020\/10\/patucos-lambskin-izquierdo.jpg","type":"image\/jpeg"}],"twitter_card":"summary_large_image","twitter_misc":{"Tiempo de lectura":"1 minuto"},"schema":{"@context":"https:\/\/schema.org","@graph":[{"@type":"WebPage","@id":"https:\/\/aleupa.com\/?product=patuco-lambskin","url":"https:\/\/aleupa.com\/?product=patuco-lambskin","name":"Patuco Lambskin - Ortopedia Aleupa","isPartOf":{"@id":"https:\/\/aleupa.com\/#website"},"primaryImageOfPage":{"@id":"https:\/\/aleupa.com\/?product=patuco-lambskin#primaryimage"},"image":{"@id":"https:\/\/aleupa.com\/?product=patuco-lambskin#primaryimage"},"thumbnailUrl":"https:\/\/aleupa.com\/wp-content\/uploads\/2020\/10\/patucos-lambskin-izquierdo.jpg","datePublished":"2020-10-19T17:31:33+00:00","dateModified":"2020-11-11T18:22:10+00:00","breadcrumb":{"@id":"https:\/\/aleupa.com\/?product=patuco-lambskin#breadcrumb"},"inLanguage":"es","potentialAction":[{"@type":"ReadAction","target":["https:\/\/aleupa.com\/?product=patuco-lambskin"]}]},{"@type":"ImageObject","inLanguage":"es","@id":"https:\/\/aleupa.com\/?product=patuco-lambskin#primaryimage","url":"https:\/\/aleupa.com\/wp-content\/uploads\/2020\/10\/patucos-lambskin-izquierdo.jpg","contentUrl":"https:\/\/aleupa.com\/wp-content\/uploads\/2020\/10\/patucos-lambskin-izquierdo.jpg","width":500,"height":500},{"@type":"BreadcrumbList","@id":"https:\/\/aleupa.com\/?product=patuco-lambskin#breadcrumb","itemListElement":[{"@type":"ListItem","position":1,"name":"Portada","item":"https:\/\/aleupa.com\/"},{"@type":"ListItem","position":2,"name":"Tienda","item":"https:\/\/aleupa.com\/?page_id=802"},{"@type":"ListItem","position":3,"name":"Patuco Lambskin"}]},{"@type":"WebSite","@id":"https:\/\/aleupa.com\/#website","url":"https:\/\/aleupa.com\/","name":"Ortopedia Aleupa","description":"Ayudas a la dependencia","alternateName":"Ortopedia en Puerto de la Cruz, Tenerife","potentialAction":[{"@type":"SearchAction","target":{"@type":"EntryPoint","urlTemplate":"https:\/\/aleupa.com\/?s={search_term_string}"},"query-input":{"@type":"PropertyValueSpecification","valueRequired":true,"valueName":"search_term_string"}}],"inLanguage":"es"}]}},"_links":{"self":[{"href":"https:\/\/aleupa.com\/index.php?rest_route=\/wp\/v2\/product\/4445","targetHints":{"allow":["GET"]}}],"collection":[{"href":"https:\/\/aleupa.com\/index.php?rest_route=\/wp\/v2\/product"}],"about":[{"href":"https:\/\/aleupa.com\/index.php?rest_route=\/wp\/v2\/types\/product"}],"replies":[{"embeddable":true,"href":"https:\/\/aleupa.com\/index.php?rest_route=%2Fwp%2Fv2%2Fcomments&post=4445"}],"wp:featuredmedia":[{"embeddable":true,"href":"https:\/\/aleupa.com\/index.php?rest_route=\/wp\/v2\/media\/4448"}],"wp:attachment":[{"href":"https:\/\/aleupa.com\/index.php?rest_route=%2Fwp%2Fv2%2Fmedia&parent=4445"}],"wp:term":[{"taxonomy":"product_brand","embeddable":true,"href":"https:\/\/aleupa.com\/index.php?rest_route=%2Fwp%2Fv2%2Fproduct_brand&post=4445"},{"taxonomy":"product_cat","embeddable":true,"href":"https:\/\/aleupa.com\/index.php?rest_route=%2Fwp%2Fv2%2Fproduct_cat&post=4445"},{"taxonomy":"product_tag","embeddable":true,"href":"https:\/\/aleupa.com\/index.php?rest_route=%2Fwp%2Fv2%2Fproduct_tag&post=4445"}],"curies":[{"name":"wp","href":"https:\/\/api.w.org\/{rel}","templated":true}]}}