{"id":4535,"date":"2020-11-21T12:02:26","date_gmt":"2020-11-21T12:02:26","guid":{"rendered":"http:\/\/www.aleupa.com\/?post_type=product&#038;p=4535"},"modified":"2020-11-21T12:26:19","modified_gmt":"2020-11-21T12:26:19","slug":"handly-handle","status":"publish","type":"product","link":"https:\/\/aleupa.com\/?product=handly-handle","title":{"rendered":"Handly handle"},"content":{"rendered":"<p><strong>Handy handle<\/strong> es una empu\u00f1adura ergon\u00f3mica para 4 manos.<\/p>\n<p>Proporciona una agarre firme y seguro a quienes quieren levantarse, con ayuda del cuidador, desde un sof\u00e1, coche, cama o inodoro.<\/p>\n<p>De gran ayuda para el cuidador que maneja pacientes de mayor peso que \u00e9l.<\/p>\n<p>Dotado de revestimiento antideslizante,\u00a0 con su peque\u00f1o tama\u00f1o es una s\u00f3luci\u00f3n f\u00e1cil que puede llevarse a cualquier parte.<\/p>\n<p>Dimensiones:\u00a0 24 x11,5 cm.<\/p>\n<p>Puede ayudar a personas de hasta 175 Kg.evitando torpes agarres o tirar de los brazos.<\/p>\n","protected":false},"excerpt":{"rendered":"<p>Handy Handle, incorporador ergon\u00f3mico a cuatro manos.<\/p>\n","protected":false},"featured_media":4539,"comment_status":"open","ping_status":"closed","template":"","meta":{"_et_pb_use_builder":"","_et_pb_old_content":"","_et_gb_content_width":""},"product_brand":[],"product_cat":[229,585],"product_tag":[632,631,627],"class_list":{"0":"post-4535","1":"product","2":"type-product","3":"status-publish","4":"has-post-thumbnail","6":"product_cat-movilizacion","7":"product_cat-otros-transferencia","8":"product_tag-ayudas-para-el-cuidador","9":"product_tag-incorporador","10":"product_tag-movilizacion","12":"first","13":"onbackorder","14":"shipping-taxable","15":"purchasable","16":"product-type-variable"},"yoast_head":"<!-- This site is optimized with the Yoast SEO plugin v26.2 - https:\/\/yoast.com\/wordpress\/plugins\/seo\/ -->\n<title>Handly handle - Ortopedia Aleupa<\/title>\n<meta name=\"robots\" content=\"index, follow, max-snippet:-1, max-image-preview:large, max-video-preview:-1\" \/>\n<link rel=\"canonical\" href=\"https:\/\/aleupa.com\/?product=handly-handle\" \/>\n<meta property=\"og:locale\" content=\"es_ES\" \/>\n<meta property=\"og:type\" content=\"article\" \/>\n<meta property=\"og:title\" content=\"Handly handle - Ortopedia Aleupa\" \/>\n<meta property=\"og:description\" content=\"Handy Handle, incorporador ergon\u00f3mico a cuatro manos.\" \/>\n<meta property=\"og:url\" content=\"https:\/\/aleupa.com\/?product=handly-handle\" \/>\n<meta property=\"og:site_name\" content=\"Ortopedia Aleupa\" \/>\n<meta property=\"article:modified_time\" content=\"2020-11-21T12:26:19+00:00\" \/>\n<meta property=\"og:image\" content=\"https:\/\/aleupa.com\/wp-content\/uploads\/2020\/11\/handy-handle-copia.jpg\" \/>\n\t<meta property=\"og:image:width\" content=\"500\" \/>\n\t<meta property=\"og:image:height\" content=\"500\" \/>\n\t<meta property=\"og:image:type\" content=\"image\/jpeg\" \/>\n<meta name=\"twitter:card\" content=\"summary_large_image\" \/>\n<script type=\"application\/ld+json\" class=\"yoast-schema-graph\">{\"@context\":\"https:\/\/schema.org\",\"@graph\":[{\"@type\":\"WebPage\",\"@id\":\"https:\/\/aleupa.com\/?product=handly-handle\",\"url\":\"https:\/\/aleupa.com\/?product=handly-handle\",\"name\":\"Handly handle - Ortopedia Aleupa\",\"isPartOf\":{\"@id\":\"https:\/\/aleupa.com\/#website\"},\"primaryImageOfPage\":{\"@id\":\"https:\/\/aleupa.com\/?product=handly-handle#primaryimage\"},\"image\":{\"@id\":\"https:\/\/aleupa.com\/?product=handly-handle#primaryimage\"},\"thumbnailUrl\":\"https:\/\/aleupa.com\/wp-content\/uploads\/2020\/11\/handy-handle-copia.jpg\",\"datePublished\":\"2020-11-21T12:02:26+00:00\",\"dateModified\":\"2020-11-21T12:26:19+00:00\",\"breadcrumb\":{\"@id\":\"https:\/\/aleupa.com\/?product=handly-handle#breadcrumb\"},\"inLanguage\":\"es\",\"potentialAction\":[{\"@type\":\"ReadAction\",\"target\":[\"https:\/\/aleupa.com\/?product=handly-handle\"]}]},{\"@type\":\"ImageObject\",\"inLanguage\":\"es\",\"@id\":\"https:\/\/aleupa.com\/?product=handly-handle#primaryimage\",\"url\":\"https:\/\/aleupa.com\/wp-content\/uploads\/2020\/11\/handy-handle-copia.jpg\",\"contentUrl\":\"https:\/\/aleupa.com\/wp-content\/uploads\/2020\/11\/handy-handle-copia.jpg\",\"width\":500,\"height\":500},{\"@type\":\"BreadcrumbList\",\"@id\":\"https:\/\/aleupa.com\/?product=handly-handle#breadcrumb\",\"itemListElement\":[{\"@type\":\"ListItem\",\"position\":1,\"name\":\"Portada\",\"item\":\"https:\/\/aleupa.com\/\"},{\"@type\":\"ListItem\",\"position\":2,\"name\":\"Tienda\",\"item\":\"https:\/\/aleupa.com\/?page_id=802\"},{\"@type\":\"ListItem\",\"position\":3,\"name\":\"Handly handle\"}]},{\"@type\":\"WebSite\",\"@id\":\"https:\/\/aleupa.com\/#website\",\"url\":\"https:\/\/aleupa.com\/\",\"name\":\"Ortopedia Aleupa\",\"description\":\"Ayudas a la dependencia\",\"alternateName\":\"Ortopedia en Puerto de la Cruz, Tenerife\",\"potentialAction\":[{\"@type\":\"SearchAction\",\"target\":{\"@type\":\"EntryPoint\",\"urlTemplate\":\"https:\/\/aleupa.com\/?s={search_term_string}\"},\"query-input\":{\"@type\":\"PropertyValueSpecification\",\"valueRequired\":true,\"valueName\":\"search_term_string\"}}],\"inLanguage\":\"es\"}]}<\/script>\n<!-- \/ Yoast SEO plugin. -->","yoast_head_json":{"title":"Handly handle - Ortopedia Aleupa","robots":{"index":"index","follow":"follow","max-snippet":"max-snippet:-1","max-image-preview":"max-image-preview:large","max-video-preview":"max-video-preview:-1"},"canonical":"https:\/\/aleupa.com\/?product=handly-handle","og_locale":"es_ES","og_type":"article","og_title":"Handly handle - Ortopedia Aleupa","og_description":"Handy Handle, incorporador ergon\u00f3mico a cuatro manos.","og_url":"https:\/\/aleupa.com\/?product=handly-handle","og_site_name":"Ortopedia Aleupa","article_modified_time":"2020-11-21T12:26:19+00:00","og_image":[{"width":500,"height":500,"url":"https:\/\/aleupa.com\/wp-content\/uploads\/2020\/11\/handy-handle-copia.jpg","type":"image\/jpeg"}],"twitter_card":"summary_large_image","schema":{"@context":"https:\/\/schema.org","@graph":[{"@type":"WebPage","@id":"https:\/\/aleupa.com\/?product=handly-handle","url":"https:\/\/aleupa.com\/?product=handly-handle","name":"Handly handle - Ortopedia Aleupa","isPartOf":{"@id":"https:\/\/aleupa.com\/#website"},"primaryImageOfPage":{"@id":"https:\/\/aleupa.com\/?product=handly-handle#primaryimage"},"image":{"@id":"https:\/\/aleupa.com\/?product=handly-handle#primaryimage"},"thumbnailUrl":"https:\/\/aleupa.com\/wp-content\/uploads\/2020\/11\/handy-handle-copia.jpg","datePublished":"2020-11-21T12:02:26+00:00","dateModified":"2020-11-21T12:26:19+00:00","breadcrumb":{"@id":"https:\/\/aleupa.com\/?product=handly-handle#breadcrumb"},"inLanguage":"es","potentialAction":[{"@type":"ReadAction","target":["https:\/\/aleupa.com\/?product=handly-handle"]}]},{"@type":"ImageObject","inLanguage":"es","@id":"https:\/\/aleupa.com\/?product=handly-handle#primaryimage","url":"https:\/\/aleupa.com\/wp-content\/uploads\/2020\/11\/handy-handle-copia.jpg","contentUrl":"https:\/\/aleupa.com\/wp-content\/uploads\/2020\/11\/handy-handle-copia.jpg","width":500,"height":500},{"@type":"BreadcrumbList","@id":"https:\/\/aleupa.com\/?product=handly-handle#breadcrumb","itemListElement":[{"@type":"ListItem","position":1,"name":"Portada","item":"https:\/\/aleupa.com\/"},{"@type":"ListItem","position":2,"name":"Tienda","item":"https:\/\/aleupa.com\/?page_id=802"},{"@type":"ListItem","position":3,"name":"Handly handle"}]},{"@type":"WebSite","@id":"https:\/\/aleupa.com\/#website","url":"https:\/\/aleupa.com\/","name":"Ortopedia Aleupa","description":"Ayudas a la dependencia","alternateName":"Ortopedia en Puerto de la Cruz, Tenerife","potentialAction":[{"@type":"SearchAction","target":{"@type":"EntryPoint","urlTemplate":"https:\/\/aleupa.com\/?s={search_term_string}"},"query-input":{"@type":"PropertyValueSpecification","valueRequired":true,"valueName":"search_term_string"}}],"inLanguage":"es"}]}},"_links":{"self":[{"href":"https:\/\/aleupa.com\/index.php?rest_route=\/wp\/v2\/product\/4535","targetHints":{"allow":["GET"]}}],"collection":[{"href":"https:\/\/aleupa.com\/index.php?rest_route=\/wp\/v2\/product"}],"about":[{"href":"https:\/\/aleupa.com\/index.php?rest_route=\/wp\/v2\/types\/product"}],"replies":[{"embeddable":true,"href":"https:\/\/aleupa.com\/index.php?rest_route=%2Fwp%2Fv2%2Fcomments&post=4535"}],"wp:featuredmedia":[{"embeddable":true,"href":"https:\/\/aleupa.com\/index.php?rest_route=\/wp\/v2\/media\/4539"}],"wp:attachment":[{"href":"https:\/\/aleupa.com\/index.php?rest_route=%2Fwp%2Fv2%2Fmedia&parent=4535"}],"wp:term":[{"taxonomy":"product_brand","embeddable":true,"href":"https:\/\/aleupa.com\/index.php?rest_route=%2Fwp%2Fv2%2Fproduct_brand&post=4535"},{"taxonomy":"product_cat","embeddable":true,"href":"https:\/\/aleupa.com\/index.php?rest_route=%2Fwp%2Fv2%2Fproduct_cat&post=4535"},{"taxonomy":"product_tag","embeddable":true,"href":"https:\/\/aleupa.com\/index.php?rest_route=%2Fwp%2Fv2%2Fproduct_tag&post=4535"}],"curies":[{"name":"wp","href":"https:\/\/api.w.org\/{rel}","templated":true}]}}