{"id":4804,"date":"2021-02-26T13:31:34","date_gmt":"2021-02-26T13:31:34","guid":{"rendered":"https:\/\/www.aleupa.com\/?post_type=product&#038;p=4804"},"modified":"2021-03-02T10:30:10","modified_gmt":"2021-03-02T10:30:10","slug":"producto-sanitario-destinado-a-la-medicion-no-invasiva-de-la-saturacion-de-oxigeno-en-sangre-spo2-y-la-frecuencia-cardiaca-a-traves-del-dedo-en-pacientes-pediatricos-es-adecuado-para-el-uso-e","status":"publish","type":"product","link":"https:\/\/aleupa.com\/?product=producto-sanitario-destinado-a-la-medicion-no-invasiva-de-la-saturacion-de-oxigeno-en-sangre-spo2-y-la-frecuencia-cardiaca-a-traves-del-dedo-en-pacientes-pediatricos-es-adecuado-para-el-uso-e","title":{"rendered":"ENFA.  Pulsioximetro digital pedi\u00e1trico"},"content":{"rendered":"<p>Pulsioximetro Port\u00e1til Digital con sensor integrado,\u00a0 con forma de pinza para la inclusi\u00f3n del dedo.<\/p>\n<p>Producto sanitario destinado a la medici\u00f3n no invasiva de la saturaci\u00f3n de ox\u00edgeno en sangre (SpO<sub>2<\/sub>) y la frecuencia card\u00edaca, a trav\u00e9s del dedo, en pacientes pedi\u00e1tricos.<\/p>\n<p>Es adecuado para el uso en \u00e1mbito dom\u00e9stico o en ambiente hospitalario.<\/p>\n<p>No est\u00e1 destinado para un s\u00f3lo uso o para monitorizaci\u00f3n continua o durante el transporte.<\/p>\n<p>&nbsp;<\/p>\n","protected":false},"excerpt":{"rendered":"<p>Pulsioximetro Port\u00e1til Digital con sensor integrado,\u00a0 con forma de pinza para la inclusi\u00f3n del dedo. Producto sanitario destinado a la medici\u00f3n no invasiva de la saturaci\u00f3n de ox\u00edgeno en sangre (SpO2) y la frecuencia card\u00edaca, a trav\u00e9s del dedo, en pacientes pedi\u00e1tricos. Es adecuado para el uso en \u00e1mbito dom\u00e9stico o en ambiente hospitalario. No [&hellip;]<\/p>\n","protected":false},"featured_media":4806,"comment_status":"closed","ping_status":"closed","template":"","meta":{"_et_pb_use_builder":"","_et_pb_old_content":"","_et_gb_content_width":""},"product_brand":[],"product_cat":[107,100],"product_tag":[664,662,665,663],"class_list":{"0":"post-4804","1":"product","2":"type-product","3":"status-publish","4":"has-post-thumbnail","6":"product_cat-diagnostico","7":"product_cat-bienestar","8":"product_tag-diagnostico","9":"product_tag-electromedicina","10":"product_tag-pulsioximetro","11":"product_tag-terapia-respiratoria","13":"first","14":"instock","15":"shipping-taxable","16":"purchasable","17":"product-type-simple"},"yoast_head":"<!-- This site is optimized with the Yoast SEO plugin v26.2 - https:\/\/yoast.com\/wordpress\/plugins\/seo\/ -->\n<title>ENFA. Pulsioximetro digital pedi\u00e1trico - Ortopedia Aleupa<\/title>\n<meta name=\"robots\" content=\"index, follow, max-snippet:-1, max-image-preview:large, max-video-preview:-1\" \/>\n<link rel=\"canonical\" href=\"https:\/\/aleupa.com\/?product=producto-sanitario-destinado-a-la-medicion-no-invasiva-de-la-saturacion-de-oxigeno-en-sangre-spo2-y-la-frecuencia-cardiaca-a-traves-del-dedo-en-pacientes-pediatricos-es-adecuado-para-el-uso-e\" \/>\n<meta property=\"og:locale\" content=\"es_ES\" \/>\n<meta property=\"og:type\" content=\"article\" \/>\n<meta property=\"og:title\" content=\"ENFA. Pulsioximetro digital pedi\u00e1trico - Ortopedia Aleupa\" \/>\n<meta property=\"og:description\" content=\"Pulsioximetro Port\u00e1til Digital con sensor integrado,\u00a0 con forma de pinza para la inclusi\u00f3n del dedo. Producto sanitario destinado a la medici\u00f3n no invasiva de la saturaci\u00f3n de ox\u00edgeno en sangre (SpO2) y la frecuencia card\u00edaca, a trav\u00e9s del dedo, en pacientes pedi\u00e1tricos. Es adecuado para el uso en \u00e1mbito dom\u00e9stico o en ambiente hospitalario. No [&hellip;]\" \/>\n<meta property=\"og:url\" content=\"https:\/\/aleupa.com\/?product=producto-sanitario-destinado-a-la-medicion-no-invasiva-de-la-saturacion-de-oxigeno-en-sangre-spo2-y-la-frecuencia-cardiaca-a-traves-del-dedo-en-pacientes-pediatricos-es-adecuado-para-el-uso-e\" \/>\n<meta property=\"og:site_name\" content=\"Ortopedia Aleupa\" \/>\n<meta property=\"article:modified_time\" content=\"2021-03-02T10:30:10+00:00\" \/>\n<meta property=\"og:image\" content=\"https:\/\/aleupa.com\/wp-content\/uploads\/2021\/02\/612-thickbox.jpg\" \/>\n\t<meta property=\"og:image:width\" content=\"500\" \/>\n\t<meta property=\"og:image:height\" content=\"500\" \/>\n\t<meta property=\"og:image:type\" content=\"image\/jpeg\" \/>\n<meta name=\"twitter:card\" content=\"summary_large_image\" \/>\n<meta name=\"twitter:label1\" content=\"Tiempo de lectura\" \/>\n\t<meta name=\"twitter:data1\" content=\"1 minuto\" \/>\n<script type=\"application\/ld+json\" class=\"yoast-schema-graph\">{\"@context\":\"https:\/\/schema.org\",\"@graph\":[{\"@type\":\"WebPage\",\"@id\":\"https:\/\/aleupa.com\/?product=producto-sanitario-destinado-a-la-medicion-no-invasiva-de-la-saturacion-de-oxigeno-en-sangre-spo2-y-la-frecuencia-cardiaca-a-traves-del-dedo-en-pacientes-pediatricos-es-adecuado-para-el-uso-e\",\"url\":\"https:\/\/aleupa.com\/?product=producto-sanitario-destinado-a-la-medicion-no-invasiva-de-la-saturacion-de-oxigeno-en-sangre-spo2-y-la-frecuencia-cardiaca-a-traves-del-dedo-en-pacientes-pediatricos-es-adecuado-para-el-uso-e\",\"name\":\"ENFA. Pulsioximetro digital pedi\u00e1trico - Ortopedia Aleupa\",\"isPartOf\":{\"@id\":\"https:\/\/aleupa.com\/#website\"},\"primaryImageOfPage\":{\"@id\":\"https:\/\/aleupa.com\/?product=producto-sanitario-destinado-a-la-medicion-no-invasiva-de-la-saturacion-de-oxigeno-en-sangre-spo2-y-la-frecuencia-cardiaca-a-traves-del-dedo-en-pacientes-pediatricos-es-adecuado-para-el-uso-e#primaryimage\"},\"image\":{\"@id\":\"https:\/\/aleupa.com\/?product=producto-sanitario-destinado-a-la-medicion-no-invasiva-de-la-saturacion-de-oxigeno-en-sangre-spo2-y-la-frecuencia-cardiaca-a-traves-del-dedo-en-pacientes-pediatricos-es-adecuado-para-el-uso-e#primaryimage\"},\"thumbnailUrl\":\"https:\/\/aleupa.com\/wp-content\/uploads\/2021\/02\/612-thickbox.jpg\",\"datePublished\":\"2021-02-26T13:31:34+00:00\",\"dateModified\":\"2021-03-02T10:30:10+00:00\",\"breadcrumb\":{\"@id\":\"https:\/\/aleupa.com\/?product=producto-sanitario-destinado-a-la-medicion-no-invasiva-de-la-saturacion-de-oxigeno-en-sangre-spo2-y-la-frecuencia-cardiaca-a-traves-del-dedo-en-pacientes-pediatricos-es-adecuado-para-el-uso-e#breadcrumb\"},\"inLanguage\":\"es\",\"potentialAction\":[{\"@type\":\"ReadAction\",\"target\":[\"https:\/\/aleupa.com\/?product=producto-sanitario-destinado-a-la-medicion-no-invasiva-de-la-saturacion-de-oxigeno-en-sangre-spo2-y-la-frecuencia-cardiaca-a-traves-del-dedo-en-pacientes-pediatricos-es-adecuado-para-el-uso-e\"]}]},{\"@type\":\"ImageObject\",\"inLanguage\":\"es\",\"@id\":\"https:\/\/aleupa.com\/?product=producto-sanitario-destinado-a-la-medicion-no-invasiva-de-la-saturacion-de-oxigeno-en-sangre-spo2-y-la-frecuencia-cardiaca-a-traves-del-dedo-en-pacientes-pediatricos-es-adecuado-para-el-uso-e#primaryimage\",\"url\":\"https:\/\/aleupa.com\/wp-content\/uploads\/2021\/02\/612-thickbox.jpg\",\"contentUrl\":\"https:\/\/aleupa.com\/wp-content\/uploads\/2021\/02\/612-thickbox.jpg\",\"width\":500,\"height\":500},{\"@type\":\"BreadcrumbList\",\"@id\":\"https:\/\/aleupa.com\/?product=producto-sanitario-destinado-a-la-medicion-no-invasiva-de-la-saturacion-de-oxigeno-en-sangre-spo2-y-la-frecuencia-cardiaca-a-traves-del-dedo-en-pacientes-pediatricos-es-adecuado-para-el-uso-e#breadcrumb\",\"itemListElement\":[{\"@type\":\"ListItem\",\"position\":1,\"name\":\"Portada\",\"item\":\"https:\/\/aleupa.com\/\"},{\"@type\":\"ListItem\",\"position\":2,\"name\":\"Tienda\",\"item\":\"https:\/\/aleupa.com\/?page_id=802\"},{\"@type\":\"ListItem\",\"position\":3,\"name\":\"ENFA. Pulsioximetro digital pedi\u00e1trico\"}]},{\"@type\":\"WebSite\",\"@id\":\"https:\/\/aleupa.com\/#website\",\"url\":\"https:\/\/aleupa.com\/\",\"name\":\"Ortopedia Aleupa\",\"description\":\"Ayudas a la dependencia\",\"alternateName\":\"Ortopedia en Puerto de la Cruz, Tenerife\",\"potentialAction\":[{\"@type\":\"SearchAction\",\"target\":{\"@type\":\"EntryPoint\",\"urlTemplate\":\"https:\/\/aleupa.com\/?s={search_term_string}\"},\"query-input\":{\"@type\":\"PropertyValueSpecification\",\"valueRequired\":true,\"valueName\":\"search_term_string\"}}],\"inLanguage\":\"es\"}]}<\/script>\n<!-- \/ Yoast SEO plugin. -->","yoast_head_json":{"title":"ENFA. Pulsioximetro digital pedi\u00e1trico - Ortopedia Aleupa","robots":{"index":"index","follow":"follow","max-snippet":"max-snippet:-1","max-image-preview":"max-image-preview:large","max-video-preview":"max-video-preview:-1"},"canonical":"https:\/\/aleupa.com\/?product=producto-sanitario-destinado-a-la-medicion-no-invasiva-de-la-saturacion-de-oxigeno-en-sangre-spo2-y-la-frecuencia-cardiaca-a-traves-del-dedo-en-pacientes-pediatricos-es-adecuado-para-el-uso-e","og_locale":"es_ES","og_type":"article","og_title":"ENFA. Pulsioximetro digital pedi\u00e1trico - Ortopedia Aleupa","og_description":"Pulsioximetro Port\u00e1til Digital con sensor integrado,\u00a0 con forma de pinza para la inclusi\u00f3n del dedo. Producto sanitario destinado a la medici\u00f3n no invasiva de la saturaci\u00f3n de ox\u00edgeno en sangre (SpO2) y la frecuencia card\u00edaca, a trav\u00e9s del dedo, en pacientes pedi\u00e1tricos. Es adecuado para el uso en \u00e1mbito dom\u00e9stico o en ambiente hospitalario. No [&hellip;]","og_url":"https:\/\/aleupa.com\/?product=producto-sanitario-destinado-a-la-medicion-no-invasiva-de-la-saturacion-de-oxigeno-en-sangre-spo2-y-la-frecuencia-cardiaca-a-traves-del-dedo-en-pacientes-pediatricos-es-adecuado-para-el-uso-e","og_site_name":"Ortopedia Aleupa","article_modified_time":"2021-03-02T10:30:10+00:00","og_image":[{"width":500,"height":500,"url":"https:\/\/aleupa.com\/wp-content\/uploads\/2021\/02\/612-thickbox.jpg","type":"image\/jpeg"}],"twitter_card":"summary_large_image","twitter_misc":{"Tiempo de lectura":"1 minuto"},"schema":{"@context":"https:\/\/schema.org","@graph":[{"@type":"WebPage","@id":"https:\/\/aleupa.com\/?product=producto-sanitario-destinado-a-la-medicion-no-invasiva-de-la-saturacion-de-oxigeno-en-sangre-spo2-y-la-frecuencia-cardiaca-a-traves-del-dedo-en-pacientes-pediatricos-es-adecuado-para-el-uso-e","url":"https:\/\/aleupa.com\/?product=producto-sanitario-destinado-a-la-medicion-no-invasiva-de-la-saturacion-de-oxigeno-en-sangre-spo2-y-la-frecuencia-cardiaca-a-traves-del-dedo-en-pacientes-pediatricos-es-adecuado-para-el-uso-e","name":"ENFA. Pulsioximetro digital pedi\u00e1trico - Ortopedia Aleupa","isPartOf":{"@id":"https:\/\/aleupa.com\/#website"},"primaryImageOfPage":{"@id":"https:\/\/aleupa.com\/?product=producto-sanitario-destinado-a-la-medicion-no-invasiva-de-la-saturacion-de-oxigeno-en-sangre-spo2-y-la-frecuencia-cardiaca-a-traves-del-dedo-en-pacientes-pediatricos-es-adecuado-para-el-uso-e#primaryimage"},"image":{"@id":"https:\/\/aleupa.com\/?product=producto-sanitario-destinado-a-la-medicion-no-invasiva-de-la-saturacion-de-oxigeno-en-sangre-spo2-y-la-frecuencia-cardiaca-a-traves-del-dedo-en-pacientes-pediatricos-es-adecuado-para-el-uso-e#primaryimage"},"thumbnailUrl":"https:\/\/aleupa.com\/wp-content\/uploads\/2021\/02\/612-thickbox.jpg","datePublished":"2021-02-26T13:31:34+00:00","dateModified":"2021-03-02T10:30:10+00:00","breadcrumb":{"@id":"https:\/\/aleupa.com\/?product=producto-sanitario-destinado-a-la-medicion-no-invasiva-de-la-saturacion-de-oxigeno-en-sangre-spo2-y-la-frecuencia-cardiaca-a-traves-del-dedo-en-pacientes-pediatricos-es-adecuado-para-el-uso-e#breadcrumb"},"inLanguage":"es","potentialAction":[{"@type":"ReadAction","target":["https:\/\/aleupa.com\/?product=producto-sanitario-destinado-a-la-medicion-no-invasiva-de-la-saturacion-de-oxigeno-en-sangre-spo2-y-la-frecuencia-cardiaca-a-traves-del-dedo-en-pacientes-pediatricos-es-adecuado-para-el-uso-e"]}]},{"@type":"ImageObject","inLanguage":"es","@id":"https:\/\/aleupa.com\/?product=producto-sanitario-destinado-a-la-medicion-no-invasiva-de-la-saturacion-de-oxigeno-en-sangre-spo2-y-la-frecuencia-cardiaca-a-traves-del-dedo-en-pacientes-pediatricos-es-adecuado-para-el-uso-e#primaryimage","url":"https:\/\/aleupa.com\/wp-content\/uploads\/2021\/02\/612-thickbox.jpg","contentUrl":"https:\/\/aleupa.com\/wp-content\/uploads\/2021\/02\/612-thickbox.jpg","width":500,"height":500},{"@type":"BreadcrumbList","@id":"https:\/\/aleupa.com\/?product=producto-sanitario-destinado-a-la-medicion-no-invasiva-de-la-saturacion-de-oxigeno-en-sangre-spo2-y-la-frecuencia-cardiaca-a-traves-del-dedo-en-pacientes-pediatricos-es-adecuado-para-el-uso-e#breadcrumb","itemListElement":[{"@type":"ListItem","position":1,"name":"Portada","item":"https:\/\/aleupa.com\/"},{"@type":"ListItem","position":2,"name":"Tienda","item":"https:\/\/aleupa.com\/?page_id=802"},{"@type":"ListItem","position":3,"name":"ENFA. Pulsioximetro digital pedi\u00e1trico"}]},{"@type":"WebSite","@id":"https:\/\/aleupa.com\/#website","url":"https:\/\/aleupa.com\/","name":"Ortopedia Aleupa","description":"Ayudas a la dependencia","alternateName":"Ortopedia en Puerto de la Cruz, Tenerife","potentialAction":[{"@type":"SearchAction","target":{"@type":"EntryPoint","urlTemplate":"https:\/\/aleupa.com\/?s={search_term_string}"},"query-input":{"@type":"PropertyValueSpecification","valueRequired":true,"valueName":"search_term_string"}}],"inLanguage":"es"}]}},"_links":{"self":[{"href":"https:\/\/aleupa.com\/index.php?rest_route=\/wp\/v2\/product\/4804","targetHints":{"allow":["GET"]}}],"collection":[{"href":"https:\/\/aleupa.com\/index.php?rest_route=\/wp\/v2\/product"}],"about":[{"href":"https:\/\/aleupa.com\/index.php?rest_route=\/wp\/v2\/types\/product"}],"replies":[{"embeddable":true,"href":"https:\/\/aleupa.com\/index.php?rest_route=%2Fwp%2Fv2%2Fcomments&post=4804"}],"wp:featuredmedia":[{"embeddable":true,"href":"https:\/\/aleupa.com\/index.php?rest_route=\/wp\/v2\/media\/4806"}],"wp:attachment":[{"href":"https:\/\/aleupa.com\/index.php?rest_route=%2Fwp%2Fv2%2Fmedia&parent=4804"}],"wp:term":[{"taxonomy":"product_brand","embeddable":true,"href":"https:\/\/aleupa.com\/index.php?rest_route=%2Fwp%2Fv2%2Fproduct_brand&post=4804"},{"taxonomy":"product_cat","embeddable":true,"href":"https:\/\/aleupa.com\/index.php?rest_route=%2Fwp%2Fv2%2Fproduct_cat&post=4804"},{"taxonomy":"product_tag","embeddable":true,"href":"https:\/\/aleupa.com\/index.php?rest_route=%2Fwp%2Fv2%2Fproduct_tag&post=4804"}],"curies":[{"name":"wp","href":"https:\/\/api.w.org\/{rel}","templated":true}]}}