{"id":4809,"date":"2021-02-27T12:40:27","date_gmt":"2021-02-27T12:40:27","guid":{"rendered":"https:\/\/www.aleupa.com\/?post_type=product&#038;p=4809"},"modified":"2021-03-02T10:30:50","modified_gmt":"2021-03-02T10:30:50","slug":"accare-pulsioximetro-de-dedo-fs20c","status":"publish","type":"product","link":"https:\/\/aleupa.com\/?product=accare-pulsioximetro-de-dedo-fs20c","title":{"rendered":"ACCARE. Pulsioximetro de dedo FS20C"},"content":{"rendered":"<p>Este pulsioximetro altamente avanzado permite una media r\u00e1pida y eficaz de el nivel de saturaci\u00f3n de ox\u00edgeno en sangre\u00a0 (SpO2)y la frecuencia del pulso del paciente.<\/p>\n<p>Onda pletismogr\u00e1fica.<\/p>\n<p>Pantalla OLED\u00a0 de dos colores y 4 modos de visualizaci\u00f3n.<\/p>\n<p>Indicador de bater\u00eda faja.<\/p>\n<p>Funci\u00f3n de apagado autom\u00e1tico.trasncurridos 8 segundos sin detecci\u00f3n de se\u00f1al.<\/p>\n<p>Utiliza 2 pilas alcalinas AAA (incluidas).<\/p>\n<p>Dispositivo no apto para uso pediatrico.<\/p>\n<p>&nbsp;<\/p>\n<p>&nbsp;<\/p>\n<div id=\"tw-target-text-container\" class=\"tw-ta-container hide-focus-ring tw-nfl\" tabindex=\"0\">\n<pre id=\"tw-target-text\" class=\"tw-data-text tw-text-large XcVN5d tw-ta\" dir=\"ltr\" data-placeholder=\"Traducci\u00f3n\"><span lang=\"es\">\u00a0<\/span><\/pre>\n<\/div>\n<div id=\"tw-target-rmn-container\" class=\"tw-ta-container hide-focus-ring tw-nfl\">\n<pre id=\"tw-target-rmn\" class=\"tw-data-placeholder tw-text-small tw-ta\" dir=\"ltr\" data-placeholder=\"\"><\/pre>\n<\/div>\n","protected":false},"excerpt":{"rendered":"<p>Este pulsioximetro altamente avanzado permite una media r\u00e1pida y eficaz de el nivel de saturaci\u00f3n de ox\u00edgeno en sangre\u00a0 (SpO2)y la frecuencia del pulso del paciente. Onda pletismogr\u00e1fica. Pantalla OLED\u00a0 de dos colores y 4 modos de visualizaci\u00f3n. Indicador de bater\u00eda faja. Funci\u00f3n de apagado autom\u00e1tico.trasncurridos 8 segundos sin detecci\u00f3n de se\u00f1al. Utiliza 2 pilas [&hellip;]<\/p>\n","protected":false},"featured_media":4810,"comment_status":"closed","ping_status":"closed","template":"","meta":{"_et_pb_use_builder":"","_et_pb_old_content":"","_et_gb_content_width":""},"product_brand":[],"product_cat":[107],"product_tag":[664,662,665,666],"class_list":{"0":"post-4809","1":"product","2":"type-product","3":"status-publish","4":"has-post-thumbnail","6":"product_cat-diagnostico","7":"product_tag-diagnostico","8":"product_tag-electromedicina","9":"product_tag-pulsioximetro","10":"product_tag-saturacion-de-oxigeno","11":"product_shipping_class-tourline-express","13":"first","14":"instock","15":"shipping-taxable","16":"purchasable","17":"product-type-simple"},"yoast_head":"<!-- This site is optimized with the Yoast SEO plugin v26.2 - https:\/\/yoast.com\/wordpress\/plugins\/seo\/ -->\n<title>ACCARE. Pulsioximetro de dedo FS20C - Ortopedia Aleupa<\/title>\n<meta name=\"robots\" content=\"index, follow, max-snippet:-1, max-image-preview:large, max-video-preview:-1\" \/>\n<link rel=\"canonical\" href=\"https:\/\/aleupa.com\/?product=accare-pulsioximetro-de-dedo-fs20c\" \/>\n<meta property=\"og:locale\" content=\"es_ES\" \/>\n<meta property=\"og:type\" content=\"article\" \/>\n<meta property=\"og:title\" content=\"ACCARE. Pulsioximetro de dedo FS20C - Ortopedia Aleupa\" \/>\n<meta property=\"og:description\" content=\"Este pulsioximetro altamente avanzado permite una media r\u00e1pida y eficaz de el nivel de saturaci\u00f3n de ox\u00edgeno en sangre\u00a0 (SpO2)y la frecuencia del pulso del paciente. Onda pletismogr\u00e1fica. Pantalla OLED\u00a0 de dos colores y 4 modos de visualizaci\u00f3n. Indicador de bater\u00eda faja. Funci\u00f3n de apagado autom\u00e1tico.trasncurridos 8 segundos sin detecci\u00f3n de se\u00f1al. Utiliza 2 pilas [&hellip;]\" \/>\n<meta property=\"og:url\" content=\"https:\/\/aleupa.com\/?product=accare-pulsioximetro-de-dedo-fs20c\" \/>\n<meta property=\"og:site_name\" content=\"Ortopedia Aleupa\" \/>\n<meta property=\"article:modified_time\" content=\"2021-03-02T10:30:50+00:00\" \/>\n<meta property=\"og:image\" content=\"https:\/\/aleupa.com\/wp-content\/uploads\/2021\/02\/fs20c1.png\" \/>\n\t<meta property=\"og:image:width\" content=\"500\" \/>\n\t<meta property=\"og:image:height\" content=\"500\" \/>\n\t<meta property=\"og:image:type\" content=\"image\/png\" \/>\n<meta name=\"twitter:card\" content=\"summary_large_image\" \/>\n<meta name=\"twitter:label1\" content=\"Tiempo de lectura\" \/>\n\t<meta name=\"twitter:data1\" content=\"1 minuto\" \/>\n<script type=\"application\/ld+json\" class=\"yoast-schema-graph\">{\"@context\":\"https:\/\/schema.org\",\"@graph\":[{\"@type\":\"WebPage\",\"@id\":\"https:\/\/aleupa.com\/?product=accare-pulsioximetro-de-dedo-fs20c\",\"url\":\"https:\/\/aleupa.com\/?product=accare-pulsioximetro-de-dedo-fs20c\",\"name\":\"ACCARE. Pulsioximetro de dedo FS20C - Ortopedia Aleupa\",\"isPartOf\":{\"@id\":\"https:\/\/aleupa.com\/#website\"},\"primaryImageOfPage\":{\"@id\":\"https:\/\/aleupa.com\/?product=accare-pulsioximetro-de-dedo-fs20c#primaryimage\"},\"image\":{\"@id\":\"https:\/\/aleupa.com\/?product=accare-pulsioximetro-de-dedo-fs20c#primaryimage\"},\"thumbnailUrl\":\"https:\/\/aleupa.com\/wp-content\/uploads\/2021\/02\/fs20c1.png\",\"datePublished\":\"2021-02-27T12:40:27+00:00\",\"dateModified\":\"2021-03-02T10:30:50+00:00\",\"breadcrumb\":{\"@id\":\"https:\/\/aleupa.com\/?product=accare-pulsioximetro-de-dedo-fs20c#breadcrumb\"},\"inLanguage\":\"es\",\"potentialAction\":[{\"@type\":\"ReadAction\",\"target\":[\"https:\/\/aleupa.com\/?product=accare-pulsioximetro-de-dedo-fs20c\"]}]},{\"@type\":\"ImageObject\",\"inLanguage\":\"es\",\"@id\":\"https:\/\/aleupa.com\/?product=accare-pulsioximetro-de-dedo-fs20c#primaryimage\",\"url\":\"https:\/\/aleupa.com\/wp-content\/uploads\/2021\/02\/fs20c1.png\",\"contentUrl\":\"https:\/\/aleupa.com\/wp-content\/uploads\/2021\/02\/fs20c1.png\",\"width\":500,\"height\":500},{\"@type\":\"BreadcrumbList\",\"@id\":\"https:\/\/aleupa.com\/?product=accare-pulsioximetro-de-dedo-fs20c#breadcrumb\",\"itemListElement\":[{\"@type\":\"ListItem\",\"position\":1,\"name\":\"Portada\",\"item\":\"https:\/\/aleupa.com\/\"},{\"@type\":\"ListItem\",\"position\":2,\"name\":\"Tienda\",\"item\":\"https:\/\/aleupa.com\/?page_id=802\"},{\"@type\":\"ListItem\",\"position\":3,\"name\":\"ACCARE. Pulsioximetro de dedo FS20C\"}]},{\"@type\":\"WebSite\",\"@id\":\"https:\/\/aleupa.com\/#website\",\"url\":\"https:\/\/aleupa.com\/\",\"name\":\"Ortopedia Aleupa\",\"description\":\"Ayudas a la dependencia\",\"alternateName\":\"Ortopedia en Puerto de la Cruz, Tenerife\",\"potentialAction\":[{\"@type\":\"SearchAction\",\"target\":{\"@type\":\"EntryPoint\",\"urlTemplate\":\"https:\/\/aleupa.com\/?s={search_term_string}\"},\"query-input\":{\"@type\":\"PropertyValueSpecification\",\"valueRequired\":true,\"valueName\":\"search_term_string\"}}],\"inLanguage\":\"es\"}]}<\/script>\n<!-- \/ Yoast SEO plugin. -->","yoast_head_json":{"title":"ACCARE. Pulsioximetro de dedo FS20C - Ortopedia Aleupa","robots":{"index":"index","follow":"follow","max-snippet":"max-snippet:-1","max-image-preview":"max-image-preview:large","max-video-preview":"max-video-preview:-1"},"canonical":"https:\/\/aleupa.com\/?product=accare-pulsioximetro-de-dedo-fs20c","og_locale":"es_ES","og_type":"article","og_title":"ACCARE. Pulsioximetro de dedo FS20C - Ortopedia Aleupa","og_description":"Este pulsioximetro altamente avanzado permite una media r\u00e1pida y eficaz de el nivel de saturaci\u00f3n de ox\u00edgeno en sangre\u00a0 (SpO2)y la frecuencia del pulso del paciente. Onda pletismogr\u00e1fica. Pantalla OLED\u00a0 de dos colores y 4 modos de visualizaci\u00f3n. Indicador de bater\u00eda faja. Funci\u00f3n de apagado autom\u00e1tico.trasncurridos 8 segundos sin detecci\u00f3n de se\u00f1al. Utiliza 2 pilas [&hellip;]","og_url":"https:\/\/aleupa.com\/?product=accare-pulsioximetro-de-dedo-fs20c","og_site_name":"Ortopedia Aleupa","article_modified_time":"2021-03-02T10:30:50+00:00","og_image":[{"width":500,"height":500,"url":"https:\/\/aleupa.com\/wp-content\/uploads\/2021\/02\/fs20c1.png","type":"image\/png"}],"twitter_card":"summary_large_image","twitter_misc":{"Tiempo de lectura":"1 minuto"},"schema":{"@context":"https:\/\/schema.org","@graph":[{"@type":"WebPage","@id":"https:\/\/aleupa.com\/?product=accare-pulsioximetro-de-dedo-fs20c","url":"https:\/\/aleupa.com\/?product=accare-pulsioximetro-de-dedo-fs20c","name":"ACCARE. Pulsioximetro de dedo FS20C - Ortopedia Aleupa","isPartOf":{"@id":"https:\/\/aleupa.com\/#website"},"primaryImageOfPage":{"@id":"https:\/\/aleupa.com\/?product=accare-pulsioximetro-de-dedo-fs20c#primaryimage"},"image":{"@id":"https:\/\/aleupa.com\/?product=accare-pulsioximetro-de-dedo-fs20c#primaryimage"},"thumbnailUrl":"https:\/\/aleupa.com\/wp-content\/uploads\/2021\/02\/fs20c1.png","datePublished":"2021-02-27T12:40:27+00:00","dateModified":"2021-03-02T10:30:50+00:00","breadcrumb":{"@id":"https:\/\/aleupa.com\/?product=accare-pulsioximetro-de-dedo-fs20c#breadcrumb"},"inLanguage":"es","potentialAction":[{"@type":"ReadAction","target":["https:\/\/aleupa.com\/?product=accare-pulsioximetro-de-dedo-fs20c"]}]},{"@type":"ImageObject","inLanguage":"es","@id":"https:\/\/aleupa.com\/?product=accare-pulsioximetro-de-dedo-fs20c#primaryimage","url":"https:\/\/aleupa.com\/wp-content\/uploads\/2021\/02\/fs20c1.png","contentUrl":"https:\/\/aleupa.com\/wp-content\/uploads\/2021\/02\/fs20c1.png","width":500,"height":500},{"@type":"BreadcrumbList","@id":"https:\/\/aleupa.com\/?product=accare-pulsioximetro-de-dedo-fs20c#breadcrumb","itemListElement":[{"@type":"ListItem","position":1,"name":"Portada","item":"https:\/\/aleupa.com\/"},{"@type":"ListItem","position":2,"name":"Tienda","item":"https:\/\/aleupa.com\/?page_id=802"},{"@type":"ListItem","position":3,"name":"ACCARE. Pulsioximetro de dedo FS20C"}]},{"@type":"WebSite","@id":"https:\/\/aleupa.com\/#website","url":"https:\/\/aleupa.com\/","name":"Ortopedia Aleupa","description":"Ayudas a la dependencia","alternateName":"Ortopedia en Puerto de la Cruz, Tenerife","potentialAction":[{"@type":"SearchAction","target":{"@type":"EntryPoint","urlTemplate":"https:\/\/aleupa.com\/?s={search_term_string}"},"query-input":{"@type":"PropertyValueSpecification","valueRequired":true,"valueName":"search_term_string"}}],"inLanguage":"es"}]}},"_links":{"self":[{"href":"https:\/\/aleupa.com\/index.php?rest_route=\/wp\/v2\/product\/4809","targetHints":{"allow":["GET"]}}],"collection":[{"href":"https:\/\/aleupa.com\/index.php?rest_route=\/wp\/v2\/product"}],"about":[{"href":"https:\/\/aleupa.com\/index.php?rest_route=\/wp\/v2\/types\/product"}],"replies":[{"embeddable":true,"href":"https:\/\/aleupa.com\/index.php?rest_route=%2Fwp%2Fv2%2Fcomments&post=4809"}],"wp:featuredmedia":[{"embeddable":true,"href":"https:\/\/aleupa.com\/index.php?rest_route=\/wp\/v2\/media\/4810"}],"wp:attachment":[{"href":"https:\/\/aleupa.com\/index.php?rest_route=%2Fwp%2Fv2%2Fmedia&parent=4809"}],"wp:term":[{"taxonomy":"product_brand","embeddable":true,"href":"https:\/\/aleupa.com\/index.php?rest_route=%2Fwp%2Fv2%2Fproduct_brand&post=4809"},{"taxonomy":"product_cat","embeddable":true,"href":"https:\/\/aleupa.com\/index.php?rest_route=%2Fwp%2Fv2%2Fproduct_cat&post=4809"},{"taxonomy":"product_tag","embeddable":true,"href":"https:\/\/aleupa.com\/index.php?rest_route=%2Fwp%2Fv2%2Fproduct_tag&post=4809"}],"curies":[{"name":"wp","href":"https:\/\/api.w.org\/{rel}","templated":true}]}}