{"id":4814,"date":"2021-03-01T10:15:09","date_gmt":"2021-03-01T10:15:09","guid":{"rendered":"https:\/\/www.aleupa.com\/?post_type=product&#038;p=4814"},"modified":"2021-05-17T15:49:55","modified_gmt":"2021-05-17T15:49:55","slug":"apex-pulsioximetro-profesional-bippex-pro","status":"publish","type":"product","link":"https:\/\/aleupa.com\/?product=apex-pulsioximetro-profesional-bippex-pro","title":{"rendered":"APEX. Pulsioximetro profesional Bippex Pro"},"content":{"rendered":"<p>S\u00cd, un dispositivo de mano a un precio muy atractivo para monitorizar la saturaci\u00f3n de ox\u00edgeno del paciente en la sangre y el ritmo card\u00edaco con precisi\u00f3n en todos los rangos desde el pedi\u00e1trico hasta el adulto, por favor no busque m\u00e1s, el SA210 es el indicado.<\/p>\n<p>Teclado t\u00e1ctil para un f\u00e1cil manejo<br \/>\nPantalla de luz de fondo para la noche o el d\u00eda<br \/>\nAjuste del volumen del sonido<br \/>\nDise\u00f1o de tama\u00f1o de copa..<br \/>\n4 pilas alcalinas AA para la alimentaci\u00f3n<br \/>\nApagado autom\u00e1tico para conservar la vida de la bater\u00eda<\/p>\n<p><img loading=\"lazy\" decoding=\"async\" class=\"\" src=\"https:\/\/www.apexmedicalcorp.com\/templates\/default\/images\/footer-logoC.svg\" width=\"157\" height=\"55\" \/><\/p>\n","protected":false},"excerpt":{"rendered":"<p>Pulsioximetro profesional adulto\/pedriatrico, port\u00e1til.<\/p>\n","protected":false},"featured_media":4818,"comment_status":"closed","ping_status":"closed","template":"","meta":{"_et_pb_use_builder":"","_et_pb_old_content":"","_et_gb_content_width":""},"product_brand":[],"product_cat":[107],"product_tag":[664,662,665],"class_list":{"0":"post-4814","1":"product","2":"type-product","3":"status-publish","4":"has-post-thumbnail","6":"product_cat-diagnostico","7":"product_tag-diagnostico","8":"product_tag-electromedicina","9":"product_tag-pulsioximetro","10":"product_shipping_class-tourline-express","12":"first","13":"instock","14":"shipping-taxable","15":"purchasable","16":"product-type-simple"},"yoast_head":"<!-- This site is optimized with the Yoast SEO plugin v26.2 - https:\/\/yoast.com\/wordpress\/plugins\/seo\/ -->\n<title>APEX. Pulsioximetro profesional Bippex Pro - Ortopedia Aleupa<\/title>\n<meta name=\"robots\" content=\"index, follow, max-snippet:-1, max-image-preview:large, max-video-preview:-1\" \/>\n<link rel=\"canonical\" href=\"https:\/\/aleupa.com\/?product=apex-pulsioximetro-profesional-bippex-pro\" \/>\n<meta property=\"og:locale\" content=\"es_ES\" \/>\n<meta property=\"og:type\" content=\"article\" \/>\n<meta property=\"og:title\" content=\"APEX. Pulsioximetro profesional Bippex Pro - Ortopedia Aleupa\" \/>\n<meta property=\"og:description\" content=\"Pulsioximetro profesional adulto\/pedriatrico, port\u00e1til.\" \/>\n<meta property=\"og:url\" content=\"https:\/\/aleupa.com\/?product=apex-pulsioximetro-profesional-bippex-pro\" \/>\n<meta property=\"og:site_name\" content=\"Ortopedia Aleupa\" \/>\n<meta property=\"article:modified_time\" content=\"2021-05-17T15:49:55+00:00\" \/>\n<meta property=\"og:image\" content=\"https:\/\/aleupa.com\/wp-content\/uploads\/2021\/03\/67626-15887491.jpg\" \/>\n\t<meta property=\"og:image:width\" content=\"500\" \/>\n\t<meta property=\"og:image:height\" content=\"500\" \/>\n\t<meta property=\"og:image:type\" content=\"image\/jpeg\" \/>\n<meta name=\"twitter:card\" content=\"summary_large_image\" \/>\n<meta name=\"twitter:label1\" content=\"Tiempo de lectura\" \/>\n\t<meta name=\"twitter:data1\" content=\"1 minuto\" \/>\n<script type=\"application\/ld+json\" class=\"yoast-schema-graph\">{\"@context\":\"https:\/\/schema.org\",\"@graph\":[{\"@type\":\"WebPage\",\"@id\":\"https:\/\/aleupa.com\/?product=apex-pulsioximetro-profesional-bippex-pro\",\"url\":\"https:\/\/aleupa.com\/?product=apex-pulsioximetro-profesional-bippex-pro\",\"name\":\"APEX. Pulsioximetro profesional Bippex Pro - Ortopedia Aleupa\",\"isPartOf\":{\"@id\":\"https:\/\/aleupa.com\/#website\"},\"primaryImageOfPage\":{\"@id\":\"https:\/\/aleupa.com\/?product=apex-pulsioximetro-profesional-bippex-pro#primaryimage\"},\"image\":{\"@id\":\"https:\/\/aleupa.com\/?product=apex-pulsioximetro-profesional-bippex-pro#primaryimage\"},\"thumbnailUrl\":\"https:\/\/aleupa.com\/wp-content\/uploads\/2021\/03\/67626-15887491.jpg\",\"datePublished\":\"2021-03-01T10:15:09+00:00\",\"dateModified\":\"2021-05-17T15:49:55+00:00\",\"breadcrumb\":{\"@id\":\"https:\/\/aleupa.com\/?product=apex-pulsioximetro-profesional-bippex-pro#breadcrumb\"},\"inLanguage\":\"es\",\"potentialAction\":[{\"@type\":\"ReadAction\",\"target\":[\"https:\/\/aleupa.com\/?product=apex-pulsioximetro-profesional-bippex-pro\"]}]},{\"@type\":\"ImageObject\",\"inLanguage\":\"es\",\"@id\":\"https:\/\/aleupa.com\/?product=apex-pulsioximetro-profesional-bippex-pro#primaryimage\",\"url\":\"https:\/\/aleupa.com\/wp-content\/uploads\/2021\/03\/67626-15887491.jpg\",\"contentUrl\":\"https:\/\/aleupa.com\/wp-content\/uploads\/2021\/03\/67626-15887491.jpg\",\"width\":500,\"height\":500},{\"@type\":\"BreadcrumbList\",\"@id\":\"https:\/\/aleupa.com\/?product=apex-pulsioximetro-profesional-bippex-pro#breadcrumb\",\"itemListElement\":[{\"@type\":\"ListItem\",\"position\":1,\"name\":\"Portada\",\"item\":\"https:\/\/aleupa.com\/\"},{\"@type\":\"ListItem\",\"position\":2,\"name\":\"Tienda\",\"item\":\"https:\/\/aleupa.com\/?page_id=802\"},{\"@type\":\"ListItem\",\"position\":3,\"name\":\"APEX. Pulsioximetro profesional Bippex Pro\"}]},{\"@type\":\"WebSite\",\"@id\":\"https:\/\/aleupa.com\/#website\",\"url\":\"https:\/\/aleupa.com\/\",\"name\":\"Ortopedia Aleupa\",\"description\":\"Ayudas a la dependencia\",\"alternateName\":\"Ortopedia en Puerto de la Cruz, Tenerife\",\"potentialAction\":[{\"@type\":\"SearchAction\",\"target\":{\"@type\":\"EntryPoint\",\"urlTemplate\":\"https:\/\/aleupa.com\/?s={search_term_string}\"},\"query-input\":{\"@type\":\"PropertyValueSpecification\",\"valueRequired\":true,\"valueName\":\"search_term_string\"}}],\"inLanguage\":\"es\"}]}<\/script>\n<!-- \/ Yoast SEO plugin. -->","yoast_head_json":{"title":"APEX. Pulsioximetro profesional Bippex Pro - Ortopedia Aleupa","robots":{"index":"index","follow":"follow","max-snippet":"max-snippet:-1","max-image-preview":"max-image-preview:large","max-video-preview":"max-video-preview:-1"},"canonical":"https:\/\/aleupa.com\/?product=apex-pulsioximetro-profesional-bippex-pro","og_locale":"es_ES","og_type":"article","og_title":"APEX. Pulsioximetro profesional Bippex Pro - Ortopedia Aleupa","og_description":"Pulsioximetro profesional adulto\/pedriatrico, port\u00e1til.","og_url":"https:\/\/aleupa.com\/?product=apex-pulsioximetro-profesional-bippex-pro","og_site_name":"Ortopedia Aleupa","article_modified_time":"2021-05-17T15:49:55+00:00","og_image":[{"width":500,"height":500,"url":"https:\/\/aleupa.com\/wp-content\/uploads\/2021\/03\/67626-15887491.jpg","type":"image\/jpeg"}],"twitter_card":"summary_large_image","twitter_misc":{"Tiempo de lectura":"1 minuto"},"schema":{"@context":"https:\/\/schema.org","@graph":[{"@type":"WebPage","@id":"https:\/\/aleupa.com\/?product=apex-pulsioximetro-profesional-bippex-pro","url":"https:\/\/aleupa.com\/?product=apex-pulsioximetro-profesional-bippex-pro","name":"APEX. Pulsioximetro profesional Bippex Pro - Ortopedia Aleupa","isPartOf":{"@id":"https:\/\/aleupa.com\/#website"},"primaryImageOfPage":{"@id":"https:\/\/aleupa.com\/?product=apex-pulsioximetro-profesional-bippex-pro#primaryimage"},"image":{"@id":"https:\/\/aleupa.com\/?product=apex-pulsioximetro-profesional-bippex-pro#primaryimage"},"thumbnailUrl":"https:\/\/aleupa.com\/wp-content\/uploads\/2021\/03\/67626-15887491.jpg","datePublished":"2021-03-01T10:15:09+00:00","dateModified":"2021-05-17T15:49:55+00:00","breadcrumb":{"@id":"https:\/\/aleupa.com\/?product=apex-pulsioximetro-profesional-bippex-pro#breadcrumb"},"inLanguage":"es","potentialAction":[{"@type":"ReadAction","target":["https:\/\/aleupa.com\/?product=apex-pulsioximetro-profesional-bippex-pro"]}]},{"@type":"ImageObject","inLanguage":"es","@id":"https:\/\/aleupa.com\/?product=apex-pulsioximetro-profesional-bippex-pro#primaryimage","url":"https:\/\/aleupa.com\/wp-content\/uploads\/2021\/03\/67626-15887491.jpg","contentUrl":"https:\/\/aleupa.com\/wp-content\/uploads\/2021\/03\/67626-15887491.jpg","width":500,"height":500},{"@type":"BreadcrumbList","@id":"https:\/\/aleupa.com\/?product=apex-pulsioximetro-profesional-bippex-pro#breadcrumb","itemListElement":[{"@type":"ListItem","position":1,"name":"Portada","item":"https:\/\/aleupa.com\/"},{"@type":"ListItem","position":2,"name":"Tienda","item":"https:\/\/aleupa.com\/?page_id=802"},{"@type":"ListItem","position":3,"name":"APEX. Pulsioximetro profesional Bippex Pro"}]},{"@type":"WebSite","@id":"https:\/\/aleupa.com\/#website","url":"https:\/\/aleupa.com\/","name":"Ortopedia Aleupa","description":"Ayudas a la dependencia","alternateName":"Ortopedia en Puerto de la Cruz, Tenerife","potentialAction":[{"@type":"SearchAction","target":{"@type":"EntryPoint","urlTemplate":"https:\/\/aleupa.com\/?s={search_term_string}"},"query-input":{"@type":"PropertyValueSpecification","valueRequired":true,"valueName":"search_term_string"}}],"inLanguage":"es"}]}},"_links":{"self":[{"href":"https:\/\/aleupa.com\/index.php?rest_route=\/wp\/v2\/product\/4814","targetHints":{"allow":["GET"]}}],"collection":[{"href":"https:\/\/aleupa.com\/index.php?rest_route=\/wp\/v2\/product"}],"about":[{"href":"https:\/\/aleupa.com\/index.php?rest_route=\/wp\/v2\/types\/product"}],"replies":[{"embeddable":true,"href":"https:\/\/aleupa.com\/index.php?rest_route=%2Fwp%2Fv2%2Fcomments&post=4814"}],"wp:featuredmedia":[{"embeddable":true,"href":"https:\/\/aleupa.com\/index.php?rest_route=\/wp\/v2\/media\/4818"}],"wp:attachment":[{"href":"https:\/\/aleupa.com\/index.php?rest_route=%2Fwp%2Fv2%2Fmedia&parent=4814"}],"wp:term":[{"taxonomy":"product_brand","embeddable":true,"href":"https:\/\/aleupa.com\/index.php?rest_route=%2Fwp%2Fv2%2Fproduct_brand&post=4814"},{"taxonomy":"product_cat","embeddable":true,"href":"https:\/\/aleupa.com\/index.php?rest_route=%2Fwp%2Fv2%2Fproduct_cat&post=4814"},{"taxonomy":"product_tag","embeddable":true,"href":"https:\/\/aleupa.com\/index.php?rest_route=%2Fwp%2Fv2%2Fproduct_tag&post=4814"}],"curies":[{"name":"wp","href":"https:\/\/api.w.org\/{rel}","templated":true}]}}