{"id":4831,"date":"2021-03-01T18:14:51","date_gmt":"2021-03-01T18:14:51","guid":{"rendered":"https:\/\/www.aleupa.com\/?post_type=product&#038;p=4831"},"modified":"2021-03-02T10:33:31","modified_gmt":"2021-03-02T10:33:31","slug":"thermoval-rapid-termometro-clinico-digital","status":"publish","type":"product","link":"https:\/\/aleupa.com\/?product=thermoval-rapid-termometro-clinico-digital","title":{"rendered":"THERMOVAL rapid. Term\u00f3metro cl\u00ednico digital"},"content":{"rendered":"<p>Thermoval\u00ae Rapid<\/p>\n<figure><\/figure>\n<div class=\"paragraph-content\">\n<div class=\"text\">\n<p>Thermoval\u00ae Rapid gusta a todo el mundo; es un term\u00f3metro cl\u00ednico para familias y solteros, para ni\u00f1os y adultos. De manejo sencillo, lectura f\u00e1cil (gracias a su gran pantalla) y mediciones r\u00e1pidas, Thermoval\u00ae Rapid es el complemento perfecto en su botiqu\u00edn dom\u00e9stico.<\/p>\n<ul>\n<li>Con funci\u00f3n de memoria.<\/li>\n<li>Funci\u00f3n de apagado autom\u00e1tico y control de pila.<\/li>\n<li>Resistente a la humedad y apto para desinfecci\u00f3n.<\/li>\n<li>Utiliza una pila de larga duraci\u00f3n reemplazable.<\/li>\n<li>Indica la temperatura en \u00b0C.<\/li>\n<li>3 a\u00f1os de garant\u00eda, excluyendo la pila.<\/li>\n<\/ul>\n<\/div>\n<\/div>\n","protected":false},"excerpt":{"rendered":"<p>Thermoval\u00ae Rapid Thermoval\u00ae Rapid gusta a todo el mundo; es un term\u00f3metro cl\u00ednico para familias y solteros, para ni\u00f1os y adultos. De manejo sencillo, lectura f\u00e1cil (gracias a su gran pantalla) y mediciones r\u00e1pidas, Thermoval\u00ae Rapid es el complemento perfecto en su botiqu\u00edn dom\u00e9stico. Con funci\u00f3n de memoria. Funci\u00f3n de apagado autom\u00e1tico y control de [&hellip;]<\/p>\n","protected":false},"featured_media":4832,"comment_status":"closed","ping_status":"closed","template":"","meta":{"_et_pb_use_builder":"","_et_pb_old_content":"","_et_gb_content_width":""},"product_brand":[],"product_cat":[215,107],"product_tag":[],"class_list":{"0":"post-4831","1":"product","2":"type-product","3":"status-publish","4":"has-post-thumbnail","6":"product_cat-botiquin","7":"product_cat-diagnostico","8":"product_shipping_class-tourline-express","10":"first","11":"instock","12":"shipping-taxable","13":"purchasable","14":"product-type-simple"},"yoast_head":"<!-- This site is optimized with the Yoast SEO plugin v26.2 - https:\/\/yoast.com\/wordpress\/plugins\/seo\/ -->\n<title>THERMOVAL rapid. Term\u00f3metro cl\u00ednico digital - Ortopedia Aleupa<\/title>\n<meta name=\"robots\" content=\"index, follow, max-snippet:-1, max-image-preview:large, max-video-preview:-1\" \/>\n<link rel=\"canonical\" href=\"https:\/\/aleupa.com\/?product=thermoval-rapid-termometro-clinico-digital\" \/>\n<meta property=\"og:locale\" content=\"es_ES\" \/>\n<meta property=\"og:type\" content=\"article\" \/>\n<meta property=\"og:title\" content=\"THERMOVAL rapid. Term\u00f3metro cl\u00ednico digital - Ortopedia Aleupa\" \/>\n<meta property=\"og:description\" content=\"Thermoval\u00ae Rapid Thermoval\u00ae Rapid gusta a todo el mundo; es un term\u00f3metro cl\u00ednico para familias y solteros, para ni\u00f1os y adultos. De manejo sencillo, lectura f\u00e1cil (gracias a su gran pantalla) y mediciones r\u00e1pidas, Thermoval\u00ae Rapid es el complemento perfecto en su botiqu\u00edn dom\u00e9stico. Con funci\u00f3n de memoria. Funci\u00f3n de apagado autom\u00e1tico y control de [&hellip;]\" \/>\n<meta property=\"og:url\" content=\"https:\/\/aleupa.com\/?product=thermoval-rapid-termometro-clinico-digital\" \/>\n<meta property=\"og:site_name\" content=\"Ortopedia Aleupa\" \/>\n<meta property=\"article:modified_time\" content=\"2021-03-02T10:33:31+00:00\" \/>\n<meta property=\"og:image\" content=\"https:\/\/aleupa.com\/wp-content\/uploads\/2021\/03\/termometro-thermoval-rapid.jpg\" \/>\n\t<meta property=\"og:image:width\" content=\"500\" \/>\n\t<meta property=\"og:image:height\" content=\"500\" \/>\n\t<meta property=\"og:image:type\" content=\"image\/jpeg\" \/>\n<meta name=\"twitter:card\" content=\"summary_large_image\" \/>\n<meta name=\"twitter:label1\" content=\"Tiempo de lectura\" \/>\n\t<meta name=\"twitter:data1\" content=\"1 minuto\" \/>\n<script type=\"application\/ld+json\" class=\"yoast-schema-graph\">{\"@context\":\"https:\/\/schema.org\",\"@graph\":[{\"@type\":\"WebPage\",\"@id\":\"https:\/\/aleupa.com\/?product=thermoval-rapid-termometro-clinico-digital\",\"url\":\"https:\/\/aleupa.com\/?product=thermoval-rapid-termometro-clinico-digital\",\"name\":\"THERMOVAL rapid. Term\u00f3metro cl\u00ednico digital - Ortopedia Aleupa\",\"isPartOf\":{\"@id\":\"https:\/\/aleupa.com\/#website\"},\"primaryImageOfPage\":{\"@id\":\"https:\/\/aleupa.com\/?product=thermoval-rapid-termometro-clinico-digital#primaryimage\"},\"image\":{\"@id\":\"https:\/\/aleupa.com\/?product=thermoval-rapid-termometro-clinico-digital#primaryimage\"},\"thumbnailUrl\":\"https:\/\/aleupa.com\/wp-content\/uploads\/2021\/03\/termometro-thermoval-rapid.jpg\",\"datePublished\":\"2021-03-01T18:14:51+00:00\",\"dateModified\":\"2021-03-02T10:33:31+00:00\",\"breadcrumb\":{\"@id\":\"https:\/\/aleupa.com\/?product=thermoval-rapid-termometro-clinico-digital#breadcrumb\"},\"inLanguage\":\"es\",\"potentialAction\":[{\"@type\":\"ReadAction\",\"target\":[\"https:\/\/aleupa.com\/?product=thermoval-rapid-termometro-clinico-digital\"]}]},{\"@type\":\"ImageObject\",\"inLanguage\":\"es\",\"@id\":\"https:\/\/aleupa.com\/?product=thermoval-rapid-termometro-clinico-digital#primaryimage\",\"url\":\"https:\/\/aleupa.com\/wp-content\/uploads\/2021\/03\/termometro-thermoval-rapid.jpg\",\"contentUrl\":\"https:\/\/aleupa.com\/wp-content\/uploads\/2021\/03\/termometro-thermoval-rapid.jpg\",\"width\":500,\"height\":500},{\"@type\":\"BreadcrumbList\",\"@id\":\"https:\/\/aleupa.com\/?product=thermoval-rapid-termometro-clinico-digital#breadcrumb\",\"itemListElement\":[{\"@type\":\"ListItem\",\"position\":1,\"name\":\"Portada\",\"item\":\"https:\/\/aleupa.com\/\"},{\"@type\":\"ListItem\",\"position\":2,\"name\":\"Tienda\",\"item\":\"https:\/\/aleupa.com\/?page_id=802\"},{\"@type\":\"ListItem\",\"position\":3,\"name\":\"THERMOVAL rapid. Term\u00f3metro cl\u00ednico digital\"}]},{\"@type\":\"WebSite\",\"@id\":\"https:\/\/aleupa.com\/#website\",\"url\":\"https:\/\/aleupa.com\/\",\"name\":\"Ortopedia Aleupa\",\"description\":\"Ayudas a la dependencia\",\"alternateName\":\"Ortopedia en Puerto de la Cruz, Tenerife\",\"potentialAction\":[{\"@type\":\"SearchAction\",\"target\":{\"@type\":\"EntryPoint\",\"urlTemplate\":\"https:\/\/aleupa.com\/?s={search_term_string}\"},\"query-input\":{\"@type\":\"PropertyValueSpecification\",\"valueRequired\":true,\"valueName\":\"search_term_string\"}}],\"inLanguage\":\"es\"}]}<\/script>\n<!-- \/ Yoast SEO plugin. -->","yoast_head_json":{"title":"THERMOVAL rapid. Term\u00f3metro cl\u00ednico digital - Ortopedia Aleupa","robots":{"index":"index","follow":"follow","max-snippet":"max-snippet:-1","max-image-preview":"max-image-preview:large","max-video-preview":"max-video-preview:-1"},"canonical":"https:\/\/aleupa.com\/?product=thermoval-rapid-termometro-clinico-digital","og_locale":"es_ES","og_type":"article","og_title":"THERMOVAL rapid. Term\u00f3metro cl\u00ednico digital - Ortopedia Aleupa","og_description":"Thermoval\u00ae Rapid Thermoval\u00ae Rapid gusta a todo el mundo; es un term\u00f3metro cl\u00ednico para familias y solteros, para ni\u00f1os y adultos. De manejo sencillo, lectura f\u00e1cil (gracias a su gran pantalla) y mediciones r\u00e1pidas, Thermoval\u00ae Rapid es el complemento perfecto en su botiqu\u00edn dom\u00e9stico. Con funci\u00f3n de memoria. Funci\u00f3n de apagado autom\u00e1tico y control de [&hellip;]","og_url":"https:\/\/aleupa.com\/?product=thermoval-rapid-termometro-clinico-digital","og_site_name":"Ortopedia Aleupa","article_modified_time":"2021-03-02T10:33:31+00:00","og_image":[{"width":500,"height":500,"url":"https:\/\/aleupa.com\/wp-content\/uploads\/2021\/03\/termometro-thermoval-rapid.jpg","type":"image\/jpeg"}],"twitter_card":"summary_large_image","twitter_misc":{"Tiempo de lectura":"1 minuto"},"schema":{"@context":"https:\/\/schema.org","@graph":[{"@type":"WebPage","@id":"https:\/\/aleupa.com\/?product=thermoval-rapid-termometro-clinico-digital","url":"https:\/\/aleupa.com\/?product=thermoval-rapid-termometro-clinico-digital","name":"THERMOVAL rapid. Term\u00f3metro cl\u00ednico digital - Ortopedia Aleupa","isPartOf":{"@id":"https:\/\/aleupa.com\/#website"},"primaryImageOfPage":{"@id":"https:\/\/aleupa.com\/?product=thermoval-rapid-termometro-clinico-digital#primaryimage"},"image":{"@id":"https:\/\/aleupa.com\/?product=thermoval-rapid-termometro-clinico-digital#primaryimage"},"thumbnailUrl":"https:\/\/aleupa.com\/wp-content\/uploads\/2021\/03\/termometro-thermoval-rapid.jpg","datePublished":"2021-03-01T18:14:51+00:00","dateModified":"2021-03-02T10:33:31+00:00","breadcrumb":{"@id":"https:\/\/aleupa.com\/?product=thermoval-rapid-termometro-clinico-digital#breadcrumb"},"inLanguage":"es","potentialAction":[{"@type":"ReadAction","target":["https:\/\/aleupa.com\/?product=thermoval-rapid-termometro-clinico-digital"]}]},{"@type":"ImageObject","inLanguage":"es","@id":"https:\/\/aleupa.com\/?product=thermoval-rapid-termometro-clinico-digital#primaryimage","url":"https:\/\/aleupa.com\/wp-content\/uploads\/2021\/03\/termometro-thermoval-rapid.jpg","contentUrl":"https:\/\/aleupa.com\/wp-content\/uploads\/2021\/03\/termometro-thermoval-rapid.jpg","width":500,"height":500},{"@type":"BreadcrumbList","@id":"https:\/\/aleupa.com\/?product=thermoval-rapid-termometro-clinico-digital#breadcrumb","itemListElement":[{"@type":"ListItem","position":1,"name":"Portada","item":"https:\/\/aleupa.com\/"},{"@type":"ListItem","position":2,"name":"Tienda","item":"https:\/\/aleupa.com\/?page_id=802"},{"@type":"ListItem","position":3,"name":"THERMOVAL rapid. Term\u00f3metro cl\u00ednico digital"}]},{"@type":"WebSite","@id":"https:\/\/aleupa.com\/#website","url":"https:\/\/aleupa.com\/","name":"Ortopedia Aleupa","description":"Ayudas a la dependencia","alternateName":"Ortopedia en Puerto de la Cruz, Tenerife","potentialAction":[{"@type":"SearchAction","target":{"@type":"EntryPoint","urlTemplate":"https:\/\/aleupa.com\/?s={search_term_string}"},"query-input":{"@type":"PropertyValueSpecification","valueRequired":true,"valueName":"search_term_string"}}],"inLanguage":"es"}]}},"_links":{"self":[{"href":"https:\/\/aleupa.com\/index.php?rest_route=\/wp\/v2\/product\/4831","targetHints":{"allow":["GET"]}}],"collection":[{"href":"https:\/\/aleupa.com\/index.php?rest_route=\/wp\/v2\/product"}],"about":[{"href":"https:\/\/aleupa.com\/index.php?rest_route=\/wp\/v2\/types\/product"}],"replies":[{"embeddable":true,"href":"https:\/\/aleupa.com\/index.php?rest_route=%2Fwp%2Fv2%2Fcomments&post=4831"}],"wp:featuredmedia":[{"embeddable":true,"href":"https:\/\/aleupa.com\/index.php?rest_route=\/wp\/v2\/media\/4832"}],"wp:attachment":[{"href":"https:\/\/aleupa.com\/index.php?rest_route=%2Fwp%2Fv2%2Fmedia&parent=4831"}],"wp:term":[{"taxonomy":"product_brand","embeddable":true,"href":"https:\/\/aleupa.com\/index.php?rest_route=%2Fwp%2Fv2%2Fproduct_brand&post=4831"},{"taxonomy":"product_cat","embeddable":true,"href":"https:\/\/aleupa.com\/index.php?rest_route=%2Fwp%2Fv2%2Fproduct_cat&post=4831"},{"taxonomy":"product_tag","embeddable":true,"href":"https:\/\/aleupa.com\/index.php?rest_route=%2Fwp%2Fv2%2Fproduct_tag&post=4831"}],"curies":[{"name":"wp","href":"https:\/\/api.w.org\/{rel}","templated":true}]}}