{"id":4936,"date":"2021-05-19T19:18:27","date_gmt":"2021-05-19T19:18:27","guid":{"rendered":"https:\/\/www.aleupa.com\/?post_type=product&#038;p=4936"},"modified":"2021-05-20T16:38:37","modified_gmt":"2021-05-20T16:38:37","slug":"vaso-plastico-con-tetina","status":"publish","type":"product","link":"https:\/\/aleupa.com\/?product=vaso-plastico-con-tetina","title":{"rendered":"Vaso plastico con tetina"},"content":{"rendered":"<p>Vaso pl\u00e1stico coloreado transparente de 200 ml.\u00a0 y uso extendido en hospitales y residencias geriatricas.<\/p>\n<p>Escala graduada de 50-200 mL.<\/p>\n<p id=\"tw-target-text\" class=\"tw-data-text tw-text-large XcVN5d tw-ta\" dir=\"ltr\" data-placeholder=\"Traducci\u00f3n\"><span class=\"Y2IQFc\" lang=\"es\">Adecuado para bebidas como t\u00e9 y agua o sopas y pur\u00e9. comida.<\/span><\/p>\n<p dir=\"ltr\" data-placeholder=\"Traducci\u00f3n\">Su variedad de colores no solo permite distinguir entre salas de enfemer\u00edas sino que tambi\u00e9n aporta color y alegr\u00eda a la cabecera de la cama.<\/p>\n<p dir=\"ltr\" data-placeholder=\"Traducci\u00f3n\">Ligeros, a prueba de fugas, irrompibles y apilables.<\/p>\n<p dir=\"ltr\" data-placeholder=\"Traducci\u00f3n\">Aptos de microondas y lavavajillas<\/p>\n<p>Se dispensa con\u00a0 tapa.\u00a0 Boquilla de 12 mm.<\/p>\n<p>Esterilizable:<\/p>\n<div id=\"tw-target-text-container\" class=\"tw-ta-container hide-focus-ring tw-nfl\" tabindex=\"0\">\n<p id=\"tw-target-text\" class=\"tw-data-text tw-text-large XcVN5d tw-ta\" dir=\"ltr\" data-placeholder=\"Traducci\u00f3n\"><span class=\"Y2IQFc\" lang=\"es\">Autoclavable a 121 \u00b0 C durante 20 min seg\u00fan DIN rayos \u03b3 2,5 kGy Gas (\u00f3xido de etileno) Qu\u00edmico (formalina, etanol)<\/span><\/p>\n<\/div>\n<div id=\"tw-target-rmn-container\" class=\"tw-target-rmn tw-ta-container hide-focus-ring tw-nfl\">\n<pre id=\"tw-target-rmn\" class=\"tw-data-placeholder tw-text-small tw-ta\" dir=\"ltr\" data-placeholder=\"\"><\/pre>\n<\/div>\n<p><img loading=\"lazy\" decoding=\"async\" class=\"\" src=\"https:\/\/www.waca.de\/media\/image\/fd\/df\/ef\/badgewaca.png\" alt=\"WACA-Kunststoffwarenfabrik\" width=\"124\" height=\"45\" \/><\/p>\n","protected":false},"excerpt":{"rendered":"<p>Vaso pl\u00e1stico coloreado transparente de 200 ml.\u00a0 y uso extendido en hospitales y residencias geriatricas. Escala graduada de 50-200 mL. Adecuado para bebidas como t\u00e9 y agua o sopas y pur\u00e9. comida. Su variedad de colores no solo permite distinguir entre salas de enfemer\u00edas sino que tambi\u00e9n aporta color y alegr\u00eda a la cabecera de [&hellip;]<\/p>\n","protected":false},"featured_media":4939,"comment_status":"closed","ping_status":"closed","template":"","meta":{"_et_pb_use_builder":"","_et_pb_old_content":"","_et_gb_content_width":""},"product_brand":[],"product_cat":[232],"product_tag":[683,684,390],"class_list":{"0":"post-4936","1":"product","2":"type-product","3":"status-publish","4":"has-post-thumbnail","6":"product_cat-vasos","7":"product_tag-ayudas-para-beber","8":"product_tag-vasos-y-tazas-adaptados","9":"product_tag-vida-diaria","11":"first","12":"instock","13":"shipping-taxable","14":"purchasable","15":"product-type-variable","16":"has-default-attributes"},"yoast_head":"<!-- This site is optimized with the Yoast SEO plugin v26.2 - https:\/\/yoast.com\/wordpress\/plugins\/seo\/ -->\n<title>Vaso plastico con tetina - Ortopedia Aleupa<\/title>\n<meta name=\"robots\" content=\"index, follow, max-snippet:-1, max-image-preview:large, max-video-preview:-1\" \/>\n<link rel=\"canonical\" href=\"https:\/\/aleupa.com\/?product=vaso-plastico-con-tetina\" \/>\n<meta property=\"og:locale\" content=\"es_ES\" \/>\n<meta property=\"og:type\" content=\"article\" \/>\n<meta property=\"og:title\" content=\"Vaso plastico con tetina - Ortopedia Aleupa\" \/>\n<meta property=\"og:description\" content=\"Vaso pl\u00e1stico coloreado transparente de 200 ml.\u00a0 y uso extendido en hospitales y residencias geriatricas. Escala graduada de 50-200 mL. Adecuado para bebidas como t\u00e9 y agua o sopas y pur\u00e9. comida. Su variedad de colores no solo permite distinguir entre salas de enfemer\u00edas sino que tambi\u00e9n aporta color y alegr\u00eda a la cabecera de [&hellip;]\" \/>\n<meta property=\"og:url\" content=\"https:\/\/aleupa.com\/?product=vaso-plastico-con-tetina\" \/>\n<meta property=\"og:site_name\" content=\"Ortopedia Aleupa\" \/>\n<meta property=\"article:modified_time\" content=\"2021-05-20T16:38:37+00:00\" \/>\n<meta property=\"og:image\" content=\"https:\/\/aleupa.com\/wp-content\/uploads\/2021\/05\/VASOS-PLASTICOS-CON-TETINA-COLORES.jpg\" \/>\n\t<meta property=\"og:image:width\" content=\"500\" \/>\n\t<meta property=\"og:image:height\" content=\"500\" \/>\n\t<meta property=\"og:image:type\" content=\"image\/jpeg\" \/>\n<meta name=\"twitter:card\" content=\"summary_large_image\" \/>\n<meta name=\"twitter:label1\" content=\"Tiempo de lectura\" \/>\n\t<meta name=\"twitter:data1\" content=\"1 minuto\" \/>\n<script type=\"application\/ld+json\" class=\"yoast-schema-graph\">{\"@context\":\"https:\/\/schema.org\",\"@graph\":[{\"@type\":\"WebPage\",\"@id\":\"https:\/\/aleupa.com\/?product=vaso-plastico-con-tetina\",\"url\":\"https:\/\/aleupa.com\/?product=vaso-plastico-con-tetina\",\"name\":\"Vaso plastico con tetina - Ortopedia Aleupa\",\"isPartOf\":{\"@id\":\"https:\/\/aleupa.com\/#website\"},\"primaryImageOfPage\":{\"@id\":\"https:\/\/aleupa.com\/?product=vaso-plastico-con-tetina#primaryimage\"},\"image\":{\"@id\":\"https:\/\/aleupa.com\/?product=vaso-plastico-con-tetina#primaryimage\"},\"thumbnailUrl\":\"https:\/\/aleupa.com\/wp-content\/uploads\/2021\/05\/VASOS-PLASTICOS-CON-TETINA-COLORES.jpg\",\"datePublished\":\"2021-05-19T19:18:27+00:00\",\"dateModified\":\"2021-05-20T16:38:37+00:00\",\"breadcrumb\":{\"@id\":\"https:\/\/aleupa.com\/?product=vaso-plastico-con-tetina#breadcrumb\"},\"inLanguage\":\"es\",\"potentialAction\":[{\"@type\":\"ReadAction\",\"target\":[\"https:\/\/aleupa.com\/?product=vaso-plastico-con-tetina\"]}]},{\"@type\":\"ImageObject\",\"inLanguage\":\"es\",\"@id\":\"https:\/\/aleupa.com\/?product=vaso-plastico-con-tetina#primaryimage\",\"url\":\"https:\/\/aleupa.com\/wp-content\/uploads\/2021\/05\/VASOS-PLASTICOS-CON-TETINA-COLORES.jpg\",\"contentUrl\":\"https:\/\/aleupa.com\/wp-content\/uploads\/2021\/05\/VASOS-PLASTICOS-CON-TETINA-COLORES.jpg\",\"width\":500,\"height\":500},{\"@type\":\"BreadcrumbList\",\"@id\":\"https:\/\/aleupa.com\/?product=vaso-plastico-con-tetina#breadcrumb\",\"itemListElement\":[{\"@type\":\"ListItem\",\"position\":1,\"name\":\"Portada\",\"item\":\"https:\/\/aleupa.com\/\"},{\"@type\":\"ListItem\",\"position\":2,\"name\":\"Tienda\",\"item\":\"https:\/\/aleupa.com\/?page_id=802\"},{\"@type\":\"ListItem\",\"position\":3,\"name\":\"Vaso plastico con tetina\"}]},{\"@type\":\"WebSite\",\"@id\":\"https:\/\/aleupa.com\/#website\",\"url\":\"https:\/\/aleupa.com\/\",\"name\":\"Ortopedia Aleupa\",\"description\":\"Ayudas a la dependencia\",\"alternateName\":\"Ortopedia en Puerto de la Cruz, Tenerife\",\"potentialAction\":[{\"@type\":\"SearchAction\",\"target\":{\"@type\":\"EntryPoint\",\"urlTemplate\":\"https:\/\/aleupa.com\/?s={search_term_string}\"},\"query-input\":{\"@type\":\"PropertyValueSpecification\",\"valueRequired\":true,\"valueName\":\"search_term_string\"}}],\"inLanguage\":\"es\"}]}<\/script>\n<!-- \/ Yoast SEO plugin. -->","yoast_head_json":{"title":"Vaso plastico con tetina - Ortopedia Aleupa","robots":{"index":"index","follow":"follow","max-snippet":"max-snippet:-1","max-image-preview":"max-image-preview:large","max-video-preview":"max-video-preview:-1"},"canonical":"https:\/\/aleupa.com\/?product=vaso-plastico-con-tetina","og_locale":"es_ES","og_type":"article","og_title":"Vaso plastico con tetina - Ortopedia Aleupa","og_description":"Vaso pl\u00e1stico coloreado transparente de 200 ml.\u00a0 y uso extendido en hospitales y residencias geriatricas. Escala graduada de 50-200 mL. Adecuado para bebidas como t\u00e9 y agua o sopas y pur\u00e9. comida. Su variedad de colores no solo permite distinguir entre salas de enfemer\u00edas sino que tambi\u00e9n aporta color y alegr\u00eda a la cabecera de [&hellip;]","og_url":"https:\/\/aleupa.com\/?product=vaso-plastico-con-tetina","og_site_name":"Ortopedia Aleupa","article_modified_time":"2021-05-20T16:38:37+00:00","og_image":[{"width":500,"height":500,"url":"https:\/\/aleupa.com\/wp-content\/uploads\/2021\/05\/VASOS-PLASTICOS-CON-TETINA-COLORES.jpg","type":"image\/jpeg"}],"twitter_card":"summary_large_image","twitter_misc":{"Tiempo de lectura":"1 minuto"},"schema":{"@context":"https:\/\/schema.org","@graph":[{"@type":"WebPage","@id":"https:\/\/aleupa.com\/?product=vaso-plastico-con-tetina","url":"https:\/\/aleupa.com\/?product=vaso-plastico-con-tetina","name":"Vaso plastico con tetina - Ortopedia Aleupa","isPartOf":{"@id":"https:\/\/aleupa.com\/#website"},"primaryImageOfPage":{"@id":"https:\/\/aleupa.com\/?product=vaso-plastico-con-tetina#primaryimage"},"image":{"@id":"https:\/\/aleupa.com\/?product=vaso-plastico-con-tetina#primaryimage"},"thumbnailUrl":"https:\/\/aleupa.com\/wp-content\/uploads\/2021\/05\/VASOS-PLASTICOS-CON-TETINA-COLORES.jpg","datePublished":"2021-05-19T19:18:27+00:00","dateModified":"2021-05-20T16:38:37+00:00","breadcrumb":{"@id":"https:\/\/aleupa.com\/?product=vaso-plastico-con-tetina#breadcrumb"},"inLanguage":"es","potentialAction":[{"@type":"ReadAction","target":["https:\/\/aleupa.com\/?product=vaso-plastico-con-tetina"]}]},{"@type":"ImageObject","inLanguage":"es","@id":"https:\/\/aleupa.com\/?product=vaso-plastico-con-tetina#primaryimage","url":"https:\/\/aleupa.com\/wp-content\/uploads\/2021\/05\/VASOS-PLASTICOS-CON-TETINA-COLORES.jpg","contentUrl":"https:\/\/aleupa.com\/wp-content\/uploads\/2021\/05\/VASOS-PLASTICOS-CON-TETINA-COLORES.jpg","width":500,"height":500},{"@type":"BreadcrumbList","@id":"https:\/\/aleupa.com\/?product=vaso-plastico-con-tetina#breadcrumb","itemListElement":[{"@type":"ListItem","position":1,"name":"Portada","item":"https:\/\/aleupa.com\/"},{"@type":"ListItem","position":2,"name":"Tienda","item":"https:\/\/aleupa.com\/?page_id=802"},{"@type":"ListItem","position":3,"name":"Vaso plastico con tetina"}]},{"@type":"WebSite","@id":"https:\/\/aleupa.com\/#website","url":"https:\/\/aleupa.com\/","name":"Ortopedia Aleupa","description":"Ayudas a la dependencia","alternateName":"Ortopedia en Puerto de la Cruz, Tenerife","potentialAction":[{"@type":"SearchAction","target":{"@type":"EntryPoint","urlTemplate":"https:\/\/aleupa.com\/?s={search_term_string}"},"query-input":{"@type":"PropertyValueSpecification","valueRequired":true,"valueName":"search_term_string"}}],"inLanguage":"es"}]}},"_links":{"self":[{"href":"https:\/\/aleupa.com\/index.php?rest_route=\/wp\/v2\/product\/4936","targetHints":{"allow":["GET"]}}],"collection":[{"href":"https:\/\/aleupa.com\/index.php?rest_route=\/wp\/v2\/product"}],"about":[{"href":"https:\/\/aleupa.com\/index.php?rest_route=\/wp\/v2\/types\/product"}],"replies":[{"embeddable":true,"href":"https:\/\/aleupa.com\/index.php?rest_route=%2Fwp%2Fv2%2Fcomments&post=4936"}],"wp:featuredmedia":[{"embeddable":true,"href":"https:\/\/aleupa.com\/index.php?rest_route=\/wp\/v2\/media\/4939"}],"wp:attachment":[{"href":"https:\/\/aleupa.com\/index.php?rest_route=%2Fwp%2Fv2%2Fmedia&parent=4936"}],"wp:term":[{"taxonomy":"product_brand","embeddable":true,"href":"https:\/\/aleupa.com\/index.php?rest_route=%2Fwp%2Fv2%2Fproduct_brand&post=4936"},{"taxonomy":"product_cat","embeddable":true,"href":"https:\/\/aleupa.com\/index.php?rest_route=%2Fwp%2Fv2%2Fproduct_cat&post=4936"},{"taxonomy":"product_tag","embeddable":true,"href":"https:\/\/aleupa.com\/index.php?rest_route=%2Fwp%2Fv2%2Fproduct_tag&post=4936"}],"curies":[{"name":"wp","href":"https:\/\/api.w.org\/{rel}","templated":true}]}}