{"id":4986,"date":"2021-05-28T17:42:33","date_gmt":"2021-05-28T17:42:33","guid":{"rendered":"https:\/\/www.aleupa.com\/?post_type=product&#038;p=4986"},"modified":"2021-05-29T10:06:55","modified_gmt":"2021-05-29T10:06:55","slug":"taza-con-asa-giratoria-handsteady","status":"publish","type":"product","link":"https:\/\/aleupa.com\/?product=taza-con-asa-giratoria-handsteady","title":{"rendered":"Taza  con asa giratoria HandSteady"},"content":{"rendered":"<p>Esta taza\u00a0 es adecuada para aquellos que presentan s\u00edntomas como temblor, problemas articulares,<\/p>\n<p>musculares, control motor limitado, dificultades para tragar, o destreza manual reducida.<\/p>\n<p>A diferencia de otras tazas, el asa de HandSteady, es capaz de girar 360\u00ba\u00a0 proporcionando<\/p>\n<p>autonivelaci\u00f3n y autoestabilizaci\u00f3n en todo momento. \u00a0\u00a0 El dise\u00f1o ergon\u00f3mico a la vez que<\/p>\n<p>discreto; s<span class=\"Y2IQFc\" lang=\"es\">u amplitud y la doble curvatura permiten albergar 4 dedos permitiendo:<br \/>\n<\/span><\/p>\n<ul>\n<li>Posiciones c\u00f3modas, estables y seguras de sujetar la taza, desde las que el temblor se hace menor.<\/li>\n<li>Inclinar la taza sin necesidad de levantar el codo o torcer la mu\u00f1eca<\/li>\n<li>Control de mayor inclinaci\u00f3n con la participaci\u00f3n de la boca, la mano o el pulgar.<\/li>\n<li>Redistribuci\u00f3n del peso, reduciendo as\u00ed la presi\u00f3n y la incomodidad.<\/li>\n<\/ul>\n<p>La taza es ligera, f\u00e1cil de levantar, lo que ayuda en casos de debilidad articular.<\/p>\n<p>Viene provista de una\u00a0 discreta tapa oculta\u00a0 f\u00e1cil de poner y quitar,\u00a0 que contribuye a\u00a0 evitar<\/p>\n<p>salpicaduras, derrames y a mantiener las bebidas calientes durante m\u00e1s tiempo.<\/p>\n<p>Compatible con pajita, y con orificio de control de flujo,<\/p>\n<p id=\"tw-target-text\" class=\"tw-data-text tw-text-large XcVN5d tw-ta\" dir=\"ltr\" data-placeholder=\"Traducci\u00f3n\"><span class=\"Y2IQFc\" lang=\"es\">HandSteady est\u00e1 fabricada en pl\u00e1stico de polipropileno sin BPA, por eso es apta para microondas, <\/span><\/p>\n<p class=\"tw-data-text tw-text-large XcVN5d tw-ta\" dir=\"ltr\" data-placeholder=\"Traducci\u00f3n\"><span class=\"Y2IQFc\" lang=\"es\">lavavajillas y muy resistente.<\/span><\/p>\n<p>Contenido 250 ml.<\/p>\n","protected":false},"excerpt":{"rendered":"<p>Taza antiderrames que puede sujetarse de muchas formas c\u00f3modas y seguras.<\/p>\n","protected":false},"featured_media":4988,"comment_status":"closed","ping_status":"closed","template":"","meta":{"_et_pb_use_builder":"","_et_pb_old_content":"","_et_gb_content_width":""},"product_brand":[],"product_cat":[232],"product_tag":[683,684,390],"class_list":{"0":"post-4986","1":"product","2":"type-product","3":"status-publish","4":"has-post-thumbnail","6":"product_cat-vasos","7":"product_tag-ayudas-para-beber","8":"product_tag-vasos-y-tazas-adaptados","9":"product_tag-vida-diaria","11":"first","12":"onbackorder","13":"shipping-taxable","14":"purchasable","15":"product-type-simple"},"yoast_head":"<!-- This site is optimized with the Yoast SEO plugin v26.2 - https:\/\/yoast.com\/wordpress\/plugins\/seo\/ -->\n<title>Taza con asa giratoria HandSteady - Ortopedia Aleupa<\/title>\n<meta name=\"robots\" content=\"index, follow, max-snippet:-1, max-image-preview:large, max-video-preview:-1\" \/>\n<link rel=\"canonical\" href=\"https:\/\/aleupa.com\/?product=taza-con-asa-giratoria-handsteady\" \/>\n<meta property=\"og:locale\" content=\"es_ES\" \/>\n<meta property=\"og:type\" content=\"article\" \/>\n<meta property=\"og:title\" content=\"Taza con asa giratoria HandSteady - Ortopedia Aleupa\" \/>\n<meta property=\"og:description\" content=\"Taza antiderrames que puede sujetarse de muchas formas c\u00f3modas y seguras.\" \/>\n<meta property=\"og:url\" content=\"https:\/\/aleupa.com\/?product=taza-con-asa-giratoria-handsteady\" \/>\n<meta property=\"og:site_name\" content=\"Ortopedia Aleupa\" \/>\n<meta property=\"article:modified_time\" content=\"2021-05-29T10:06:55+00:00\" \/>\n<meta property=\"og:image\" content=\"https:\/\/aleupa.com\/wp-content\/uploads\/2021\/05\/1300_1000_0_pr656806.jpg\" \/>\n\t<meta property=\"og:image:width\" content=\"500\" \/>\n\t<meta property=\"og:image:height\" content=\"500\" \/>\n\t<meta property=\"og:image:type\" content=\"image\/jpeg\" \/>\n<meta name=\"twitter:card\" content=\"summary_large_image\" \/>\n<meta name=\"twitter:label1\" content=\"Tiempo de lectura\" \/>\n\t<meta name=\"twitter:data1\" content=\"1 minuto\" \/>\n<script type=\"application\/ld+json\" class=\"yoast-schema-graph\">{\"@context\":\"https:\/\/schema.org\",\"@graph\":[{\"@type\":\"WebPage\",\"@id\":\"https:\/\/aleupa.com\/?product=taza-con-asa-giratoria-handsteady\",\"url\":\"https:\/\/aleupa.com\/?product=taza-con-asa-giratoria-handsteady\",\"name\":\"Taza con asa giratoria HandSteady - Ortopedia Aleupa\",\"isPartOf\":{\"@id\":\"https:\/\/aleupa.com\/#website\"},\"primaryImageOfPage\":{\"@id\":\"https:\/\/aleupa.com\/?product=taza-con-asa-giratoria-handsteady#primaryimage\"},\"image\":{\"@id\":\"https:\/\/aleupa.com\/?product=taza-con-asa-giratoria-handsteady#primaryimage\"},\"thumbnailUrl\":\"https:\/\/aleupa.com\/wp-content\/uploads\/2021\/05\/1300_1000_0_pr656806.jpg\",\"datePublished\":\"2021-05-28T17:42:33+00:00\",\"dateModified\":\"2021-05-29T10:06:55+00:00\",\"breadcrumb\":{\"@id\":\"https:\/\/aleupa.com\/?product=taza-con-asa-giratoria-handsteady#breadcrumb\"},\"inLanguage\":\"es\",\"potentialAction\":[{\"@type\":\"ReadAction\",\"target\":[\"https:\/\/aleupa.com\/?product=taza-con-asa-giratoria-handsteady\"]}]},{\"@type\":\"ImageObject\",\"inLanguage\":\"es\",\"@id\":\"https:\/\/aleupa.com\/?product=taza-con-asa-giratoria-handsteady#primaryimage\",\"url\":\"https:\/\/aleupa.com\/wp-content\/uploads\/2021\/05\/1300_1000_0_pr656806.jpg\",\"contentUrl\":\"https:\/\/aleupa.com\/wp-content\/uploads\/2021\/05\/1300_1000_0_pr656806.jpg\",\"width\":500,\"height\":500},{\"@type\":\"BreadcrumbList\",\"@id\":\"https:\/\/aleupa.com\/?product=taza-con-asa-giratoria-handsteady#breadcrumb\",\"itemListElement\":[{\"@type\":\"ListItem\",\"position\":1,\"name\":\"Portada\",\"item\":\"https:\/\/aleupa.com\/\"},{\"@type\":\"ListItem\",\"position\":2,\"name\":\"Tienda\",\"item\":\"https:\/\/aleupa.com\/?page_id=802\"},{\"@type\":\"ListItem\",\"position\":3,\"name\":\"Taza con asa giratoria HandSteady\"}]},{\"@type\":\"WebSite\",\"@id\":\"https:\/\/aleupa.com\/#website\",\"url\":\"https:\/\/aleupa.com\/\",\"name\":\"Ortopedia Aleupa\",\"description\":\"Ayudas a la dependencia\",\"alternateName\":\"Ortopedia en Puerto de la Cruz, Tenerife\",\"potentialAction\":[{\"@type\":\"SearchAction\",\"target\":{\"@type\":\"EntryPoint\",\"urlTemplate\":\"https:\/\/aleupa.com\/?s={search_term_string}\"},\"query-input\":{\"@type\":\"PropertyValueSpecification\",\"valueRequired\":true,\"valueName\":\"search_term_string\"}}],\"inLanguage\":\"es\"}]}<\/script>\n<!-- \/ Yoast SEO plugin. -->","yoast_head_json":{"title":"Taza con asa giratoria HandSteady - Ortopedia Aleupa","robots":{"index":"index","follow":"follow","max-snippet":"max-snippet:-1","max-image-preview":"max-image-preview:large","max-video-preview":"max-video-preview:-1"},"canonical":"https:\/\/aleupa.com\/?product=taza-con-asa-giratoria-handsteady","og_locale":"es_ES","og_type":"article","og_title":"Taza con asa giratoria HandSteady - Ortopedia Aleupa","og_description":"Taza antiderrames que puede sujetarse de muchas formas c\u00f3modas y seguras.","og_url":"https:\/\/aleupa.com\/?product=taza-con-asa-giratoria-handsteady","og_site_name":"Ortopedia Aleupa","article_modified_time":"2021-05-29T10:06:55+00:00","og_image":[{"width":500,"height":500,"url":"https:\/\/aleupa.com\/wp-content\/uploads\/2021\/05\/1300_1000_0_pr656806.jpg","type":"image\/jpeg"}],"twitter_card":"summary_large_image","twitter_misc":{"Tiempo de lectura":"1 minuto"},"schema":{"@context":"https:\/\/schema.org","@graph":[{"@type":"WebPage","@id":"https:\/\/aleupa.com\/?product=taza-con-asa-giratoria-handsteady","url":"https:\/\/aleupa.com\/?product=taza-con-asa-giratoria-handsteady","name":"Taza con asa giratoria HandSteady - Ortopedia Aleupa","isPartOf":{"@id":"https:\/\/aleupa.com\/#website"},"primaryImageOfPage":{"@id":"https:\/\/aleupa.com\/?product=taza-con-asa-giratoria-handsteady#primaryimage"},"image":{"@id":"https:\/\/aleupa.com\/?product=taza-con-asa-giratoria-handsteady#primaryimage"},"thumbnailUrl":"https:\/\/aleupa.com\/wp-content\/uploads\/2021\/05\/1300_1000_0_pr656806.jpg","datePublished":"2021-05-28T17:42:33+00:00","dateModified":"2021-05-29T10:06:55+00:00","breadcrumb":{"@id":"https:\/\/aleupa.com\/?product=taza-con-asa-giratoria-handsteady#breadcrumb"},"inLanguage":"es","potentialAction":[{"@type":"ReadAction","target":["https:\/\/aleupa.com\/?product=taza-con-asa-giratoria-handsteady"]}]},{"@type":"ImageObject","inLanguage":"es","@id":"https:\/\/aleupa.com\/?product=taza-con-asa-giratoria-handsteady#primaryimage","url":"https:\/\/aleupa.com\/wp-content\/uploads\/2021\/05\/1300_1000_0_pr656806.jpg","contentUrl":"https:\/\/aleupa.com\/wp-content\/uploads\/2021\/05\/1300_1000_0_pr656806.jpg","width":500,"height":500},{"@type":"BreadcrumbList","@id":"https:\/\/aleupa.com\/?product=taza-con-asa-giratoria-handsteady#breadcrumb","itemListElement":[{"@type":"ListItem","position":1,"name":"Portada","item":"https:\/\/aleupa.com\/"},{"@type":"ListItem","position":2,"name":"Tienda","item":"https:\/\/aleupa.com\/?page_id=802"},{"@type":"ListItem","position":3,"name":"Taza con asa giratoria HandSteady"}]},{"@type":"WebSite","@id":"https:\/\/aleupa.com\/#website","url":"https:\/\/aleupa.com\/","name":"Ortopedia Aleupa","description":"Ayudas a la dependencia","alternateName":"Ortopedia en Puerto de la Cruz, Tenerife","potentialAction":[{"@type":"SearchAction","target":{"@type":"EntryPoint","urlTemplate":"https:\/\/aleupa.com\/?s={search_term_string}"},"query-input":{"@type":"PropertyValueSpecification","valueRequired":true,"valueName":"search_term_string"}}],"inLanguage":"es"}]}},"_links":{"self":[{"href":"https:\/\/aleupa.com\/index.php?rest_route=\/wp\/v2\/product\/4986","targetHints":{"allow":["GET"]}}],"collection":[{"href":"https:\/\/aleupa.com\/index.php?rest_route=\/wp\/v2\/product"}],"about":[{"href":"https:\/\/aleupa.com\/index.php?rest_route=\/wp\/v2\/types\/product"}],"replies":[{"embeddable":true,"href":"https:\/\/aleupa.com\/index.php?rest_route=%2Fwp%2Fv2%2Fcomments&post=4986"}],"wp:featuredmedia":[{"embeddable":true,"href":"https:\/\/aleupa.com\/index.php?rest_route=\/wp\/v2\/media\/4988"}],"wp:attachment":[{"href":"https:\/\/aleupa.com\/index.php?rest_route=%2Fwp%2Fv2%2Fmedia&parent=4986"}],"wp:term":[{"taxonomy":"product_brand","embeddable":true,"href":"https:\/\/aleupa.com\/index.php?rest_route=%2Fwp%2Fv2%2Fproduct_brand&post=4986"},{"taxonomy":"product_cat","embeddable":true,"href":"https:\/\/aleupa.com\/index.php?rest_route=%2Fwp%2Fv2%2Fproduct_cat&post=4986"},{"taxonomy":"product_tag","embeddable":true,"href":"https:\/\/aleupa.com\/index.php?rest_route=%2Fwp%2Fv2%2Fproduct_tag&post=4986"}],"curies":[{"name":"wp","href":"https:\/\/api.w.org\/{rel}","templated":true}]}}