{"id":499,"date":"2016-06-08T20:16:15","date_gmt":"2016-06-08T20:16:15","guid":{"rendered":"http:\/\/www.aleupa.com\/?post_type=product&#038;p=499"},"modified":"2020-11-16T13:23:54","modified_gmt":"2020-11-16T13:23:54","slug":"spa-plus-set-accesorios-bano","status":"publish","type":"product","link":"https:\/\/aleupa.com\/?product=spa-plus-set-accesorios-bano","title":{"rendered":"Spa Plus, set accesorios ba\u00f1o"},"content":{"rendered":"<p>Pr\u00e1ctico y completo set de ba\u00f1o que incluye varios accesorios de pl\u00e1stico c\u00f3modos de utilizar y que acceder sin dificultar a todas las partes del cuerpo.<\/p>\n<p>Este set incluye:<\/p>\n<p>&#8211; Mango ergon\u00f3mico plegable de unos 37 cm. en extensi\u00f3n y aproximadamente 21 cm. plegado.<\/p>\n<p>&#8211; 4 cabezales (Aprox. 8 x 14 x 3 cm):<\/p>\n<ul>\n<li>1 esponja de red.<\/li>\n<li>1 esponja normal.<\/li>\n<li>1 piedra pomez.<\/li>\n<li>10 almohadillas para aplicar jab\u00f3n.<\/li>\n<\/ul>\n<p>&#8211; 1 neceser pl\u00e1stico para guardar todos los accesorios.<\/p>\n<p>&nbsp;<\/p>\n","protected":false},"excerpt":{"rendered":"<p>Pr\u00e1ctico y completo set de ba\u00f1o que incluye varios accesorios de pl\u00e1stico c\u00f3modos de utilizar y que acceder sin dificultar a todas las partes del cuerpo. Este set incluye: &#8211; Mango ergon\u00f3mico plegable de unos 37 cm. en extensi\u00f3n y aproximadamente 21 cm. plegado. &#8211; 4 cabezales (Aprox. 8 x 14 x 3 cm): 1 [&hellip;]<\/p>\n","protected":false},"featured_media":500,"comment_status":"open","ping_status":"closed","template":"","meta":{"_et_pb_use_builder":"","_et_pb_old_content":"","_et_gb_content_width":""},"product_brand":[],"product_cat":[125],"product_tag":[],"class_list":{"0":"post-499","1":"product","2":"type-product","3":"status-publish","4":"has-post-thumbnail","6":"product_cat-accesorios","8":"first","9":"instock","10":"shipping-taxable","11":"purchasable","12":"product-type-simple"},"yoast_head":"<!-- This site is optimized with the Yoast SEO plugin v26.2 - https:\/\/yoast.com\/wordpress\/plugins\/seo\/ -->\n<title>Spa Plus, set accesorios ba\u00f1o - Ortopedia Aleupa<\/title>\n<meta name=\"robots\" content=\"index, follow, max-snippet:-1, max-image-preview:large, max-video-preview:-1\" \/>\n<link rel=\"canonical\" href=\"https:\/\/aleupa.com\/?product=spa-plus-set-accesorios-bano\" \/>\n<meta property=\"og:locale\" content=\"es_ES\" \/>\n<meta property=\"og:type\" content=\"article\" \/>\n<meta property=\"og:title\" content=\"Spa Plus, set accesorios ba\u00f1o - Ortopedia Aleupa\" \/>\n<meta property=\"og:description\" content=\"Pr\u00e1ctico y completo set de ba\u00f1o que incluye varios accesorios de pl\u00e1stico c\u00f3modos de utilizar y que acceder sin dificultar a todas las partes del cuerpo. Este set incluye: &#8211; Mango ergon\u00f3mico plegable de unos 37 cm. en extensi\u00f3n y aproximadamente 21 cm. plegado. &#8211; 4 cabezales (Aprox. 8 x 14 x 3 cm): 1 [&hellip;]\" \/>\n<meta property=\"og:url\" content=\"https:\/\/aleupa.com\/?product=spa-plus-set-accesorios-bano\" \/>\n<meta property=\"og:site_name\" content=\"Ortopedia Aleupa\" \/>\n<meta property=\"article:modified_time\" content=\"2020-11-16T13:23:54+00:00\" \/>\n<meta property=\"og:image\" content=\"https:\/\/aleupa.com\/wp-content\/uploads\/2016\/06\/set-de-accesorios-de-bano-spaplus-e1498072891192.jpg\" \/>\n\t<meta property=\"og:image:width\" content=\"500\" \/>\n\t<meta property=\"og:image:height\" content=\"500\" \/>\n\t<meta property=\"og:image:type\" content=\"image\/jpeg\" \/>\n<meta name=\"twitter:card\" content=\"summary_large_image\" \/>\n<script type=\"application\/ld+json\" class=\"yoast-schema-graph\">{\"@context\":\"https:\/\/schema.org\",\"@graph\":[{\"@type\":\"WebPage\",\"@id\":\"https:\/\/aleupa.com\/?product=spa-plus-set-accesorios-bano\",\"url\":\"https:\/\/aleupa.com\/?product=spa-plus-set-accesorios-bano\",\"name\":\"Spa Plus, set accesorios ba\u00f1o - Ortopedia Aleupa\",\"isPartOf\":{\"@id\":\"https:\/\/aleupa.com\/#website\"},\"primaryImageOfPage\":{\"@id\":\"https:\/\/aleupa.com\/?product=spa-plus-set-accesorios-bano#primaryimage\"},\"image\":{\"@id\":\"https:\/\/aleupa.com\/?product=spa-plus-set-accesorios-bano#primaryimage\"},\"thumbnailUrl\":\"https:\/\/aleupa.com\/wp-content\/uploads\/2016\/06\/set-de-accesorios-de-bano-spaplus-e1498072891192.jpg\",\"datePublished\":\"2016-06-08T20:16:15+00:00\",\"dateModified\":\"2020-11-16T13:23:54+00:00\",\"breadcrumb\":{\"@id\":\"https:\/\/aleupa.com\/?product=spa-plus-set-accesorios-bano#breadcrumb\"},\"inLanguage\":\"es\",\"potentialAction\":[{\"@type\":\"ReadAction\",\"target\":[\"https:\/\/aleupa.com\/?product=spa-plus-set-accesorios-bano\"]}]},{\"@type\":\"ImageObject\",\"inLanguage\":\"es\",\"@id\":\"https:\/\/aleupa.com\/?product=spa-plus-set-accesorios-bano#primaryimage\",\"url\":\"https:\/\/aleupa.com\/wp-content\/uploads\/2016\/06\/set-de-accesorios-de-bano-spaplus-e1498072891192.jpg\",\"contentUrl\":\"https:\/\/aleupa.com\/wp-content\/uploads\/2016\/06\/set-de-accesorios-de-bano-spaplus-e1498072891192.jpg\",\"width\":500,\"height\":500},{\"@type\":\"BreadcrumbList\",\"@id\":\"https:\/\/aleupa.com\/?product=spa-plus-set-accesorios-bano#breadcrumb\",\"itemListElement\":[{\"@type\":\"ListItem\",\"position\":1,\"name\":\"Portada\",\"item\":\"https:\/\/aleupa.com\/\"},{\"@type\":\"ListItem\",\"position\":2,\"name\":\"Tienda\",\"item\":\"https:\/\/aleupa.com\/?page_id=802\"},{\"@type\":\"ListItem\",\"position\":3,\"name\":\"Spa Plus, set accesorios ba\u00f1o\"}]},{\"@type\":\"WebSite\",\"@id\":\"https:\/\/aleupa.com\/#website\",\"url\":\"https:\/\/aleupa.com\/\",\"name\":\"Ortopedia Aleupa\",\"description\":\"Ayudas a la dependencia\",\"alternateName\":\"Ortopedia en Puerto de la Cruz, Tenerife\",\"potentialAction\":[{\"@type\":\"SearchAction\",\"target\":{\"@type\":\"EntryPoint\",\"urlTemplate\":\"https:\/\/aleupa.com\/?s={search_term_string}\"},\"query-input\":{\"@type\":\"PropertyValueSpecification\",\"valueRequired\":true,\"valueName\":\"search_term_string\"}}],\"inLanguage\":\"es\"}]}<\/script>\n<!-- \/ Yoast SEO plugin. -->","yoast_head_json":{"title":"Spa Plus, set accesorios ba\u00f1o - Ortopedia Aleupa","robots":{"index":"index","follow":"follow","max-snippet":"max-snippet:-1","max-image-preview":"max-image-preview:large","max-video-preview":"max-video-preview:-1"},"canonical":"https:\/\/aleupa.com\/?product=spa-plus-set-accesorios-bano","og_locale":"es_ES","og_type":"article","og_title":"Spa Plus, set accesorios ba\u00f1o - Ortopedia Aleupa","og_description":"Pr\u00e1ctico y completo set de ba\u00f1o que incluye varios accesorios de pl\u00e1stico c\u00f3modos de utilizar y que acceder sin dificultar a todas las partes del cuerpo. Este set incluye: &#8211; Mango ergon\u00f3mico plegable de unos 37 cm. en extensi\u00f3n y aproximadamente 21 cm. plegado. &#8211; 4 cabezales (Aprox. 8 x 14 x 3 cm): 1 [&hellip;]","og_url":"https:\/\/aleupa.com\/?product=spa-plus-set-accesorios-bano","og_site_name":"Ortopedia Aleupa","article_modified_time":"2020-11-16T13:23:54+00:00","og_image":[{"width":500,"height":500,"url":"https:\/\/aleupa.com\/wp-content\/uploads\/2016\/06\/set-de-accesorios-de-bano-spaplus-e1498072891192.jpg","type":"image\/jpeg"}],"twitter_card":"summary_large_image","schema":{"@context":"https:\/\/schema.org","@graph":[{"@type":"WebPage","@id":"https:\/\/aleupa.com\/?product=spa-plus-set-accesorios-bano","url":"https:\/\/aleupa.com\/?product=spa-plus-set-accesorios-bano","name":"Spa Plus, set accesorios ba\u00f1o - Ortopedia Aleupa","isPartOf":{"@id":"https:\/\/aleupa.com\/#website"},"primaryImageOfPage":{"@id":"https:\/\/aleupa.com\/?product=spa-plus-set-accesorios-bano#primaryimage"},"image":{"@id":"https:\/\/aleupa.com\/?product=spa-plus-set-accesorios-bano#primaryimage"},"thumbnailUrl":"https:\/\/aleupa.com\/wp-content\/uploads\/2016\/06\/set-de-accesorios-de-bano-spaplus-e1498072891192.jpg","datePublished":"2016-06-08T20:16:15+00:00","dateModified":"2020-11-16T13:23:54+00:00","breadcrumb":{"@id":"https:\/\/aleupa.com\/?product=spa-plus-set-accesorios-bano#breadcrumb"},"inLanguage":"es","potentialAction":[{"@type":"ReadAction","target":["https:\/\/aleupa.com\/?product=spa-plus-set-accesorios-bano"]}]},{"@type":"ImageObject","inLanguage":"es","@id":"https:\/\/aleupa.com\/?product=spa-plus-set-accesorios-bano#primaryimage","url":"https:\/\/aleupa.com\/wp-content\/uploads\/2016\/06\/set-de-accesorios-de-bano-spaplus-e1498072891192.jpg","contentUrl":"https:\/\/aleupa.com\/wp-content\/uploads\/2016\/06\/set-de-accesorios-de-bano-spaplus-e1498072891192.jpg","width":500,"height":500},{"@type":"BreadcrumbList","@id":"https:\/\/aleupa.com\/?product=spa-plus-set-accesorios-bano#breadcrumb","itemListElement":[{"@type":"ListItem","position":1,"name":"Portada","item":"https:\/\/aleupa.com\/"},{"@type":"ListItem","position":2,"name":"Tienda","item":"https:\/\/aleupa.com\/?page_id=802"},{"@type":"ListItem","position":3,"name":"Spa Plus, set accesorios ba\u00f1o"}]},{"@type":"WebSite","@id":"https:\/\/aleupa.com\/#website","url":"https:\/\/aleupa.com\/","name":"Ortopedia Aleupa","description":"Ayudas a la dependencia","alternateName":"Ortopedia en Puerto de la Cruz, Tenerife","potentialAction":[{"@type":"SearchAction","target":{"@type":"EntryPoint","urlTemplate":"https:\/\/aleupa.com\/?s={search_term_string}"},"query-input":{"@type":"PropertyValueSpecification","valueRequired":true,"valueName":"search_term_string"}}],"inLanguage":"es"}]}},"_links":{"self":[{"href":"https:\/\/aleupa.com\/index.php?rest_route=\/wp\/v2\/product\/499","targetHints":{"allow":["GET"]}}],"collection":[{"href":"https:\/\/aleupa.com\/index.php?rest_route=\/wp\/v2\/product"}],"about":[{"href":"https:\/\/aleupa.com\/index.php?rest_route=\/wp\/v2\/types\/product"}],"replies":[{"embeddable":true,"href":"https:\/\/aleupa.com\/index.php?rest_route=%2Fwp%2Fv2%2Fcomments&post=499"}],"wp:featuredmedia":[{"embeddable":true,"href":"https:\/\/aleupa.com\/index.php?rest_route=\/wp\/v2\/media\/500"}],"wp:attachment":[{"href":"https:\/\/aleupa.com\/index.php?rest_route=%2Fwp%2Fv2%2Fmedia&parent=499"}],"wp:term":[{"taxonomy":"product_brand","embeddable":true,"href":"https:\/\/aleupa.com\/index.php?rest_route=%2Fwp%2Fv2%2Fproduct_brand&post=499"},{"taxonomy":"product_cat","embeddable":true,"href":"https:\/\/aleupa.com\/index.php?rest_route=%2Fwp%2Fv2%2Fproduct_cat&post=499"},{"taxonomy":"product_tag","embeddable":true,"href":"https:\/\/aleupa.com\/index.php?rest_route=%2Fwp%2Fv2%2Fproduct_tag&post=499"}],"curies":[{"name":"wp","href":"https:\/\/api.w.org\/{rel}","templated":true}]}}