{"id":5019,"date":"2021-06-03T18:12:32","date_gmt":"2021-06-03T18:12:32","guid":{"rendered":"https:\/\/www.aleupa.com\/?post_type=product&#038;p=5019"},"modified":"2021-06-03T18:12:35","modified_gmt":"2021-06-03T18:12:35","slug":"taza-con-doble-asa","status":"publish","type":"product","link":"https:\/\/aleupa.com\/?product=taza-con-doble-asa","title":{"rendered":"Taza con doble asa"},"content":{"rendered":"<p>&nbsp;<\/p>\n<p>Taza con dos asas y tapa. F\u00e1cil de sujetar y de utilizar sin derrames<\/p>\n<p>Esta taza es muy estable por su base ancha.<\/p>\n<p>Tiene dos asas anat\u00f3micas inclinadas para que beber resulte mucho m\u00e1s c\u00f3modo.<\/p>\n<p>Se dispensa con dos tapas diferentes con tetina, una de amplio orificio y la otra con tres orificios peque\u00f1os.<\/p>\n<p>Capacidad:\u00a0 300 mL.<\/p>\n<p>Apto para uso en microondas.<\/p>\n","protected":false},"excerpt":{"rendered":"<p>Taza con dos asas y tapa.<\/p>\n","protected":false},"featured_media":5022,"comment_status":"closed","ping_status":"closed","template":"","meta":{"_et_pb_use_builder":"","_et_pb_old_content":"","_et_gb_content_width":""},"product_brand":[],"product_cat":[232],"product_tag":[683,684,390],"class_list":{"0":"post-5019","1":"product","2":"type-product","3":"status-publish","4":"has-post-thumbnail","6":"product_cat-vasos","7":"product_tag-ayudas-para-beber","8":"product_tag-vasos-y-tazas-adaptados","9":"product_tag-vida-diaria","11":"first","12":"instock","13":"shipping-taxable","14":"purchasable","15":"product-type-simple"},"yoast_head":"<!-- This site is optimized with the Yoast SEO plugin v26.2 - https:\/\/yoast.com\/wordpress\/plugins\/seo\/ -->\n<title>Taza con doble asa - Ortopedia Aleupa<\/title>\n<meta name=\"robots\" content=\"index, follow, max-snippet:-1, max-image-preview:large, max-video-preview:-1\" \/>\n<link rel=\"canonical\" href=\"https:\/\/aleupa.com\/?product=taza-con-doble-asa\" \/>\n<meta property=\"og:locale\" content=\"es_ES\" \/>\n<meta property=\"og:type\" content=\"article\" \/>\n<meta property=\"og:title\" content=\"Taza con doble asa - Ortopedia Aleupa\" \/>\n<meta property=\"og:description\" content=\"Taza con dos asas y tapa.\" \/>\n<meta property=\"og:url\" content=\"https:\/\/aleupa.com\/?product=taza-con-doble-asa\" \/>\n<meta property=\"og:site_name\" content=\"Ortopedia Aleupa\" \/>\n<meta property=\"article:modified_time\" content=\"2021-06-03T18:12:35+00:00\" \/>\n<meta property=\"og:image\" content=\"https:\/\/aleupa.com\/wp-content\/uploads\/2021\/06\/vaso-de-plastico-con-dos-asas-01.jpg\" \/>\n\t<meta property=\"og:image:width\" content=\"500\" \/>\n\t<meta property=\"og:image:height\" content=\"500\" \/>\n\t<meta property=\"og:image:type\" content=\"image\/jpeg\" \/>\n<meta name=\"twitter:card\" content=\"summary_large_image\" \/>\n<meta name=\"twitter:label1\" content=\"Tiempo de lectura\" \/>\n\t<meta name=\"twitter:data1\" content=\"1 minuto\" \/>\n<script type=\"application\/ld+json\" class=\"yoast-schema-graph\">{\"@context\":\"https:\/\/schema.org\",\"@graph\":[{\"@type\":\"WebPage\",\"@id\":\"https:\/\/aleupa.com\/?product=taza-con-doble-asa\",\"url\":\"https:\/\/aleupa.com\/?product=taza-con-doble-asa\",\"name\":\"Taza con doble asa - Ortopedia Aleupa\",\"isPartOf\":{\"@id\":\"https:\/\/aleupa.com\/#website\"},\"primaryImageOfPage\":{\"@id\":\"https:\/\/aleupa.com\/?product=taza-con-doble-asa#primaryimage\"},\"image\":{\"@id\":\"https:\/\/aleupa.com\/?product=taza-con-doble-asa#primaryimage\"},\"thumbnailUrl\":\"https:\/\/aleupa.com\/wp-content\/uploads\/2021\/06\/vaso-de-plastico-con-dos-asas-01.jpg\",\"datePublished\":\"2021-06-03T18:12:32+00:00\",\"dateModified\":\"2021-06-03T18:12:35+00:00\",\"breadcrumb\":{\"@id\":\"https:\/\/aleupa.com\/?product=taza-con-doble-asa#breadcrumb\"},\"inLanguage\":\"es\",\"potentialAction\":[{\"@type\":\"ReadAction\",\"target\":[\"https:\/\/aleupa.com\/?product=taza-con-doble-asa\"]}]},{\"@type\":\"ImageObject\",\"inLanguage\":\"es\",\"@id\":\"https:\/\/aleupa.com\/?product=taza-con-doble-asa#primaryimage\",\"url\":\"https:\/\/aleupa.com\/wp-content\/uploads\/2021\/06\/vaso-de-plastico-con-dos-asas-01.jpg\",\"contentUrl\":\"https:\/\/aleupa.com\/wp-content\/uploads\/2021\/06\/vaso-de-plastico-con-dos-asas-01.jpg\",\"width\":500,\"height\":500},{\"@type\":\"BreadcrumbList\",\"@id\":\"https:\/\/aleupa.com\/?product=taza-con-doble-asa#breadcrumb\",\"itemListElement\":[{\"@type\":\"ListItem\",\"position\":1,\"name\":\"Portada\",\"item\":\"https:\/\/aleupa.com\/\"},{\"@type\":\"ListItem\",\"position\":2,\"name\":\"Tienda\",\"item\":\"https:\/\/aleupa.com\/?page_id=802\"},{\"@type\":\"ListItem\",\"position\":3,\"name\":\"Taza con doble asa\"}]},{\"@type\":\"WebSite\",\"@id\":\"https:\/\/aleupa.com\/#website\",\"url\":\"https:\/\/aleupa.com\/\",\"name\":\"Ortopedia Aleupa\",\"description\":\"Ayudas a la dependencia\",\"alternateName\":\"Ortopedia en Puerto de la Cruz, Tenerife\",\"potentialAction\":[{\"@type\":\"SearchAction\",\"target\":{\"@type\":\"EntryPoint\",\"urlTemplate\":\"https:\/\/aleupa.com\/?s={search_term_string}\"},\"query-input\":{\"@type\":\"PropertyValueSpecification\",\"valueRequired\":true,\"valueName\":\"search_term_string\"}}],\"inLanguage\":\"es\"}]}<\/script>\n<!-- \/ Yoast SEO plugin. -->","yoast_head_json":{"title":"Taza con doble asa - Ortopedia Aleupa","robots":{"index":"index","follow":"follow","max-snippet":"max-snippet:-1","max-image-preview":"max-image-preview:large","max-video-preview":"max-video-preview:-1"},"canonical":"https:\/\/aleupa.com\/?product=taza-con-doble-asa","og_locale":"es_ES","og_type":"article","og_title":"Taza con doble asa - Ortopedia Aleupa","og_description":"Taza con dos asas y tapa.","og_url":"https:\/\/aleupa.com\/?product=taza-con-doble-asa","og_site_name":"Ortopedia Aleupa","article_modified_time":"2021-06-03T18:12:35+00:00","og_image":[{"width":500,"height":500,"url":"https:\/\/aleupa.com\/wp-content\/uploads\/2021\/06\/vaso-de-plastico-con-dos-asas-01.jpg","type":"image\/jpeg"}],"twitter_card":"summary_large_image","twitter_misc":{"Tiempo de lectura":"1 minuto"},"schema":{"@context":"https:\/\/schema.org","@graph":[{"@type":"WebPage","@id":"https:\/\/aleupa.com\/?product=taza-con-doble-asa","url":"https:\/\/aleupa.com\/?product=taza-con-doble-asa","name":"Taza con doble asa - Ortopedia Aleupa","isPartOf":{"@id":"https:\/\/aleupa.com\/#website"},"primaryImageOfPage":{"@id":"https:\/\/aleupa.com\/?product=taza-con-doble-asa#primaryimage"},"image":{"@id":"https:\/\/aleupa.com\/?product=taza-con-doble-asa#primaryimage"},"thumbnailUrl":"https:\/\/aleupa.com\/wp-content\/uploads\/2021\/06\/vaso-de-plastico-con-dos-asas-01.jpg","datePublished":"2021-06-03T18:12:32+00:00","dateModified":"2021-06-03T18:12:35+00:00","breadcrumb":{"@id":"https:\/\/aleupa.com\/?product=taza-con-doble-asa#breadcrumb"},"inLanguage":"es","potentialAction":[{"@type":"ReadAction","target":["https:\/\/aleupa.com\/?product=taza-con-doble-asa"]}]},{"@type":"ImageObject","inLanguage":"es","@id":"https:\/\/aleupa.com\/?product=taza-con-doble-asa#primaryimage","url":"https:\/\/aleupa.com\/wp-content\/uploads\/2021\/06\/vaso-de-plastico-con-dos-asas-01.jpg","contentUrl":"https:\/\/aleupa.com\/wp-content\/uploads\/2021\/06\/vaso-de-plastico-con-dos-asas-01.jpg","width":500,"height":500},{"@type":"BreadcrumbList","@id":"https:\/\/aleupa.com\/?product=taza-con-doble-asa#breadcrumb","itemListElement":[{"@type":"ListItem","position":1,"name":"Portada","item":"https:\/\/aleupa.com\/"},{"@type":"ListItem","position":2,"name":"Tienda","item":"https:\/\/aleupa.com\/?page_id=802"},{"@type":"ListItem","position":3,"name":"Taza con doble asa"}]},{"@type":"WebSite","@id":"https:\/\/aleupa.com\/#website","url":"https:\/\/aleupa.com\/","name":"Ortopedia Aleupa","description":"Ayudas a la dependencia","alternateName":"Ortopedia en Puerto de la Cruz, Tenerife","potentialAction":[{"@type":"SearchAction","target":{"@type":"EntryPoint","urlTemplate":"https:\/\/aleupa.com\/?s={search_term_string}"},"query-input":{"@type":"PropertyValueSpecification","valueRequired":true,"valueName":"search_term_string"}}],"inLanguage":"es"}]}},"_links":{"self":[{"href":"https:\/\/aleupa.com\/index.php?rest_route=\/wp\/v2\/product\/5019","targetHints":{"allow":["GET"]}}],"collection":[{"href":"https:\/\/aleupa.com\/index.php?rest_route=\/wp\/v2\/product"}],"about":[{"href":"https:\/\/aleupa.com\/index.php?rest_route=\/wp\/v2\/types\/product"}],"replies":[{"embeddable":true,"href":"https:\/\/aleupa.com\/index.php?rest_route=%2Fwp%2Fv2%2Fcomments&post=5019"}],"wp:featuredmedia":[{"embeddable":true,"href":"https:\/\/aleupa.com\/index.php?rest_route=\/wp\/v2\/media\/5022"}],"wp:attachment":[{"href":"https:\/\/aleupa.com\/index.php?rest_route=%2Fwp%2Fv2%2Fmedia&parent=5019"}],"wp:term":[{"taxonomy":"product_brand","embeddable":true,"href":"https:\/\/aleupa.com\/index.php?rest_route=%2Fwp%2Fv2%2Fproduct_brand&post=5019"},{"taxonomy":"product_cat","embeddable":true,"href":"https:\/\/aleupa.com\/index.php?rest_route=%2Fwp%2Fv2%2Fproduct_cat&post=5019"},{"taxonomy":"product_tag","embeddable":true,"href":"https:\/\/aleupa.com\/index.php?rest_route=%2Fwp%2Fv2%2Fproduct_tag&post=5019"}],"curies":[{"name":"wp","href":"https:\/\/api.w.org\/{rel}","templated":true}]}}