{"id":5024,"date":"2021-06-08T19:08:37","date_gmt":"2021-06-08T19:08:37","guid":{"rendered":"https:\/\/www.aleupa.com\/?post_type=product&#038;p=5024"},"modified":"2021-06-08T19:08:41","modified_gmt":"2021-06-08T19:08:41","slug":"cubiertos-henro-grip-para-zurdos-y-diestros","status":"publish","type":"product","link":"https:\/\/aleupa.com\/?product=cubiertos-henro-grip-para-zurdos-y-diestros","title":{"rendered":"Cubiertos Henro-Grip para zurdos y diestros"},"content":{"rendered":"<p>&nbsp;<\/p>\n<p>Cubiertos ideales para personas con dificultades motoras que dificultan el acto de comer.<\/p>\n<p>Se adaptan c\u00f3modamente a la mano gracias a su mango curvo y antideslizante.<\/p>\n<p>Disponibles para usuarios diestros y zurdos<\/p>\n<p>El cubierto rojo esta especialmente dise\u00f1ado para personas que tienen autismo y demencia<\/p>\n<p>Para ni\u00f1os de 8 a\u00f1os en adelante y adultos.<\/p>\n<p>Peso 41 gr, longitud 16,5 cm.<\/p>\n","protected":false},"excerpt":{"rendered":"<p>&nbsp; Cubiertos ideales para personas con dificultades motoras que dificultan el acto de comer. Se adaptan c\u00f3modamente a la mano gracias a su mango curvo y antideslizante. Disponibles para usuarios diestros y zurdos El cubierto rojo esta especialmente dise\u00f1ado para personas que tienen autismo y demencia Para ni\u00f1os de 8 a\u00f1os en adelante y adultos. [&hellip;]<\/p>\n","protected":false},"featured_media":5048,"comment_status":"closed","ping_status":"closed","template":"","meta":{"_et_pb_use_builder":"","_et_pb_old_content":"","_et_gb_content_width":""},"product_brand":[],"product_cat":[231],"product_tag":[678,704,390],"class_list":{"0":"post-5024","1":"product","2":"type-product","3":"status-publish","4":"has-post-thumbnail","6":"product_cat-cubiertos","7":"product_tag-ayudas-para-comer","8":"product_tag-cubiertos-adaptados","9":"product_tag-vida-diaria","11":"first","12":"instock","13":"shipping-taxable","14":"purchasable","15":"product-type-variable"},"yoast_head":"<!-- This site is optimized with the Yoast SEO plugin v26.2 - https:\/\/yoast.com\/wordpress\/plugins\/seo\/ -->\n<title>Cubiertos Henro-Grip para zurdos y diestros - Ortopedia Aleupa<\/title>\n<meta name=\"robots\" content=\"index, follow, max-snippet:-1, max-image-preview:large, max-video-preview:-1\" \/>\n<link rel=\"canonical\" href=\"https:\/\/aleupa.com\/?product=cubiertos-henro-grip-para-zurdos-y-diestros\" \/>\n<meta property=\"og:locale\" content=\"es_ES\" \/>\n<meta property=\"og:type\" content=\"article\" \/>\n<meta property=\"og:title\" content=\"Cubiertos Henro-Grip para zurdos y diestros - Ortopedia Aleupa\" \/>\n<meta property=\"og:description\" content=\"&nbsp; Cubiertos ideales para personas con dificultades motoras que dificultan el acto de comer. Se adaptan c\u00f3modamente a la mano gracias a su mango curvo y antideslizante. Disponibles para usuarios diestros y zurdos El cubierto rojo esta especialmente dise\u00f1ado para personas que tienen autismo y demencia Para ni\u00f1os de 8 a\u00f1os en adelante y adultos. [&hellip;]\" \/>\n<meta property=\"og:url\" content=\"https:\/\/aleupa.com\/?product=cubiertos-henro-grip-para-zurdos-y-diestros\" \/>\n<meta property=\"og:site_name\" content=\"Ortopedia Aleupa\" \/>\n<meta property=\"article:modified_time\" content=\"2021-06-08T19:08:41+00:00\" \/>\n<meta property=\"og:image\" content=\"https:\/\/aleupa.com\/wp-content\/uploads\/2021\/06\/1300_1000_0_pr65550.jpg\" \/>\n\t<meta property=\"og:image:width\" content=\"500\" \/>\n\t<meta property=\"og:image:height\" content=\"500\" \/>\n\t<meta property=\"og:image:type\" content=\"image\/jpeg\" \/>\n<meta name=\"twitter:card\" content=\"summary_large_image\" \/>\n<script type=\"application\/ld+json\" class=\"yoast-schema-graph\">{\"@context\":\"https:\/\/schema.org\",\"@graph\":[{\"@type\":\"WebPage\",\"@id\":\"https:\/\/aleupa.com\/?product=cubiertos-henro-grip-para-zurdos-y-diestros\",\"url\":\"https:\/\/aleupa.com\/?product=cubiertos-henro-grip-para-zurdos-y-diestros\",\"name\":\"Cubiertos Henro-Grip para zurdos y diestros - Ortopedia Aleupa\",\"isPartOf\":{\"@id\":\"https:\/\/aleupa.com\/#website\"},\"primaryImageOfPage\":{\"@id\":\"https:\/\/aleupa.com\/?product=cubiertos-henro-grip-para-zurdos-y-diestros#primaryimage\"},\"image\":{\"@id\":\"https:\/\/aleupa.com\/?product=cubiertos-henro-grip-para-zurdos-y-diestros#primaryimage\"},\"thumbnailUrl\":\"https:\/\/aleupa.com\/wp-content\/uploads\/2021\/06\/1300_1000_0_pr65550.jpg\",\"datePublished\":\"2021-06-08T19:08:37+00:00\",\"dateModified\":\"2021-06-08T19:08:41+00:00\",\"breadcrumb\":{\"@id\":\"https:\/\/aleupa.com\/?product=cubiertos-henro-grip-para-zurdos-y-diestros#breadcrumb\"},\"inLanguage\":\"es\",\"potentialAction\":[{\"@type\":\"ReadAction\",\"target\":[\"https:\/\/aleupa.com\/?product=cubiertos-henro-grip-para-zurdos-y-diestros\"]}]},{\"@type\":\"ImageObject\",\"inLanguage\":\"es\",\"@id\":\"https:\/\/aleupa.com\/?product=cubiertos-henro-grip-para-zurdos-y-diestros#primaryimage\",\"url\":\"https:\/\/aleupa.com\/wp-content\/uploads\/2021\/06\/1300_1000_0_pr65550.jpg\",\"contentUrl\":\"https:\/\/aleupa.com\/wp-content\/uploads\/2021\/06\/1300_1000_0_pr65550.jpg\",\"width\":500,\"height\":500},{\"@type\":\"BreadcrumbList\",\"@id\":\"https:\/\/aleupa.com\/?product=cubiertos-henro-grip-para-zurdos-y-diestros#breadcrumb\",\"itemListElement\":[{\"@type\":\"ListItem\",\"position\":1,\"name\":\"Portada\",\"item\":\"https:\/\/aleupa.com\/\"},{\"@type\":\"ListItem\",\"position\":2,\"name\":\"Tienda\",\"item\":\"https:\/\/aleupa.com\/?page_id=802\"},{\"@type\":\"ListItem\",\"position\":3,\"name\":\"Cubiertos Henro-Grip para zurdos y diestros\"}]},{\"@type\":\"WebSite\",\"@id\":\"https:\/\/aleupa.com\/#website\",\"url\":\"https:\/\/aleupa.com\/\",\"name\":\"Ortopedia Aleupa\",\"description\":\"Ayudas a la dependencia\",\"alternateName\":\"Ortopedia en Puerto de la Cruz, Tenerife\",\"potentialAction\":[{\"@type\":\"SearchAction\",\"target\":{\"@type\":\"EntryPoint\",\"urlTemplate\":\"https:\/\/aleupa.com\/?s={search_term_string}\"},\"query-input\":{\"@type\":\"PropertyValueSpecification\",\"valueRequired\":true,\"valueName\":\"search_term_string\"}}],\"inLanguage\":\"es\"}]}<\/script>\n<!-- \/ Yoast SEO plugin. -->","yoast_head_json":{"title":"Cubiertos Henro-Grip para zurdos y diestros - Ortopedia Aleupa","robots":{"index":"index","follow":"follow","max-snippet":"max-snippet:-1","max-image-preview":"max-image-preview:large","max-video-preview":"max-video-preview:-1"},"canonical":"https:\/\/aleupa.com\/?product=cubiertos-henro-grip-para-zurdos-y-diestros","og_locale":"es_ES","og_type":"article","og_title":"Cubiertos Henro-Grip para zurdos y diestros - Ortopedia Aleupa","og_description":"&nbsp; Cubiertos ideales para personas con dificultades motoras que dificultan el acto de comer. Se adaptan c\u00f3modamente a la mano gracias a su mango curvo y antideslizante. Disponibles para usuarios diestros y zurdos El cubierto rojo esta especialmente dise\u00f1ado para personas que tienen autismo y demencia Para ni\u00f1os de 8 a\u00f1os en adelante y adultos. [&hellip;]","og_url":"https:\/\/aleupa.com\/?product=cubiertos-henro-grip-para-zurdos-y-diestros","og_site_name":"Ortopedia Aleupa","article_modified_time":"2021-06-08T19:08:41+00:00","og_image":[{"width":500,"height":500,"url":"https:\/\/aleupa.com\/wp-content\/uploads\/2021\/06\/1300_1000_0_pr65550.jpg","type":"image\/jpeg"}],"twitter_card":"summary_large_image","schema":{"@context":"https:\/\/schema.org","@graph":[{"@type":"WebPage","@id":"https:\/\/aleupa.com\/?product=cubiertos-henro-grip-para-zurdos-y-diestros","url":"https:\/\/aleupa.com\/?product=cubiertos-henro-grip-para-zurdos-y-diestros","name":"Cubiertos Henro-Grip para zurdos y diestros - Ortopedia Aleupa","isPartOf":{"@id":"https:\/\/aleupa.com\/#website"},"primaryImageOfPage":{"@id":"https:\/\/aleupa.com\/?product=cubiertos-henro-grip-para-zurdos-y-diestros#primaryimage"},"image":{"@id":"https:\/\/aleupa.com\/?product=cubiertos-henro-grip-para-zurdos-y-diestros#primaryimage"},"thumbnailUrl":"https:\/\/aleupa.com\/wp-content\/uploads\/2021\/06\/1300_1000_0_pr65550.jpg","datePublished":"2021-06-08T19:08:37+00:00","dateModified":"2021-06-08T19:08:41+00:00","breadcrumb":{"@id":"https:\/\/aleupa.com\/?product=cubiertos-henro-grip-para-zurdos-y-diestros#breadcrumb"},"inLanguage":"es","potentialAction":[{"@type":"ReadAction","target":["https:\/\/aleupa.com\/?product=cubiertos-henro-grip-para-zurdos-y-diestros"]}]},{"@type":"ImageObject","inLanguage":"es","@id":"https:\/\/aleupa.com\/?product=cubiertos-henro-grip-para-zurdos-y-diestros#primaryimage","url":"https:\/\/aleupa.com\/wp-content\/uploads\/2021\/06\/1300_1000_0_pr65550.jpg","contentUrl":"https:\/\/aleupa.com\/wp-content\/uploads\/2021\/06\/1300_1000_0_pr65550.jpg","width":500,"height":500},{"@type":"BreadcrumbList","@id":"https:\/\/aleupa.com\/?product=cubiertos-henro-grip-para-zurdos-y-diestros#breadcrumb","itemListElement":[{"@type":"ListItem","position":1,"name":"Portada","item":"https:\/\/aleupa.com\/"},{"@type":"ListItem","position":2,"name":"Tienda","item":"https:\/\/aleupa.com\/?page_id=802"},{"@type":"ListItem","position":3,"name":"Cubiertos Henro-Grip para zurdos y diestros"}]},{"@type":"WebSite","@id":"https:\/\/aleupa.com\/#website","url":"https:\/\/aleupa.com\/","name":"Ortopedia Aleupa","description":"Ayudas a la dependencia","alternateName":"Ortopedia en Puerto de la Cruz, Tenerife","potentialAction":[{"@type":"SearchAction","target":{"@type":"EntryPoint","urlTemplate":"https:\/\/aleupa.com\/?s={search_term_string}"},"query-input":{"@type":"PropertyValueSpecification","valueRequired":true,"valueName":"search_term_string"}}],"inLanguage":"es"}]}},"_links":{"self":[{"href":"https:\/\/aleupa.com\/index.php?rest_route=\/wp\/v2\/product\/5024","targetHints":{"allow":["GET"]}}],"collection":[{"href":"https:\/\/aleupa.com\/index.php?rest_route=\/wp\/v2\/product"}],"about":[{"href":"https:\/\/aleupa.com\/index.php?rest_route=\/wp\/v2\/types\/product"}],"replies":[{"embeddable":true,"href":"https:\/\/aleupa.com\/index.php?rest_route=%2Fwp%2Fv2%2Fcomments&post=5024"}],"wp:featuredmedia":[{"embeddable":true,"href":"https:\/\/aleupa.com\/index.php?rest_route=\/wp\/v2\/media\/5048"}],"wp:attachment":[{"href":"https:\/\/aleupa.com\/index.php?rest_route=%2Fwp%2Fv2%2Fmedia&parent=5024"}],"wp:term":[{"taxonomy":"product_brand","embeddable":true,"href":"https:\/\/aleupa.com\/index.php?rest_route=%2Fwp%2Fv2%2Fproduct_brand&post=5024"},{"taxonomy":"product_cat","embeddable":true,"href":"https:\/\/aleupa.com\/index.php?rest_route=%2Fwp%2Fv2%2Fproduct_cat&post=5024"},{"taxonomy":"product_tag","embeddable":true,"href":"https:\/\/aleupa.com\/index.php?rest_route=%2Fwp%2Fv2%2Fproduct_tag&post=5024"}],"curies":[{"name":"wp","href":"https:\/\/api.w.org\/{rel}","templated":true}]}}