{"id":5090,"date":"2021-06-12T12:18:10","date_gmt":"2021-06-12T12:18:10","guid":{"rendered":"https:\/\/www.aleupa.com\/?post_type=product&#038;p=5090"},"modified":"2021-06-14T17:18:22","modified_gmt":"2021-06-14T17:18:22","slug":"kit-de-cubiertos-alzheimer","status":"publish","type":"product","link":"https:\/\/aleupa.com\/?product=kit-de-cubiertos-alzheimer","title":{"rendered":"Juego de  cubiertos Alzheimer"},"content":{"rendered":"<p>Los mangos de estos cubiertos son suaves, de material blando, gruesos, y de bajo peso<\/p>\n<p>con objeto de mejorar su agarre y manipulaci\u00f3n.<\/p>\n<p>Este Kit est\u00e1 incluye una cuchara sopera, un tenedor, un cuchillo y una cucharilla.<\/p>\n<p>El intencionado color rojo de esta cuberter\u00eda va encaminado a estimular el apetito y<\/p>\n<p>mejorar la ingesta de alimento,\u00a0\u00a0 contrarrestando los problemas de discriminaci\u00f3n visual,<\/p>\n<p>estados depresivos, etc\u00a0 que conducen a la p\u00e9rdida de peso asociada a los pacientes de<\/p>\n<p>Alzheimer.<\/p>\n<p>Las cucharas\u00a0 y el tenedor se pueden doblar en el \u00e1ngulo deseado, lo que permite\u00a0 que puedan<\/p>\n<p>adaptarse a zurdos o diestros.\u00a0 Se recomienda el uso individualizado del producto, de otro modo,<\/p>\n<p>cambios continuos en el angulo pueden da\u00f1ar irreparablemente el cubierto.<\/p>\n<p>El cuchillo puede utilizarse con una sola mano,\u00a0 su hoja curva permite balancearlo para cortar.<\/p>\n","protected":false},"excerpt":{"rendered":"<p>Los mangos de estos cubiertos son suaves, de material blando, gruesos, y de bajo peso con objeto de mejorar su agarre y manipulaci\u00f3n. Este Kit est\u00e1 incluye una cuchara sopera, un tenedor, un cuchillo y una cucharilla. El intencionado color rojo de esta cuberter\u00eda va encaminado a estimular el apetito y mejorar la ingesta de [&hellip;]<\/p>\n","protected":false},"featured_media":5092,"comment_status":"closed","ping_status":"closed","template":"","meta":{"_et_pb_use_builder":"","_et_pb_old_content":"","_et_gb_content_width":""},"product_brand":[],"product_cat":[451,231],"product_tag":[678,704,390],"class_list":{"0":"post-5090","1":"product","2":"type-product","3":"status-publish","4":"has-post-thumbnail","6":"product_cat-sin-categorizar","7":"product_cat-cubiertos","8":"product_tag-ayudas-para-comer","9":"product_tag-cubiertos-adaptados","10":"product_tag-vida-diaria","11":"product_shipping_class-tourline-express","13":"first","14":"instock","15":"shipping-taxable","16":"purchasable","17":"product-type-simple"},"yoast_head":"<!-- This site is optimized with the Yoast SEO plugin v26.2 - https:\/\/yoast.com\/wordpress\/plugins\/seo\/ -->\n<title>Juego de cubiertos Alzheimer - Ortopedia Aleupa<\/title>\n<meta name=\"robots\" content=\"index, follow, max-snippet:-1, max-image-preview:large, max-video-preview:-1\" \/>\n<link rel=\"canonical\" href=\"https:\/\/aleupa.com\/?product=kit-de-cubiertos-alzheimer\" \/>\n<meta property=\"og:locale\" content=\"es_ES\" \/>\n<meta property=\"og:type\" content=\"article\" \/>\n<meta property=\"og:title\" content=\"Juego de cubiertos Alzheimer - Ortopedia Aleupa\" \/>\n<meta property=\"og:description\" content=\"Los mangos de estos cubiertos son suaves, de material blando, gruesos, y de bajo peso con objeto de mejorar su agarre y manipulaci\u00f3n. Este Kit est\u00e1 incluye una cuchara sopera, un tenedor, un cuchillo y una cucharilla. El intencionado color rojo de esta cuberter\u00eda va encaminado a estimular el apetito y mejorar la ingesta de [&hellip;]\" \/>\n<meta property=\"og:url\" content=\"https:\/\/aleupa.com\/?product=kit-de-cubiertos-alzheimer\" \/>\n<meta property=\"og:site_name\" content=\"Ortopedia Aleupa\" \/>\n<meta property=\"article:modified_time\" content=\"2021-06-14T17:18:22+00:00\" \/>\n<meta property=\"og:image\" content=\"https:\/\/aleupa.com\/wp-content\/uploads\/2021\/06\/CUBIERTOS-ALZHEIMER.jpg\" \/>\n\t<meta property=\"og:image:width\" content=\"500\" \/>\n\t<meta property=\"og:image:height\" content=\"500\" \/>\n\t<meta property=\"og:image:type\" content=\"image\/jpeg\" \/>\n<meta name=\"twitter:card\" content=\"summary_large_image\" \/>\n<meta name=\"twitter:label1\" content=\"Tiempo de lectura\" \/>\n\t<meta name=\"twitter:data1\" content=\"1 minuto\" \/>\n<script type=\"application\/ld+json\" class=\"yoast-schema-graph\">{\"@context\":\"https:\/\/schema.org\",\"@graph\":[{\"@type\":\"WebPage\",\"@id\":\"https:\/\/aleupa.com\/?product=kit-de-cubiertos-alzheimer\",\"url\":\"https:\/\/aleupa.com\/?product=kit-de-cubiertos-alzheimer\",\"name\":\"Juego de cubiertos Alzheimer - Ortopedia Aleupa\",\"isPartOf\":{\"@id\":\"https:\/\/aleupa.com\/#website\"},\"primaryImageOfPage\":{\"@id\":\"https:\/\/aleupa.com\/?product=kit-de-cubiertos-alzheimer#primaryimage\"},\"image\":{\"@id\":\"https:\/\/aleupa.com\/?product=kit-de-cubiertos-alzheimer#primaryimage\"},\"thumbnailUrl\":\"https:\/\/aleupa.com\/wp-content\/uploads\/2021\/06\/CUBIERTOS-ALZHEIMER.jpg\",\"datePublished\":\"2021-06-12T12:18:10+00:00\",\"dateModified\":\"2021-06-14T17:18:22+00:00\",\"breadcrumb\":{\"@id\":\"https:\/\/aleupa.com\/?product=kit-de-cubiertos-alzheimer#breadcrumb\"},\"inLanguage\":\"es\",\"potentialAction\":[{\"@type\":\"ReadAction\",\"target\":[\"https:\/\/aleupa.com\/?product=kit-de-cubiertos-alzheimer\"]}]},{\"@type\":\"ImageObject\",\"inLanguage\":\"es\",\"@id\":\"https:\/\/aleupa.com\/?product=kit-de-cubiertos-alzheimer#primaryimage\",\"url\":\"https:\/\/aleupa.com\/wp-content\/uploads\/2021\/06\/CUBIERTOS-ALZHEIMER.jpg\",\"contentUrl\":\"https:\/\/aleupa.com\/wp-content\/uploads\/2021\/06\/CUBIERTOS-ALZHEIMER.jpg\",\"width\":500,\"height\":500},{\"@type\":\"BreadcrumbList\",\"@id\":\"https:\/\/aleupa.com\/?product=kit-de-cubiertos-alzheimer#breadcrumb\",\"itemListElement\":[{\"@type\":\"ListItem\",\"position\":1,\"name\":\"Portada\",\"item\":\"https:\/\/aleupa.com\/\"},{\"@type\":\"ListItem\",\"position\":2,\"name\":\"Tienda\",\"item\":\"https:\/\/aleupa.com\/?page_id=802\"},{\"@type\":\"ListItem\",\"position\":3,\"name\":\"Juego de cubiertos Alzheimer\"}]},{\"@type\":\"WebSite\",\"@id\":\"https:\/\/aleupa.com\/#website\",\"url\":\"https:\/\/aleupa.com\/\",\"name\":\"Ortopedia Aleupa\",\"description\":\"Ayudas a la dependencia\",\"alternateName\":\"Ortopedia en Puerto de la Cruz, Tenerife\",\"potentialAction\":[{\"@type\":\"SearchAction\",\"target\":{\"@type\":\"EntryPoint\",\"urlTemplate\":\"https:\/\/aleupa.com\/?s={search_term_string}\"},\"query-input\":{\"@type\":\"PropertyValueSpecification\",\"valueRequired\":true,\"valueName\":\"search_term_string\"}}],\"inLanguage\":\"es\"}]}<\/script>\n<!-- \/ Yoast SEO plugin. -->","yoast_head_json":{"title":"Juego de cubiertos Alzheimer - Ortopedia Aleupa","robots":{"index":"index","follow":"follow","max-snippet":"max-snippet:-1","max-image-preview":"max-image-preview:large","max-video-preview":"max-video-preview:-1"},"canonical":"https:\/\/aleupa.com\/?product=kit-de-cubiertos-alzheimer","og_locale":"es_ES","og_type":"article","og_title":"Juego de cubiertos Alzheimer - Ortopedia Aleupa","og_description":"Los mangos de estos cubiertos son suaves, de material blando, gruesos, y de bajo peso con objeto de mejorar su agarre y manipulaci\u00f3n. Este Kit est\u00e1 incluye una cuchara sopera, un tenedor, un cuchillo y una cucharilla. El intencionado color rojo de esta cuberter\u00eda va encaminado a estimular el apetito y mejorar la ingesta de [&hellip;]","og_url":"https:\/\/aleupa.com\/?product=kit-de-cubiertos-alzheimer","og_site_name":"Ortopedia Aleupa","article_modified_time":"2021-06-14T17:18:22+00:00","og_image":[{"width":500,"height":500,"url":"https:\/\/aleupa.com\/wp-content\/uploads\/2021\/06\/CUBIERTOS-ALZHEIMER.jpg","type":"image\/jpeg"}],"twitter_card":"summary_large_image","twitter_misc":{"Tiempo de lectura":"1 minuto"},"schema":{"@context":"https:\/\/schema.org","@graph":[{"@type":"WebPage","@id":"https:\/\/aleupa.com\/?product=kit-de-cubiertos-alzheimer","url":"https:\/\/aleupa.com\/?product=kit-de-cubiertos-alzheimer","name":"Juego de cubiertos Alzheimer - Ortopedia Aleupa","isPartOf":{"@id":"https:\/\/aleupa.com\/#website"},"primaryImageOfPage":{"@id":"https:\/\/aleupa.com\/?product=kit-de-cubiertos-alzheimer#primaryimage"},"image":{"@id":"https:\/\/aleupa.com\/?product=kit-de-cubiertos-alzheimer#primaryimage"},"thumbnailUrl":"https:\/\/aleupa.com\/wp-content\/uploads\/2021\/06\/CUBIERTOS-ALZHEIMER.jpg","datePublished":"2021-06-12T12:18:10+00:00","dateModified":"2021-06-14T17:18:22+00:00","breadcrumb":{"@id":"https:\/\/aleupa.com\/?product=kit-de-cubiertos-alzheimer#breadcrumb"},"inLanguage":"es","potentialAction":[{"@type":"ReadAction","target":["https:\/\/aleupa.com\/?product=kit-de-cubiertos-alzheimer"]}]},{"@type":"ImageObject","inLanguage":"es","@id":"https:\/\/aleupa.com\/?product=kit-de-cubiertos-alzheimer#primaryimage","url":"https:\/\/aleupa.com\/wp-content\/uploads\/2021\/06\/CUBIERTOS-ALZHEIMER.jpg","contentUrl":"https:\/\/aleupa.com\/wp-content\/uploads\/2021\/06\/CUBIERTOS-ALZHEIMER.jpg","width":500,"height":500},{"@type":"BreadcrumbList","@id":"https:\/\/aleupa.com\/?product=kit-de-cubiertos-alzheimer#breadcrumb","itemListElement":[{"@type":"ListItem","position":1,"name":"Portada","item":"https:\/\/aleupa.com\/"},{"@type":"ListItem","position":2,"name":"Tienda","item":"https:\/\/aleupa.com\/?page_id=802"},{"@type":"ListItem","position":3,"name":"Juego de cubiertos Alzheimer"}]},{"@type":"WebSite","@id":"https:\/\/aleupa.com\/#website","url":"https:\/\/aleupa.com\/","name":"Ortopedia Aleupa","description":"Ayudas a la dependencia","alternateName":"Ortopedia en Puerto de la Cruz, Tenerife","potentialAction":[{"@type":"SearchAction","target":{"@type":"EntryPoint","urlTemplate":"https:\/\/aleupa.com\/?s={search_term_string}"},"query-input":{"@type":"PropertyValueSpecification","valueRequired":true,"valueName":"search_term_string"}}],"inLanguage":"es"}]}},"_links":{"self":[{"href":"https:\/\/aleupa.com\/index.php?rest_route=\/wp\/v2\/product\/5090","targetHints":{"allow":["GET"]}}],"collection":[{"href":"https:\/\/aleupa.com\/index.php?rest_route=\/wp\/v2\/product"}],"about":[{"href":"https:\/\/aleupa.com\/index.php?rest_route=\/wp\/v2\/types\/product"}],"replies":[{"embeddable":true,"href":"https:\/\/aleupa.com\/index.php?rest_route=%2Fwp%2Fv2%2Fcomments&post=5090"}],"wp:featuredmedia":[{"embeddable":true,"href":"https:\/\/aleupa.com\/index.php?rest_route=\/wp\/v2\/media\/5092"}],"wp:attachment":[{"href":"https:\/\/aleupa.com\/index.php?rest_route=%2Fwp%2Fv2%2Fmedia&parent=5090"}],"wp:term":[{"taxonomy":"product_brand","embeddable":true,"href":"https:\/\/aleupa.com\/index.php?rest_route=%2Fwp%2Fv2%2Fproduct_brand&post=5090"},{"taxonomy":"product_cat","embeddable":true,"href":"https:\/\/aleupa.com\/index.php?rest_route=%2Fwp%2Fv2%2Fproduct_cat&post=5090"},{"taxonomy":"product_tag","embeddable":true,"href":"https:\/\/aleupa.com\/index.php?rest_route=%2Fwp%2Fv2%2Fproduct_tag&post=5090"}],"curies":[{"name":"wp","href":"https:\/\/api.w.org\/{rel}","templated":true}]}}