{"id":5122,"date":"2021-06-16T12:40:19","date_gmt":"2021-06-16T12:40:19","guid":{"rendered":"https:\/\/www.aleupa.com\/?post_type=product&#038;p=5122"},"modified":"2021-06-16T12:40:24","modified_gmt":"2021-06-16T12:40:24","slug":"cubiertos-infantiles-henro-grip-para-zurdos-y-diestros","status":"publish","type":"product","link":"https:\/\/aleupa.com\/?product=cubiertos-infantiles-henro-grip-para-zurdos-y-diestros","title":{"rendered":"Cubiertos infantiles Henro-Grip, para zurdos y diestros."},"content":{"rendered":"<p>Cubiertos ideales para ni\u00f1os a los que cuesta comer por tener su funci\u00f3n muscular reducida.<\/p>\n<p>Se adaptan c\u00f3modamente a la mano.<\/p>\n<p>Dise\u00f1ados con mangos curvos para hacer f\u00e1cil el agarre.<\/p>\n<p>Son antideslizantes y aptos para zurdos y diestros.<\/p>\n<p>Los cubiertos para zurdos son de color verde.\u00a0 Los cubiertos para diestros, de color azul<\/p>\n<p>Especialmente dise\u00f1ados para ni\u00f1os hasta 8 a\u00f1os.<\/p>\n<p>Peso 39 gr, longitud 14,5 cm.<\/p>\n<p>&nbsp;<\/p>\n","protected":false},"excerpt":{"rendered":"<p>Cubiertos adaptados infantiles de f\u00e1cil agarre para ni\u00f1os zurdos o diestros<\/p>\n","protected":false},"featured_media":5127,"comment_status":"closed","ping_status":"closed","template":"","meta":{"_et_pb_use_builder":"","_et_pb_old_content":"","_et_gb_content_width":""},"product_brand":[],"product_cat":[231,97],"product_tag":[678,704,707,390],"class_list":{"0":"post-5122","1":"product","2":"type-product","3":"status-publish","4":"has-post-thumbnail","6":"product_cat-cubiertos","7":"product_cat-lactancia-y-alimentacion","8":"product_tag-ayudas-para-comer","9":"product_tag-cubiertos-adaptados","10":"product_tag-cubiertos-para-ninos","11":"product_tag-vida-diaria","13":"first","14":"instock","15":"shipping-taxable","16":"purchasable","17":"product-type-variable"},"yoast_head":"<!-- This site is optimized with the Yoast SEO plugin v26.2 - https:\/\/yoast.com\/wordpress\/plugins\/seo\/ -->\n<title>Cubiertos infantiles Henro-Grip, para zurdos y diestros. - Ortopedia Aleupa<\/title>\n<meta name=\"robots\" content=\"index, follow, max-snippet:-1, max-image-preview:large, max-video-preview:-1\" \/>\n<link rel=\"canonical\" href=\"https:\/\/aleupa.com\/?product=cubiertos-infantiles-henro-grip-para-zurdos-y-diestros\" \/>\n<meta property=\"og:locale\" content=\"es_ES\" \/>\n<meta property=\"og:type\" content=\"article\" \/>\n<meta property=\"og:title\" content=\"Cubiertos infantiles Henro-Grip, para zurdos y diestros. - Ortopedia Aleupa\" \/>\n<meta property=\"og:description\" content=\"Cubiertos adaptados infantiles de f\u00e1cil agarre para ni\u00f1os zurdos o diestros\" \/>\n<meta property=\"og:url\" content=\"https:\/\/aleupa.com\/?product=cubiertos-infantiles-henro-grip-para-zurdos-y-diestros\" \/>\n<meta property=\"og:site_name\" content=\"Ortopedia Aleupa\" \/>\n<meta property=\"article:modified_time\" content=\"2021-06-16T12:40:24+00:00\" \/>\n<meta property=\"og:image\" content=\"https:\/\/aleupa.com\/wp-content\/uploads\/2021\/06\/1300_1000_0_pr655511-copia.jpg\" \/>\n\t<meta property=\"og:image:width\" content=\"500\" \/>\n\t<meta property=\"og:image:height\" content=\"500\" \/>\n\t<meta property=\"og:image:type\" content=\"image\/jpeg\" \/>\n<meta name=\"twitter:card\" content=\"summary_large_image\" \/>\n<meta name=\"twitter:label1\" content=\"Tiempo de lectura\" \/>\n\t<meta name=\"twitter:data1\" content=\"1 minuto\" \/>\n<script type=\"application\/ld+json\" class=\"yoast-schema-graph\">{\"@context\":\"https:\/\/schema.org\",\"@graph\":[{\"@type\":\"WebPage\",\"@id\":\"https:\/\/aleupa.com\/?product=cubiertos-infantiles-henro-grip-para-zurdos-y-diestros\",\"url\":\"https:\/\/aleupa.com\/?product=cubiertos-infantiles-henro-grip-para-zurdos-y-diestros\",\"name\":\"Cubiertos infantiles Henro-Grip, para zurdos y diestros. - Ortopedia Aleupa\",\"isPartOf\":{\"@id\":\"https:\/\/aleupa.com\/#website\"},\"primaryImageOfPage\":{\"@id\":\"https:\/\/aleupa.com\/?product=cubiertos-infantiles-henro-grip-para-zurdos-y-diestros#primaryimage\"},\"image\":{\"@id\":\"https:\/\/aleupa.com\/?product=cubiertos-infantiles-henro-grip-para-zurdos-y-diestros#primaryimage\"},\"thumbnailUrl\":\"https:\/\/aleupa.com\/wp-content\/uploads\/2021\/06\/1300_1000_0_pr655511-copia.jpg\",\"datePublished\":\"2021-06-16T12:40:19+00:00\",\"dateModified\":\"2021-06-16T12:40:24+00:00\",\"breadcrumb\":{\"@id\":\"https:\/\/aleupa.com\/?product=cubiertos-infantiles-henro-grip-para-zurdos-y-diestros#breadcrumb\"},\"inLanguage\":\"es\",\"potentialAction\":[{\"@type\":\"ReadAction\",\"target\":[\"https:\/\/aleupa.com\/?product=cubiertos-infantiles-henro-grip-para-zurdos-y-diestros\"]}]},{\"@type\":\"ImageObject\",\"inLanguage\":\"es\",\"@id\":\"https:\/\/aleupa.com\/?product=cubiertos-infantiles-henro-grip-para-zurdos-y-diestros#primaryimage\",\"url\":\"https:\/\/aleupa.com\/wp-content\/uploads\/2021\/06\/1300_1000_0_pr655511-copia.jpg\",\"contentUrl\":\"https:\/\/aleupa.com\/wp-content\/uploads\/2021\/06\/1300_1000_0_pr655511-copia.jpg\",\"width\":500,\"height\":500},{\"@type\":\"BreadcrumbList\",\"@id\":\"https:\/\/aleupa.com\/?product=cubiertos-infantiles-henro-grip-para-zurdos-y-diestros#breadcrumb\",\"itemListElement\":[{\"@type\":\"ListItem\",\"position\":1,\"name\":\"Portada\",\"item\":\"https:\/\/aleupa.com\/\"},{\"@type\":\"ListItem\",\"position\":2,\"name\":\"Tienda\",\"item\":\"https:\/\/aleupa.com\/?page_id=802\"},{\"@type\":\"ListItem\",\"position\":3,\"name\":\"Cubiertos infantiles Henro-Grip, para zurdos y diestros.\"}]},{\"@type\":\"WebSite\",\"@id\":\"https:\/\/aleupa.com\/#website\",\"url\":\"https:\/\/aleupa.com\/\",\"name\":\"Ortopedia Aleupa\",\"description\":\"Ayudas a la dependencia\",\"alternateName\":\"Ortopedia en Puerto de la Cruz, Tenerife\",\"potentialAction\":[{\"@type\":\"SearchAction\",\"target\":{\"@type\":\"EntryPoint\",\"urlTemplate\":\"https:\/\/aleupa.com\/?s={search_term_string}\"},\"query-input\":{\"@type\":\"PropertyValueSpecification\",\"valueRequired\":true,\"valueName\":\"search_term_string\"}}],\"inLanguage\":\"es\"}]}<\/script>\n<!-- \/ Yoast SEO plugin. -->","yoast_head_json":{"title":"Cubiertos infantiles Henro-Grip, para zurdos y diestros. - Ortopedia Aleupa","robots":{"index":"index","follow":"follow","max-snippet":"max-snippet:-1","max-image-preview":"max-image-preview:large","max-video-preview":"max-video-preview:-1"},"canonical":"https:\/\/aleupa.com\/?product=cubiertos-infantiles-henro-grip-para-zurdos-y-diestros","og_locale":"es_ES","og_type":"article","og_title":"Cubiertos infantiles Henro-Grip, para zurdos y diestros. - Ortopedia Aleupa","og_description":"Cubiertos adaptados infantiles de f\u00e1cil agarre para ni\u00f1os zurdos o diestros","og_url":"https:\/\/aleupa.com\/?product=cubiertos-infantiles-henro-grip-para-zurdos-y-diestros","og_site_name":"Ortopedia Aleupa","article_modified_time":"2021-06-16T12:40:24+00:00","og_image":[{"width":500,"height":500,"url":"https:\/\/aleupa.com\/wp-content\/uploads\/2021\/06\/1300_1000_0_pr655511-copia.jpg","type":"image\/jpeg"}],"twitter_card":"summary_large_image","twitter_misc":{"Tiempo de lectura":"1 minuto"},"schema":{"@context":"https:\/\/schema.org","@graph":[{"@type":"WebPage","@id":"https:\/\/aleupa.com\/?product=cubiertos-infantiles-henro-grip-para-zurdos-y-diestros","url":"https:\/\/aleupa.com\/?product=cubiertos-infantiles-henro-grip-para-zurdos-y-diestros","name":"Cubiertos infantiles Henro-Grip, para zurdos y diestros. - Ortopedia Aleupa","isPartOf":{"@id":"https:\/\/aleupa.com\/#website"},"primaryImageOfPage":{"@id":"https:\/\/aleupa.com\/?product=cubiertos-infantiles-henro-grip-para-zurdos-y-diestros#primaryimage"},"image":{"@id":"https:\/\/aleupa.com\/?product=cubiertos-infantiles-henro-grip-para-zurdos-y-diestros#primaryimage"},"thumbnailUrl":"https:\/\/aleupa.com\/wp-content\/uploads\/2021\/06\/1300_1000_0_pr655511-copia.jpg","datePublished":"2021-06-16T12:40:19+00:00","dateModified":"2021-06-16T12:40:24+00:00","breadcrumb":{"@id":"https:\/\/aleupa.com\/?product=cubiertos-infantiles-henro-grip-para-zurdos-y-diestros#breadcrumb"},"inLanguage":"es","potentialAction":[{"@type":"ReadAction","target":["https:\/\/aleupa.com\/?product=cubiertos-infantiles-henro-grip-para-zurdos-y-diestros"]}]},{"@type":"ImageObject","inLanguage":"es","@id":"https:\/\/aleupa.com\/?product=cubiertos-infantiles-henro-grip-para-zurdos-y-diestros#primaryimage","url":"https:\/\/aleupa.com\/wp-content\/uploads\/2021\/06\/1300_1000_0_pr655511-copia.jpg","contentUrl":"https:\/\/aleupa.com\/wp-content\/uploads\/2021\/06\/1300_1000_0_pr655511-copia.jpg","width":500,"height":500},{"@type":"BreadcrumbList","@id":"https:\/\/aleupa.com\/?product=cubiertos-infantiles-henro-grip-para-zurdos-y-diestros#breadcrumb","itemListElement":[{"@type":"ListItem","position":1,"name":"Portada","item":"https:\/\/aleupa.com\/"},{"@type":"ListItem","position":2,"name":"Tienda","item":"https:\/\/aleupa.com\/?page_id=802"},{"@type":"ListItem","position":3,"name":"Cubiertos infantiles Henro-Grip, para zurdos y diestros."}]},{"@type":"WebSite","@id":"https:\/\/aleupa.com\/#website","url":"https:\/\/aleupa.com\/","name":"Ortopedia Aleupa","description":"Ayudas a la dependencia","alternateName":"Ortopedia en Puerto de la Cruz, Tenerife","potentialAction":[{"@type":"SearchAction","target":{"@type":"EntryPoint","urlTemplate":"https:\/\/aleupa.com\/?s={search_term_string}"},"query-input":{"@type":"PropertyValueSpecification","valueRequired":true,"valueName":"search_term_string"}}],"inLanguage":"es"}]}},"_links":{"self":[{"href":"https:\/\/aleupa.com\/index.php?rest_route=\/wp\/v2\/product\/5122","targetHints":{"allow":["GET"]}}],"collection":[{"href":"https:\/\/aleupa.com\/index.php?rest_route=\/wp\/v2\/product"}],"about":[{"href":"https:\/\/aleupa.com\/index.php?rest_route=\/wp\/v2\/types\/product"}],"replies":[{"embeddable":true,"href":"https:\/\/aleupa.com\/index.php?rest_route=%2Fwp%2Fv2%2Fcomments&post=5122"}],"wp:featuredmedia":[{"embeddable":true,"href":"https:\/\/aleupa.com\/index.php?rest_route=\/wp\/v2\/media\/5127"}],"wp:attachment":[{"href":"https:\/\/aleupa.com\/index.php?rest_route=%2Fwp%2Fv2%2Fmedia&parent=5122"}],"wp:term":[{"taxonomy":"product_brand","embeddable":true,"href":"https:\/\/aleupa.com\/index.php?rest_route=%2Fwp%2Fv2%2Fproduct_brand&post=5122"},{"taxonomy":"product_cat","embeddable":true,"href":"https:\/\/aleupa.com\/index.php?rest_route=%2Fwp%2Fv2%2Fproduct_cat&post=5122"},{"taxonomy":"product_tag","embeddable":true,"href":"https:\/\/aleupa.com\/index.php?rest_route=%2Fwp%2Fv2%2Fproduct_tag&post=5122"}],"curies":[{"name":"wp","href":"https:\/\/api.w.org\/{rel}","templated":true}]}}