{"id":5136,"date":"2021-06-18T10:36:47","date_gmt":"2021-06-18T10:36:47","guid":{"rendered":"https:\/\/www.aleupa.com\/?post_type=product&#038;p=5136"},"modified":"2021-06-18T10:36:49","modified_gmt":"2021-06-18T10:36:49","slug":"cubiertos-ultraligeros-de-mango-foamizado","status":"publish","type":"product","link":"https:\/\/aleupa.com\/?product=cubiertos-ultraligeros-de-mango-foamizado","title":{"rendered":"Cubiertos ultraligeros de mango foamizado"},"content":{"rendered":"<p>Estos cubiertos,de acero inoxidable, montados en cuerpo de pl\u00e1stico e integrados higienicamente<\/p>\n<p>en un mango ligero de goma espuma gris, proporcionan ayuda a los que no pueden tolerar el peso<\/p>\n<p>de los cubiertos est\u00e1ndares o que poseen debilidad muscular y\/o dificultades en el agarre.<\/p>\n<p>La goma espuma de la empu\u00f1adura, de c\u00e9lula cerrada, tiene forma levemente c\u00f3nica y<\/p>\n<p>est\u00e1 contorneada anat\u00f3micamente para adaptarse perfectamente a los dedos.<\/p>\n<p>Longitu del mango:\u00a0 115 mm.\u00a0 Di\u00e1metro:\u00a0 28 mm.<\/p>\n<p>Peso:\u00a0 34g.<\/p>\n<p>Lavado:\u00a0 agua caliente y detergente,\u00a0 enjuague y seque.<\/p>\n","protected":false},"excerpt":{"rendered":"<p>Cubiertos ultraligeros con mango de goma espuma.<\/p>\n","protected":false},"featured_media":5137,"comment_status":"closed","ping_status":"closed","template":"","meta":{"_et_pb_use_builder":"","_et_pb_old_content":"","_et_gb_content_width":""},"product_brand":[],"product_cat":[231],"product_tag":[],"class_list":{"0":"post-5136","1":"product","2":"type-product","3":"status-publish","4":"has-post-thumbnail","6":"product_cat-cubiertos","8":"first","9":"instock","10":"shipping-taxable","11":"purchasable","12":"product-type-variable"},"yoast_head":"<!-- This site is optimized with the Yoast SEO plugin v26.2 - https:\/\/yoast.com\/wordpress\/plugins\/seo\/ -->\n<title>Cubiertos ultraligeros de mango foamizado - Ortopedia Aleupa<\/title>\n<meta name=\"robots\" content=\"index, follow, max-snippet:-1, max-image-preview:large, max-video-preview:-1\" \/>\n<link rel=\"canonical\" href=\"https:\/\/aleupa.com\/?product=cubiertos-ultraligeros-de-mango-foamizado\" \/>\n<meta property=\"og:locale\" content=\"es_ES\" \/>\n<meta property=\"og:type\" content=\"article\" \/>\n<meta property=\"og:title\" content=\"Cubiertos ultraligeros de mango foamizado - Ortopedia Aleupa\" \/>\n<meta property=\"og:description\" content=\"Cubiertos ultraligeros con mango de goma espuma.\" \/>\n<meta property=\"og:url\" content=\"https:\/\/aleupa.com\/?product=cubiertos-ultraligeros-de-mango-foamizado\" \/>\n<meta property=\"og:site_name\" content=\"Ortopedia Aleupa\" \/>\n<meta property=\"article:modified_time\" content=\"2021-06-18T10:36:49+00:00\" \/>\n<meta property=\"og:image\" content=\"https:\/\/aleupa.com\/wp-content\/uploads\/2021\/06\/Lightweight_Foam_Handled_Cutlery_Full_Set-1000x1000-1.jpg\" \/>\n\t<meta property=\"og:image:width\" content=\"500\" \/>\n\t<meta property=\"og:image:height\" content=\"500\" \/>\n\t<meta property=\"og:image:type\" content=\"image\/jpeg\" \/>\n<meta name=\"twitter:card\" content=\"summary_large_image\" \/>\n<meta name=\"twitter:label1\" content=\"Tiempo de lectura\" \/>\n\t<meta name=\"twitter:data1\" content=\"1 minuto\" \/>\n<script type=\"application\/ld+json\" class=\"yoast-schema-graph\">{\"@context\":\"https:\/\/schema.org\",\"@graph\":[{\"@type\":\"WebPage\",\"@id\":\"https:\/\/aleupa.com\/?product=cubiertos-ultraligeros-de-mango-foamizado\",\"url\":\"https:\/\/aleupa.com\/?product=cubiertos-ultraligeros-de-mango-foamizado\",\"name\":\"Cubiertos ultraligeros de mango foamizado - Ortopedia Aleupa\",\"isPartOf\":{\"@id\":\"https:\/\/aleupa.com\/#website\"},\"primaryImageOfPage\":{\"@id\":\"https:\/\/aleupa.com\/?product=cubiertos-ultraligeros-de-mango-foamizado#primaryimage\"},\"image\":{\"@id\":\"https:\/\/aleupa.com\/?product=cubiertos-ultraligeros-de-mango-foamizado#primaryimage\"},\"thumbnailUrl\":\"https:\/\/aleupa.com\/wp-content\/uploads\/2021\/06\/Lightweight_Foam_Handled_Cutlery_Full_Set-1000x1000-1.jpg\",\"datePublished\":\"2021-06-18T10:36:47+00:00\",\"dateModified\":\"2021-06-18T10:36:49+00:00\",\"breadcrumb\":{\"@id\":\"https:\/\/aleupa.com\/?product=cubiertos-ultraligeros-de-mango-foamizado#breadcrumb\"},\"inLanguage\":\"es\",\"potentialAction\":[{\"@type\":\"ReadAction\",\"target\":[\"https:\/\/aleupa.com\/?product=cubiertos-ultraligeros-de-mango-foamizado\"]}]},{\"@type\":\"ImageObject\",\"inLanguage\":\"es\",\"@id\":\"https:\/\/aleupa.com\/?product=cubiertos-ultraligeros-de-mango-foamizado#primaryimage\",\"url\":\"https:\/\/aleupa.com\/wp-content\/uploads\/2021\/06\/Lightweight_Foam_Handled_Cutlery_Full_Set-1000x1000-1.jpg\",\"contentUrl\":\"https:\/\/aleupa.com\/wp-content\/uploads\/2021\/06\/Lightweight_Foam_Handled_Cutlery_Full_Set-1000x1000-1.jpg\",\"width\":500,\"height\":500},{\"@type\":\"BreadcrumbList\",\"@id\":\"https:\/\/aleupa.com\/?product=cubiertos-ultraligeros-de-mango-foamizado#breadcrumb\",\"itemListElement\":[{\"@type\":\"ListItem\",\"position\":1,\"name\":\"Portada\",\"item\":\"https:\/\/aleupa.com\/\"},{\"@type\":\"ListItem\",\"position\":2,\"name\":\"Tienda\",\"item\":\"https:\/\/aleupa.com\/?page_id=802\"},{\"@type\":\"ListItem\",\"position\":3,\"name\":\"Cubiertos ultraligeros de mango foamizado\"}]},{\"@type\":\"WebSite\",\"@id\":\"https:\/\/aleupa.com\/#website\",\"url\":\"https:\/\/aleupa.com\/\",\"name\":\"Ortopedia Aleupa\",\"description\":\"Ayudas a la dependencia\",\"alternateName\":\"Ortopedia en Puerto de la Cruz, Tenerife\",\"potentialAction\":[{\"@type\":\"SearchAction\",\"target\":{\"@type\":\"EntryPoint\",\"urlTemplate\":\"https:\/\/aleupa.com\/?s={search_term_string}\"},\"query-input\":{\"@type\":\"PropertyValueSpecification\",\"valueRequired\":true,\"valueName\":\"search_term_string\"}}],\"inLanguage\":\"es\"}]}<\/script>\n<!-- \/ Yoast SEO plugin. -->","yoast_head_json":{"title":"Cubiertos ultraligeros de mango foamizado - Ortopedia Aleupa","robots":{"index":"index","follow":"follow","max-snippet":"max-snippet:-1","max-image-preview":"max-image-preview:large","max-video-preview":"max-video-preview:-1"},"canonical":"https:\/\/aleupa.com\/?product=cubiertos-ultraligeros-de-mango-foamizado","og_locale":"es_ES","og_type":"article","og_title":"Cubiertos ultraligeros de mango foamizado - Ortopedia Aleupa","og_description":"Cubiertos ultraligeros con mango de goma espuma.","og_url":"https:\/\/aleupa.com\/?product=cubiertos-ultraligeros-de-mango-foamizado","og_site_name":"Ortopedia Aleupa","article_modified_time":"2021-06-18T10:36:49+00:00","og_image":[{"width":500,"height":500,"url":"https:\/\/aleupa.com\/wp-content\/uploads\/2021\/06\/Lightweight_Foam_Handled_Cutlery_Full_Set-1000x1000-1.jpg","type":"image\/jpeg"}],"twitter_card":"summary_large_image","twitter_misc":{"Tiempo de lectura":"1 minuto"},"schema":{"@context":"https:\/\/schema.org","@graph":[{"@type":"WebPage","@id":"https:\/\/aleupa.com\/?product=cubiertos-ultraligeros-de-mango-foamizado","url":"https:\/\/aleupa.com\/?product=cubiertos-ultraligeros-de-mango-foamizado","name":"Cubiertos ultraligeros de mango foamizado - Ortopedia Aleupa","isPartOf":{"@id":"https:\/\/aleupa.com\/#website"},"primaryImageOfPage":{"@id":"https:\/\/aleupa.com\/?product=cubiertos-ultraligeros-de-mango-foamizado#primaryimage"},"image":{"@id":"https:\/\/aleupa.com\/?product=cubiertos-ultraligeros-de-mango-foamizado#primaryimage"},"thumbnailUrl":"https:\/\/aleupa.com\/wp-content\/uploads\/2021\/06\/Lightweight_Foam_Handled_Cutlery_Full_Set-1000x1000-1.jpg","datePublished":"2021-06-18T10:36:47+00:00","dateModified":"2021-06-18T10:36:49+00:00","breadcrumb":{"@id":"https:\/\/aleupa.com\/?product=cubiertos-ultraligeros-de-mango-foamizado#breadcrumb"},"inLanguage":"es","potentialAction":[{"@type":"ReadAction","target":["https:\/\/aleupa.com\/?product=cubiertos-ultraligeros-de-mango-foamizado"]}]},{"@type":"ImageObject","inLanguage":"es","@id":"https:\/\/aleupa.com\/?product=cubiertos-ultraligeros-de-mango-foamizado#primaryimage","url":"https:\/\/aleupa.com\/wp-content\/uploads\/2021\/06\/Lightweight_Foam_Handled_Cutlery_Full_Set-1000x1000-1.jpg","contentUrl":"https:\/\/aleupa.com\/wp-content\/uploads\/2021\/06\/Lightweight_Foam_Handled_Cutlery_Full_Set-1000x1000-1.jpg","width":500,"height":500},{"@type":"BreadcrumbList","@id":"https:\/\/aleupa.com\/?product=cubiertos-ultraligeros-de-mango-foamizado#breadcrumb","itemListElement":[{"@type":"ListItem","position":1,"name":"Portada","item":"https:\/\/aleupa.com\/"},{"@type":"ListItem","position":2,"name":"Tienda","item":"https:\/\/aleupa.com\/?page_id=802"},{"@type":"ListItem","position":3,"name":"Cubiertos ultraligeros de mango foamizado"}]},{"@type":"WebSite","@id":"https:\/\/aleupa.com\/#website","url":"https:\/\/aleupa.com\/","name":"Ortopedia Aleupa","description":"Ayudas a la dependencia","alternateName":"Ortopedia en Puerto de la Cruz, Tenerife","potentialAction":[{"@type":"SearchAction","target":{"@type":"EntryPoint","urlTemplate":"https:\/\/aleupa.com\/?s={search_term_string}"},"query-input":{"@type":"PropertyValueSpecification","valueRequired":true,"valueName":"search_term_string"}}],"inLanguage":"es"}]}},"_links":{"self":[{"href":"https:\/\/aleupa.com\/index.php?rest_route=\/wp\/v2\/product\/5136","targetHints":{"allow":["GET"]}}],"collection":[{"href":"https:\/\/aleupa.com\/index.php?rest_route=\/wp\/v2\/product"}],"about":[{"href":"https:\/\/aleupa.com\/index.php?rest_route=\/wp\/v2\/types\/product"}],"replies":[{"embeddable":true,"href":"https:\/\/aleupa.com\/index.php?rest_route=%2Fwp%2Fv2%2Fcomments&post=5136"}],"wp:featuredmedia":[{"embeddable":true,"href":"https:\/\/aleupa.com\/index.php?rest_route=\/wp\/v2\/media\/5137"}],"wp:attachment":[{"href":"https:\/\/aleupa.com\/index.php?rest_route=%2Fwp%2Fv2%2Fmedia&parent=5136"}],"wp:term":[{"taxonomy":"product_brand","embeddable":true,"href":"https:\/\/aleupa.com\/index.php?rest_route=%2Fwp%2Fv2%2Fproduct_brand&post=5136"},{"taxonomy":"product_cat","embeddable":true,"href":"https:\/\/aleupa.com\/index.php?rest_route=%2Fwp%2Fv2%2Fproduct_cat&post=5136"},{"taxonomy":"product_tag","embeddable":true,"href":"https:\/\/aleupa.com\/index.php?rest_route=%2Fwp%2Fv2%2Fproduct_tag&post=5136"}],"curies":[{"name":"wp","href":"https:\/\/api.w.org\/{rel}","templated":true}]}}