{"id":520,"date":"2016-06-14T20:20:41","date_gmt":"2016-06-14T20:20:41","guid":{"rendered":"http:\/\/www.aleupa.com\/?post_type=product&#038;p=520"},"modified":"2020-11-16T13:22:53","modified_gmt":"2020-11-16T13:22:53","slug":"lavapies-3-en-1","status":"publish","type":"product","link":"https:\/\/aleupa.com\/?product=lavapies-3-en-1","title":{"rendered":"Lavapi\u00e9s 3 en 1"},"content":{"rendered":"<p style=\"text-align: justify\">Para lavar los pies sin agacharse y pudiendo elegir dos tipos de cerdas, unas m\u00e1s duras y otras m\u00e1s blandas y suaves. \u00a0Una piedra pomez central facilita la exfoliaci\u00f3n de la planta del pie.<\/p>\n<p style=\"text-align: justify\">Unas potentes ventosas permiten una fijaci\u00f3n segura al suelo del plato de ducha o de la ba\u00f1era.<\/p>\n<p style=\"text-align: justify\">Basta con humedecer, aplicar jab\u00f3n y frotar la planta de los pies en la parte deseada al tiempo que obtiene un agradable y reparador masaje.<\/p>\n<p style=\"text-align: justify\">Medidas: \u00a028&#215;15,7&#215;3,2 cm.<\/p>\n<p style=\"text-align: justify\">Peso: \u00a0284 g.<\/p>\n","protected":false},"excerpt":{"rendered":"<p>Para lavar los pies sin agacharse y pudiendo elegir dos tipos de cerdas, unas m\u00e1s duras y otras m\u00e1s blandas y suaves. \u00a0Una piedra pomez central facilita la exfoliaci\u00f3n de la planta del pie. Unas potentes ventosas permiten una fijaci\u00f3n segura al suelo del plato de ducha o de la ba\u00f1era. Basta con humedecer, aplicar [&hellip;]<\/p>\n","protected":false},"featured_media":512,"comment_status":"open","ping_status":"closed","template":"","meta":{"_et_pb_use_builder":"","_et_pb_old_content":"","_et_gb_content_width":""},"product_brand":[],"product_cat":[125],"product_tag":[],"class_list":{"0":"post-520","1":"product","2":"type-product","3":"status-publish","4":"has-post-thumbnail","6":"product_cat-accesorios","8":"first","9":"instock","10":"shipping-taxable","11":"purchasable","12":"product-type-simple"},"yoast_head":"<!-- This site is optimized with the Yoast SEO plugin v26.2 - https:\/\/yoast.com\/wordpress\/plugins\/seo\/ -->\n<title>Lavapi\u00e9s 3 en 1 - Ortopedia Aleupa<\/title>\n<meta name=\"robots\" content=\"index, follow, max-snippet:-1, max-image-preview:large, max-video-preview:-1\" \/>\n<link rel=\"canonical\" href=\"https:\/\/aleupa.com\/?product=lavapies-3-en-1\" \/>\n<meta property=\"og:locale\" content=\"es_ES\" \/>\n<meta property=\"og:type\" content=\"article\" \/>\n<meta property=\"og:title\" content=\"Lavapi\u00e9s 3 en 1 - Ortopedia Aleupa\" \/>\n<meta property=\"og:description\" content=\"Para lavar los pies sin agacharse y pudiendo elegir dos tipos de cerdas, unas m\u00e1s duras y otras m\u00e1s blandas y suaves. \u00a0Una piedra pomez central facilita la exfoliaci\u00f3n de la planta del pie. Unas potentes ventosas permiten una fijaci\u00f3n segura al suelo del plato de ducha o de la ba\u00f1era. Basta con humedecer, aplicar [&hellip;]\" \/>\n<meta property=\"og:url\" content=\"https:\/\/aleupa.com\/?product=lavapies-3-en-1\" \/>\n<meta property=\"og:site_name\" content=\"Ortopedia Aleupa\" \/>\n<meta property=\"article:modified_time\" content=\"2020-11-16T13:22:53+00:00\" \/>\n<meta property=\"og:image\" content=\"https:\/\/aleupa.com\/wp-content\/uploads\/2016\/06\/LAVAPIES-3-EN-1-FONTANA.jpg\" \/>\n\t<meta property=\"og:image:width\" content=\"350\" \/>\n\t<meta property=\"og:image:height\" content=\"350\" \/>\n\t<meta property=\"og:image:type\" content=\"image\/jpeg\" \/>\n<meta name=\"twitter:card\" content=\"summary_large_image\" \/>\n<script type=\"application\/ld+json\" class=\"yoast-schema-graph\">{\"@context\":\"https:\/\/schema.org\",\"@graph\":[{\"@type\":\"WebPage\",\"@id\":\"https:\/\/aleupa.com\/?product=lavapies-3-en-1\",\"url\":\"https:\/\/aleupa.com\/?product=lavapies-3-en-1\",\"name\":\"Lavapi\u00e9s 3 en 1 - Ortopedia Aleupa\",\"isPartOf\":{\"@id\":\"https:\/\/aleupa.com\/#website\"},\"primaryImageOfPage\":{\"@id\":\"https:\/\/aleupa.com\/?product=lavapies-3-en-1#primaryimage\"},\"image\":{\"@id\":\"https:\/\/aleupa.com\/?product=lavapies-3-en-1#primaryimage\"},\"thumbnailUrl\":\"https:\/\/aleupa.com\/wp-content\/uploads\/2016\/06\/LAVAPIES-3-EN-1-FONTANA.jpg\",\"datePublished\":\"2016-06-14T20:20:41+00:00\",\"dateModified\":\"2020-11-16T13:22:53+00:00\",\"breadcrumb\":{\"@id\":\"https:\/\/aleupa.com\/?product=lavapies-3-en-1#breadcrumb\"},\"inLanguage\":\"es\",\"potentialAction\":[{\"@type\":\"ReadAction\",\"target\":[\"https:\/\/aleupa.com\/?product=lavapies-3-en-1\"]}]},{\"@type\":\"ImageObject\",\"inLanguage\":\"es\",\"@id\":\"https:\/\/aleupa.com\/?product=lavapies-3-en-1#primaryimage\",\"url\":\"https:\/\/aleupa.com\/wp-content\/uploads\/2016\/06\/LAVAPIES-3-EN-1-FONTANA.jpg\",\"contentUrl\":\"https:\/\/aleupa.com\/wp-content\/uploads\/2016\/06\/LAVAPIES-3-EN-1-FONTANA.jpg\",\"width\":350,\"height\":350},{\"@type\":\"BreadcrumbList\",\"@id\":\"https:\/\/aleupa.com\/?product=lavapies-3-en-1#breadcrumb\",\"itemListElement\":[{\"@type\":\"ListItem\",\"position\":1,\"name\":\"Portada\",\"item\":\"https:\/\/aleupa.com\/\"},{\"@type\":\"ListItem\",\"position\":2,\"name\":\"Tienda\",\"item\":\"https:\/\/aleupa.com\/?page_id=802\"},{\"@type\":\"ListItem\",\"position\":3,\"name\":\"Lavapi\u00e9s 3 en 1\"}]},{\"@type\":\"WebSite\",\"@id\":\"https:\/\/aleupa.com\/#website\",\"url\":\"https:\/\/aleupa.com\/\",\"name\":\"Ortopedia Aleupa\",\"description\":\"Ayudas a la dependencia\",\"alternateName\":\"Ortopedia en Puerto de la Cruz, Tenerife\",\"potentialAction\":[{\"@type\":\"SearchAction\",\"target\":{\"@type\":\"EntryPoint\",\"urlTemplate\":\"https:\/\/aleupa.com\/?s={search_term_string}\"},\"query-input\":{\"@type\":\"PropertyValueSpecification\",\"valueRequired\":true,\"valueName\":\"search_term_string\"}}],\"inLanguage\":\"es\"}]}<\/script>\n<!-- \/ Yoast SEO plugin. -->","yoast_head_json":{"title":"Lavapi\u00e9s 3 en 1 - Ortopedia Aleupa","robots":{"index":"index","follow":"follow","max-snippet":"max-snippet:-1","max-image-preview":"max-image-preview:large","max-video-preview":"max-video-preview:-1"},"canonical":"https:\/\/aleupa.com\/?product=lavapies-3-en-1","og_locale":"es_ES","og_type":"article","og_title":"Lavapi\u00e9s 3 en 1 - Ortopedia Aleupa","og_description":"Para lavar los pies sin agacharse y pudiendo elegir dos tipos de cerdas, unas m\u00e1s duras y otras m\u00e1s blandas y suaves. \u00a0Una piedra pomez central facilita la exfoliaci\u00f3n de la planta del pie. Unas potentes ventosas permiten una fijaci\u00f3n segura al suelo del plato de ducha o de la ba\u00f1era. Basta con humedecer, aplicar [&hellip;]","og_url":"https:\/\/aleupa.com\/?product=lavapies-3-en-1","og_site_name":"Ortopedia Aleupa","article_modified_time":"2020-11-16T13:22:53+00:00","og_image":[{"width":350,"height":350,"url":"https:\/\/aleupa.com\/wp-content\/uploads\/2016\/06\/LAVAPIES-3-EN-1-FONTANA.jpg","type":"image\/jpeg"}],"twitter_card":"summary_large_image","schema":{"@context":"https:\/\/schema.org","@graph":[{"@type":"WebPage","@id":"https:\/\/aleupa.com\/?product=lavapies-3-en-1","url":"https:\/\/aleupa.com\/?product=lavapies-3-en-1","name":"Lavapi\u00e9s 3 en 1 - Ortopedia Aleupa","isPartOf":{"@id":"https:\/\/aleupa.com\/#website"},"primaryImageOfPage":{"@id":"https:\/\/aleupa.com\/?product=lavapies-3-en-1#primaryimage"},"image":{"@id":"https:\/\/aleupa.com\/?product=lavapies-3-en-1#primaryimage"},"thumbnailUrl":"https:\/\/aleupa.com\/wp-content\/uploads\/2016\/06\/LAVAPIES-3-EN-1-FONTANA.jpg","datePublished":"2016-06-14T20:20:41+00:00","dateModified":"2020-11-16T13:22:53+00:00","breadcrumb":{"@id":"https:\/\/aleupa.com\/?product=lavapies-3-en-1#breadcrumb"},"inLanguage":"es","potentialAction":[{"@type":"ReadAction","target":["https:\/\/aleupa.com\/?product=lavapies-3-en-1"]}]},{"@type":"ImageObject","inLanguage":"es","@id":"https:\/\/aleupa.com\/?product=lavapies-3-en-1#primaryimage","url":"https:\/\/aleupa.com\/wp-content\/uploads\/2016\/06\/LAVAPIES-3-EN-1-FONTANA.jpg","contentUrl":"https:\/\/aleupa.com\/wp-content\/uploads\/2016\/06\/LAVAPIES-3-EN-1-FONTANA.jpg","width":350,"height":350},{"@type":"BreadcrumbList","@id":"https:\/\/aleupa.com\/?product=lavapies-3-en-1#breadcrumb","itemListElement":[{"@type":"ListItem","position":1,"name":"Portada","item":"https:\/\/aleupa.com\/"},{"@type":"ListItem","position":2,"name":"Tienda","item":"https:\/\/aleupa.com\/?page_id=802"},{"@type":"ListItem","position":3,"name":"Lavapi\u00e9s 3 en 1"}]},{"@type":"WebSite","@id":"https:\/\/aleupa.com\/#website","url":"https:\/\/aleupa.com\/","name":"Ortopedia Aleupa","description":"Ayudas a la dependencia","alternateName":"Ortopedia en Puerto de la Cruz, Tenerife","potentialAction":[{"@type":"SearchAction","target":{"@type":"EntryPoint","urlTemplate":"https:\/\/aleupa.com\/?s={search_term_string}"},"query-input":{"@type":"PropertyValueSpecification","valueRequired":true,"valueName":"search_term_string"}}],"inLanguage":"es"}]}},"_links":{"self":[{"href":"https:\/\/aleupa.com\/index.php?rest_route=\/wp\/v2\/product\/520","targetHints":{"allow":["GET"]}}],"collection":[{"href":"https:\/\/aleupa.com\/index.php?rest_route=\/wp\/v2\/product"}],"about":[{"href":"https:\/\/aleupa.com\/index.php?rest_route=\/wp\/v2\/types\/product"}],"replies":[{"embeddable":true,"href":"https:\/\/aleupa.com\/index.php?rest_route=%2Fwp%2Fv2%2Fcomments&post=520"}],"wp:featuredmedia":[{"embeddable":true,"href":"https:\/\/aleupa.com\/index.php?rest_route=\/wp\/v2\/media\/512"}],"wp:attachment":[{"href":"https:\/\/aleupa.com\/index.php?rest_route=%2Fwp%2Fv2%2Fmedia&parent=520"}],"wp:term":[{"taxonomy":"product_brand","embeddable":true,"href":"https:\/\/aleupa.com\/index.php?rest_route=%2Fwp%2Fv2%2Fproduct_brand&post=520"},{"taxonomy":"product_cat","embeddable":true,"href":"https:\/\/aleupa.com\/index.php?rest_route=%2Fwp%2Fv2%2Fproduct_cat&post=520"},{"taxonomy":"product_tag","embeddable":true,"href":"https:\/\/aleupa.com\/index.php?rest_route=%2Fwp%2Fv2%2Fproduct_tag&post=520"}],"curies":[{"name":"wp","href":"https:\/\/api.w.org\/{rel}","templated":true}]}}